{"id":1660,"date":"2023-06-29T14:40:12","date_gmt":"2023-06-29T12:40:12","guid":{"rendered":"https:\/\/teaterdagene.no\/?page_id=1660"},"modified":"2023-08-15T14:16:02","modified_gmt":"2023-08-15T12:16:02","slug":"1660-2","status":"publish","type":"page","link":"https:\/\/old.natf.no\/td2023\/1660-2\/","title":{"rendered":"Improkurs for nybegynnere"},"content":{"rendered":"<p>[et_pb_section fb_built=&raquo;1&#8243; _builder_version=&raquo;4.21.0&#8243; _module_preset=&raquo;default&raquo; global_colors_info=&raquo;{}&raquo;][et_pb_row column_structure=&raquo;3_5,2_5&#8243; _builder_version=&raquo;4.21.0&#8243; _module_preset=&raquo;default&raquo; global_colors_info=&raquo;{}&raquo;][et_pb_column type=&raquo;3_5&#8243; _builder_version=&raquo;4.21.0&#8243; _module_preset=&raquo;default&raquo; global_colors_info=&raquo;{}&raquo;][et_pb_text _builder_version=&raquo;4.21.0&#8243; _module_preset=&raquo;default&raquo; custom_padding=&raquo;||0px|||&raquo; global_colors_info=&raquo;{}&raquo;]<\/p>\n<p>I dette kurset for nybegynnere skal vi jobbe med det helt element\u00e6re i improvisasjon, det er en introduksjon til impro, og passer for absolutt alle.<\/p>\n<div dir=\"auto\">Har du hatt litt lyst til \u00e5 st\u00e5 litt p\u00e5 en scene?<\/div>\n<div dir=\"auto\">\u00d8nsker du \u00e5 utfordre deg selv i m\u00f8te med andre?<\/div>\n<div dir=\"auto\">Hadde det v\u00e6rt fint \u00e5 kickstarte hjernen, \u00e5 l\u00e6re seg \u00e5 tenke raskt?<\/div>\n<div dir=\"auto\">Syns du det er \u00e5lreit \u00e5 ha det G\u00d8Y?<\/div>\n<div dir=\"auto\">Om svaret er ja p\u00e5 noen av disse sp\u00f8rsm\u00e5lene er nok dette kurset for deg!<\/div>\n<div dir=\"auto\"><\/div>\n<div dir=\"auto\">Vi vil jobbe mye med introduksjon av impro, historiefortelling, definering og det \u00e5 ta store valg.<\/div>\n<div dir=\"auto\"><\/div>\n<div dir=\"auto\">\n<p>Fokuset vil v\u00e6re l\u00e6ring igjennom lek og moro &#8211; og hvem vet, kanskje f\u00e5r du deg noen nye venner med p\u00e5 kj\u00f8pet.<\/p>\n<p><span>Kursholder heter Trine Flinder. Hun har en bachelor i teaterproduksjon og skuespill fra Teater Nord, og lang fartstid i impromilj\u00f8et i Oslo. Hun har v\u00e6rt \u00e5 se b\u00e5de p\u00e5 scenen p\u00e5 &laquo;Det Andre Teatret&raquo; (som er Norges eneste rene improscene), men ogs\u00e5 med diverse grupper b\u00e5de her og der.\u00a0<\/span><\/p>\n<\/div>\n<div dir=\"auto\"><\/div>\n<p>[\/et_pb_text][\/et_pb_column][et_pb_column type=&raquo;2_5&#8243; _builder_version=&raquo;4.21.0&#8243; _module_preset=&raquo;default&raquo; global_colors_info=&raquo;{}&raquo;][et_pb_image src=&raquo;https:\/\/teaterdagene.no\/wp-content\/uploads\/sites\/11\/2023\/08\/46BDB6AA-14DC-4638-82AE-C0355B1969A5-scaled.jpg&raquo; title_text=&raquo;46BDB6AA-14DC-4638-82AE-C0355B1969A5&#8243; _builder_version=&raquo;4.21.0&#8243; _module_preset=&raquo;default&raquo; global_colors_info=&raquo;{}&raquo;][\/et_pb_image][et_pb_button button_url=&raquo;@ET-DC@eyJkeW5hbWljIjp0cnVlLCJjb250ZW50IjoicG9zdF9saW5rX3VybF9wYWdlIiwic2V0dGluZ3MiOnsicG9zdF9pZCI6IjU5NSJ9fQ==@&raquo; button_text=&raquo;P\u00e5melding&raquo; button_alignment=&raquo;center&raquo; _builder_version=&raquo;4.21.0&#8243; _dynamic_attributes=&raquo;button_url&raquo; custom_button=&raquo;on&raquo; button_text_color=&raquo;#FFFFFF&raquo; button_bg_color=&raquo;#57A3A4&#8243; custom_margin=&raquo;||20px|||&raquo; global_colors_info=&raquo;{}&raquo; button_text_size__hover_enabled=&raquo;off&raquo; button_one_text_size__hover_enabled=&raquo;off&raquo; button_two_text_size__hover_enabled=&raquo;off&raquo; button_text_color__hover_enabled=&raquo;off&raquo; button_one_text_color__hover_enabled=&raquo;off&raquo; button_two_text_color__hover_enabled=&raquo;off&raquo; button_border_width__hover_enabled=&raquo;off&raquo; button_one_border_width__hover_enabled=&raquo;off&raquo; button_two_border_width__hover_enabled=&raquo;off&raquo; button_border_color__hover_enabled=&raquo;off&raquo; button_one_border_color__hover_enabled=&raquo;off&raquo; button_two_border_color__hover_enabled=&raquo;off&raquo; button_border_radius__hover_enabled=&raquo;off&raquo; button_one_border_radius__hover_enabled=&raquo;off&raquo; button_two_border_radius__hover_enabled=&raquo;off&raquo; button_letter_spacing__hover_enabled=&raquo;off&raquo; button_one_letter_spacing__hover_enabled=&raquo;off&raquo; button_two_letter_spacing__hover_enabled=&raquo;off&raquo; button_bg_color__hover_enabled=&raquo;off&raquo; button_one_bg_color__hover_enabled=&raquo;off&raquo; button_two_bg_color__hover_enabled=&raquo;off&raquo; global_module=&raquo;1680&#8243; theme_builder_area=&raquo;post_content&raquo;][\/et_pb_button][\/et_pb_column][\/et_pb_row][\/et_pb_section]<\/p>\n","protected":false},"excerpt":{"rendered":"<p>I dette kurset for nybegynnere skal vi jobbe med det helt element\u00e6re i improvisasjon, det er en introduksjon til impro, og passer for absolutt alle. Har du hatt litt lyst [&hellip;]<\/p>\n","protected":false},"author":8415,"featured_media":0,"parent":0,"menu_order":0,"comment_status":"closed","ping_status":"closed","template":"","meta":{"_acf_changed":false,"_et_pb_use_builder":"on","_et_pb_old_content":"","_et_gb_content_width":"","inline_featured_image":false,"footnotes":""},"categories":[],"tags":[],"class_list":["post-1660","page","type-page","status-publish","hentry"],"acf":[],"_links":{"self":[{"href":"https:\/\/old.natf.no\/td2023\/wp-json\/wp\/v2\/pages\/1660","targetHints":{"allow":["GET"]}}],"collection":[{"href":"https:\/\/old.natf.no\/td2023\/wp-json\/wp\/v2\/pages"}],"about":[{"href":"https:\/\/old.natf.no\/td2023\/wp-json\/wp\/v2\/types\/page"}],"author":[{"embeddable":true,"href":"https:\/\/old.natf.no\/td2023\/wp-json\/wp\/v2\/users\/8415"}],"replies":[{"embeddable":true,"href":"https:\/\/old.natf.no\/td2023\/wp-json\/wp\/v2\/comments?post=1660"}],"version-history":[{"count":0,"href":"https:\/\/old.natf.no\/td2023\/wp-json\/wp\/v2\/pages\/1660\/revisions"}],"wp:attachment":[{"href":"https:\/\/old.natf.no\/td2023\/wp-json\/wp\/v2\/media?parent=1660"}],"wp:term":[{"taxonomy":"category","embeddable":true,"href":"https:\/\/old.natf.no\/td2023\/wp-json\/wp\/v2\/categories?post=1660"},{"taxonomy":"post_tag","embeddable":true,"href":"https:\/\/old.natf.no\/td2023\/wp-json\/wp\/v2\/tags?post=1660"}],"curies":[{"name":"wp","href":"https:\/\/api.w.org\/{rel}","templated":true}]}}