{"id":1367,"date":"2018-06-04T15:22:09","date_gmt":"2018-06-04T13:22:09","guid":{"rendered":"https:\/\/natfno.wpengine.com\/td2023\/?page_id=1367"},"modified":"2023-07-13T08:54:55","modified_gmt":"2023-07-13T06:54:55","slug":"slampoesi","status":"publish","type":"page","link":"https:\/\/old.natf.no\/td2023\/slampoesi\/","title":{"rendered":"Slampoesi"},"content":{"rendered":"<p>[et_pb_section fb_built=&raquo;1&#8243; _builder_version=&raquo;4.21.0&#8243; background_image=&raquo;https:\/\/old.natf.no\/td2023\/wp-content\/uploads\/sites\/11\/2023\/06\/vecteezy_rose-gold-japanese-kintsugi-pattern-design_8374396.jpg&raquo; global_colors_info=&raquo;{}&raquo;][et_pb_row column_structure=&raquo;3_4,1_4&#8243; _builder_version=&raquo;4.16&#8243; background_size=&raquo;initial&raquo; background_position=&raquo;top_left&raquo; background_repeat=&raquo;repeat&raquo; global_colors_info=&raquo;{}&raquo;][et_pb_column type=&raquo;3_4&#8243; _builder_version=&raquo;4.16&#8243; custom_padding=&raquo;|||&raquo; global_colors_info=&raquo;{}&raquo; custom_padding__hover=&raquo;|||&raquo;][et_pb_text _builder_version=&raquo;4.21.0&#8243; global_colors_info=&raquo;{}&raquo;]<\/p>\n<h1><strong>Slampoesikurs<\/strong><\/h1>\n<p>[\/et_pb_text][et_pb_text _builder_version=&raquo;4.21.0&#8243; global_colors_info=&raquo;{}&raquo;]<\/p>\n<p><span style=\"font-weight: 400\">I dette kurset fokuseres det p\u00e5 \u00e5 produsere masse. Deltakerne kommer til \u00e5 unders\u00f8ke hvordan teksten og stemmen forholder seg til hverandre. Ikke bare den litter\u00e6re stemmen, men den vokale, for \u00e5 f\u00e5 kroppen med i den sceniske teksten.\u00a0<\/span><\/p>\n<p><span style=\"font-weight: 400\">Fokuset ligger p\u00e5 en slags <\/span><i><span style=\"font-weight: 400\">method writing<\/span><\/i><span style=\"font-weight: 400\">, \u00e5 starte arbeidet med \u00e5 kunne skrive fra seg selv, slik som man p\u00e5 scenen hele tiden pr\u00f8ver \u00e5 spille p\u00e5 noe sant i seg selv. Her kan du som amat\u00f8rteaterdeltaker f\u00e5 en ny inngang til arbeid med tekst og trening i \u00e5 skrive selv og fremf\u00f8re selvskrevne tekster. <\/span><span style=\"font-weight: 400\"><br \/><\/span><span style=\"font-weight: 400\"><br \/><\/span><b>Kursholder Fredrik H\u00f8yer<\/b><span style=\"font-weight: 400\"> er en norsk poet, dramatiker og skuespiller. Han er mest kjent for \u00e5 opptre med sine dikt, og har satt opp flere teatermonologer i sin s\u00e6regne slampoetiske form.<\/span><\/p>\n<p><span style=\"font-weight: 400\">I 2016 spilte Fredrik H\u00f8yer monologen <\/span><i><span style=\"font-weight: 400\">Gr\u00f8nlands\u016btraen<\/span><\/i><span style=\"font-weight: 400\"> p\u00e5 Nationaltheatret.<br \/><img loading=\"lazy\" decoding=\"async\" src=\"https:\/\/old.natf.no\/td2023\/wp-content\/uploads\/sites\/11\/2023\/06\/Fredrik-Hoyer-205x300.jpeg\" width=\"205\" height=\"300\" alt=\"\" class=\"wp-image-1617 alignnone size-medium\" \/><\/span><\/p>\n<p>[\/et_pb_text][\/et_pb_column][et_pb_column type=&raquo;1_4&#8243; _builder_version=&raquo;4.16&#8243; custom_padding=&raquo;|||&raquo; global_colors_info=&raquo;{}&raquo; custom_padding__hover=&raquo;|||&raquo;][et_pb_text _builder_version=&raquo;4.16&#8243; global_colors_info=&raquo;{}&raquo;]<\/p>\n<h2><strong>Kursoversikt<\/strong><\/h2>\n<p>[\/et_pb_text][et_pb_sidebar area=&raquo;et_pb_widget_area_2&#8243; _builder_version=&raquo;4.16&#8243; global_colors_info=&raquo;{}&raquo;][\/et_pb_sidebar][et_pb_button button_url=&raquo;@ET-DC@eyJkeW5hbWljIjp0cnVlLCJjb250ZW50IjoicG9zdF9saW5rX3VybF9wYWdlIiwic2V0dGluZ3MiOnsicG9zdF9pZCI6IjU5NSJ9fQ==@&raquo; button_text=&raquo;P\u00e5melding&raquo; _builder_version=&raquo;4.21.0&#8243; _dynamic_attributes=&raquo;button_url&raquo; custom_margin=&raquo;||20px|||&raquo; global_colors_info=&raquo;{}&raquo; button_text_size__hover_enabled=&raquo;off&raquo; button_one_text_size__hover_enabled=&raquo;off&raquo; button_two_text_size__hover_enabled=&raquo;off&raquo; button_text_color__hover_enabled=&raquo;off&raquo; button_one_text_color__hover_enabled=&raquo;off&raquo; button_two_text_color__hover_enabled=&raquo;off&raquo; button_border_width__hover_enabled=&raquo;off&raquo; button_one_border_width__hover_enabled=&raquo;off&raquo; button_two_border_width__hover_enabled=&raquo;off&raquo; button_border_color__hover_enabled=&raquo;off&raquo; button_one_border_color__hover_enabled=&raquo;off&raquo; button_two_border_color__hover_enabled=&raquo;off&raquo; button_border_radius__hover_enabled=&raquo;off&raquo; button_one_border_radius__hover_enabled=&raquo;off&raquo; button_two_border_radius__hover_enabled=&raquo;off&raquo; button_letter_spacing__hover_enabled=&raquo;off&raquo; button_one_letter_spacing__hover_enabled=&raquo;off&raquo; button_two_letter_spacing__hover_enabled=&raquo;off&raquo; button_bg_color__hover_enabled=&raquo;off&raquo; button_one_bg_color__hover_enabled=&raquo;off&raquo; button_two_bg_color__hover_enabled=&raquo;off&raquo; global_module=&raquo;1680&#8243; theme_builder_area=&raquo;post_content&raquo;][\/et_pb_button][\/et_pb_column][\/et_pb_row][\/et_pb_section]<\/p>\n","protected":false},"excerpt":{"rendered":"<p>SlampoesikursI dette kurset fokuseres det p\u00e5 \u00e5 produsere masse. Deltakerne kommer til \u00e5 unders\u00f8ke hvordan teksten og stemmen forholder seg til hverandre. Ikke bare den litter\u00e6re stemmen, men den vokale, [&hellip;]<\/p>\n","protected":false},"author":9,"featured_media":0,"parent":0,"menu_order":0,"comment_status":"closed","ping_status":"closed","template":"","meta":{"_acf_changed":false,"_et_pb_use_builder":"on","_et_pb_old_content":"","_et_gb_content_width":"","inline_featured_image":false,"footnotes":""},"categories":[26],"tags":[],"class_list":["post-1367","page","type-page","status-publish","hentry","category-kurs"],"acf":[],"_links":{"self":[{"href":"https:\/\/old.natf.no\/td2023\/wp-json\/wp\/v2\/pages\/1367","targetHints":{"allow":["GET"]}}],"collection":[{"href":"https:\/\/old.natf.no\/td2023\/wp-json\/wp\/v2\/pages"}],"about":[{"href":"https:\/\/old.natf.no\/td2023\/wp-json\/wp\/v2\/types\/page"}],"author":[{"embeddable":true,"href":"https:\/\/old.natf.no\/td2023\/wp-json\/wp\/v2\/users\/9"}],"replies":[{"embeddable":true,"href":"https:\/\/old.natf.no\/td2023\/wp-json\/wp\/v2\/comments?post=1367"}],"version-history":[{"count":0,"href":"https:\/\/old.natf.no\/td2023\/wp-json\/wp\/v2\/pages\/1367\/revisions"}],"wp:attachment":[{"href":"https:\/\/old.natf.no\/td2023\/wp-json\/wp\/v2\/media?parent=1367"}],"wp:term":[{"taxonomy":"category","embeddable":true,"href":"https:\/\/old.natf.no\/td2023\/wp-json\/wp\/v2\/categories?post=1367"},{"taxonomy":"post_tag","embeddable":true,"href":"https:\/\/old.natf.no\/td2023\/wp-json\/wp\/v2\/tags?post=1367"}],"curies":[{"name":"wp","href":"https:\/\/api.w.org\/{rel}","templated":true}]}}