{"id":1309,"date":"2018-05-22T14:58:06","date_gmt":"2018-05-22T12:58:06","guid":{"rendered":"https:\/\/natfno.wpengine.com\/td2023\/?page_id=1309"},"modified":"2023-06-29T15:11:34","modified_gmt":"2023-06-29T13:11:34","slug":"nm-teatersport","status":"publish","type":"page","link":"https:\/\/old.natf.no\/td2023\/nm-teatersport\/","title":{"rendered":"NM Teatersport"},"content":{"rendered":"<p>[et_pb_section fb_built=&raquo;1&#8243; _builder_version=&raquo;4.21.0&#8243; background_image=&raquo;https:\/\/teaterdagene.no\/wp-content\/uploads\/sites\/11\/2023\/06\/Design-uten-navn.svg&raquo; global_colors_info=&raquo;{}&raquo;][et_pb_row column_structure=&raquo;2_3,1_3&#8243; _builder_version=&raquo;4.16&#8243; global_colors_info=&raquo;{}&raquo;][et_pb_column type=&raquo;2_3&#8243; _builder_version=&raquo;4.16&#8243; custom_padding=&raquo;|||&raquo; global_colors_info=&raquo;{}&raquo; custom_padding__hover=&raquo;|||&raquo;][et_pb_text _builder_version=&raquo;4.21.0&#8243; global_colors_info=&raquo;{}&raquo;]<\/p>\n<h1><strong>NM i Teatersport\u2122<\/strong><\/h1>\n<p>&nbsp;<\/p>\n<div>Dato: 16. September 2023<\/div>\n<div>Starttid: 20:00<\/div>\n<div>D\u00f8rene \u00e5pner: 19:50?<\/div>\n<div>\n<p>Varighet: 2 timer<br \/>Sted: Kulturhuset Banken, Festsalen<\/p>\n<p>&nbsp;<\/p>\n<\/div>\n<div>\n<h2>Hvem er Norges beste improvisat\u00f8r?<\/h2>\n<div>L\u00f8rdag 16. September er det duket for \u00e5rets improbegivenhet n\u00e5r seks lag fra hele Norge m\u00f8tes til en beinhard og storsl\u00e5tt kamp hvor kun ett lag g\u00e5r seirende ut! Deltakerne m\u00e5 skape mektige teateropplevelser i \u00f8yeblikket, helt uten manus, regi eller andre hjelpemidler. I l\u00f8pet av kvelden skal de gjennom en hinderl\u00f8ype av overraskelser, t\u00e5rev\u00e5te \u00f8yeblikk, latter og svette, og kun de som vinner publikum og det strenge dommerpanelet sin gunst har en sjanse til \u00e5 lykkes.<\/div>\n<div><\/div>\n<div>\n<p>Hvem vil vise seg \u00e5 v\u00e6re de morsomste, smarteste, og kjappeste n\u00e5r det virkelig gjelder? Hvem vil bukke under for presset og dra sluk\u00f8ret hjem? Og hvem vil kunne smykke seg med tittelen &laquo;Norgesmester i Teatersport\u2122&raquo; og f\u00e5 sitt navn inngravert p\u00e5 den forgylte Vandreslegga? Kom og se selv &#8211; dette vil du ikke g\u00e5 glipp av!<\/p>\n<p><img loading=\"lazy\" decoding=\"async\" src=\"https:\/\/teaterdagene.no\/wp-content\/uploads\/sites\/11\/2023\/06\/EDIT-210828-Midtnorsk-Mesterskap-Teatersport-@-Verkstedhallen_foto-Arne-Hauge_050-300x180.jpg\" width=\"300\" height=\"180\" alt=\"\" class=\"wp-image-1647 alignnone size-medium\" style=\"margin-left: auto; margin-right: auto;\" \/><\/p>\n<\/div>\n<p>&nbsp;<\/p>\n<\/div>\n<p>&nbsp;<\/p>\n<p>[\/et_pb_text][\/et_pb_column][et_pb_column type=&raquo;1_3&#8243; _builder_version=&raquo;4.16&#8243; custom_padding=&raquo;|||&raquo; global_colors_info=&raquo;{}&raquo; custom_padding__hover=&raquo;|||&raquo;][et_pb_text _builder_version=&raquo;4.16&#8243; global_colors_info=&raquo;{}&raquo;]<\/p>\n<p>&nbsp;<\/p>\n<p>&nbsp;<\/p>\n<p>[\/et_pb_text][\/et_pb_column][\/et_pb_row][\/et_pb_section]<\/p>\n","protected":false},"excerpt":{"rendered":"<p>NM i Teatersport\u2122 &nbsp; Dato: 16. September 2023 Starttid: 20:00 D\u00f8rene \u00e5pner: 19:50? Varighet: 2 timerSted: Kulturhuset Banken, Festsalen &nbsp; Hvem er Norges beste improvisat\u00f8r? L\u00f8rdag 16. September er det [&hellip;]<\/p>\n","protected":false},"author":9,"featured_media":0,"parent":0,"menu_order":0,"comment_status":"closed","ping_status":"closed","template":"","meta":{"_acf_changed":false,"_et_pb_use_builder":"on","_et_pb_old_content":"","_et_gb_content_width":"","inline_featured_image":false,"footnotes":""},"categories":[],"tags":[],"class_list":["post-1309","page","type-page","status-publish","hentry"],"acf":[],"_links":{"self":[{"href":"https:\/\/old.natf.no\/td2023\/wp-json\/wp\/v2\/pages\/1309","targetHints":{"allow":["GET"]}}],"collection":[{"href":"https:\/\/old.natf.no\/td2023\/wp-json\/wp\/v2\/pages"}],"about":[{"href":"https:\/\/old.natf.no\/td2023\/wp-json\/wp\/v2\/types\/page"}],"author":[{"embeddable":true,"href":"https:\/\/old.natf.no\/td2023\/wp-json\/wp\/v2\/users\/9"}],"replies":[{"embeddable":true,"href":"https:\/\/old.natf.no\/td2023\/wp-json\/wp\/v2\/comments?post=1309"}],"version-history":[{"count":0,"href":"https:\/\/old.natf.no\/td2023\/wp-json\/wp\/v2\/pages\/1309\/revisions"}],"wp:attachment":[{"href":"https:\/\/old.natf.no\/td2023\/wp-json\/wp\/v2\/media?parent=1309"}],"wp:term":[{"taxonomy":"category","embeddable":true,"href":"https:\/\/old.natf.no\/td2023\/wp-json\/wp\/v2\/categories?post=1309"},{"taxonomy":"post_tag","embeddable":true,"href":"https:\/\/old.natf.no\/td2023\/wp-json\/wp\/v2\/tags?post=1309"}],"curies":[{"name":"wp","href":"https:\/\/api.w.org\/{rel}","templated":true}]}}