{"id":1288,"date":"2018-05-14T10:36:45","date_gmt":"2018-05-14T08:36:45","guid":{"rendered":"https:\/\/natfno.wpengine.com\/td2023\/?page_id=1288"},"modified":"2023-06-28T13:13:35","modified_gmt":"2023-06-28T11:13:35","slug":"velkommen-til-teaterdagene-2023","status":"publish","type":"page","link":"https:\/\/old.natf.no\/td2023\/","title":{"rendered":"Velkommen til Teaterdagene 2023"},"content":{"rendered":"<p>[et_pb_section fb_built=&raquo;1&#8243; _builder_version=&raquo;4.21.0&#8243; background_image=&raquo;https:\/\/old.natf.no\/td2023\/wp-content\/uploads\/sites\/11\/2023\/06\/vecteezy_rose-gold-japanese-kintsugi-pattern-design_8374396.jpg&raquo; global_colors_info=&raquo;{}&raquo;][et_pb_row _builder_version=&raquo;4.16&#8243; background_size=&raquo;initial&raquo; background_position=&raquo;top_left&raquo; background_repeat=&raquo;repeat&raquo; global_colors_info=&raquo;{}&raquo;][et_pb_column type=&raquo;4_4&#8243; _builder_version=&raquo;4.16&#8243; custom_padding=&raquo;|||&raquo; global_colors_info=&raquo;{}&raquo; custom_padding__hover=&raquo;|||&raquo;][et_pb_text _builder_version=&raquo;4.16&#8243; global_colors_info=&raquo;{}&raquo;]<\/p>\n<h2 style=\"text-align: center\"><strong>Velkommen til Teaterdagene 2023<\/strong><\/h2>\n<p>[\/et_pb_text][\/et_pb_column][\/et_pb_row][et_pb_row column_structure=&raquo;1_2,1_2&#8243; _builder_version=&raquo;4.21.0&#8243; background_color=&raquo;RGBA(255,255,255,0)&raquo; background_size=&raquo;initial&raquo; background_position=&raquo;top_left&raquo; background_repeat=&raquo;repeat&raquo; global_colors_info=&raquo;{}&raquo;][et_pb_column type=&raquo;1_2&#8243; _builder_version=&raquo;4.16&#8243; custom_padding=&raquo;|||&raquo; global_colors_info=&raquo;{}&raquo; custom_padding__hover=&raquo;|||&raquo;][et_pb_text _builder_version=&raquo;4.21.0&#8243; min_height=&raquo;1385.3px&raquo; global_colors_info=&raquo;{}&raquo;]<\/p>\n<p>Norsk Amat\u00f8rteaterforbund \u00f8nsker nye og gamle deltakere hjertelig velkommen til <strong>Teaterdagene p\u00e5 Lillehammer 15 &#8211; 17.september!<\/strong><\/p>\n<p>Helgen blir som vanlig fylt med g\u00f8yale, l\u00e6rerike og utfordrende kurs, fine forestillinger og flotte mennesker! Det er her du b\u00f8r befinne deg hvis du vil l\u00e6re mer om scenekamp, tekstskriving, sang &#8211; eller hvordan lage en hel forestilling p\u00e5 bare tre dager!<\/p>\n<p>I \u00e5r har vi gitt teaterdagene teamet <strong>Kintsugi<\/strong> &#8211; som betyr \u00e5 reparere det som er \u00f8delagt med gull. N\u00e5r bruksgjenstander som kaffekopper, frokostasjetter eller sausnebb knuses er det vanligst at de blir kastet uten at vi tenker over det. Vi ser ikke lenger verdien til en gjenstand som er \u00f8delagt. I Japan har de snudd denne holdningen. Der tar man vare p\u00e5 det man har og n\u00e5r ting blir \u00f8delagt blir de forbedret, og enda mer verdifulle enn de var &#8211; det er kintsugi. Etter pandemien har kulturen, b\u00e5de den profesjonelle og amat\u00f8rene, hatt utfordringer med \u00e5 komme seg p\u00e5 fote igjen &#8211; n\u00e5 vil vi inspirere og motivere alle til \u00e5 reparere den med gull!<\/p>\n<p><img loading=\"lazy\" decoding=\"async\" src=\"https:\/\/old.natf.no\/td2023\/wp-content\/uploads\/sites\/11\/2023\/06\/Kintsugi-3-300x156.jpeg\" width=\"306\" height=\"159\" alt=\"Damefjes sminket hvit med gullstriper og en bl\u00e5 kopp i keramikk med reperasjoner i gull. \" class=\"wp-image-1594 size-medium\" \/> <br \/>Photo: Shutterstock<\/p>\n<p>Vi vil rette fokus mot det uperfekte, det skeive og litt rare og vise alle at det er vakkert og verdifult. Kintsugi er tett forbundet med livsfilosofien wabi-sabi som betyr \u00e5 omfavne det uperfekte i livet v\u00e5rt. Vi kan alle blir flinkere til \u00e5 v\u00e6re litt mer forn\u00f8yd med oss selv og egen innsats.<br \/>N\u00e5r du deltar p\u00e5 kurs under Teaterdagene vil du l\u00e6re veldig mye p\u00e5 veldig kort tid, det du l\u00e6rer kommer ikke til \u00e5 v\u00e6re perfekt &#8211; men det er mest sannsynlig godt nok!<br \/>Noe av det viktigste kintsugi kan l\u00e6re oss er at vi skal tenke oss n\u00f8ye om f\u00f8r vi kategoriserer noe som ubrukelig. Alt og alle har en verdi og skal behandles deretter.<\/p>\n<p>I \u00e5r \u00f8nsker vi \u00e5 \u00e5pne enkelte kurs for personer som trenger litt ekstra tilrettelegging eller oppf\u00f8lging. Dette gj\u00f8r vi for aller f\u00f8rste gang i \u00e5r! Dere finner mer informasjon om hvilke kurs dette gjelder under <a href=\"\/\/natf.no\/td2023\/kursoverisikt\/\">kursoversikten.<\/a> S\u00e5 ta med deg en venn, hele teatergruppa, familien eller en helt ukjent og la oss \u00e5pne v\u00e5re hjerter og v\u00e5re sinn til det uperfekte. P\u00e5 l\u00f8rdag blir det selvf\u00f8lgelig NM i Teatersport!\u00a0 Vi lover god stemning og hyggelig samv\u00e6r. og det blir selvf\u00f8lgelig GALSKAP \u2013 LIDENSKAP &#8211; FAENSKAP!<\/p>\n<p>Vi anbefaler at du <a href=\"https:\/\/old.natf.no\/td2023\/pamelding\/\">melder deg p\u00e5<\/a> og <a href=\"https:\/\/old.natf.no\/td2023\/praktisk-informasjon\/\">fikser overnatting<\/a> s\u00e5 raskt som mulig! Vi gleder oss til \u00e5 treffe dere alle p\u00e5 Lillehammer i september!<\/p>\n<p>Med skeiv hilsen styret og sekretariatet i Norsk Amat\u00f8rteaterforbund<\/p>\n<p>[\/et_pb_text][\/et_pb_column][et_pb_column type=&raquo;1_2&#8243; _builder_version=&raquo;4.16&#8243; custom_padding=&raquo;|||&raquo; global_colors_info=&raquo;{}&raquo; custom_padding__hover=&raquo;|||&raquo;][et_pb_text _builder_version=&raquo;4.16&#8243; global_colors_info=&raquo;{}&raquo;]<\/p>\n<h2><strong>Kursoversikt<\/strong><\/h2>\n<p>[\/et_pb_text][et_pb_sidebar area=&raquo;et_pb_widget_area_2&#8243; _builder_version=&raquo;4.16&#8243; global_colors_info=&raquo;{}&raquo;][\/et_pb_sidebar][\/et_pb_column][\/et_pb_row][\/et_pb_section]<\/p>\n","protected":false},"excerpt":{"rendered":"<p>Helgen 21.- 23. september braker det l\u00f8s igjen, og da er det hos oss du b\u00f8r befinne deg om du \u00f8nsker gode og inspirerende kurs, m\u00f8te fantastiske mennesker og f\u00e5 med deg den magiske stemningen n\u00e5r entusiastiske teaterfolk samles!<\/p>\n","protected":false},"author":9,"featured_media":0,"parent":0,"menu_order":0,"comment_status":"closed","ping_status":"closed","template":"","meta":{"_acf_changed":false,"_et_pb_use_builder":"on","_et_pb_old_content":"","_et_gb_content_width":"","inline_featured_image":false,"footnotes":""},"categories":[],"tags":[],"class_list":["post-1288","page","type-page","status-publish","hentry"],"acf":[],"_links":{"self":[{"href":"https:\/\/old.natf.no\/td2023\/wp-json\/wp\/v2\/pages\/1288","targetHints":{"allow":["GET"]}}],"collection":[{"href":"https:\/\/old.natf.no\/td2023\/wp-json\/wp\/v2\/pages"}],"about":[{"href":"https:\/\/old.natf.no\/td2023\/wp-json\/wp\/v2\/types\/page"}],"author":[{"embeddable":true,"href":"https:\/\/old.natf.no\/td2023\/wp-json\/wp\/v2\/users\/9"}],"replies":[{"embeddable":true,"href":"https:\/\/old.natf.no\/td2023\/wp-json\/wp\/v2\/comments?post=1288"}],"version-history":[{"count":0,"href":"https:\/\/old.natf.no\/td2023\/wp-json\/wp\/v2\/pages\/1288\/revisions"}],"wp:attachment":[{"href":"https:\/\/old.natf.no\/td2023\/wp-json\/wp\/v2\/media?parent=1288"}],"wp:term":[{"taxonomy":"category","embeddable":true,"href":"https:\/\/old.natf.no\/td2023\/wp-json\/wp\/v2\/categories?post=1288"},{"taxonomy":"post_tag","embeddable":true,"href":"https:\/\/old.natf.no\/td2023\/wp-json\/wp\/v2\/tags?post=1288"}],"curies":[{"name":"wp","href":"https:\/\/api.w.org\/{rel}","templated":true}]}}