{"id":1246,"date":"2018-05-16T14:07:38","date_gmt":"2018-05-16T12:07:38","guid":{"rendered":"https:\/\/natfno.wpengine.com\/td2023\/?page_id=1246"},"modified":"2023-09-08T07:08:21","modified_gmt":"2023-09-08T05:08:21","slug":"forestillinger","status":"publish","type":"page","link":"https:\/\/old.natf.no\/td2023\/forestillinger\/","title":{"rendered":"Forestillinger"},"content":{"rendered":"<p>[et_pb_section fb_built=&raquo;1&#8243; _builder_version=&raquo;4.16&#8243; global_colors_info=&raquo;{}&raquo;][et_pb_row column_structure=&raquo;1_2,1_2&#8243; _builder_version=&raquo;4.21.0&#8243; background_size=&raquo;initial&raquo; background_position=&raquo;top_left&raquo; background_repeat=&raquo;repeat&raquo; hover_enabled=&raquo;0&#8243; global_colors_info=&raquo;{}&raquo; sticky_enabled=&raquo;0&#8243;][et_pb_column type=&raquo;1_2&#8243; _builder_version=&raquo;4.16&#8243; custom_padding=&raquo;|||&raquo; global_colors_info=&raquo;{}&raquo; custom_padding__hover=&raquo;|||&raquo;][et_pb_text _builder_version=&raquo;4.16&#8243; global_colors_info=&raquo;{}&raquo;]<\/p>\n<h1><strong>Forestillinger Teaterdagene 2023<\/strong><\/h1>\n<p>[\/et_pb_text][et_pb_text _builder_version=&raquo;4.21.0&#8243; _module_preset=&raquo;default&raquo; hover_enabled=&raquo;0&#8243; global_colors_info=&raquo;{}&raquo; sticky_enabled=&raquo;0&#8243;]<\/p>\n<p><strong><br \/>Fredag 15.september kl. 21.30<\/strong> &#8211; \u00c5pning av Teaterdagene 2023<br \/>Velkommen til den offisielle \u00e5pningen av Teaterdagene 2023! Norsk amat\u00f8rteaterforbund \u00f8nsker velkommen, Fredrik H\u00f8yer fremf\u00f8rer slampoesi og vi skal selvf\u00f8lgelig dele ut prisen til \u00c5rets B\u00f8hrre!<br \/><strong>Billetter:<br \/>https:\/\/norsk-amatorteaterforbund.hoopla.no\/sales\/event\/3823520277<br \/><\/strong><\/p>\n<p><strong>Fredag 15.september kl. 22.00<\/strong> \u00c5pningsforestilling: &laquo;Gi meg en klovn mens jeg lever&raquo; med Gunn Inger Aareskjold. <span>Gunn Inger er utdannet musikalartist og dramal\u00e6rer og har skrevet en antiflink, fandenivoldsk fortelling, fylt med galskap og skeive tanker om en sykdom som de fleste har et forhold til.P\u00e5 scenen bobler hun over av livskraft. Se teaser for forestillingen her: <a href=\"https:\/\/www.youtube.com\/watch?v=HWCKfB7chm8&amp;ab_channel=Aareskjoldforteller\">https:\/\/www.youtube.com\/watch?v=HWCKfB7chm8&amp;ab_channel=Aareskjoldforteller<\/a><br \/><\/span><strong>Billetter: <br \/>https:\/\/norsk-amatorteaterforbund.hoopla.no\/sales\/event\/3823520277<\/strong><\/p>\n<p><strong>L\u00f8rdag 16.september kl.13.30 &#8211;<\/strong> JONAS &#8211; Nittedal Teater, Teatersmia<br \/>Les mer <a href=\"https:\/\/teaterdagene.no\/skrablikk-pa-krenking\/\">her<\/a><br \/><strong>Billetter: <br \/><a href=\"https:\/\/norsk-amatorteaterforbund.hoopla.no\/sales\/event\/2742355280\">https:\/\/norsk-amatorteaterforbund.hoopla.no\/sales\/event\/2742355280<\/a><\/p>\n<p>L\u00f8rdag 16.september kl.20.00 Finale NM i Teatersport<br \/><\/strong>Velkommen til den \u00e5rlige finalen i Norgesmesterskapet i Teatersport under Teaterdagene p\u00e5 Lillehammer! <span>Det blir som alltid liv og r\u00f8re, latter og t\u00e5rer n\u00e5r Norges beste improvisat\u00f8rer setter i gang p\u00e5 Lilllehammer!<br \/><\/span><strong>Billetter:<\/strong><br \/><a href=\"https:\/\/norsk-amatorteaterforbund.hoopla.no\/sales\/event\/4087308337\">https:\/\/norsk-amatorteaterforbund.hoopla.no\/sales\/event\/4087308337<\/a><\/p>\n<p><strong>S\u00f8ndag 17.septemner kl.11.00<\/strong> &#8211; Eventyrsamlerens elskerinne &#8211; Teater Leven<br \/><a href=\"https:\/\/www.teaterleven.no\/work\/project-one-7a9m4\">https:\/\/www.teaterleven.no\/work\/project-one-7a9m4<\/a><br \/>Billetter: <br \/><strong><a href=\"https:\/\/norsk-amatorteaterforbund.hoopla.no\/sales\/event\/2472219773\">https:\/\/norsk-amatorteaterforbund.hoopla.no\/sales\/event\/2472219773<br \/><\/a><\/strong><\/p>\n<p>&nbsp;<\/p>\n<p>[\/et_pb_text][\/et_pb_column][et_pb_column type=&raquo;1_2&#8243; _builder_version=&raquo;4.16&#8243; custom_padding=&raquo;|||&raquo; global_colors_info=&raquo;{}&raquo; custom_padding__hover=&raquo;|||&raquo;][et_pb_text _builder_version=&raquo;4.21.0&#8243; _module_preset=&raquo;default&raquo; global_colors_info=&raquo;{}&raquo;]<\/p>\n<p>&nbsp;<\/p>\n<p>&nbsp;<\/p>\n<p>[\/et_pb_text][et_pb_text _builder_version=&raquo;4.16&#8243; global_colors_info=&raquo;{}&raquo;]<\/p>\n<h2><strong>Kursoversikt<\/strong><\/h2>\n<p>[\/et_pb_text][et_pb_sidebar area=&raquo;et_pb_widget_area_2&#8243; _builder_version=&raquo;4.16&#8243; global_colors_info=&raquo;{}&raquo;][\/et_pb_sidebar][et_pb_button button_url=&raquo;https:\/\/teaterdagene.no\/pamelding\/&raquo; button_text=&raquo;P\u00e5melding&raquo; _builder_version=&raquo;4.21.0&#8243; global_colors_info=&raquo;{}&raquo; button_text_size__hover_enabled=&raquo;off&raquo; button_one_text_size__hover_enabled=&raquo;off&raquo; button_two_text_size__hover_enabled=&raquo;off&raquo; button_text_color__hover_enabled=&raquo;off&raquo; button_one_text_color__hover_enabled=&raquo;off&raquo; button_two_text_color__hover_enabled=&raquo;off&raquo; button_border_width__hover_enabled=&raquo;off&raquo; button_one_border_width__hover_enabled=&raquo;off&raquo; button_two_border_width__hover_enabled=&raquo;off&raquo; button_border_color__hover_enabled=&raquo;off&raquo; button_one_border_color__hover_enabled=&raquo;off&raquo; button_two_border_color__hover_enabled=&raquo;off&raquo; button_border_radius__hover_enabled=&raquo;off&raquo; button_one_border_radius__hover_enabled=&raquo;off&raquo; button_two_border_radius__hover_enabled=&raquo;off&raquo; button_letter_spacing__hover_enabled=&raquo;off&raquo; button_one_letter_spacing__hover_enabled=&raquo;off&raquo; button_two_letter_spacing__hover_enabled=&raquo;off&raquo; button_bg_color__hover_enabled=&raquo;off&raquo; button_one_bg_color__hover_enabled=&raquo;off&raquo; button_two_bg_color__hover_enabled=&raquo;off&raquo;][\/et_pb_button][\/et_pb_column][\/et_pb_row][\/et_pb_section]<\/p>\n","protected":false},"excerpt":{"rendered":"<p>Dette kan vi by p\u00e5 av forestillinger under Teaterdagene 2018<\/p>\n","protected":false},"author":9,"featured_media":0,"parent":0,"menu_order":0,"comment_status":"closed","ping_status":"closed","template":"","meta":{"_acf_changed":false,"_et_pb_use_builder":"on","_et_pb_old_content":"","_et_gb_content_width":"","inline_featured_image":false,"footnotes":""},"categories":[],"tags":[],"class_list":["post-1246","page","type-page","status-publish","hentry"],"acf":[],"_links":{"self":[{"href":"https:\/\/old.natf.no\/td2023\/wp-json\/wp\/v2\/pages\/1246","targetHints":{"allow":["GET"]}}],"collection":[{"href":"https:\/\/old.natf.no\/td2023\/wp-json\/wp\/v2\/pages"}],"about":[{"href":"https:\/\/old.natf.no\/td2023\/wp-json\/wp\/v2\/types\/page"}],"author":[{"embeddable":true,"href":"https:\/\/old.natf.no\/td2023\/wp-json\/wp\/v2\/users\/9"}],"replies":[{"embeddable":true,"href":"https:\/\/old.natf.no\/td2023\/wp-json\/wp\/v2\/comments?post=1246"}],"version-history":[{"count":0,"href":"https:\/\/old.natf.no\/td2023\/wp-json\/wp\/v2\/pages\/1246\/revisions"}],"wp:attachment":[{"href":"https:\/\/old.natf.no\/td2023\/wp-json\/wp\/v2\/media?parent=1246"}],"wp:term":[{"taxonomy":"category","embeddable":true,"href":"https:\/\/old.natf.no\/td2023\/wp-json\/wp\/v2\/categories?post=1246"},{"taxonomy":"post_tag","embeddable":true,"href":"https:\/\/old.natf.no\/td2023\/wp-json\/wp\/v2\/tags?post=1246"}],"curies":[{"name":"wp","href":"https:\/\/api.w.org\/{rel}","templated":true}]}}