{"id":1244,"date":"2018-05-16T14:07:38","date_gmt":"2018-05-16T12:07:38","guid":{"rendered":"https:\/\/natfno.wpengine.com\/td2023\/?page_id=1244"},"modified":"2023-07-13T08:54:29","modified_gmt":"2023-07-13T06:54:29","slug":"scenekamp","status":"publish","type":"page","link":"https:\/\/old.natf.no\/td2023\/scenekamp\/","title":{"rendered":"Scenekamp"},"content":{"rendered":"<p>[et_pb_section fb_built=&raquo;1&#8243; _builder_version=&raquo;4.21.0&#8243; background_image=&raquo;https:\/\/old.natf.no\/td2023\/wp-content\/uploads\/sites\/11\/2023\/06\/vecteezy_rose-gold-japanese-kintsugi-pattern-design_8374396.jpg&raquo; global_colors_info=&raquo;{}&raquo;][et_pb_row column_structure=&raquo;3_4,1_4&#8243; _builder_version=&raquo;4.16&#8243; background_size=&raquo;initial&raquo; background_position=&raquo;top_left&raquo; background_repeat=&raquo;repeat&raquo; global_colors_info=&raquo;{}&raquo;][et_pb_column type=&raquo;3_4&#8243; _builder_version=&raquo;4.16&#8243; custom_padding=&raquo;|||&raquo; global_colors_info=&raquo;{}&raquo; custom_padding__hover=&raquo;|||&raquo;][et_pb_text _builder_version=&raquo;4.21.0&#8243; global_colors_info=&raquo;{}&raquo;]<\/p>\n<h2><strong>Scenekamp<\/strong><\/h2>\n<p>[\/et_pb_text][et_pb_text _builder_version=&raquo;4.21.0&#8243; global_colors_info=&raquo;{}&raquo;]<\/p>\n<p><span style=\"font-weight: 400\">Dette er et kurs i grunnleggende scenekamp som handler om \u00e5 iscenesette vold for en teaterscene eller for et filmkamera. Alt vil foreg\u00e5 p\u00e5 en trygg m\u00e5te, men vi skaper en illusjon av at vi skader hverandre. Scenekamp er nyttig for alle som driver med amat\u00f8rteater, enten det er tradisjonelle forestillinger, utend\u00f8rs spel eller improvisasjon. \u00c5 l\u00e6re seg grunnleggende scenekamp gir deg som skuespiller erfaring med \u00e5 utf\u00f8re planlagte handlinger slik at de ser tilfeldige ut. Det kan v\u00e6re nyttig i all slags skuespillerteknisk arbeid. Deltakerne vil l\u00e6re diverse teknikker for slag, spark, lugging og kveling. Vi vil ogs\u00e5 jobbe med koreograferte kamp-sekvenser. Ingenting er improvisert og alt handler om sikkerhet, kontroll og samarbeid med partner. <\/span><span style=\"font-weight: 400\"><br \/><\/span><span style=\"font-weight: 400\"><br \/><\/span><b>Unarmed &#8211; <\/b><span style=\"font-weight: 400\">Dette er teknikker for slag, sparking, lugging og alt man kan gj\u00f8re uten bruk av v\u00e5pen.<\/span><\/p>\n<p><b>Bredsverd &#8211; <\/b><span style=\"font-weight: 400\">Fekteteknikker med store toh\u00e5ndssverd fra middelalderen.<\/span><\/p>\n<p><b>Kniv &#8211; <\/b><span style=\"font-weight: 400\">Knivkamp er raskt, spennende og krever en del presisjon!<br \/><\/span><\/p>\n<p>&nbsp;<\/p>\n<p><b>\u00a0 \u00a0 \u00a0 <img loading=\"lazy\" decoding=\"async\" src=\"https:\/\/old.natf.no\/td2023\/wp-content\/uploads\/sites\/11\/2023\/06\/Lasse-Friborg--300x300.jpeg\" width=\"300\" height=\"300\" alt=\"\" class=\"wp-image-1614 alignnone size-medium\" \/>\u00a0 \u00a0 \u00a0 \u00a0Kursholder:<\/b><span style=\"font-weight: 400\"> Lasse Friborg er utdannet skuespiller ved NSKI H\u00f8yskole og l\u00e6rer i scenekamp ved Nordic Stage Fight Society. Han har jobbet frilans som skuespiller, instrukt\u00f8r og kampkoreograf for blant annet Den Norske Opera og Ballet, Nittedal Teater, Hadeland Teaterlag og S\u00e4ffle Operan i Sverige. Han har ogs\u00e5 medvirket som stuntut\u00f8ver i et titalls film- og TV produksjoner.<\/span><span style=\"font-weight: 400\">\u00a0<\/span><\/p>\n<p>&nbsp;<\/p>\n<p>&nbsp;<\/p>\n<p>[\/et_pb_text][\/et_pb_column][et_pb_column type=&raquo;1_4&#8243; _builder_version=&raquo;4.16&#8243; custom_padding=&raquo;|||&raquo; global_colors_info=&raquo;{}&raquo; custom_padding__hover=&raquo;|||&raquo;][et_pb_text _builder_version=&raquo;4.16&#8243; global_colors_info=&raquo;{}&raquo;]<\/p>\n<h2><strong>Kursoversikt<\/strong><\/h2>\n<p>[\/et_pb_text][et_pb_sidebar area=&raquo;et_pb_widget_area_2&#8243; _builder_version=&raquo;4.16&#8243; global_colors_info=&raquo;{}&raquo;][\/et_pb_sidebar][et_pb_button button_url=&raquo;@ET-DC@eyJkeW5hbWljIjp0cnVlLCJjb250ZW50IjoicG9zdF9saW5rX3VybF9wYWdlIiwic2V0dGluZ3MiOnsicG9zdF9pZCI6IjU5NSJ9fQ==@&raquo; button_text=&raquo;P\u00e5melding&raquo; _builder_version=&raquo;4.21.0&#8243; _dynamic_attributes=&raquo;button_url&raquo; custom_margin=&raquo;||20px|||&raquo; global_colors_info=&raquo;{}&raquo; button_text_size__hover_enabled=&raquo;off&raquo; button_one_text_size__hover_enabled=&raquo;off&raquo; button_two_text_size__hover_enabled=&raquo;off&raquo; button_text_color__hover_enabled=&raquo;off&raquo; button_one_text_color__hover_enabled=&raquo;off&raquo; button_two_text_color__hover_enabled=&raquo;off&raquo; button_border_width__hover_enabled=&raquo;off&raquo; button_one_border_width__hover_enabled=&raquo;off&raquo; button_two_border_width__hover_enabled=&raquo;off&raquo; button_border_color__hover_enabled=&raquo;off&raquo; button_one_border_color__hover_enabled=&raquo;off&raquo; button_two_border_color__hover_enabled=&raquo;off&raquo; button_border_radius__hover_enabled=&raquo;off&raquo; button_one_border_radius__hover_enabled=&raquo;off&raquo; button_two_border_radius__hover_enabled=&raquo;off&raquo; button_letter_spacing__hover_enabled=&raquo;off&raquo; button_one_letter_spacing__hover_enabled=&raquo;off&raquo; button_two_letter_spacing__hover_enabled=&raquo;off&raquo; button_bg_color__hover_enabled=&raquo;off&raquo; button_one_bg_color__hover_enabled=&raquo;off&raquo; button_two_bg_color__hover_enabled=&raquo;off&raquo; global_module=&raquo;1680&#8243; theme_builder_area=&raquo;post_content&raquo;][\/et_pb_button][\/et_pb_column][\/et_pb_row][\/et_pb_section]<\/p>\n","protected":false},"excerpt":{"rendered":"<p>Er en metode hvor minner tas i bruk for \u00e5 skape teater. Prosessen stimuleres av s\u00e5kalte minnevekkere som kan v\u00e6re ting av ulik karakter, f.eks. bilder, gjenstander, materialer, dufter, tekster eller musikk som er knyttet opp mot hukommelsen. <\/p>\n","protected":false},"author":9,"featured_media":0,"parent":0,"menu_order":0,"comment_status":"closed","ping_status":"closed","template":"","meta":{"_acf_changed":false,"_et_pb_use_builder":"on","_et_pb_old_content":"","_et_gb_content_width":"","inline_featured_image":false,"footnotes":""},"categories":[26],"tags":[],"class_list":["post-1244","page","type-page","status-publish","hentry","category-kurs"],"acf":[],"_links":{"self":[{"href":"https:\/\/old.natf.no\/td2023\/wp-json\/wp\/v2\/pages\/1244","targetHints":{"allow":["GET"]}}],"collection":[{"href":"https:\/\/old.natf.no\/td2023\/wp-json\/wp\/v2\/pages"}],"about":[{"href":"https:\/\/old.natf.no\/td2023\/wp-json\/wp\/v2\/types\/page"}],"author":[{"embeddable":true,"href":"https:\/\/old.natf.no\/td2023\/wp-json\/wp\/v2\/users\/9"}],"replies":[{"embeddable":true,"href":"https:\/\/old.natf.no\/td2023\/wp-json\/wp\/v2\/comments?post=1244"}],"version-history":[{"count":0,"href":"https:\/\/old.natf.no\/td2023\/wp-json\/wp\/v2\/pages\/1244\/revisions"}],"wp:attachment":[{"href":"https:\/\/old.natf.no\/td2023\/wp-json\/wp\/v2\/media?parent=1244"}],"wp:term":[{"taxonomy":"category","embeddable":true,"href":"https:\/\/old.natf.no\/td2023\/wp-json\/wp\/v2\/categories?post=1244"},{"taxonomy":"post_tag","embeddable":true,"href":"https:\/\/old.natf.no\/td2023\/wp-json\/wp\/v2\/tags?post=1244"}],"curies":[{"name":"wp","href":"https:\/\/api.w.org\/{rel}","templated":true}]}}