{"id":1229,"date":"2018-05-16T14:08:48","date_gmt":"2018-05-16T12:08:48","guid":{"rendered":"https:\/\/natfno.wpengine.com\/td2023\/?page_id=1229"},"modified":"2023-09-05T07:17:31","modified_gmt":"2023-09-05T05:17:31","slug":"fysisk-teater","status":"publish","type":"page","link":"https:\/\/old.natf.no\/td2023\/fysisk-teater\/","title":{"rendered":"Fysisk teater"},"content":{"rendered":"<p>[et_pb_section fb_built=&raquo;1&#8243; _builder_version=&raquo;4.16&#8243; global_colors_info=&raquo;{}&raquo;][et_pb_row column_structure=&raquo;3_4,1_4&#8243; _builder_version=&raquo;4.16&#8243; background_size=&raquo;initial&raquo; background_position=&raquo;top_left&raquo; background_repeat=&raquo;repeat&raquo; global_colors_info=&raquo;{}&raquo;][et_pb_column type=&raquo;3_4&#8243; _builder_version=&raquo;4.16&#8243; custom_padding=&raquo;|||&raquo; global_colors_info=&raquo;{}&raquo; custom_padding__hover=&raquo;|||&raquo;][et_pb_text _builder_version=&raquo;4.21.0&#8243; global_colors_info=&raquo;{}&raquo;]<\/p>\n<h2><strong>Fysisk Teater<\/strong><\/h2>\n<p>[\/et_pb_text][et_pb_text _builder_version=&raquo;4.21.0&#8243; text_font_size=&raquo;16px&raquo; text_line_height=&raquo;1.6em&raquo; global_colors_info=&raquo;{}&raquo;]<\/p>\n<p><span style=\"font-weight: 400\">Kurset er dessverre avlyst pga. for f\u00e5 p\u00e5meldte.\u00a0<\/p>\n<p>Under dette kurset skal vi dele noen grunnleggende elementer og teknikker fra fysisk teater og Jacques Lecoq-pedagogikken som vi som kompani bruker i v\u00e5rt arbeid.\u00a0<\/span><\/p>\n<p><span style=\"font-weight: 400\">Vi vil fokusere p\u00e5 analyse av bevegelse, ensemblearbeid, scenekamp og gruppearbeid.<\/span><\/p>\n<p><span style=\"font-weight: 400\">Fysisk teater har en annen tiln\u00e6rming til \u00e5 skape teater enn klassisk teater. Det kan v\u00e6re en verdifull l\u00e6rdom \u00e5 f\u00e5 et brede perspektiv p\u00e5 alt som er mulig innenfor teater og scenekunst.<\/span><\/p>\n<p><span style=\"font-weight: 400\">For eksempel: Hvordan kan du raskt og s\u00f8ml\u00f8st skifte fra en scene og setting til en helt annen, kun ved hjelp av kropp og bevegelse? Hvordan kan du vise en karakters karakteristikk eller f\u00f8lelser gjennom en sl\u00e5sskamp, istedenfor ord?<\/span><\/p>\n<p><span style=\"font-weight: 400\">Fysisk teater fokuserer p\u00e5 det fysiske; \u00e5 fortelle en historie uten \u00e5 n\u00f8dvendigvis ty til ord. Dette er en verdifull erfaring for enhver skuespiller eller teaterkunstner.<\/span><\/p>\n<p><span style=\"font-weight: 400\">Dette kurset har som m\u00e5l \u00e5 gi skuespillere og teaterkunstnere nye verkt\u00f8y \u00e5 bruke i arbeidet.<\/span><\/p>\n<p>Akimbo er et internasjonalt, prisvinnende, fysisk teaterkompani grunnlagt ved l&#8217;\u00c9cole Internationale de Th\u00e9\u00e2tre Jacques Lecoq i 2021. Vi lager actionfylt teater som utfordrer sosiale normer og leker med perspektiver. Ved \u00e5 bruke et innovativt kreativt spr\u00e5k som blander presis fysikalitet og bevegelse, klovning og kampsport; kan arbeidet v\u00e5rt sees p\u00e5 som en tegneserie: voldelig, vakkert, morsomt og episk.<\/p>\n<p>&nbsp;<\/p>\n<p>&nbsp;<\/p>\n<p>[\/et_pb_text][\/et_pb_column][et_pb_column type=&raquo;1_4&#8243; _builder_version=&raquo;4.16&#8243; custom_padding=&raquo;|||&raquo; global_colors_info=&raquo;{}&raquo; custom_padding__hover=&raquo;|||&raquo;][et_pb_text _builder_version=&raquo;4.16&#8243; global_colors_info=&raquo;{}&raquo;]<\/p>\n<h2><strong>Kursoversikt<\/strong><\/h2>\n<p>[\/et_pb_text][et_pb_sidebar area=&raquo;et_pb_widget_area_2&#8243; _builder_version=&raquo;4.21.0&#8243; global_colors_info=&raquo;{}&raquo;][\/et_pb_sidebar][et_pb_button button_url=&raquo;@ET-DC@eyJkeW5hbWljIjp0cnVlLCJjb250ZW50IjoicG9zdF9saW5rX3VybF9wYWdlIiwic2V0dGluZ3MiOnsicG9zdF9pZCI6IjU5NSJ9fQ==@&raquo; button_text=&raquo;P\u00e5melding&raquo; button_alignment=&raquo;center&raquo; _builder_version=&raquo;4.21.0&#8243; _dynamic_attributes=&raquo;button_url&raquo; custom_button=&raquo;on&raquo; button_text_color=&raquo;#FFFFFF&raquo; button_bg_color=&raquo;#57A3A4&#8243; custom_margin=&raquo;||20px|||&raquo; global_module=&raquo;1680&#8243; global_colors_info=&raquo;{}&raquo; button_text_size__hover_enabled=&raquo;off&raquo; button_one_text_size__hover_enabled=&raquo;off&raquo; button_two_text_size__hover_enabled=&raquo;off&raquo; button_text_color__hover_enabled=&raquo;off&raquo; button_one_text_color__hover_enabled=&raquo;off&raquo; button_two_text_color__hover_enabled=&raquo;off&raquo; button_border_width__hover_enabled=&raquo;off&raquo; button_one_border_width__hover_enabled=&raquo;off&raquo; button_two_border_width__hover_enabled=&raquo;off&raquo; button_border_color__hover_enabled=&raquo;off&raquo; button_one_border_color__hover_enabled=&raquo;off&raquo; button_two_border_color__hover_enabled=&raquo;off&raquo; button_border_radius__hover_enabled=&raquo;off&raquo; button_one_border_radius__hover_enabled=&raquo;off&raquo; button_two_border_radius__hover_enabled=&raquo;off&raquo; button_letter_spacing__hover_enabled=&raquo;off&raquo; button_one_letter_spacing__hover_enabled=&raquo;off&raquo; button_two_letter_spacing__hover_enabled=&raquo;off&raquo; button_bg_color__hover_enabled=&raquo;off&raquo; button_one_bg_color__hover_enabled=&raquo;off&raquo; button_two_bg_color__hover_enabled=&raquo;off&raquo;][\/et_pb_button][\/et_pb_column][\/et_pb_row][et_pb_row column_structure=&raquo;1_4,1_4,1_2&#8243; _builder_version=&raquo;4.21.0&#8243; _module_preset=&raquo;default&raquo; global_colors_info=&raquo;{}&raquo;][et_pb_column type=&raquo;1_4&#8243; _builder_version=&raquo;4.21.0&#8243; _module_preset=&raquo;default&raquo; global_colors_info=&raquo;{}&raquo;][et_pb_image src=&raquo;https:\/\/old.natf.no\/td2023\/wp-content\/uploads\/sites\/11\/2023\/06\/Portrett-Flo-scaled.jpg&raquo; title_text=&raquo;Portrett Flo&raquo; _builder_version=&raquo;4.21.0&#8243; _module_preset=&raquo;default&raquo; global_colors_info=&raquo;{}&raquo;][\/et_pb_image][\/et_pb_column][et_pb_column type=&raquo;1_4&#8243; _builder_version=&raquo;4.21.0&#8243; _module_preset=&raquo;default&raquo; global_colors_info=&raquo;{}&raquo;][et_pb_image src=&raquo;https:\/\/old.natf.no\/td2023\/wp-content\/uploads\/sites\/11\/2023\/06\/Portrett-Halvor-scaled.jpg&raquo; title_text=&raquo;Portrett Halvor&raquo; _builder_version=&raquo;4.21.0&#8243; _module_preset=&raquo;default&raquo; global_colors_info=&raquo;{}&raquo;][\/et_pb_image][\/et_pb_column][et_pb_column type=&raquo;1_2&#8243; _builder_version=&raquo;4.21.0&#8243; _module_preset=&raquo;default&raquo; global_colors_info=&raquo;{}&raquo;][et_pb_text _builder_version=&raquo;4.21.0&#8243; _module_preset=&raquo;default&raquo; global_colors_info=&raquo;{}&raquo;]<\/p>\n<p>Halvor Schultz og Flo Wiedenbach har begge g\u00e5tt p\u00e5 Ecole Internationale de Theatre Jacques Lecoq. Etter endt skolegang i 2021, grunnla de Akimbo Theatre sammen med 5 andre medelever. Akimbo har oppn\u00e5dd stor suksess i b\u00e5de Norge og Storbritannia med sin f\u00f8rste forestilling No One, som ble spilt p\u00e5 festivaler som Oslo Fringe, hvor de vant prisen for beste forestilling, og Edinburgh Fringe. I januar 2023 fremf\u00f8rte de No One i 2 uker p\u00e5 Omnibus Theatre i London, og skal i juni 2022 delta p\u00e5 London Clown Festival p\u00e5 SoHo Theatre i London, med samme forestilling.<\/p>\n<p>F\u00f8r Lecoq, studerte Flo p\u00e5 Fontainebleau School of Acting og Guildhall School of Music and Drama. Halvor Schultz vokste opp like utenfor Oslo og studerte teater ved Rud Videreg\u00e5ende skole i B\u00e6rum. Ved siden av \u00e5 jobbe med Akimbo jobber han som skuespiller og teaterkunstner i Oslo.<\/p>\n<p>[\/et_pb_text][\/et_pb_column][\/et_pb_row][\/et_pb_section]<\/p>\n","protected":false},"excerpt":{"rendered":"<p>\u00c5 lage revy er g\u00f8y! Men hvordan g\u00e5r man frem n\u00e5r man ikke har noen ideer? Og hvordan kan man gj\u00f8re det gode man allerede har, enda bedre?<\/p>\n","protected":false},"author":9,"featured_media":0,"parent":0,"menu_order":0,"comment_status":"closed","ping_status":"closed","template":"","meta":{"_acf_changed":false,"_et_pb_use_builder":"on","_et_pb_old_content":"","_et_gb_content_width":"","inline_featured_image":false,"footnotes":""},"categories":[26],"tags":[],"class_list":["post-1229","page","type-page","status-publish","hentry","category-kurs"],"acf":[],"_links":{"self":[{"href":"https:\/\/old.natf.no\/td2023\/wp-json\/wp\/v2\/pages\/1229","targetHints":{"allow":["GET"]}}],"collection":[{"href":"https:\/\/old.natf.no\/td2023\/wp-json\/wp\/v2\/pages"}],"about":[{"href":"https:\/\/old.natf.no\/td2023\/wp-json\/wp\/v2\/types\/page"}],"author":[{"embeddable":true,"href":"https:\/\/old.natf.no\/td2023\/wp-json\/wp\/v2\/users\/9"}],"replies":[{"embeddable":true,"href":"https:\/\/old.natf.no\/td2023\/wp-json\/wp\/v2\/comments?post=1229"}],"version-history":[{"count":0,"href":"https:\/\/old.natf.no\/td2023\/wp-json\/wp\/v2\/pages\/1229\/revisions"}],"wp:attachment":[{"href":"https:\/\/old.natf.no\/td2023\/wp-json\/wp\/v2\/media?parent=1229"}],"wp:term":[{"taxonomy":"category","embeddable":true,"href":"https:\/\/old.natf.no\/td2023\/wp-json\/wp\/v2\/categories?post=1229"},{"taxonomy":"post_tag","embeddable":true,"href":"https:\/\/old.natf.no\/td2023\/wp-json\/wp\/v2\/tags?post=1229"}],"curies":[{"name":"wp","href":"https:\/\/api.w.org\/{rel}","templated":true}]}}