{"id":1183,"date":"2018-05-16T14:07:38","date_gmt":"2018-05-16T12:07:38","guid":{"rendered":"https:\/\/natfno.wpengine.com\/td2023\/?page_id=1183"},"modified":"2023-07-13T08:51:48","modified_gmt":"2023-07-13T06:51:48","slug":"kostyme","status":"publish","type":"page","link":"https:\/\/old.natf.no\/td2023\/kostyme\/","title":{"rendered":"Kostyme"},"content":{"rendered":"<p>[et_pb_section fb_built=&raquo;1&#8243; _builder_version=&raquo;4.21.0&#8243; background_image=&raquo;https:\/\/old.natf.no\/td2023\/wp-content\/uploads\/sites\/11\/2023\/06\/vecteezy_rose-gold-japanese-kintsugi-pattern-design_8374396.jpg&raquo; global_colors_info=&raquo;{}&raquo;][et_pb_row column_structure=&raquo;3_4,1_4&#8243; _builder_version=&raquo;4.16&#8243; background_size=&raquo;initial&raquo; background_position=&raquo;top_left&raquo; background_repeat=&raquo;repeat&raquo; global_colors_info=&raquo;{}&raquo;][et_pb_column type=&raquo;3_4&#8243; _builder_version=&raquo;4.16&#8243; custom_padding=&raquo;|||&raquo; global_colors_info=&raquo;{}&raquo; custom_padding__hover=&raquo;|||&raquo;][et_pb_text _builder_version=&raquo;4.16&#8243; global_colors_info=&raquo;{}&raquo;]<\/p>\n<h2><strong>Kostyme<\/strong><\/h2>\n<p>[\/et_pb_text][et_pb_text _builder_version=&raquo;4.21.0&#8243; _module_preset=&raquo;default&raquo; global_colors_info=&raquo;{}&raquo;]<\/p>\n<p class=\"p1\">Hva forteller egentlig kostymene til skuespillerne i en forestilling? Det har Ingvild Beck-Hanssen lyst til \u00e5 utforske sammen med dere!<b><br \/><\/b>Dette kurset starter allerede f\u00f8r Teaterdagene er i gang. Dere vil f\u00e5 tilsendt et manus i forkant. Fra manuset velger du deg en karakter som du vil jobbe med under kurshelgen. <br \/>Begynn \u00e5 tenke p\u00e5 hvordan du vil la denne karakteren f\u00e5 liv.<\/p>\n<p class=\"p1\">Hva slags stoffer skal du bruke? Re-design av kl\u00e6r eller skal du bruke s\u00f8m-oppskrift og lage fra bunnen? Hvilke farger vil du ha? Har kostymene spesielle detaljer? Hva skjer hvis du setter karakteren din inn i 2023? Se hva du har i skuffer og skap som kan bli til denne karakteren, og ta med deg symaskina di om du har!<\/p>\n<p class=\"p1\">N\u00e5r vi m\u00f8tes p\u00e5 Lillehammer skal vi sammen g\u00e5 gjennom planene deres og finne ut av hva dere trenger og mangler. Amat\u00f8rteaterets kostymelager p\u00e5 Lillehammer vil v\u00e6re tilgjengelig for utl\u00e5n av ting og t\u00f8y, annet som vi<span class=\"Apple-converted-space\">\u00a0 <\/span>mangler vil vi kunne f\u00e5 tak i p\u00e5 Fretex.<br \/>P\u00e5 l\u00f8rdag tar vi en runde for \u00e5 finne det dere mangler og n\u00e5r dere har alt dere trenger s\u00e5 er det bare \u00e5 begynne \u00e5 sy! Dere f\u00e5r veiledning og hjelp av Ingvild hele veien. S\u00f8ndagen brukes til ferdigstillelse av kostymene og visning for de andre!<\/p>\n<p>I l\u00f8pet av dette kurset vil Ingvild vise dere m\u00e5ter \u00e5 systematisere karakterer p\u00e5 for \u00e5 lage helhet i historien, og skjemaer hun har brukt som gir oversikt. Dere vil f\u00e5 veiledning i oms\u00f8m, hvordan lage egne m\u00f8nster. Hvilke grep kan du ta som kostymedesigner for \u00e5 understreke det du vil fortelle med farger, materialer og detaljer? Ingvild deler sine beste og enkle tips og triks!<\/p>\n<p>Ingvild K. Beck-Hanssen har drevet med kostymer i snart 20 \u00e5r! Hun startet som kostymeassistent ved \u201cHotel C\u00e6sar\u201d der hun ble v\u00e6rende i flere \u00e5r. Hun har gjort flere ulike kameraproduksjoner som musikkfilm, spillefilm og livesendinger, men de siste 15 \u00e5rene har det v\u00e6rt mest teater &#8211; og det er hun veldig glad for! <br \/>Ingvild har v\u00e6rt tilknyttet Henrik Wergelands minne og er tilknyttet Lillehammer Amat\u00f8rteater og Kulturhjertet &#8211; s\u00e5 hun har god kjennskap til hva kostymemakerne i amat\u00f8rteateret trenger \u00e5 kunne.\u00a0<\/p>\n<p>[\/et_pb_text][et_pb_image src=&raquo;https:\/\/old.natf.no\/td2023\/wp-content\/uploads\/sites\/11\/2023\/06\/Costumes-scaled.jpeg&raquo; title_text=&raquo;Costumes&raquo; _builder_version=&raquo;4.21.0&#8243; _module_preset=&raquo;default&raquo; global_colors_info=&raquo;{}&raquo;][\/et_pb_image][\/et_pb_column][et_pb_column type=&raquo;1_4&#8243; _builder_version=&raquo;4.16&#8243; custom_padding=&raquo;|||&raquo; global_colors_info=&raquo;{}&raquo; custom_padding__hover=&raquo;|||&raquo;][et_pb_text _builder_version=&raquo;4.16&#8243; global_colors_info=&raquo;{}&raquo;]<\/p>\n<h2><strong>Kursoversikt<\/strong><\/h2>\n<p>[\/et_pb_text][et_pb_sidebar area=&raquo;et_pb_widget_area_2&#8243; _builder_version=&raquo;4.16&#8243; global_colors_info=&raquo;{}&raquo;][\/et_pb_sidebar][et_pb_button button_url=&raquo;@ET-DC@eyJkeW5hbWljIjp0cnVlLCJjb250ZW50IjoicG9zdF9saW5rX3VybF9wYWdlIiwic2V0dGluZ3MiOnsicG9zdF9pZCI6IjU5NSJ9fQ==@&raquo; button_text=&raquo;P\u00e5melding&raquo; _builder_version=&raquo;4.21.0&#8243; _dynamic_attributes=&raquo;button_url&raquo; custom_margin=&raquo;||20px|||&raquo; hover_enabled=&raquo;0&#8243; global_colors_info=&raquo;{}&raquo; button_text_size__hover_enabled=&raquo;off&raquo; button_one_text_size__hover_enabled=&raquo;off&raquo; button_two_text_size__hover_enabled=&raquo;off&raquo; button_text_color__hover_enabled=&raquo;off&raquo; button_one_text_color__hover_enabled=&raquo;off&raquo; button_two_text_color__hover_enabled=&raquo;off&raquo; button_border_width__hover_enabled=&raquo;off&raquo; button_one_border_width__hover_enabled=&raquo;off&raquo; button_two_border_width__hover_enabled=&raquo;off&raquo; button_border_color__hover_enabled=&raquo;off&raquo; button_one_border_color__hover_enabled=&raquo;off&raquo; button_two_border_color__hover_enabled=&raquo;off&raquo; button_border_radius__hover_enabled=&raquo;off&raquo; button_one_border_radius__hover_enabled=&raquo;off&raquo; button_two_border_radius__hover_enabled=&raquo;off&raquo; button_letter_spacing__hover_enabled=&raquo;off&raquo; button_one_letter_spacing__hover_enabled=&raquo;off&raquo; button_two_letter_spacing__hover_enabled=&raquo;off&raquo; button_bg_color__hover_enabled=&raquo;off&raquo; button_one_bg_color__hover_enabled=&raquo;off&raquo; button_two_bg_color__hover_enabled=&raquo;off&raquo; global_module=&raquo;1680&#8243; theme_builder_area=&raquo;post_content&raquo; sticky_enabled=&raquo;0&#8243;][\/et_pb_button][\/et_pb_column][\/et_pb_row][\/et_pb_section]<\/p>\n","protected":false},"excerpt":{"rendered":"<p>Improvisasjon har de siste \u00e5rene blitt en velkjent teater- og underholdningsform i Norge, og er blitt veldig popul\u00e6r b\u00e5de som ren form, men ogs\u00e5 som verkt\u00f8y i andre kreative bransjer, s\u00e5vel som i n\u00e6ringslivet. <\/p>\n","protected":false},"author":9,"featured_media":0,"parent":0,"menu_order":0,"comment_status":"closed","ping_status":"closed","template":"","meta":{"_acf_changed":false,"_et_pb_use_builder":"on","_et_pb_old_content":"","_et_gb_content_width":"","inline_featured_image":false,"footnotes":""},"categories":[26],"tags":[],"class_list":["post-1183","page","type-page","status-publish","hentry","category-kurs"],"acf":[],"_links":{"self":[{"href":"https:\/\/old.natf.no\/td2023\/wp-json\/wp\/v2\/pages\/1183","targetHints":{"allow":["GET"]}}],"collection":[{"href":"https:\/\/old.natf.no\/td2023\/wp-json\/wp\/v2\/pages"}],"about":[{"href":"https:\/\/old.natf.no\/td2023\/wp-json\/wp\/v2\/types\/page"}],"author":[{"embeddable":true,"href":"https:\/\/old.natf.no\/td2023\/wp-json\/wp\/v2\/users\/9"}],"replies":[{"embeddable":true,"href":"https:\/\/old.natf.no\/td2023\/wp-json\/wp\/v2\/comments?post=1183"}],"version-history":[{"count":0,"href":"https:\/\/old.natf.no\/td2023\/wp-json\/wp\/v2\/pages\/1183\/revisions"}],"wp:attachment":[{"href":"https:\/\/old.natf.no\/td2023\/wp-json\/wp\/v2\/media?parent=1183"}],"wp:term":[{"taxonomy":"category","embeddable":true,"href":"https:\/\/old.natf.no\/td2023\/wp-json\/wp\/v2\/categories?post=1183"},{"taxonomy":"post_tag","embeddable":true,"href":"https:\/\/old.natf.no\/td2023\/wp-json\/wp\/v2\/tags?post=1183"}],"curies":[{"name":"wp","href":"https:\/\/api.w.org\/{rel}","templated":true}]}}