{"id":1181,"date":"2018-05-16T14:07:38","date_gmt":"2018-05-16T12:07:38","guid":{"rendered":"https:\/\/natfno.wpengine.com\/td2023\/?page_id=1181"},"modified":"2023-07-13T08:52:38","modified_gmt":"2023-07-13T06:52:38","slug":"monolog","status":"publish","type":"page","link":"https:\/\/old.natf.no\/td2023\/monolog\/","title":{"rendered":"Monolog"},"content":{"rendered":"<p>[et_pb_section fb_built=&raquo;1&#8243; _builder_version=&raquo;4.16&#8243; global_colors_info=&raquo;{}&raquo;][et_pb_row column_structure=&raquo;3_4,1_4&#8243; _builder_version=&raquo;4.16&#8243; background_size=&raquo;initial&raquo; background_position=&raquo;top_left&raquo; background_repeat=&raquo;repeat&raquo; global_colors_info=&raquo;{}&raquo;][et_pb_column type=&raquo;3_4&#8243; _builder_version=&raquo;4.16&#8243; custom_padding=&raquo;|||&raquo; global_colors_info=&raquo;{}&raquo; custom_padding__hover=&raquo;|||&raquo;][et_pb_text _builder_version=&raquo;4.16&#8243; global_colors_info=&raquo;{}&raquo;]<\/p>\n<h2><strong>Monologkurs<\/strong><\/h2>\n<p>[\/et_pb_text][et_pb_text _builder_version=&raquo;4.21.0&#8243; global_colors_info=&raquo;{}&raquo;]<\/p>\n<p><span style=\"font-weight: 400\">Mange \u00f8nsker \u00e5 gj\u00f8re audition ved enten offentlig eller privat-teatre eller til skoler for \u00e5 studere teater. Noen vil bare \u00f8ve p\u00e5 en monolog, enten den er selvskrevet eller fra et skuespill eller revy de jobber med. P\u00e5 dette kurset vil dere f\u00e5 med dere nyttige redskaper for \u00e5 finne karakteren eller rollen, og vi ser p\u00e5 om det bor noe mer i monologen enn det forfatteren har skrevet. Kurset gir ogs\u00e5 effektiv trening i \u00e5 behandle scenenerver og evaluering av egen prestasjon i etterkant, samt fokus p\u00e5 neste audition. Om \u00f8nsket vil du etter endt kurs motta en monolog p\u00e5 epost du kan jobbe videre med. Vi ber dere ta med en monolog til kursstart p\u00e5 maks 3 minutter for \u00e5 ha noe \u00e5 jobbe med.<\/span><\/p>\n<p><span style=\"font-weight: 400\">\u00a0 \u00a0 \u00a0 \u00a0 \u00a0 \u00a0 <img loading=\"lazy\" decoding=\"async\" src=\"https:\/\/old.natf.no\/td2023\/wp-content\/uploads\/sites\/11\/2023\/06\/Morten-Ruda-300x300.jpeg\" width=\"300\" height=\"300\" alt=\"\" class=\"wp-image-1626 alignnone size-medium\" \/>Morten Rud\u00e5 er utdannet skuespiller ved The American Academy of Dramatic Arts i New York i 1995 (og utdannet teaterpedagog ved Kunsth\u00f8gskolen i 2007).<\/span><\/p>\n<p><span style=\"font-weight: 400\">Han har v\u00e6rt engasjert ved New York Performance Alliance p\u00e5 West Broadway og spilte i blant annet Oscar og La Cage aux Folles. I Norge har han jobbet ved Hedmark Teater (Teater Innlandet), <\/span><a href=\"https:\/\/no.wikipedia.org\/wiki\/Nordland_Teater\"><span style=\"font-weight: 400\">Nordland Teater<\/span><\/a><span style=\"font-weight: 400\">, <\/span><a href=\"https:\/\/no.wikipedia.org\/wiki\/Nord-Tr%C3%B8ndelag_Teater\"><span style=\"font-weight: 400\">Nord-Tr\u00f8ndelag Teater<\/span><\/a><a href=\"https:\/\/no.wikipedia.org\/wiki\/Hedmark_Teater\"><span style=\"font-weight: 400\">(<\/span><\/a><span style=\"font-weight: 400\">Turn\u00e9teatret i Tr\u00f8ndelag<\/span><a href=\"https:\/\/no.wikipedia.org\/wiki\/Hedmark_Teater\"><span style=\"font-weight: 400\">)<\/span><\/a><span style=\"font-weight: 400\">, <\/span><a href=\"https:\/\/no.wikipedia.org\/w\/index.php?title=Trondheim_Opera&amp;action=edit&amp;redlink=1\"><span style=\"font-weight: 400\">Trondheim Opera<\/span><\/a><span style=\"font-weight: 400\">, <\/span><a href=\"https:\/\/no.wikipedia.org\/wiki\/Haugesund_Teater\"><span style=\"font-weight: 400\">Haugesund Teater<\/span><\/a><span style=\"font-weight: 400\">, <\/span><a href=\"https:\/\/no.wikipedia.org\/wiki\/Riksteatret\"><span style=\"font-weight: 400\">Riksteatret<\/span><\/a><span style=\"font-weight: 400\"> og ved <\/span><a href=\"https:\/\/no.wikipedia.org\/wiki\/Oslo_Nye_Teater\"><span style=\"font-weight: 400\">Oslo Nye Teater<\/span><\/a><span style=\"font-weight: 400\"> og han var med \u00e5 starte Great Garlic Girl i 1981. Han har hatt roller i flere norske spillefilmer, blant annet i <\/span><i><span style=\"font-weight: 400\">Varg Veum \u2013 Kvinnen i kj\u00f8leskapet<\/span><\/i><span style=\"font-weight: 400\">(2008), <\/span><i><span style=\"font-weight: 400\">Sebastians Verden<\/span><\/i><span style=\"font-weight: 400\"> (2010) og <\/span><a href=\"https:\/\/no.wikipedia.org\/wiki\/M%C3%B8rke_sjeler\"><i><span style=\"font-weight: 400\">M\u00f8rke sjeler<\/span><\/i><\/a><span style=\"font-weight: 400\"> (2010.) og spilt i flere kortfilmer.\u00a0<\/span><\/p>\n<p><span style=\"font-weight: 400\">Morten har siden 2007 undervist p\u00e5 Khio og har ogs\u00e5 undervist p\u00e5 Norges danseh\u00f8yskole, Treider via B\u00e5rdarakademiet, Musikkteaterh\u00f8yskolen og MOTIO i Tvedestrand.<\/span><\/p>\n<p>[\/et_pb_text][\/et_pb_column][et_pb_column type=&raquo;1_4&#8243; _builder_version=&raquo;4.16&#8243; custom_padding=&raquo;|||&raquo; global_colors_info=&raquo;{}&raquo; custom_padding__hover=&raquo;|||&raquo;][et_pb_text _builder_version=&raquo;4.16&#8243; global_colors_info=&raquo;{}&raquo;]<\/p>\n<h2><strong>Kursoversikt<\/strong><\/h2>\n<p>[\/et_pb_text][et_pb_sidebar area=&raquo;et_pb_widget_area_2&#8243; _builder_version=&raquo;4.16&#8243; global_colors_info=&raquo;{}&raquo;][\/et_pb_sidebar][et_pb_button button_url=&raquo;@ET-DC@eyJkeW5hbWljIjp0cnVlLCJjb250ZW50IjoicG9zdF9saW5rX3VybF9wYWdlIiwic2V0dGluZ3MiOnsicG9zdF9pZCI6IjU5NSJ9fQ==@&raquo; button_text=&raquo;P\u00e5melding&raquo; _builder_version=&raquo;4.21.0&#8243; _dynamic_attributes=&raquo;button_url&raquo; custom_margin=&raquo;||20px|||&raquo; hover_enabled=&raquo;0&#8243; global_colors_info=&raquo;{}&raquo; button_text_size__hover_enabled=&raquo;off&raquo; button_one_text_size__hover_enabled=&raquo;off&raquo; button_two_text_size__hover_enabled=&raquo;off&raquo; button_text_color__hover_enabled=&raquo;off&raquo; button_one_text_color__hover_enabled=&raquo;off&raquo; button_two_text_color__hover_enabled=&raquo;off&raquo; button_border_width__hover_enabled=&raquo;off&raquo; button_one_border_width__hover_enabled=&raquo;off&raquo; button_two_border_width__hover_enabled=&raquo;off&raquo; button_border_color__hover_enabled=&raquo;off&raquo; button_one_border_color__hover_enabled=&raquo;off&raquo; button_two_border_color__hover_enabled=&raquo;off&raquo; button_border_radius__hover_enabled=&raquo;off&raquo; button_one_border_radius__hover_enabled=&raquo;off&raquo; button_two_border_radius__hover_enabled=&raquo;off&raquo; button_letter_spacing__hover_enabled=&raquo;off&raquo; button_one_letter_spacing__hover_enabled=&raquo;off&raquo; button_two_letter_spacing__hover_enabled=&raquo;off&raquo; button_bg_color__hover_enabled=&raquo;off&raquo; button_one_bg_color__hover_enabled=&raquo;off&raquo; button_two_bg_color__hover_enabled=&raquo;off&raquo; global_module=&raquo;1680&#8243; theme_builder_area=&raquo;post_content&raquo; sticky_enabled=&raquo;0&#8243;][\/et_pb_button][\/et_pb_column][\/et_pb_row][\/et_pb_section]<\/p>\n","protected":false},"excerpt":{"rendered":"<p>Kurset er rettet mot de som har erfaring med Impro og som \u00f8nsker \u00e5 fordype seg i improvisasjonsteater. P\u00e5 kurset kommer vi til \u00e5 g\u00e5 raskt gjennom grunnprinsippene i Impro, for s\u00e5 \u00e5 arbeide med mer avansert improviserte scener, hvor vi bruker Keith Johnstones teknikk \u00abplattform og tilt.\u00bb<\/p>\n","protected":false},"author":9,"featured_media":0,"parent":0,"menu_order":0,"comment_status":"closed","ping_status":"closed","template":"","meta":{"_acf_changed":false,"_et_pb_use_builder":"on","_et_pb_old_content":"","_et_gb_content_width":"","inline_featured_image":false,"footnotes":""},"categories":[26],"tags":[],"class_list":["post-1181","page","type-page","status-publish","hentry","category-kurs"],"acf":[],"_links":{"self":[{"href":"https:\/\/old.natf.no\/td2023\/wp-json\/wp\/v2\/pages\/1181","targetHints":{"allow":["GET"]}}],"collection":[{"href":"https:\/\/old.natf.no\/td2023\/wp-json\/wp\/v2\/pages"}],"about":[{"href":"https:\/\/old.natf.no\/td2023\/wp-json\/wp\/v2\/types\/page"}],"author":[{"embeddable":true,"href":"https:\/\/old.natf.no\/td2023\/wp-json\/wp\/v2\/users\/9"}],"replies":[{"embeddable":true,"href":"https:\/\/old.natf.no\/td2023\/wp-json\/wp\/v2\/comments?post=1181"}],"version-history":[{"count":0,"href":"https:\/\/old.natf.no\/td2023\/wp-json\/wp\/v2\/pages\/1181\/revisions"}],"wp:attachment":[{"href":"https:\/\/old.natf.no\/td2023\/wp-json\/wp\/v2\/media?parent=1181"}],"wp:term":[{"taxonomy":"category","embeddable":true,"href":"https:\/\/old.natf.no\/td2023\/wp-json\/wp\/v2\/categories?post=1181"},{"taxonomy":"post_tag","embeddable":true,"href":"https:\/\/old.natf.no\/td2023\/wp-json\/wp\/v2\/tags?post=1181"}],"curies":[{"name":"wp","href":"https:\/\/api.w.org\/{rel}","templated":true}]}}