{"id":1180,"date":"2018-05-16T14:07:38","date_gmt":"2018-05-16T12:07:38","guid":{"rendered":"https:\/\/natfno.wpengine.com\/td2023\/?page_id=1180"},"modified":"2023-07-13T08:54:01","modified_gmt":"2023-07-13T06:54:01","slug":"sangteknikk","status":"publish","type":"page","link":"https:\/\/old.natf.no\/td2023\/sangteknikk\/","title":{"rendered":"Sangteknikk"},"content":{"rendered":"<p>[et_pb_section fb_built=&raquo;1&#8243; _builder_version=&raquo;4.21.0&#8243; background_image=&raquo;https:\/\/old.natf.no\/td2023\/wp-content\/uploads\/sites\/11\/2023\/06\/vecteezy_rose-gold-japanese-kintsugi-pattern-design_8374396.jpg&raquo; global_colors_info=&raquo;{}&raquo;][et_pb_row column_structure=&raquo;3_4,1_4&#8243; _builder_version=&raquo;4.21.0&#8243; background_size=&raquo;initial&raquo; background_position=&raquo;top_left&raquo; background_repeat=&raquo;repeat&raquo; global_colors_info=&raquo;{}&raquo;][et_pb_column type=&raquo;3_4&#8243; _builder_version=&raquo;4.16&#8243; custom_padding=&raquo;|||&raquo; global_colors_info=&raquo;{}&raquo; custom_padding__hover=&raquo;|||&raquo;][et_pb_text _builder_version=&raquo;4.21.0&#8243; global_colors_info=&raquo;{}&raquo;]<\/p>\n<h2><strong>Sangteknikk og ensemblesang<\/strong><strong><\/strong><\/h2>\n<p>[\/et_pb_text][et_pb_text _builder_version=&raquo;4.21.0&#8243; global_colors_info=&raquo;{}&raquo;]<\/p>\n<p><b><i>Sang er en del av v\u00e5r personlighet, og for \u00e5 kunne by p\u00e5 stemmen m\u00e5 alle i gruppen v\u00e6re trygge p\u00e5 hverandre. P\u00e5 dette kurset skal vi sosialiserer oss sammen musikalsk, gjennom ulike \u00f8velser.<\/i><\/b><span style=\"font-weight: 400\">\u00a0<\/span><\/p>\n<p><b><i>Sangteknikk:<\/i><\/b><span style=\"font-weight: 400\"> Vi skal bl.a. jobbe med kropp og pust. Hele kroppen er\u00a0instrumentet, og at det er \u00e5pent og \u00abklart\u00bb (-uten altfor mye spenninger).\u00a0\u00a0<\/span><span style=\"font-weight: 400\"><br \/><\/span><span style=\"font-weight: 400\">Vi skal l\u00e6re hvordan vi kan tekste tydeligere, teste ut det lyse og det m\u00f8rke registeret i stemmen, vi skal jobbe med rytme, gjennom bevegelse og koordinasjons\u00f8velser og vi skal sette sammen sang\u00f8velser som vedlikeholder, styrker og forbedrer stemmen til forestilling.<\/span><\/p>\n<p><b>Ensemblesang: <\/b><span style=\"font-weight: 400\">Hvordan \u00f8ver vi flerstemt? Hvordan starter &#8211; <\/span><i><span style=\"font-weight: 400\">og stopper<\/span><\/i><span style=\"font-weight: 400\"> vi samtidig?<\/span><span style=\"font-weight: 400\"><br \/><\/span><span style=\"font-weight: 400\">Vi skal f\u00e5 f\u00f8lelsen av felles \u00abtime\u00bb i gruppa. N\u00e5r er vi \u00abp\u00e5\u00bb slaget og n\u00e5r er vi \u00abimellom\u00bb?\u00a0Vi skal gjennom kurset f\u00e5 en bevisstgj\u00f8ring av behovet for felles klangfarge og plassering av konsonantene\u00a0i ensemblesang.<\/span><\/p>\n<p><img loading=\"lazy\" decoding=\"async\" src=\"https:\/\/old.natf.no\/td2023\/wp-content\/uploads\/sites\/11\/2023\/06\/Kor-300x114.jpeg\" width=\"300\" height=\"114\" alt=\"\" class=\"wp-image-1612 alignnone size-medium\" \/><\/p>\n<p><b>Repertoar:\u00a0<\/b><span style=\"font-weight: 400\">Denne kurshelgen skal vi ha diverse \u00f8velser, flerstemte sanger, kanoner og quad libets.<\/span><\/p>\n<p><b>\u00a0 \u00a0 <img loading=\"lazy\" decoding=\"async\" src=\"https:\/\/old.natf.no\/td2023\/wp-content\/uploads\/sites\/11\/2023\/06\/Heidi-Granlund.jpeg\" width=\"224\" height=\"285\" alt=\"\" class=\"wp-image-1611 alignnone size-full\" \/>\u00a0 \u00a0 \u00a0Heidi Granlund<\/b> er fra Lillehammer. Hun er utdannet ved Norges musikkh\u00f8gskole i sang og kordireksjon. Etter \u00e5 ha jobber 12 \u00e5r som distriktsmusiker i Namsos i Tr\u00f8ndelag, &#8211; jobber hun n\u00e5 p\u00e5 Toneheim folkeh\u00f8gskole p\u00e5 Hamar hvor hun underviser i sang, kor, barnekorledelse og geh\u00f8rtrening. Heidi har hatt mange seminarer og er opptatt av helheten i sangen og musikken. Hun dirigerer ogs\u00e5 for tiden \u00abLeirets damer\u00bb, et damekor med 60 medlemmer, som holder til i Elverum.<\/p>\n<p><span style=\"font-weight: 400\"><\/span><\/p>\n<p>&nbsp;<\/p>\n<p>[\/et_pb_text][\/et_pb_column][et_pb_column type=&raquo;1_4&#8243; _builder_version=&raquo;4.16&#8243; custom_padding=&raquo;|||&raquo; global_colors_info=&raquo;{}&raquo; custom_padding__hover=&raquo;|||&raquo;][et_pb_text _builder_version=&raquo;4.16&#8243; global_colors_info=&raquo;{}&raquo;]<\/p>\n<h2 style=\"text-align: center\"><strong>Kursoversikt<\/strong><\/h2>\n<p>[\/et_pb_text][et_pb_sidebar orientation=&raquo;right&raquo; area=&raquo;et_pb_widget_area_2&#8243; _builder_version=&raquo;4.16&#8243; global_colors_info=&raquo;{}&raquo;][\/et_pb_sidebar][et_pb_button button_url=&raquo;@ET-DC@eyJkeW5hbWljIjp0cnVlLCJjb250ZW50IjoicG9zdF9saW5rX3VybF9wYWdlIiwic2V0dGluZ3MiOnsicG9zdF9pZCI6IjU5NSJ9fQ==@&raquo; button_text=&raquo;P\u00e5melding&raquo; _builder_version=&raquo;4.21.0&#8243; _dynamic_attributes=&raquo;button_url&raquo; custom_margin=&raquo;||20px|||&raquo; global_colors_info=&raquo;{}&raquo; button_text_size__hover_enabled=&raquo;off&raquo; button_one_text_size__hover_enabled=&raquo;off&raquo; button_two_text_size__hover_enabled=&raquo;off&raquo; button_text_color__hover_enabled=&raquo;off&raquo; button_one_text_color__hover_enabled=&raquo;off&raquo; button_two_text_color__hover_enabled=&raquo;off&raquo; button_border_width__hover_enabled=&raquo;off&raquo; button_one_border_width__hover_enabled=&raquo;off&raquo; button_two_border_width__hover_enabled=&raquo;off&raquo; button_border_color__hover_enabled=&raquo;off&raquo; button_one_border_color__hover_enabled=&raquo;off&raquo; button_two_border_color__hover_enabled=&raquo;off&raquo; button_border_radius__hover_enabled=&raquo;off&raquo; button_one_border_radius__hover_enabled=&raquo;off&raquo; button_two_border_radius__hover_enabled=&raquo;off&raquo; button_letter_spacing__hover_enabled=&raquo;off&raquo; button_one_letter_spacing__hover_enabled=&raquo;off&raquo; button_two_letter_spacing__hover_enabled=&raquo;off&raquo; button_bg_color__hover_enabled=&raquo;off&raquo; button_one_bg_color__hover_enabled=&raquo;off&raquo; button_two_bg_color__hover_enabled=&raquo;off&raquo; global_module=&raquo;1680&#8243; theme_builder_area=&raquo;post_content&raquo;][\/et_pb_button][\/et_pb_column][\/et_pb_row][\/et_pb_section]<\/p>\n","protected":false},"excerpt":{"rendered":"<p>Kurset gir en introduksjon til kostymearbeid og kreativ kostymelaging.<\/p>\n","protected":false},"author":9,"featured_media":0,"parent":0,"menu_order":0,"comment_status":"closed","ping_status":"closed","template":"","meta":{"_acf_changed":false,"_et_pb_use_builder":"on","_et_pb_old_content":"","_et_gb_content_width":"","inline_featured_image":false,"footnotes":""},"categories":[26],"tags":[],"class_list":["post-1180","page","type-page","status-publish","hentry","category-kurs"],"acf":[],"_links":{"self":[{"href":"https:\/\/old.natf.no\/td2023\/wp-json\/wp\/v2\/pages\/1180","targetHints":{"allow":["GET"]}}],"collection":[{"href":"https:\/\/old.natf.no\/td2023\/wp-json\/wp\/v2\/pages"}],"about":[{"href":"https:\/\/old.natf.no\/td2023\/wp-json\/wp\/v2\/types\/page"}],"author":[{"embeddable":true,"href":"https:\/\/old.natf.no\/td2023\/wp-json\/wp\/v2\/users\/9"}],"replies":[{"embeddable":true,"href":"https:\/\/old.natf.no\/td2023\/wp-json\/wp\/v2\/comments?post=1180"}],"version-history":[{"count":0,"href":"https:\/\/old.natf.no\/td2023\/wp-json\/wp\/v2\/pages\/1180\/revisions"}],"wp:attachment":[{"href":"https:\/\/old.natf.no\/td2023\/wp-json\/wp\/v2\/media?parent=1180"}],"wp:term":[{"taxonomy":"category","embeddable":true,"href":"https:\/\/old.natf.no\/td2023\/wp-json\/wp\/v2\/categories?post=1180"},{"taxonomy":"post_tag","embeddable":true,"href":"https:\/\/old.natf.no\/td2023\/wp-json\/wp\/v2\/tags?post=1180"}],"curies":[{"name":"wp","href":"https:\/\/api.w.org\/{rel}","templated":true}]}}