{"id":1177,"date":"2018-05-16T14:08:48","date_gmt":"2018-05-16T12:08:48","guid":{"rendered":"https:\/\/natfno.wpengine.com\/td2023\/?page_id=1177"},"modified":"2023-07-13T08:56:59","modified_gmt":"2023-07-13T06:56:59","slug":"skuespillerteknikk","status":"publish","type":"page","link":"https:\/\/old.natf.no\/td2023\/skuespillerteknikk\/","title":{"rendered":"Skuespillerteknikk Masterclass"},"content":{"rendered":"<p>[et_pb_section fb_built=&raquo;1&#8243; _builder_version=&raquo;4.16&#8243; global_colors_info=&raquo;{}&raquo;][et_pb_row column_structure=&raquo;3_4,1_4&#8243; _builder_version=&raquo;4.16&#8243; background_size=&raquo;initial&raquo; background_position=&raquo;top_left&raquo; background_repeat=&raquo;repeat&raquo; global_colors_info=&raquo;{}&raquo;][et_pb_column type=&raquo;3_4&#8243; _builder_version=&raquo;4.16&#8243; custom_padding=&raquo;|||&raquo; global_colors_info=&raquo;{}&raquo; custom_padding__hover=&raquo;|||&raquo;][et_pb_text _builder_version=&raquo;4.16&#8243; global_colors_info=&raquo;{}&raquo;]<\/p>\n<h2><b>Skuespillerteknikk Masterclass<\/b><\/h2>\n<p>[\/et_pb_text][et_pb_text _builder_version=&raquo;4.21.0&#8243; global_colors_info=&raquo;{}&raquo;]<\/p>\n<div>\n<p><span style=\"font-weight: 400\">Skuespillerteknikk for viderekommende<\/span><span style=\"font-weight: 400\"><br \/><\/span><span style=\"font-weight: 400\">Enseblekunst med tekst og improvisasjon<\/span><\/p>\n<p><span style=\"font-weight: 400\">Deltakere til dette kurset b\u00f8r ha bakgrunn\u00a0 fra tidligere kurs i skuespillerteknikke eller relevant skuespillererfaring. Kurset vil i hovedvekt fokusere p\u00e5 tilstedev\u00e6relse og samspill. Vi skal forske gjennom ulike teater\u00f8velser for \u00e5 finne trygghet og tilstedev\u00e6relse b\u00e5de med scenerommet og medspillere.<\/span><\/p>\n<p><span style=\"font-weight: 400\">Kursholder Kristine Gr\u00e6ndsen vil ta med \u00f8velser og teknikker hun har samlet opp fra teaterutdanning og arbeid med scene, tv-sett og improvisasjon. Kursdeltagerne vil sammen med Kristine finne de helt konkrete m\u00e5lene for kurset ut i fra deltakerne som er der. Men de overhengende m\u00e5let skal v\u00e6re at deltakerne skal komme ut p\u00e5 andre siden som litt bedre skuespillere gjennom trygghet, lekenhet, inspirasjon, god lytting og god kobling mellom hodet og kroppen.<\/span><\/p>\n<p><span style=\"font-weight: 400\">Kristine har skuespillerutdanningen sin fra Rose Bruford Drama School i England. Hun har bred teatererfaring og er en del av ensemblet p\u00e5 improteateret Det Andre Teatret der hun spiller flere forestillinger i uka.<\/span><\/p>\n<p><span style=\"font-weight: 400\">Kristine hadde sitt gjennombrudd i 2020, som en av hovedrollene i den prisbel\u00f8nte Discovery-serien &laquo;Basic Bitch&raquo; som gikk over 4 sesonger.<\/span><\/p>\n<p><span style=\"font-weight: 400\">Hun har ogs\u00e5 spilt i blant annet nrks julekalender &laquo;Kristiania Magiske Tivolitheater&raquo;, &laquo;Venner fra f\u00f8r&raquo; og &laquo;Lunch&raquo;. Til h\u00f8sten vil hun bli \u00e5 se i den nye nrk-serien &laquo;Dummedag&raquo;.<\/span><\/p>\n<\/div>\n<p>[\/et_pb_text][\/et_pb_column][et_pb_column type=&raquo;1_4&#8243; _builder_version=&raquo;4.16&#8243; custom_padding=&raquo;|||&raquo; global_colors_info=&raquo;{}&raquo; custom_padding__hover=&raquo;|||&raquo;][et_pb_text _builder_version=&raquo;4.16&#8243; global_colors_info=&raquo;{}&raquo;]<\/p>\n<h2 style=\"text-align: center\"><strong>Kursoversikt<\/strong><\/h2>\n<p>[\/et_pb_text][et_pb_sidebar area=&raquo;et_pb_widget_area_2&#8243; _builder_version=&raquo;4.16&#8243; global_colors_info=&raquo;{}&raquo;][\/et_pb_sidebar][et_pb_button button_url=&raquo;@ET-DC@eyJkeW5hbWljIjp0cnVlLCJjb250ZW50IjoicG9zdF9saW5rX3VybF9wYWdlIiwic2V0dGluZ3MiOnsicG9zdF9pZCI6IjU5NSJ9fQ==@&raquo; button_text=&raquo;P\u00e5melding&raquo; _builder_version=&raquo;4.21.0&#8243; _dynamic_attributes=&raquo;button_url&raquo; custom_margin=&raquo;||20px|||&raquo; global_colors_info=&raquo;{}&raquo; button_text_size__hover_enabled=&raquo;off&raquo; button_one_text_size__hover_enabled=&raquo;off&raquo; button_two_text_size__hover_enabled=&raquo;off&raquo; button_text_color__hover_enabled=&raquo;off&raquo; button_one_text_color__hover_enabled=&raquo;off&raquo; button_two_text_color__hover_enabled=&raquo;off&raquo; button_border_width__hover_enabled=&raquo;off&raquo; button_one_border_width__hover_enabled=&raquo;off&raquo; button_two_border_width__hover_enabled=&raquo;off&raquo; button_border_color__hover_enabled=&raquo;off&raquo; button_one_border_color__hover_enabled=&raquo;off&raquo; button_two_border_color__hover_enabled=&raquo;off&raquo; button_border_radius__hover_enabled=&raquo;off&raquo; button_one_border_radius__hover_enabled=&raquo;off&raquo; button_two_border_radius__hover_enabled=&raquo;off&raquo; button_letter_spacing__hover_enabled=&raquo;off&raquo; button_one_letter_spacing__hover_enabled=&raquo;off&raquo; button_two_letter_spacing__hover_enabled=&raquo;off&raquo; button_bg_color__hover_enabled=&raquo;off&raquo; button_one_bg_color__hover_enabled=&raquo;off&raquo; button_two_bg_color__hover_enabled=&raquo;off&raquo; global_module=&raquo;1680&#8243; theme_builder_area=&raquo;post_content&raquo;][\/et_pb_button][\/et_pb_column][\/et_pb_row][\/et_pb_section]<\/p>\n","protected":false},"excerpt":{"rendered":"<p>I dette kurset fokuseres det p\u00e5 \u00e5 produsere masse. Deltakerne kommer til \u00e5 unders\u00f8ke hvordan teksten og stemmen forholder seg til hverandre.<\/p>\n","protected":false},"author":9,"featured_media":0,"parent":0,"menu_order":0,"comment_status":"closed","ping_status":"closed","template":"","meta":{"_acf_changed":false,"_et_pb_use_builder":"on","_et_pb_old_content":"","_et_gb_content_width":"","inline_featured_image":false,"footnotes":""},"categories":[26],"tags":[],"class_list":["post-1177","page","type-page","status-publish","hentry","category-kurs"],"acf":[],"_links":{"self":[{"href":"https:\/\/old.natf.no\/td2023\/wp-json\/wp\/v2\/pages\/1177","targetHints":{"allow":["GET"]}}],"collection":[{"href":"https:\/\/old.natf.no\/td2023\/wp-json\/wp\/v2\/pages"}],"about":[{"href":"https:\/\/old.natf.no\/td2023\/wp-json\/wp\/v2\/types\/page"}],"author":[{"embeddable":true,"href":"https:\/\/old.natf.no\/td2023\/wp-json\/wp\/v2\/users\/9"}],"replies":[{"embeddable":true,"href":"https:\/\/old.natf.no\/td2023\/wp-json\/wp\/v2\/comments?post=1177"}],"version-history":[{"count":0,"href":"https:\/\/old.natf.no\/td2023\/wp-json\/wp\/v2\/pages\/1177\/revisions"}],"wp:attachment":[{"href":"https:\/\/old.natf.no\/td2023\/wp-json\/wp\/v2\/media?parent=1177"}],"wp:term":[{"taxonomy":"category","embeddable":true,"href":"https:\/\/old.natf.no\/td2023\/wp-json\/wp\/v2\/categories?post=1177"},{"taxonomy":"post_tag","embeddable":true,"href":"https:\/\/old.natf.no\/td2023\/wp-json\/wp\/v2\/tags?post=1177"}],"curies":[{"name":"wp","href":"https:\/\/api.w.org\/{rel}","templated":true}]}}