{"id":1175,"date":"2018-05-16T14:08:48","date_gmt":"2018-05-16T12:08:48","guid":{"rendered":"https:\/\/natfno.wpengine.com\/td2023\/?page_id=1175"},"modified":"2023-07-13T08:56:27","modified_gmt":"2023-07-13T06:56:27","slug":"skrivekurs-musikal","status":"publish","type":"page","link":"https:\/\/old.natf.no\/td2023\/skrivekurs-musikal\/","title":{"rendered":"Skrivekurs &#8211; musikal"},"content":{"rendered":"<p>[et_pb_section fb_built=&raquo;1&#8243; _builder_version=&raquo;4.21.0&#8243; background_image=&raquo;https:\/\/old.natf.no\/td2023\/wp-content\/uploads\/sites\/11\/2023\/06\/vecteezy_rose-gold-japanese-kintsugi-pattern-design_8374396.jpg&raquo; global_colors_info=&raquo;{}&raquo;][et_pb_row column_structure=&raquo;3_4,1_4&#8243; _builder_version=&raquo;4.16&#8243; background_size=&raquo;initial&raquo; background_position=&raquo;top_left&raquo; background_repeat=&raquo;repeat&raquo; global_colors_info=&raquo;{}&raquo;][et_pb_column type=&raquo;3_4&#8243; _builder_version=&raquo;4.16&#8243; custom_padding=&raquo;|||&raquo; global_colors_info=&raquo;{}&raquo; custom_padding__hover=&raquo;|||&raquo;][et_pb_text _builder_version=&raquo;4.16&#8243; global_colors_info=&raquo;{}&raquo;]<\/p>\n<h2><strong>Skrivekurs &#8211; <b>Kan jeg skrive musikkteater, da?<\/b><\/strong><\/h2>\n<p>[\/et_pb_text][et_pb_text _builder_version=&raquo;4.21.0&#8243; _module_preset=&raquo;default&raquo; global_colors_info=&raquo;{}&raquo;]<\/p>\n<p><span style=\"font-weight: 400\">Legg merke til overskriften. Det st\u00e5r ikke: Hvordan skrive musikkteater, for det vet jeg ikke. Men jeg tenkte det kunne v\u00e6re g\u00f8y \u00e5 forske litt p\u00e5 det &#8211; sammen med dere. Med utgangspunkt i noen enkle kreativitets\u00f8velser og\/eller stoff dere har med, skal vi leke frem ideer som kanskje kan f\u00e5 en eller annen musikkdramatisk form p\u00e5 en scene. Hva slags historier egner seg for musikkteater? Hvordan skape historier og situasjoner som gj\u00f8r at troverdige karakterer bryter ut i sang? Hva kan synges og hva b\u00f8r sies? Hvordan ser en god sang ut?<\/span><\/p>\n<p><span style=\"font-weight: 400\">\u00a0\u00a0Jeg er ikke komponist, s\u00e5 det kommer nok ikke s\u00e5 mange toner fra meg. Men det er kanskje du? Og kanskje du spiller et instrument? Ta gjerne med det \u2013 og kreativiteten din.<\/span><\/p>\n<p><span style=\"font-weight: 400\">\u00a0Axel Hellstenius er en av Norges mest erfarne dramatikere og har nettopp hatt stor suksess med musikkteaterforestillingen \u00abD\u00f8den p\u00e5 Oslo S\u00bb. I tillegg til scenedramatikk skriver han manus til spillefilmer, tv-serier samt barne- og ungdom.<\/p>\n<p><img loading=\"lazy\" decoding=\"async\" src=\"https:\/\/old.natf.no\/td2023\/wp-content\/uploads\/sites\/11\/2023\/06\/Axel-Hellstenius-225x300.jpeg\" width=\"225\" height=\"300\" alt=\"\" class=\"wp-image-1616 alignnone size-medium\" srcset=\"https:\/\/old.natf.no\/td2023\/wp-content\/uploads\/sites\/11\/2023\/06\/Axel-Hellstenius-225x300.jpeg 225w, https:\/\/old.natf.no\/td2023\/wp-content\/uploads\/sites\/11\/2023\/06\/Axel-Hellstenius.jpeg 240w\" sizes=\"auto, (max-width: 225px) 100vw, 225px\" \/><br \/><\/span><\/p>\n<p><span style=\"font-weight: 400\"><\/span><\/p>\n<p>[\/et_pb_text][et_pb_text _builder_version=&raquo;4.16&#8243; global_colors_info=&raquo;{}&raquo;][\/et_pb_text][\/et_pb_column][et_pb_column type=&raquo;1_4&#8243; _builder_version=&raquo;4.16&#8243; custom_padding=&raquo;|||&raquo; global_colors_info=&raquo;{}&raquo; custom_padding__hover=&raquo;|||&raquo;][et_pb_text _builder_version=&raquo;4.16&#8243; global_colors_info=&raquo;{}&raquo;]<\/p>\n<h2 style=\"text-align: center\"><strong>Kursoversikt<\/strong><\/h2>\n<p>[\/et_pb_text][et_pb_sidebar area=&raquo;et_pb_widget_area_2&#8243; _builder_version=&raquo;4.16&#8243; global_colors_info=&raquo;{}&raquo;][\/et_pb_sidebar][et_pb_button button_url=&raquo;@ET-DC@eyJkeW5hbWljIjp0cnVlLCJjb250ZW50IjoicG9zdF9saW5rX3VybF9wYWdlIiwic2V0dGluZ3MiOnsicG9zdF9pZCI6IjU5NSJ9fQ==@&raquo; button_text=&raquo;P\u00e5melding&raquo; _builder_version=&raquo;4.21.0&#8243; _dynamic_attributes=&raquo;button_url&raquo; custom_margin=&raquo;||20px|||&raquo; global_colors_info=&raquo;{}&raquo; button_text_size__hover_enabled=&raquo;off&raquo; button_one_text_size__hover_enabled=&raquo;off&raquo; button_two_text_size__hover_enabled=&raquo;off&raquo; button_text_color__hover_enabled=&raquo;off&raquo; button_one_text_color__hover_enabled=&raquo;off&raquo; button_two_text_color__hover_enabled=&raquo;off&raquo; button_border_width__hover_enabled=&raquo;off&raquo; button_one_border_width__hover_enabled=&raquo;off&raquo; button_two_border_width__hover_enabled=&raquo;off&raquo; button_border_color__hover_enabled=&raquo;off&raquo; button_one_border_color__hover_enabled=&raquo;off&raquo; button_two_border_color__hover_enabled=&raquo;off&raquo; button_border_radius__hover_enabled=&raquo;off&raquo; button_one_border_radius__hover_enabled=&raquo;off&raquo; button_two_border_radius__hover_enabled=&raquo;off&raquo; button_letter_spacing__hover_enabled=&raquo;off&raquo; button_one_letter_spacing__hover_enabled=&raquo;off&raquo; button_two_letter_spacing__hover_enabled=&raquo;off&raquo; button_bg_color__hover_enabled=&raquo;off&raquo; button_one_bg_color__hover_enabled=&raquo;off&raquo; button_two_bg_color__hover_enabled=&raquo;off&raquo; global_module=&raquo;1680&#8243; theme_builder_area=&raquo;post_content&raquo;][\/et_pb_button][\/et_pb_column][\/et_pb_row][\/et_pb_section]<\/p>\n","protected":false},"excerpt":{"rendered":"<p>L\u00e6r hvordan du lager levende og interessante rollefigurer.<br \/>\nVed bruk av Sanford Meisner-teknikken vil du l\u00e6re hvordan du kan slippe deg l\u00f8s, f\u00f8lge dine impulser, og begynne \u00e5 leve her og n\u00e5 i \u00f8yeblikket. <\/p>\n","protected":false},"author":9,"featured_media":1145,"parent":0,"menu_order":0,"comment_status":"closed","ping_status":"closed","template":"","meta":{"_acf_changed":false,"_et_pb_use_builder":"on","_et_pb_old_content":"","_et_gb_content_width":"","inline_featured_image":false,"footnotes":""},"categories":[26],"tags":[],"class_list":["post-1175","page","type-page","status-publish","has-post-thumbnail","hentry","category-kurs"],"acf":[],"_links":{"self":[{"href":"https:\/\/old.natf.no\/td2023\/wp-json\/wp\/v2\/pages\/1175","targetHints":{"allow":["GET"]}}],"collection":[{"href":"https:\/\/old.natf.no\/td2023\/wp-json\/wp\/v2\/pages"}],"about":[{"href":"https:\/\/old.natf.no\/td2023\/wp-json\/wp\/v2\/types\/page"}],"author":[{"embeddable":true,"href":"https:\/\/old.natf.no\/td2023\/wp-json\/wp\/v2\/users\/9"}],"replies":[{"embeddable":true,"href":"https:\/\/old.natf.no\/td2023\/wp-json\/wp\/v2\/comments?post=1175"}],"version-history":[{"count":0,"href":"https:\/\/old.natf.no\/td2023\/wp-json\/wp\/v2\/pages\/1175\/revisions"}],"wp:featuredmedia":[{"embeddable":true,"href":"https:\/\/old.natf.no\/td2023\/wp-json\/wp\/v2\/media\/1145"}],"wp:attachment":[{"href":"https:\/\/old.natf.no\/td2023\/wp-json\/wp\/v2\/media?parent=1175"}],"wp:term":[{"taxonomy":"category","embeddable":true,"href":"https:\/\/old.natf.no\/td2023\/wp-json\/wp\/v2\/categories?post=1175"},{"taxonomy":"post_tag","embeddable":true,"href":"https:\/\/old.natf.no\/td2023\/wp-json\/wp\/v2\/tags?post=1175"}],"curies":[{"name":"wp","href":"https:\/\/api.w.org\/{rel}","templated":true}]}}