{"id":881,"date":"2017-06-26T14:16:37","date_gmt":"2017-06-26T12:16:37","guid":{"rendered":"https:\/\/natfno.wpengine.com\/td2017\/?page_id=881"},"modified":"2018-05-29T13:50:35","modified_gmt":"2018-05-29T11:50:35","slug":"pamelding-ikke-medlemmer","status":"publish","type":"page","link":"https:\/\/old.natf.no\/td2018\/pamelding\/pamelding-ikke-medlemmer\/","title":{"rendered":"P\u00e5melding ikke medlemmer"},"content":{"rendered":"<p>[et_pb_section bb_built=&raquo;1&#8243; admin_label=&raquo;section&raquo;][et_pb_row admin_label=&raquo;row&raquo; background_position=&raquo;top_left&raquo; background_repeat=&raquo;repeat&raquo; background_size=&raquo;initial&raquo;][et_pb_column type=&raquo;4_4&#8243;][et_pb_post_title _builder_version=&raquo;3.0.51&#8243; title=&raquo;on&raquo; meta=&raquo;off&raquo; author=&raquo;on&raquo; date=&raquo;on&raquo; categories=&raquo;on&raquo; comments=&raquo;on&raquo; featured_image=&raquo;off&raquo; featured_placement=&raquo;below&raquo; parallax_method=&raquo;off&raquo; text_orientation=&raquo;left&raquo; text_color=&raquo;dark&raquo; text_background=&raquo;off&raquo; border_style=&raquo;solid&raquo; \/][et_pb_text _builder_version=&raquo;3.0.51&#8243; background_layout=&raquo;light&raquo; text_orientation=&raquo;left&raquo; border_style=&raquo;solid&raquo;]<\/p>\n<p><strong>P\u00e5meldingsfrist er 30. august.<\/strong><\/p>\n<p>[\/et_pb_text][et_pb_text _builder_version=&raquo;3.0.106&#8243; background_layout=&raquo;light&raquo;]<\/p>\n<p>Meld deg p\u00e5 teaterdagene 2018 her. Du kan melde p\u00e5 flere deltakere. Faktura vil du motta i epost, om \u00f8nskelig s\u00e5 kan faktura sendes til en annen epost adresse enn deltakers.<\/p>\n<p>[ESPRESSO_TICKET_SELECTOR event_id=1251]<\/p>\n<p>[\/et_pb_text][\/et_pb_column][\/et_pb_row][\/et_pb_section]<\/p>\n","protected":false},"excerpt":{"rendered":"<p>P\u00e5meldingsfrist er 30. august. Meld deg p\u00e5 teaterdagene 2018 her. Du kan melde p\u00e5 flere deltakere. Faktura vil du motta i epost, om \u00f8nskelig s\u00e5 kan faktura sendes til en [&hellip;]<\/p>\n","protected":false},"author":11,"featured_media":0,"parent":595,"menu_order":0,"comment_status":"closed","ping_status":"closed","template":"","meta":{"_acf_changed":false,"_et_pb_use_builder":"on","_et_pb_old_content":"","_et_gb_content_width":"","inline_featured_image":false,"footnotes":""},"categories":[],"tags":[],"class_list":["post-881","page","type-page","status-publish","hentry"],"acf":[],"_links":{"self":[{"href":"https:\/\/old.natf.no\/td2018\/wp-json\/wp\/v2\/pages\/881","targetHints":{"allow":["GET"]}}],"collection":[{"href":"https:\/\/old.natf.no\/td2018\/wp-json\/wp\/v2\/pages"}],"about":[{"href":"https:\/\/old.natf.no\/td2018\/wp-json\/wp\/v2\/types\/page"}],"author":[{"embeddable":true,"href":"https:\/\/old.natf.no\/td2018\/wp-json\/wp\/v2\/users\/11"}],"replies":[{"embeddable":true,"href":"https:\/\/old.natf.no\/td2018\/wp-json\/wp\/v2\/comments?post=881"}],"version-history":[{"count":0,"href":"https:\/\/old.natf.no\/td2018\/wp-json\/wp\/v2\/pages\/881\/revisions"}],"up":[{"embeddable":true,"href":"https:\/\/old.natf.no\/td2018\/wp-json\/wp\/v2\/pages\/595"}],"wp:attachment":[{"href":"https:\/\/old.natf.no\/td2018\/wp-json\/wp\/v2\/media?parent=881"}],"wp:term":[{"taxonomy":"category","embeddable":true,"href":"https:\/\/old.natf.no\/td2018\/wp-json\/wp\/v2\/categories?post=881"},{"taxonomy":"post_tag","embeddable":true,"href":"https:\/\/old.natf.no\/td2018\/wp-json\/wp\/v2\/tags?post=881"}],"curies":[{"name":"wp","href":"https:\/\/api.w.org\/{rel}","templated":true}]}}