{"id":1367,"date":"2018-06-04T15:22:09","date_gmt":"2018-06-04T13:22:09","guid":{"rendered":"https:\/\/natfno.wpengine.com\/td2018\/?page_id=1367"},"modified":"2018-09-07T10:47:27","modified_gmt":"2018-09-07T08:47:27","slug":"pengestotte-via-frifond-teater","status":"publish","type":"page","link":"https:\/\/old.natf.no\/td2018\/pengestotte-via-frifond-teater\/","title":{"rendered":"Pengest\u00f8tte &#8211; &laquo;to kjappe&raquo;"},"content":{"rendered":"<p>[et_pb_section bb_built=&raquo;1&#8243;][et_pb_row][et_pb_column type=&raquo;3_4&#8243;][et_pb_text _builder_version=&raquo;3.0.106&#8243; background_layout=&raquo;light&raquo;]<\/p>\n<h2><strong>Pengest\u00f8tte &#8211; &laquo;to kjappe&raquo;<\/strong><\/h2>\n<p><strong>Sted:<\/strong> Lillehammer L\u00e6ringssenter<br \/>\n<strong>Tid:<\/strong> l\u00f8rdag den 22.september kl. 14.00 \u2013 16.00<br \/>\n<strong>NB! Kurset er gratis!<\/strong><\/p>\n<p>[\/et_pb_text][et_pb_text _builder_version=&raquo;3.0.106&#8243; background_layout=&raquo;light&raquo;]<\/p>\n<h4><strong>&#8211; via Frifond teater (kl. 14.00 \u2013 15.00)<\/strong><\/h4>\n<p><strong>Frifond teater<\/strong> er en st\u00f8tteordning for frivillig teateraktivitet.\u00a0Frifond teater st\u00f8tter grupper som skal ha kurs eller produksjoner innen scenisk aktivitet som teater, impro, laiv, revy eller sirkus. Viktige kriterier for \u00e5 f\u00e5 st\u00f8tte er at det aktiviteten skal v\u00e6re lokal, frivillig og for og med barn og ungdom. Frifond har ogs\u00e5 et knippe st\u00f8tteordninger for andre typer aktivitet.<\/p>\n<p>Dette kurset skal handle om st\u00f8tteordningen Frifond teater. Dere vil f\u00e5 en gjennomgang av regelverket, eksempler og gode r\u00e5d.<br \/>\nDet vil ogs\u00e5 bli god tid til sp\u00f8rsm\u00e5l.<br \/>\nKurset kan passe b\u00e5de for deg som har s\u00f8kt Frifond f\u00f8r og deg som ikke har h\u00f8rt om ordningen f\u00f8r.<\/p>\n<p><a href=\"https:\/\/old.natf.no\/td2018\/wp-content\/uploads\/sites\/9\/2018\/06\/Espen-Aleksander-Evjenth.jpg\"><img loading=\"lazy\" decoding=\"async\" class=\"wp-image-1368 alignnone\" src=\"https:\/\/old.natf.no\/td2018\/wp-content\/uploads\/sites\/9\/2018\/06\/Espen-Aleksander-Evjenth.jpg\" alt=\"\" width=\"166\" height=\"166\" srcset=\"https:\/\/old.natf.no\/td2018\/wp-content\/uploads\/sites\/9\/2018\/06\/Espen-Aleksander-Evjenth.jpg 512w, https:\/\/old.natf.no\/td2018\/wp-content\/uploads\/sites\/9\/2018\/06\/Espen-Aleksander-Evjenth-150x150.jpg 150w, https:\/\/old.natf.no\/td2018\/wp-content\/uploads\/sites\/9\/2018\/06\/Espen-Aleksander-Evjenth-300x300.jpg 300w\" sizes=\"auto, (max-width: 166px) 100vw, 166px\" \/><\/a><\/p>\n<p><strong>Kursholder: Espen Aleksander Evjenth<\/strong> er ansatt i LNU, hvor han har ansvaret for st\u00f8tteordningen Frifond teater.<\/p>\n<p>[\/et_pb_text][et_pb_text _builder_version=&raquo;3.0.106&#8243; background_layout=&raquo;light&raquo;]<\/p>\n<h4><strong>&#8211; via Studieforbundet kultur og tradisjon (kl. 15.00 \u2013 16.00)<\/strong><\/h4>\n<p><strong>Hvordan s\u00f8ke Voksenoppl\u00e6ringsmidler?<\/strong><strong><br \/>\n<\/strong>Studieforbundet er en frivillig organisasjon som arbeider for \u00e5 tilrettelegge og styrke oppl\u00e6ringen som gis i v\u00e5re medlemsorganisasjoner, deriblant Norsk Amat\u00f8rteaterforbund.<\/p>\n<p>Som lokallag i en av studieforbundets medlemsorganisasjoner kan det s\u00f8kes kursst\u00f8tte til kurs og oppl\u00e6ring. Studieforbundet kultur og tradisjon disponerer penger som bevilges til voksenoppl\u00e6ring over statsbudsjettet. Dette kurset skal handle om st\u00f8tteordningen.<br \/>\nHvem kan s\u00f8ke? Hvordan s\u00f8ker du?<br \/>\nKurset kan passe b\u00e5de for deg som har s\u00f8kt kursst\u00f8tte tidligere og deg som ikke har h\u00f8rt om ordningen f\u00f8r.<strong><br \/>\nVisjonen til studieforbundet er: <\/strong><em>Det skal v\u00e6re mulig for alle som bor i Norge \u00e5 bli kjent med og l\u00e6re kulturuttrykk og folkelige tradisjoner i skapende og trygge fellesskap.<\/em><\/p>\n<p><img loading=\"lazy\" decoding=\"async\" class=\"alignnone size-full wp-image-1476\" src=\"https:\/\/old.natf.no\/td2018\/wp-content\/uploads\/sites\/9\/2018\/09\/Bjorg.png\" alt=\"\" width=\"355\" height=\"417\" srcset=\"https:\/\/old.natf.no\/td2018\/wp-content\/uploads\/sites\/9\/2018\/09\/Bjorg.png 355w, https:\/\/old.natf.no\/td2018\/wp-content\/uploads\/sites\/9\/2018\/09\/Bjorg-255x300.png 255w\" sizes=\"auto, (max-width: 355px) 100vw, 355px\" \/><br \/>\n<strong>Kursholder: Bj\u00f8rg Schultz<\/strong><\/p>\n<p>[\/et_pb_text][\/et_pb_column][et_pb_column type=&raquo;1_4&#8243;][et_pb_text _builder_version=&raquo;3.0.106&#8243; background_layout=&raquo;light&raquo;]<\/p>\n<h2><strong>Kursoversikt<\/strong><\/h2>\n<p>[\/et_pb_text][et_pb_sidebar _builder_version=&raquo;3.0.106&#8243; area=&raquo;et_pb_widget_area_2&#8243; orientation=&raquo;left&raquo; show_border=&raquo;on&raquo; background_layout=&raquo;light&raquo; \/][et_pb_button _builder_version=&raquo;3.0.106&#8243; button_text=&raquo;P\u00e5melding&raquo; url_new_window=&raquo;off&raquo; background_layout=&raquo;dark&raquo; custom_button=&raquo;on&raquo; button_icon_placement=&raquo;right&raquo; button_url=&raquo;https:\/\/old.natf.no\/td2018\/pamelding\/&raquo; button_bg_color=&raquo;#006666&#8243; \/][\/et_pb_column][\/et_pb_row][\/et_pb_section]<\/p>\n","protected":false},"excerpt":{"rendered":"<p><div class=\"et_pb_row et_pb_row_0 et_pb_row_empty\">\n\t\t\t\t\n\t\t\t\t\n\t\t\t\t\n\t\t\t\t\n\t\t\t\t\n\t\t\t<\/div> Pengest\u00f8tte &#8211; &laquo;to kjappe&raquo; Sted: Lillehammer L\u00e6ringssenter Tid: l\u00f8rdag den 22.september kl. 14.00 \u2013 16.00 NB! Kurset er gratis! &#8211; via Frifond teater (kl. 14.00 \u2013 15.00) Frifond teater [&hellip;]<\/p>\n","protected":false},"author":9,"featured_media":0,"parent":0,"menu_order":0,"comment_status":"closed","ping_status":"closed","template":"","meta":{"_acf_changed":false,"_et_pb_use_builder":"on","_et_pb_old_content":"","_et_gb_content_width":"","inline_featured_image":false,"footnotes":""},"categories":[],"tags":[],"class_list":["post-1367","page","type-page","status-publish","hentry"],"acf":[],"_links":{"self":[{"href":"https:\/\/old.natf.no\/td2018\/wp-json\/wp\/v2\/pages\/1367","targetHints":{"allow":["GET"]}}],"collection":[{"href":"https:\/\/old.natf.no\/td2018\/wp-json\/wp\/v2\/pages"}],"about":[{"href":"https:\/\/old.natf.no\/td2018\/wp-json\/wp\/v2\/types\/page"}],"author":[{"embeddable":true,"href":"https:\/\/old.natf.no\/td2018\/wp-json\/wp\/v2\/users\/9"}],"replies":[{"embeddable":true,"href":"https:\/\/old.natf.no\/td2018\/wp-json\/wp\/v2\/comments?post=1367"}],"version-history":[{"count":0,"href":"https:\/\/old.natf.no\/td2018\/wp-json\/wp\/v2\/pages\/1367\/revisions"}],"wp:attachment":[{"href":"https:\/\/old.natf.no\/td2018\/wp-json\/wp\/v2\/media?parent=1367"}],"wp:term":[{"taxonomy":"category","embeddable":true,"href":"https:\/\/old.natf.no\/td2018\/wp-json\/wp\/v2\/categories?post=1367"},{"taxonomy":"post_tag","embeddable":true,"href":"https:\/\/old.natf.no\/td2018\/wp-json\/wp\/v2\/tags?post=1367"}],"curies":[{"name":"wp","href":"https:\/\/api.w.org\/{rel}","templated":true}]}}