{"id":1312,"date":"2018-05-22T14:57:25","date_gmt":"2018-05-22T12:57:25","guid":{"rendered":"https:\/\/natfno.wpengine.com\/td2018\/?page_id=1312"},"modified":"2018-08-28T22:53:52","modified_gmt":"2018-08-28T20:53:52","slug":"hjelp-jeg-er-fri-fri-til-hva","status":"publish","type":"page","link":"https:\/\/old.natf.no\/td2018\/hjelp-jeg-er-fri-fri-til-hva\/","title":{"rendered":"Fengselsfuglene &#8211; hjelp jeg er fri &#8211; fri til hva?"},"content":{"rendered":"<p>[et_pb_section bb_built=&raquo;1&#8243;][et_pb_row][et_pb_column type=&raquo;2_3&#8243;][et_pb_text _builder_version=&raquo;3.0.106&#8243; background_layout=&raquo;light&raquo;]<\/p>\n<h1><strong>Avslutningsforestilling p\u00e5 Teaterdagene 2018<\/strong><\/h1>\n<p><strong>Sted:<\/strong> Tyrilisenteret<br \/>\n<strong>Tid:<\/strong> S\u00f8ndag 23. september kl. 14:45<br \/>\n<strong>Pris:<\/strong> kr. 150,-\u00a0(gratis for TD deltakere)<br \/>\nBilletter selges i sekretariatet og ved d\u00f8ra<\/p>\n<p>&nbsp;<\/p>\n<p>[\/et_pb_text][et_pb_text _builder_version=&raquo;3.0.106&#8243; background_layout=&raquo;light&raquo;]<\/p>\n<h4>Vardeteateret viser forestillingen \u00abFengselsfuglene &#8211; hjelp jeg er fri \u2013 fri til hva?\u00bb<\/h4>\n<p>En forestilling om det \u00e5 mestre livet, havne p\u00e5 skr\u00e5planet, v\u00e6re innsatt i fengsel, reise seg igjen og g\u00e5 videre.<br \/>\nHvordan p\u00e5virkes forholdet til familie, barn og venner n\u00e5r en person fengsles?<br \/>\n<span style=\"float: none;background-color: transparent;color: #666666;cursor: text;font-family: 'Open Sans',Arial,sans-serif;font-size: 14px;font-style: normal;font-variant: normal;font-weight: 500;letter-spacing: normal;text-align: left;text-decoration: none;text-indent: 0px\"><br \/>\nStykket er skrevet og spilt av deltakerne, bygget p\u00e5 deres erfaringer fra livet i fengsel og utenfor. Den er spilt over hundre ganger i og utenfor murene, samt p\u00e5 &laquo;de hjeml\u00f8ses teaterfestival&raquo; i Bratislava.<\/span><\/p>\n<p>En forestilling og et verkt\u00f8y for interesserte som jobber med forebyggende arbeid innen rus, kriminalitet, psykisk helse og relasjonsbygging mellom barn, ungdom og eldre.<br \/>\nDet blir mulighet til samtale mellom sal og scene i etterkant.<\/p>\n<p>&nbsp;<\/p>\n<h4>Velkommen!<\/h4>\n<p>[\/et_pb_text][\/et_pb_column][et_pb_column type=&raquo;1_3&#8243;][et_pb_image _builder_version=&raquo;3.0.106&#8243; src=&raquo;https:\/\/old.natf.no\/td2018\/wp-content\/uploads\/sites\/9\/2018\/05\/Vardeteatret-2-1.jpg&raquo; show_in_lightbox=&raquo;off&raquo; url_new_window=&raquo;off&raquo; use_overlay=&raquo;off&raquo; always_center_on_mobile=&raquo;on&raquo; force_fullwidth=&raquo;off&raquo; show_bottom_space=&raquo;on&raquo; \/][\/et_pb_column][\/et_pb_row][\/et_pb_section]<\/p>\n","protected":false},"excerpt":{"rendered":"<p><div class=\"et_pb_row et_pb_row_0 et_pb_row_empty\">\n\t\t\t\t\n\t\t\t\t\n\t\t\t\t\n\t\t\t\t\n\t\t\t\t\n\t\t\t<\/div> Avslutningsforestilling p\u00e5 Teaterdagene 2018 Sted: Tyrilisenteret Tid: S\u00f8ndag 23. september kl. 14:45 Pris: kr. 150,-\u00a0(gratis for TD deltakere) Billetter selges i sekretariatet og ved d\u00f8ra &nbsp; Vardeteateret viser forestillingen [&hellip;]<\/p>\n","protected":false},"author":9,"featured_media":0,"parent":0,"menu_order":0,"comment_status":"closed","ping_status":"closed","template":"","meta":{"_acf_changed":false,"_et_pb_use_builder":"on","_et_pb_old_content":"","_et_gb_content_width":"","inline_featured_image":false,"footnotes":""},"categories":[],"tags":[],"class_list":["post-1312","page","type-page","status-publish","hentry"],"acf":[],"_links":{"self":[{"href":"https:\/\/old.natf.no\/td2018\/wp-json\/wp\/v2\/pages\/1312","targetHints":{"allow":["GET"]}}],"collection":[{"href":"https:\/\/old.natf.no\/td2018\/wp-json\/wp\/v2\/pages"}],"about":[{"href":"https:\/\/old.natf.no\/td2018\/wp-json\/wp\/v2\/types\/page"}],"author":[{"embeddable":true,"href":"https:\/\/old.natf.no\/td2018\/wp-json\/wp\/v2\/users\/9"}],"replies":[{"embeddable":true,"href":"https:\/\/old.natf.no\/td2018\/wp-json\/wp\/v2\/comments?post=1312"}],"version-history":[{"count":0,"href":"https:\/\/old.natf.no\/td2018\/wp-json\/wp\/v2\/pages\/1312\/revisions"}],"wp:attachment":[{"href":"https:\/\/old.natf.no\/td2018\/wp-json\/wp\/v2\/media?parent=1312"}],"wp:term":[{"taxonomy":"category","embeddable":true,"href":"https:\/\/old.natf.no\/td2018\/wp-json\/wp\/v2\/categories?post=1312"},{"taxonomy":"post_tag","embeddable":true,"href":"https:\/\/old.natf.no\/td2018\/wp-json\/wp\/v2\/tags?post=1312"}],"curies":[{"name":"wp","href":"https:\/\/api.w.org\/{rel}","templated":true}]}}