{"id":1311,"date":"2018-05-22T15:14:08","date_gmt":"2018-05-22T13:14:08","guid":{"rendered":"https:\/\/natfno.wpengine.com\/td2018\/?page_id=1311"},"modified":"2018-08-15T13:18:12","modified_gmt":"2018-08-15T11:18:12","slug":"skrablikk-pa-krenking","status":"publish","type":"page","link":"https:\/\/old.natf.no\/td2018\/skrablikk-pa-krenking\/","title":{"rendered":"Skr\u00e5blikk p\u00e5 krenking"},"content":{"rendered":"<p>[et_pb_section bb_built=&raquo;1&#8243; _builder_version=&raquo;3.0.106&#8243;][et_pb_row _builder_version=&raquo;3.0.106&#8243;][et_pb_column type=&raquo;2_3&#8243;][et_pb_text _builder_version=&raquo;3.0.106&#8243; background_layout=&raquo;light&raquo;]<\/p>\n<p>&nbsp;<\/p>\n<h2><strong>&laquo;Skr\u00e5blikk p\u00e5 krenking&raquo; med Dag S\u00f8r\u00e5s<\/strong><\/h2>\n<p><strong>Sted:<\/strong> Festsalen, Kulturhuset Banken<br \/>\n<strong>Tid:<\/strong> L\u00f8rdag 22. september kl. 13:00<\/p>\n<p>Temaet p\u00e5 \u00e5rets Teaterdager er \u00abElefanten i rommet\u00bb.<br \/>\nDet kan v\u00e6re s\u00e5 mangt, blant annet kan ulike synspunkter p\u00e5 hvordan vi forholder oss til krenking v\u00e6re en s\u00e5nn elefant. Noe vi ikke v\u00e5ger \u00e5 snakke om, rett og slett i frykt for nettopp \u00e5 krenke.<\/p>\n<p>Vi kan alle ha nytte av litt \u00abveiledning\u00bb til \u00e5 sortere ut hva det vil si \u00e5 bli krenket eller \u00e5 krenke noen. Hvordan kan vi best kan takle det n\u00e5r vi kjenner det lugger litt, og vi vurderer hvorvidt vi er krenket, eller om vi bare ble veldig forn\u00e6rmet?<\/p>\n<ul>\n<li>Er det for eksempel forskjell p\u00e5 \u00e5 bli krenket eller forn\u00e6rmet?<\/li>\n<li>Kan vi ta noen enkle forholdsregler slik at vi ikke oppf\u00f8rer oss mer krenkende enn vi finner n\u00f8dvendig, <strong><em>uten<\/em><\/strong> at vi dermed rokker ved ytringsfriheten v\u00e5r?<\/li>\n<li>Krenkes det for lite eller for mye, eller er det passe?<\/li>\n<li>Er det alltid greit hvis utsagnet kamufleres som humor eller satire?<\/li>\n<li>Kan vi pr\u00f8ve \u00e5 ha litt mer selvironi, vil det kunne hjelpe?<\/li>\n<li>G\u00e5r det an \u00e5 ta avstand fra holdninger, men likevel forsvare andres rett til \u00e5 mene det de mener uten at vi synes de andre er krenkende?<\/li>\n<li>Finnes det en m\u00e5te \u00e5 ikke la seg krenke p\u00e5?<\/li>\n<\/ul>\n<p>[\/et_pb_text][\/et_pb_column][et_pb_column type=&raquo;1_3&#8243;][et_pb_image _builder_version=&raquo;3.0.106&#8243; src=&raquo;https:\/\/old.natf.no\/td2018\/wp-content\/uploads\/sites\/9\/2018\/05\/DagS\u00f8r\u00e5s2017-FotoSveinFinneide-529141-e1526994260263.jpg&raquo; show_in_lightbox=&raquo;off&raquo; url_new_window=&raquo;off&raquo; use_overlay=&raquo;off&raquo; always_center_on_mobile=&raquo;on&raquo; force_fullwidth=&raquo;off&raquo; show_bottom_space=&raquo;on&raquo; \/][et_pb_text _builder_version=&raquo;3.0.106&#8243; background_layout=&raquo;light&raquo;]<\/p>\n<p>Kjennetegnet til Dag p\u00e5 scenen er brutal \u00e6rlighet, b\u00e5de ovenfor seg selv og sitt liv, men ogs\u00e5 mot verden rundt seg. Med dagsaktuelt og samfunnsrefsende materiale er han nok ikke et soleklart f\u00f8rstevalg for de som er glad i r\u00f8d nese og parodier, men for de som blir med inn i hans univers er han skarp, givende og veldig morsom.<\/p>\n<p><strong>Velkommen til et humoristisk innslag med Dag S\u00f8r\u00e5s, som tar oss gjennom en halvtimes tid med skr\u00e5blikk p\u00e5 dette noe \u00f8mt\u00e5lige temaet<\/strong>.<\/p>\n<p>[\/et_pb_text][\/et_pb_column][\/et_pb_row][\/et_pb_section]<\/p>\n","protected":false},"excerpt":{"rendered":"<p>&nbsp; &laquo;Skr\u00e5blikk p\u00e5 krenking&raquo; med Dag S\u00f8r\u00e5s Sted: Festsalen, Kulturhuset Banken Tid: L\u00f8rdag 22. september kl. 13:00 Temaet p\u00e5 \u00e5rets Teaterdager er \u00abElefanten i rommet\u00bb. Det kan v\u00e6re s\u00e5 mangt, [&hellip;]<\/p>\n","protected":false},"author":9,"featured_media":0,"parent":0,"menu_order":0,"comment_status":"closed","ping_status":"closed","template":"","meta":{"_acf_changed":false,"_et_pb_use_builder":"on","_et_pb_old_content":"","_et_gb_content_width":"","inline_featured_image":false,"footnotes":""},"categories":[],"tags":[],"class_list":["post-1311","page","type-page","status-publish","hentry"],"acf":[],"_links":{"self":[{"href":"https:\/\/old.natf.no\/td2018\/wp-json\/wp\/v2\/pages\/1311","targetHints":{"allow":["GET"]}}],"collection":[{"href":"https:\/\/old.natf.no\/td2018\/wp-json\/wp\/v2\/pages"}],"about":[{"href":"https:\/\/old.natf.no\/td2018\/wp-json\/wp\/v2\/types\/page"}],"author":[{"embeddable":true,"href":"https:\/\/old.natf.no\/td2018\/wp-json\/wp\/v2\/users\/9"}],"replies":[{"embeddable":true,"href":"https:\/\/old.natf.no\/td2018\/wp-json\/wp\/v2\/comments?post=1311"}],"version-history":[{"count":0,"href":"https:\/\/old.natf.no\/td2018\/wp-json\/wp\/v2\/pages\/1311\/revisions"}],"wp:attachment":[{"href":"https:\/\/old.natf.no\/td2018\/wp-json\/wp\/v2\/media?parent=1311"}],"wp:term":[{"taxonomy":"category","embeddable":true,"href":"https:\/\/old.natf.no\/td2018\/wp-json\/wp\/v2\/categories?post=1311"},{"taxonomy":"post_tag","embeddable":true,"href":"https:\/\/old.natf.no\/td2018\/wp-json\/wp\/v2\/tags?post=1311"}],"curies":[{"name":"wp","href":"https:\/\/api.w.org\/{rel}","templated":true}]}}