{"id":1309,"date":"2018-05-22T14:58:06","date_gmt":"2018-05-22T12:58:06","guid":{"rendered":"https:\/\/natfno.wpengine.com\/td2018\/?page_id=1309"},"modified":"2018-09-17T15:52:10","modified_gmt":"2018-09-17T13:52:10","slug":"nm-teatersport","status":"publish","type":"page","link":"https:\/\/old.natf.no\/td2018\/nm-teatersport\/","title":{"rendered":"NM Teatersport"},"content":{"rendered":"<p>[et_pb_section bb_built=&raquo;1&#8243;][et_pb_row _builder_version=&raquo;3.0.106&#8243;][et_pb_column type=&raquo;2_3&#8243;][et_pb_text _builder_version=&raquo;3.0.106&#8243; background_layout=&raquo;light&raquo;]<\/p>\n<h1><strong>NM i Teatersport\u2122<\/strong><\/h1>\n<p><strong>Sted:<\/strong> Festsalen, Kulturhuset Banken<br \/>\n<strong>Tid:<\/strong> L\u00f8rdag 22. september<br \/>\n<strong>Innledende runder<\/strong> kl. 14.00 &#8211; ca. kl. 16.00 (GRATIS FOR PUBLIKUM)<br \/>\n<strong><br \/>\nBronsefinale og FINALE<\/strong> kl. 20.00<br \/>\n<strong>Pris:<\/strong>\u00a0kr. 150,-\u00a0(gratis for TD deltakere)<br \/>\nBilletter selges i sekretariatet og ved d\u00f8ra<\/p>\n<p>&nbsp;<\/p>\n<p>[\/et_pb_text][et_pb_text _builder_version=&raquo;3.0.106&#8243; background_layout=&raquo;light&raquo;]<\/p>\n<p>Norsk Amat\u00f8rteaterforbund inviterer igjen til Norgesmesterskap. Her m\u00f8tes seks improvisasjongrupper fra hver sin del av landet til vennskapelig duellering om hvem som best kan improvisere en forestilling p\u00e5 scenen.<\/p>\n<p>Dette er en konkurranse i improvisert teater, hvor publikum gjerne tar aktivt del i hva som skal fremf\u00f8res gjennom \u00e5 foresl\u00e5 tema, sted osv. for sketsjene som fremvises.<\/p>\n<p>Skuespillerne som er med fremf\u00f8rer improviserte scener utfra visse f\u00f8ringer som er lagt. F\u00f8ringene kan v\u00e6re alt fra begrensninger med tanke p\u00e5 tid og rom, at man m\u00e5 snakke p\u00e5 rim, ikke bruke bokstaven S, snakke tullespr\u00e5k (gibbrish) eller at man kan snakke uten \u00e5 ha kroppskontakt. NM i Teatersport\u2122 er lagt opp som en forestilling.<\/p>\n<p><strong>Velkommen<\/strong><\/p>\n<p>[\/et_pb_text][et_pb_image _builder_version=&raquo;3.0.106&#8243; src=&raquo;https:\/\/old.natf.no\/td2018\/wp-content\/uploads\/sites\/9\/2018\/08\/Emil-2.jpg&raquo; show_in_lightbox=&raquo;off&raquo; url_new_window=&raquo;off&raquo; use_overlay=&raquo;off&raquo; always_center_on_mobile=&raquo;on&raquo; force_fullwidth=&raquo;off&raquo; max_width=&raquo;30%&raquo; show_bottom_space=&raquo;on&raquo; \/][et_pb_text _builder_version=&raquo;3.0.106&#8243; background_layout=&raquo;light&raquo;]<\/p>\n<p><span style=\"float: none;background-color: transparent;color: #666666;cursor: text;font-family: 'Open Sans',Arial,sans-serif;font-size: 14px;font-style: normal;font-variant: normal;font-weight: 500;letter-spacing: normal;text-align: left;text-decoration: none;text-indent: 0px\">Hoveddommer Emil Husby <em>(bildet over)<\/em> og hans dommerkolleger skal sammen<br \/>\nmed publikum avgj\u00f8re hvem som kan smykke seg med tittelen<br \/>\n\u00abNorgesmester i Teatersport\u2122\u00bb og f\u00e5 navnet sitt p\u00e5 Vandreslegga.<\/span><\/p>\n<p>[\/et_pb_text][\/et_pb_column][et_pb_column type=&raquo;1_3&#8243;][et_pb_image _builder_version=&raquo;3.0.106&#8243; src=&raquo;https:\/\/old.natf.no\/td2018\/wp-content\/uploads\/sites\/9\/2018\/05\/Impro.jpg&raquo; show_in_lightbox=&raquo;off&raquo; url_new_window=&raquo;off&raquo; use_overlay=&raquo;off&raquo; always_center_on_mobile=&raquo;on&raquo; force_fullwidth=&raquo;off&raquo; show_bottom_space=&raquo;on&raquo; \/][et_pb_text _builder_version=&raquo;3.0.106&#8243; background_layout=&raquo;light&raquo;]<\/p>\n<p>Hoveddommer: Emil Husby<br \/>\nMeddommer: Martine Utne<br \/>\nMeddommer: \u00d8yvind Rognstad<br \/>\nKonferansier: Simen Hovd<br \/>\nKapellmester: Steffen Fagerbekk<br \/>\nHepp: Toril Linds\u00f8e<\/p>\n<p>Lagene:<br \/>\n&laquo;Ferske BL\u00c5 Epler&raquo; &#8211; Innlandet<br \/>\n&laquo;Too Late, Just in Time&raquo; &#8211; S\u00f8r Norge<br \/>\n&laquo;Improoperat\u00f8rene&raquo; &#8211; Midt Norge<br \/>\n&laquo;Harald Impro&raquo; &#8211; \u00d8st Norge<br \/>\n&laquo;Bergen ImproBattle&raquo; &#8211; Vest Norge<br \/>\n&laquo;Heroimpro&raquo; &#8211; fra Jr.NM<\/p>\n<p>&nbsp;<\/p>\n<p>[\/et_pb_text][\/et_pb_column][\/et_pb_row][\/et_pb_section]<\/p>\n","protected":false},"excerpt":{"rendered":"<p>NM i Teatersport\u2122 Sted: Festsalen, Kulturhuset Banken Tid: L\u00f8rdag 22. september Innledende runder kl. 14.00 &#8211; ca. kl. 16.00 (GRATIS FOR PUBLIKUM) Bronsefinale og FINALE kl. 20.00 Pris:\u00a0kr. 150,-\u00a0(gratis for [&hellip;]<\/p>\n","protected":false},"author":9,"featured_media":0,"parent":0,"menu_order":0,"comment_status":"closed","ping_status":"closed","template":"","meta":{"_acf_changed":false,"_et_pb_use_builder":"on","_et_pb_old_content":"","_et_gb_content_width":"","inline_featured_image":false,"footnotes":""},"categories":[],"tags":[],"class_list":["post-1309","page","type-page","status-publish","hentry"],"acf":[],"_links":{"self":[{"href":"https:\/\/old.natf.no\/td2018\/wp-json\/wp\/v2\/pages\/1309","targetHints":{"allow":["GET"]}}],"collection":[{"href":"https:\/\/old.natf.no\/td2018\/wp-json\/wp\/v2\/pages"}],"about":[{"href":"https:\/\/old.natf.no\/td2018\/wp-json\/wp\/v2\/types\/page"}],"author":[{"embeddable":true,"href":"https:\/\/old.natf.no\/td2018\/wp-json\/wp\/v2\/users\/9"}],"replies":[{"embeddable":true,"href":"https:\/\/old.natf.no\/td2018\/wp-json\/wp\/v2\/comments?post=1309"}],"version-history":[{"count":0,"href":"https:\/\/old.natf.no\/td2018\/wp-json\/wp\/v2\/pages\/1309\/revisions"}],"wp:attachment":[{"href":"https:\/\/old.natf.no\/td2018\/wp-json\/wp\/v2\/media?parent=1309"}],"wp:term":[{"taxonomy":"category","embeddable":true,"href":"https:\/\/old.natf.no\/td2018\/wp-json\/wp\/v2\/categories?post=1309"},{"taxonomy":"post_tag","embeddable":true,"href":"https:\/\/old.natf.no\/td2018\/wp-json\/wp\/v2\/tags?post=1309"}],"curies":[{"name":"wp","href":"https:\/\/api.w.org\/{rel}","templated":true}]}}