{"id":1307,"date":"2018-05-22T14:57:45","date_gmt":"2018-05-22T12:57:45","guid":{"rendered":"https:\/\/natfno.wpengine.com\/td2018\/?page_id=1307"},"modified":"2018-08-31T09:14:07","modified_gmt":"2018-08-31T07:14:07","slug":"james-bond","status":"publish","type":"page","link":"https:\/\/old.natf.no\/td2018\/james-bond\/","title":{"rendered":"James Bond"},"content":{"rendered":"<p>[et_pb_section bb_built=&raquo;1&#8243;][et_pb_row][et_pb_column type=&raquo;2_3&#8243;][et_pb_text _builder_version=&raquo;3.0.106&#8243; background_layout=&raquo;light&raquo;]<\/p>\n<h1><strong>&laquo;James Bond&raquo; med Feil Teater<\/strong><\/h1>\n<p><strong>Sted:<\/strong> Festsalen, Kulturhuset Banken<br \/>\n<strong>Tid:<\/strong> Fredag 21. september kl. 21:30<br \/>\n<strong>Pris:<\/strong> kr. 150,- (gratis for TD deltakere)<br \/>\nBilletter selges i sekretariatet og ved d\u00f8ra<\/p>\n<p>&nbsp;<\/p>\n<p>[\/et_pb_text][et_pb_text _builder_version=&raquo;3.0.106&#8243; background_layout=&raquo;light&raquo;]<\/p>\n<p>Dette er en actionfylt komedie p\u00e5 h\u00f8ygir. Forestillingen er laget i stilen tegneserieteater &#8211; en leken uttrykksform som harselerer med filmens verden. Dette er en forestilling fullspekket av humor, parodiske karakterer og kjente referanser.<br \/>\nDe fem skuespillerne har ikke med seg noen kostymer eller kulisser p\u00e5 scenen &#8211; alt fra motorsykler til pinballmaskiner levendegj\u00f8res kun via akt\u00f8renes kropper. Og n\u00e5r de i tillegg skal spille ut en to timer lang film p\u00e5 bare 20 minutter blir det klart at dette er en forestilling med et forrykende tempo.<\/p>\n<h4>Velkommen!<\/h4>\n<p>SKUESPILLERE:<br \/>\nVilde Johannessen<br \/>\nThomas Gallagher<br \/>\nJulia K\u00fcster<br \/>\nMathias Augestad Ambj\u00f8r<br \/>\nLars Halvor Andreassen<\/p>\n<p>[\/et_pb_text][\/et_pb_column][et_pb_column type=&raquo;1_3&#8243;][et_pb_image _builder_version=&raquo;3.0.106&#8243; src=&raquo;https:\/\/old.natf.no\/td2018\/wp-content\/uploads\/sites\/9\/2018\/05\/James-Bond-Feil-Teater.jpg&raquo; show_in_lightbox=&raquo;off&raquo; url_new_window=&raquo;off&raquo; use_overlay=&raquo;off&raquo; always_center_on_mobile=&raquo;on&raquo; force_fullwidth=&raquo;off&raquo; show_bottom_space=&raquo;on&raquo; \/][\/et_pb_column][\/et_pb_row][\/et_pb_section]<\/p>\n","protected":false},"excerpt":{"rendered":"<p><div class=\"et_pb_row et_pb_row_0 et_pb_row_empty\">\n\t\t\t\t\n\t\t\t\t\n\t\t\t\t\n\t\t\t\t\n\t\t\t\t\n\t\t\t<\/div> &laquo;James Bond&raquo; med Feil Teater Sted: Festsalen, Kulturhuset Banken Tid: Fredag 21. september kl. 21:30 Pris: kr. 150,- (gratis for TD deltakere) Billetter selges i sekretariatet og ved d\u00f8ra [&hellip;]<\/p>\n","protected":false},"author":9,"featured_media":0,"parent":0,"menu_order":0,"comment_status":"closed","ping_status":"closed","template":"","meta":{"_acf_changed":false,"_et_pb_use_builder":"on","_et_pb_old_content":"","_et_gb_content_width":"","inline_featured_image":false,"footnotes":""},"categories":[],"tags":[],"class_list":["post-1307","page","type-page","status-publish","hentry"],"acf":[],"_links":{"self":[{"href":"https:\/\/old.natf.no\/td2018\/wp-json\/wp\/v2\/pages\/1307","targetHints":{"allow":["GET"]}}],"collection":[{"href":"https:\/\/old.natf.no\/td2018\/wp-json\/wp\/v2\/pages"}],"about":[{"href":"https:\/\/old.natf.no\/td2018\/wp-json\/wp\/v2\/types\/page"}],"author":[{"embeddable":true,"href":"https:\/\/old.natf.no\/td2018\/wp-json\/wp\/v2\/users\/9"}],"replies":[{"embeddable":true,"href":"https:\/\/old.natf.no\/td2018\/wp-json\/wp\/v2\/comments?post=1307"}],"version-history":[{"count":0,"href":"https:\/\/old.natf.no\/td2018\/wp-json\/wp\/v2\/pages\/1307\/revisions"}],"wp:attachment":[{"href":"https:\/\/old.natf.no\/td2018\/wp-json\/wp\/v2\/media?parent=1307"}],"wp:term":[{"taxonomy":"category","embeddable":true,"href":"https:\/\/old.natf.no\/td2018\/wp-json\/wp\/v2\/categories?post=1307"},{"taxonomy":"post_tag","embeddable":true,"href":"https:\/\/old.natf.no\/td2018\/wp-json\/wp\/v2\/tags?post=1307"}],"curies":[{"name":"wp","href":"https:\/\/api.w.org\/{rel}","templated":true}]}}