{"id":1293,"date":"2018-05-16T14:08:48","date_gmt":"2018-05-16T12:08:48","guid":{"rendered":"https:\/\/natfno.wpengine.com\/td2018\/?page_id=1293"},"modified":"2018-06-07T11:18:18","modified_gmt":"2018-06-07T09:18:18","slug":"stunt-og-filmtriks","status":"publish","type":"page","link":"https:\/\/old.natf.no\/td2018\/stunt-og-filmtriks\/","title":{"rendered":"Stunt- og filmtriks"},"content":{"rendered":"<p>[et_pb_section bb_built=&raquo;1&#8243;][et_pb_row][et_pb_column type=&raquo;3_4&#8243;][et_pb_text _builder_version=&raquo;3.0.106&#8243; background_layout=&raquo;light&raquo;]<\/p>\n<h2><strong>Stunt- og filmtriks<\/strong><\/h2>\n<p>[\/et_pb_text][et_pb_text _builder_version=&raquo;3.0.106&#8243; background_layout=&raquo;light&raquo;]<\/p>\n<p>Deltakerne p\u00e5 denne workshopen vi f\u00e5 en innf\u00f8ring i \u00e5, p\u00e5 en trygg og sikker m\u00e5te, arbeide med \u00e5 lage ulike action-sekvenser som er rettet mot b\u00e5de film og scene. I l\u00f8pet av helgen skal vi sammen utforske og erfare ulikheter og likheter mellom film og teater i en \u00abstunt-setting\u00bb. Dette er en leken workshop for dere som liker \u00e5 jobbe \u00abp\u00e5 g\u00f8lvet\u00bb.<\/p>\n<p>Viktig at dere tar med drikkeflaske og bevegelig t\u00f8y (helst bukse og lange ermer).<br \/>\nMax 16 deltakere p\u00e5 dette kurset, s\u00e5 f\u00f8rstemann til m\u00f8lla<\/p>\n<p>[\/et_pb_text][et_pb_text _builder_version=&raquo;3.0.106&#8243; background_layout=&raquo;light&raquo;]<\/p>\n<h4><strong>Kursholdere:<\/strong><\/h4>\n<p>[\/et_pb_text][et_pb_text _builder_version=&raquo;3.0.106&#8243; background_layout=&raquo;light&raquo;]<\/p>\n<p><a href=\"https:\/\/old.natf.no\/td2018\/wp-content\/uploads\/sites\/9\/2018\/05\/Gunnar-Br\u00f8ntveit29528.jpg\"><img loading=\"lazy\" decoding=\"async\" class=\"size-full wp-image-1340 alignleft\" src=\"https:\/\/old.natf.no\/td2018\/wp-content\/uploads\/sites\/9\/2018\/05\/Gunnar-Br\u00f8ntveit29528.jpg\" alt=\"\" width=\"160\" height=\"213\" \/><\/a><\/p>\n<p><strong>Gunnar Br\u00f8ntveit<\/strong> er utdannet stuntmann med International stuntschool i USA, skuespiller ved Nordisk institutt for scene og studio (NISS) og har en bachelor i barnevern ved H\u00f8yskolen i Lillehammer. Har bla. erfaring fra kulturarbeid med barn og unge, teater, sirkus og film. Noen produksjoner fra CV-en er Max Manus, Lilyhammer og Sn\u00f8mannen.<\/p>\n<p>[\/et_pb_text][et_pb_text _builder_version=&raquo;3.0.106&#8243; background_layout=&raquo;light&raquo;]<\/p>\n<p>&nbsp;<\/p>\n<p><a href=\"https:\/\/old.natf.no\/td2018\/wp-content\/uploads\/sites\/9\/2018\/06\/Lars-Kristian-Skjetne29673.jpg\"><img loading=\"lazy\" decoding=\"async\" class=\" wp-image-1378 alignleft\" src=\"https:\/\/old.natf.no\/td2018\/wp-content\/uploads\/sites\/9\/2018\/06\/Lars-Kristian-Skjetne29673.jpg\" alt=\"\" width=\"167\" height=\"167\" srcset=\"https:\/\/old.natf.no\/td2018\/wp-content\/uploads\/sites\/9\/2018\/06\/Lars-Kristian-Skjetne29673.jpg 480w, https:\/\/old.natf.no\/td2018\/wp-content\/uploads\/sites\/9\/2018\/06\/Lars-Kristian-Skjetne29673-150x150.jpg 150w, https:\/\/old.natf.no\/td2018\/wp-content\/uploads\/sites\/9\/2018\/06\/Lars-Kristian-Skjetne29673-300x300.jpg 300w\" sizes=\"auto, (max-width: 167px) 100vw, 167px\" \/><\/a><\/p>\n<p><strong>Lars Kristian Skjetne<\/strong> er utdannet ved H\u00f8yskolen i Lillehammer (fjernsynsteknikk) og har lang erfaring med b\u00e5de dokumentar og fiksjon. Arbeidet hans strekker seg fra kulturarbeid med barn og unge til produksjoner som MGP jr. og NRK Super.<\/p>\n<p>[\/et_pb_text][\/et_pb_column][et_pb_column type=&raquo;1_4&#8243;][et_pb_text _builder_version=&raquo;3.0.106&#8243; background_layout=&raquo;light&raquo;]<\/p>\n<h2><strong>Kursoversikt<\/strong><\/h2>\n<p>[\/et_pb_text][et_pb_sidebar _builder_version=&raquo;3.0.106&#8243; area=&raquo;et_pb_widget_area_2&#8243; orientation=&raquo;left&raquo; show_border=&raquo;on&raquo; background_layout=&raquo;light&raquo; \/][et_pb_button _builder_version=&raquo;3.0.106&#8243; button_text=&raquo;P\u00e5melding&raquo; url_new_window=&raquo;on&raquo; background_layout=&raquo;dark&raquo; custom_button=&raquo;on&raquo; button_icon_placement=&raquo;right&raquo; button_bg_color=&raquo;#006666&#8243; button_border_color=&raquo;#ffffff&raquo; button_use_icon=&raquo;off&raquo; button_text_color=&raquo;#ffffff&raquo; button_url=&raquo;https:\/\/old.natf.no\/td2018\/pamelding\/&raquo; \/][\/et_pb_column][\/et_pb_row][\/et_pb_section]<\/p>\n","protected":false},"excerpt":{"rendered":"<p>Deltakerne p\u00e5 denne workshopen vi f\u00e5 en innf\u00f8ring i \u00e5, p\u00e5 en trygg og sikker m\u00e5te, arbeide med \u00e5 lage ulike action-sekvenser som er rettet mot b\u00e5de film og scene. <\/p>\n","protected":false},"author":9,"featured_media":0,"parent":0,"menu_order":0,"comment_status":"closed","ping_status":"closed","template":"","meta":{"_acf_changed":false,"_et_pb_use_builder":"on","_et_pb_old_content":"","_et_gb_content_width":"","inline_featured_image":false,"footnotes":""},"categories":[],"tags":[],"class_list":["post-1293","page","type-page","status-publish","hentry"],"acf":[],"_links":{"self":[{"href":"https:\/\/old.natf.no\/td2018\/wp-json\/wp\/v2\/pages\/1293","targetHints":{"allow":["GET"]}}],"collection":[{"href":"https:\/\/old.natf.no\/td2018\/wp-json\/wp\/v2\/pages"}],"about":[{"href":"https:\/\/old.natf.no\/td2018\/wp-json\/wp\/v2\/types\/page"}],"author":[{"embeddable":true,"href":"https:\/\/old.natf.no\/td2018\/wp-json\/wp\/v2\/users\/9"}],"replies":[{"embeddable":true,"href":"https:\/\/old.natf.no\/td2018\/wp-json\/wp\/v2\/comments?post=1293"}],"version-history":[{"count":0,"href":"https:\/\/old.natf.no\/td2018\/wp-json\/wp\/v2\/pages\/1293\/revisions"}],"wp:attachment":[{"href":"https:\/\/old.natf.no\/td2018\/wp-json\/wp\/v2\/media?parent=1293"}],"wp:term":[{"taxonomy":"category","embeddable":true,"href":"https:\/\/old.natf.no\/td2018\/wp-json\/wp\/v2\/categories?post=1293"},{"taxonomy":"post_tag","embeddable":true,"href":"https:\/\/old.natf.no\/td2018\/wp-json\/wp\/v2\/tags?post=1293"}],"curies":[{"name":"wp","href":"https:\/\/api.w.org\/{rel}","templated":true}]}}