{"id":1288,"date":"2018-05-14T10:36:45","date_gmt":"2018-05-14T08:36:45","guid":{"rendered":"https:\/\/natfno.wpengine.com\/td2018\/?page_id=1288"},"modified":"2018-07-05T14:41:40","modified_gmt":"2018-07-05T12:41:40","slug":"velkommen-til-teaterdagene-2018","status":"publish","type":"page","link":"https:\/\/old.natf.no\/td2018\/","title":{"rendered":"Velkommen til Teaterdagene 2018"},"content":{"rendered":"<p>[et_pb_section bb_built=&raquo;1&#8243;][et_pb_row][et_pb_column type=&raquo;4_4&#8243;][et_pb_text _builder_version=&raquo;3.0.106&#8243; background_layout=&raquo;light&raquo;]<\/p>\n<h2 style=\"text-align: center;\"><strong>Velkommen til Teaterdagene 2018!<\/strong><\/h2>\n<p>[\/et_pb_text][\/et_pb_column][\/et_pb_row][et_pb_row][et_pb_column type=&raquo;2_3&#8243;][et_pb_text _builder_version=&raquo;3.0.106&#8243; background_layout=&raquo;light&raquo;]<\/p>\n<p>For 23. gang \u00f8nsker Norsk Amat\u00f8rteaterforbund (NATF) hjertelig velkommen til Teaterdagene p\u00e5 Lillehammer.<\/p>\n<p>Helgen 21.- 23. september braker det l\u00f8s igjen, og da er det hos oss du b\u00f8r befinne deg om du \u00f8nsker gode og inspirerende kurs, m\u00f8te fantastiske mennesker og f\u00e5 med deg den magiske stemningen n\u00e5r entusiastiske teaterfolk samles!<\/p>\n<p>Vi i NATF er sv\u00e6rt stolte over kursene vi kan tilby i \u00e5r. Vi har hentet inn sv\u00e6rt dyktige kursholdere innen sin sjanger og h\u00e5per at noen av disse kan friste deg?<br \/>\nVariasjon og kvalitet er det vi setter i h\u00f8ysetet n\u00e5r vi setter sammen kurstilbudet, og vi mener selv at her burde det v\u00e6re noe for enhver smak. B\u00e5de for deg p\u00e5 og bak scena.<\/p>\n<p>Hvis du vil sikre deg plass p\u00e5 ditt favorittkurs anbefaler vi at du fikser p\u00e5meldingen sa\u030a raskt som mulig, da vi kj\u00f8rer etter prinsippet \u00abF\u00f8rstemann til m\u00f8lla\u00bb<\/p>\n<p>I tillegg til kursene vil det tradisjonen tro ogs\u00e5 i \u00e5r v\u00e6re duket for NM Teatersport \u2122 hvor deltakere fra hele landet kommer for en vennskapelig dyst om \u00e5 kunne smykke seg med tittelen Norgesmester i Teatersport. Og som om ikke det var nok vil vi kunne by p\u00e5 spennende forestillinger, teaterkro, seminar, og mye mer.<\/p>\n<p>I \u00e5r har vi valgt <strong>\u00abElefanten i rommet\u00bb <\/strong>som a\u030arets tema. Ha dette i bakhodet n\u00e5r du kommer.<br \/>\nVi har sikkert alle p\u00e5 ulike niv\u00e5er en viss erfaring med dette fenomenet. Hva er elefanten i rommet for deg?<br \/>\nDag S\u00f8r\u00e5s dukker ogs\u00e5 opp og vil gi oss noen skr\u00e5blikk p\u00e5 fenomenet krenking.<\/p>\n<p>Som du vil se i programmet er det mange grunner til \u00e5 delta p\u00e5 Teaterdagene!<br \/>\nVi \u00f8nsker deg velkommen til h\u00f8stens vakreste eventyr og ser frem til a\u030a tilbringe en helg full av teater sammen med nettopp DEG.<\/p>\n<p><em>Med hilsen styret og sekretariatet i Norsk Amat\u00f8rteaterforbund<\/em><\/p>\n<p>[\/et_pb_text][\/et_pb_column][et_pb_column type=&raquo;1_3&#8243;][et_pb_text _builder_version=&raquo;3.0.106&#8243; background_layout=&raquo;light&raquo;]<\/p>\n<h2><strong>Kursoversikt<\/strong><\/h2>\n<p>[\/et_pb_text][et_pb_sidebar _builder_version=&raquo;3.0.106&#8243; area=&raquo;et_pb_widget_area_2&#8243; orientation=&raquo;left&raquo; show_border=&raquo;on&raquo; background_layout=&raquo;light&raquo; \/][\/et_pb_column][\/et_pb_row][\/et_pb_section]<\/p>\n","protected":false},"excerpt":{"rendered":"<p>Helgen 21.- 23. september braker det l\u00f8s igjen, og da er det hos oss du b\u00f8r befinne deg om du \u00f8nsker gode og inspirerende kurs, m\u00f8te fantastiske mennesker og f\u00e5 med deg den magiske stemningen n\u00e5r entusiastiske teaterfolk samles!<\/p>\n","protected":false},"author":9,"featured_media":0,"parent":0,"menu_order":0,"comment_status":"closed","ping_status":"closed","template":"","meta":{"_acf_changed":false,"_et_pb_use_builder":"on","_et_pb_old_content":"","_et_gb_content_width":"","inline_featured_image":false,"footnotes":""},"categories":[],"tags":[],"class_list":["post-1288","page","type-page","status-publish","hentry"],"acf":[],"_links":{"self":[{"href":"https:\/\/old.natf.no\/td2018\/wp-json\/wp\/v2\/pages\/1288","targetHints":{"allow":["GET"]}}],"collection":[{"href":"https:\/\/old.natf.no\/td2018\/wp-json\/wp\/v2\/pages"}],"about":[{"href":"https:\/\/old.natf.no\/td2018\/wp-json\/wp\/v2\/types\/page"}],"author":[{"embeddable":true,"href":"https:\/\/old.natf.no\/td2018\/wp-json\/wp\/v2\/users\/9"}],"replies":[{"embeddable":true,"href":"https:\/\/old.natf.no\/td2018\/wp-json\/wp\/v2\/comments?post=1288"}],"version-history":[{"count":0,"href":"https:\/\/old.natf.no\/td2018\/wp-json\/wp\/v2\/pages\/1288\/revisions"}],"wp:attachment":[{"href":"https:\/\/old.natf.no\/td2018\/wp-json\/wp\/v2\/media?parent=1288"}],"wp:term":[{"taxonomy":"category","embeddable":true,"href":"https:\/\/old.natf.no\/td2018\/wp-json\/wp\/v2\/categories?post=1288"},{"taxonomy":"post_tag","embeddable":true,"href":"https:\/\/old.natf.no\/td2018\/wp-json\/wp\/v2\/tags?post=1288"}],"curies":[{"name":"wp","href":"https:\/\/api.w.org\/{rel}","templated":true}]}}