{"id":1246,"date":"2018-05-16T14:07:38","date_gmt":"2018-05-16T12:07:38","guid":{"rendered":"https:\/\/natfno.wpengine.com\/td2018\/?page_id=1246"},"modified":"2018-06-12T14:33:53","modified_gmt":"2018-06-12T12:33:53","slug":"forestillinger","status":"publish","type":"page","link":"https:\/\/old.natf.no\/td2018\/forestillinger\/","title":{"rendered":"Forestillinger"},"content":{"rendered":"<p>[et_pb_section bb_built=&raquo;1&#8243;][et_pb_row][et_pb_column type=&raquo;1_3&#8243;][et_pb_text _builder_version=&raquo;3.0.106&#8243; background_layout=&raquo;light&raquo;]<\/p>\n<h1><strong>Forestillinger Teaterdagene 2018<\/strong><\/h1>\n<p>[\/et_pb_text][et_pb_sidebar _builder_version=&raquo;3.0.106&#8243; area=&raquo;et_pb_widget_area_5&#8243; orientation=&raquo;left&raquo; show_border=&raquo;on&raquo; background_layout=&raquo;light&raquo; \/][\/et_pb_column][et_pb_column type=&raquo;1_3&#8243;][et_pb_image _builder_version=&raquo;3.0.106&#8243; src=&raquo;https:\/\/old.natf.no\/td2018\/wp-content\/uploads\/sites\/9\/2018\/05\/James-Bond-med-Feil-Teater.jpg&raquo; show_in_lightbox=&raquo;off&raquo; url_new_window=&raquo;on&raquo; use_overlay=&raquo;off&raquo; always_center_on_mobile=&raquo;on&raquo; force_fullwidth=&raquo;off&raquo; show_bottom_space=&raquo;on&raquo; url=&raquo;https:\/\/old.natf.no\/td2018\/james-bond\/&raquo; title_text=&raquo;James Bond&raquo; \/][et_pb_image _builder_version=&raquo;3.0.106&#8243; src=&raquo;https:\/\/old.natf.no\/td2018\/wp-content\/uploads\/sites\/9\/2018\/05\/Skr\u00e5blikk-p\u00e5-krenking-med-Dag-S\u00f8r\u00e5s-e1528806006773.jpg&raquo; show_in_lightbox=&raquo;off&raquo; url_new_window=&raquo;on&raquo; use_overlay=&raquo;off&raquo; always_center_on_mobile=&raquo;on&raquo; force_fullwidth=&raquo;off&raquo; show_bottom_space=&raquo;on&raquo; url=&raquo;https:\/\/old.natf.no\/td2018\/skrablikk-pa-krenking\/&raquo; title_text=&raquo;Skr\u00e5blikk p\u00e5 krenking&raquo; \/][et_pb_image _builder_version=&raquo;3.0.106&#8243; src=&raquo;https:\/\/old.natf.no\/td2018\/wp-content\/uploads\/sites\/9\/2018\/05\/NM-Teatersport-improvisert-teater.jpg&raquo; show_in_lightbox=&raquo;off&raquo; url_new_window=&raquo;on&raquo; use_overlay=&raquo;off&raquo; always_center_on_mobile=&raquo;on&raquo; force_fullwidth=&raquo;off&raquo; show_bottom_space=&raquo;on&raquo; url=&raquo;https:\/\/old.natf.no\/td2018\/nm-teatersport\/&raquo; title_text=&raquo;NM Teatersport\u2122&raquo; \/][et_pb_image _builder_version=&raquo;3.0.106&#8243; src=&raquo;https:\/\/old.natf.no\/td2018\/wp-content\/uploads\/sites\/9\/2018\/05\/Hjelp-jeg-er-fri-fri-til-hva-med-Vardeteatret-2.jpg&raquo; show_in_lightbox=&raquo;off&raquo; url_new_window=&raquo;on&raquo; use_overlay=&raquo;off&raquo; always_center_on_mobile=&raquo;on&raquo; force_fullwidth=&raquo;off&raquo; show_bottom_space=&raquo;on&raquo; url=&raquo;https:\/\/old.natf.no\/td2018\/hjelp-jeg-er-fri-fri-til-hva\/&raquo; title_text=&raquo;Fengselsfuglene &raquo; \/][\/et_pb_column][et_pb_column type=&raquo;1_3&#8243;][et_pb_text _builder_version=&raquo;3.0.106&#8243; background_layout=&raquo;light&raquo;]<\/p>\n<h2><strong>Kursoversikt<\/strong><\/h2>\n<p>[\/et_pb_text][et_pb_sidebar _builder_version=&raquo;3.0.106&#8243; area=&raquo;et_pb_widget_area_2&#8243; orientation=&raquo;left&raquo; show_border=&raquo;on&raquo; background_layout=&raquo;light&raquo; \/][et_pb_button _builder_version=&raquo;3.0.106&#8243; button_text=&raquo;P\u00e5melding&raquo; button_url=&raquo;https:\/\/old.natf.no\/td2018\/pamelding\/&raquo; url_new_window=&raquo;off&raquo; background_layout=&raquo;dark&raquo; custom_button=&raquo;on&raquo; button_text_color=&raquo;#ffffff&raquo; button_bg_color=&raquo;#006666&#8243; button_icon_placement=&raquo;right&raquo; \/][\/et_pb_column][\/et_pb_row][\/et_pb_section]<\/p>\n","protected":false},"excerpt":{"rendered":"<p>Dette kan vi by p\u00e5 av forestillinger under Teaterdagene 2018<\/p>\n","protected":false},"author":9,"featured_media":0,"parent":0,"menu_order":0,"comment_status":"closed","ping_status":"closed","template":"","meta":{"_acf_changed":false,"_et_pb_use_builder":"on","_et_pb_old_content":"","_et_gb_content_width":"","inline_featured_image":false,"footnotes":""},"categories":[],"tags":[],"class_list":["post-1246","page","type-page","status-publish","hentry"],"acf":[],"_links":{"self":[{"href":"https:\/\/old.natf.no\/td2018\/wp-json\/wp\/v2\/pages\/1246","targetHints":{"allow":["GET"]}}],"collection":[{"href":"https:\/\/old.natf.no\/td2018\/wp-json\/wp\/v2\/pages"}],"about":[{"href":"https:\/\/old.natf.no\/td2018\/wp-json\/wp\/v2\/types\/page"}],"author":[{"embeddable":true,"href":"https:\/\/old.natf.no\/td2018\/wp-json\/wp\/v2\/users\/9"}],"replies":[{"embeddable":true,"href":"https:\/\/old.natf.no\/td2018\/wp-json\/wp\/v2\/comments?post=1246"}],"version-history":[{"count":0,"href":"https:\/\/old.natf.no\/td2018\/wp-json\/wp\/v2\/pages\/1246\/revisions"}],"wp:attachment":[{"href":"https:\/\/old.natf.no\/td2018\/wp-json\/wp\/v2\/media?parent=1246"}],"wp:term":[{"taxonomy":"category","embeddable":true,"href":"https:\/\/old.natf.no\/td2018\/wp-json\/wp\/v2\/categories?post=1246"},{"taxonomy":"post_tag","embeddable":true,"href":"https:\/\/old.natf.no\/td2018\/wp-json\/wp\/v2\/tags?post=1246"}],"curies":[{"name":"wp","href":"https:\/\/api.w.org\/{rel}","templated":true}]}}