{"id":1244,"date":"2018-05-16T14:07:38","date_gmt":"2018-05-16T12:07:38","guid":{"rendered":"https:\/\/natfno.wpengine.com\/td2018\/?page_id=1244"},"modified":"2018-06-07T11:35:00","modified_gmt":"2018-06-07T09:35:00","slug":"minnenes-teater","status":"publish","type":"page","link":"https:\/\/old.natf.no\/td2018\/minnenes-teater\/","title":{"rendered":"Minnenes Teater"},"content":{"rendered":"<p>[et_pb_section bb_built=&raquo;1&#8243;][et_pb_row][et_pb_column type=&raquo;3_4&#8243;][et_pb_text _builder_version=&raquo;3.0.106&#8243; background_layout=&raquo;light&raquo;]<\/p>\n<h2><strong>Minnenes Teater<\/strong><\/h2>\n<p>[\/et_pb_text][et_pb_text _builder_version=&raquo;3.0.106&#8243; background_layout=&raquo;light&raquo;]<\/p>\n<p>&#8211; er en metode hvor minner tas i bruk for \u00e5 skape teater. Prosessen stimuleres av s\u00e5kalte minnevekkere som kan v\u00e6re ting av ulik karakter, f.eks. bilder, gjenstander, materialer, dufter, tekster eller musikk som er knyttet opp mot hukommelsen. Gjennom improvisasjoner omdannes minnene til teater.<\/p>\n<p>Kursdeltakerne vil p\u00e5 dette kurset erfare hvordan man kan stimulere minnene p\u00e5 en kreativ m\u00e5te, og sammen bygge opp en teaterforestilling. P\u00e5 denne m\u00e5ten blir det levde livet, n\u00e6rhistorien synlig og kan deles til yngre generasjoner.<\/p>\n<p>Kurset egner seg til personer som i sitt yrke eller p\u00e5 fritiden arbeider med eldre mennesker, og som vil l\u00e6re seg \u00e5 lede grupper ved bruk av denne metoden. Kurset anbefales derfor til deg som arbeider som dramapedagog\/instrukt\u00f8r, aktivitetsansvarlig innen eldreomsorg, er bibliotekar, deg som guider eldre p\u00e5 mus\u00e9er, deg som organiserer aktiviteter for eldre i ulike sammenhenger, eller som har tilknytning til organisasjoner for og med pensjonister.<\/p>\n<p>Kurset vil gi deg viktig kompetanse og du f\u00e5r ett nytt redskap i verkt\u00f8ykassen din. Kurset vil inneholde b\u00e5de teori og praktiske gruppe\u00f8velser, og ender opp i sm\u00e5 \u00abforestillinger\u00bb den avsluttende dagen.<br \/>\nKursholder vil dele raust av egne erfaringer med \u00e5 lede egne grupper innen Minnenes Teater.<br \/>\nEtter avsluttet kurs skal deltakerne p\u00e5 selvstendig grunnlag kunne ta i bruk denne metoden for \u00e5 planlegge og gjennomf\u00f8re aktiviteter i egne grupper.<br \/>\nVi vil kunne tilby oppf\u00f8lgingskurs til de deltakere som \u00f8nsker det, samt mulighet til \u00e5 bygge et nettverk for fortsatt kontakt og erfaringsutveksling.<\/p>\n<p><strong>NB! Kurset forg\u00e5r p\u00e5 Svensk.<\/strong><\/p>\n<p>[\/et_pb_text][et_pb_text _builder_version=&raquo;3.0.106&#8243; background_layout=&raquo;light&raquo;]<\/p>\n<p><a href=\"https:\/\/old.natf.no\/td2018\/wp-content\/uploads\/sites\/9\/2018\/05\/Minnenes-Teater-bilde.jpg\"><img loading=\"lazy\" decoding=\"async\" class=\"wp-image-1245 alignleft\" src=\"https:\/\/old.natf.no\/td2018\/wp-content\/uploads\/sites\/9\/2018\/05\/Minnenes-Teater-bilde.jpg\" alt=\"\" width=\"174\" height=\"173\" srcset=\"https:\/\/old.natf.no\/td2018\/wp-content\/uploads\/sites\/9\/2018\/05\/Minnenes-Teater-bilde.jpg 200w, https:\/\/old.natf.no\/td2018\/wp-content\/uploads\/sites\/9\/2018\/05\/Minnenes-Teater-bilde-150x150.jpg 150w\" sizes=\"auto, (max-width: 174px) 100vw, 174px\" \/><\/a><\/p>\n<p><strong>Kursholder: Leonie Hohenthal-Antin<\/strong> er dramapedagog og er en banebryter innenfor Reminisens Teater i Finland.\u00a0 Hun har ledet ulike teatergrupper, holdt flere kurs og foredrag om emnet b\u00e5de i Sverige og Finland. Leonie har ogs\u00e5 avlagt en doktorgradsavhandling ved universitetet i Jyv\u00e4skyl\u00e4 og har skrevet flere b\u00f8ker om temaet. Hun er fortsatt leder i en egen Minnenes Teater-gruppe hvor hun regisserer, skriver manus og selv er med \u00e5 spille teater.<\/p>\n<p>[\/et_pb_text][\/et_pb_column][et_pb_column type=&raquo;1_4&#8243;][et_pb_text _builder_version=&raquo;3.0.106&#8243; background_layout=&raquo;light&raquo;]<\/p>\n<h2><strong>Kursoversikt<\/strong><\/h2>\n<p>[\/et_pb_text][et_pb_sidebar _builder_version=&raquo;3.0.106&#8243; area=&raquo;et_pb_widget_area_2&#8243; orientation=&raquo;left&raquo; show_border=&raquo;on&raquo; background_layout=&raquo;light&raquo; \/][et_pb_button _builder_version=&raquo;3.0.106&#8243; button_text=&raquo;P\u00e5melding&raquo; url_new_window=&raquo;off&raquo; background_layout=&raquo;dark&raquo; custom_button=&raquo;on&raquo; button_icon_placement=&raquo;right&raquo; button_bg_color=&raquo;#006666&#8243; button_border_color=&raquo;#ffffff&raquo; button_use_icon=&raquo;off&raquo; button_text_color=&raquo;#ffffff&raquo; button_url=&raquo;https:\/\/old.natf.no\/td2018\/pamelding\/&raquo; \/][\/et_pb_column][\/et_pb_row][\/et_pb_section]<\/p>\n","protected":false},"excerpt":{"rendered":"<p>Er en metode hvor minner tas i bruk for \u00e5 skape teater. Prosessen stimuleres av s\u00e5kalte minnevekkere som kan v\u00e6re ting av ulik karakter, f.eks. bilder, gjenstander, materialer, dufter, tekster eller musikk som er knyttet opp mot hukommelsen. <\/p>\n","protected":false},"author":9,"featured_media":0,"parent":0,"menu_order":0,"comment_status":"closed","ping_status":"closed","template":"","meta":{"_acf_changed":false,"_et_pb_use_builder":"on","_et_pb_old_content":"","_et_gb_content_width":"","inline_featured_image":false,"footnotes":""},"categories":[],"tags":[],"class_list":["post-1244","page","type-page","status-publish","hentry"],"acf":[],"_links":{"self":[{"href":"https:\/\/old.natf.no\/td2018\/wp-json\/wp\/v2\/pages\/1244","targetHints":{"allow":["GET"]}}],"collection":[{"href":"https:\/\/old.natf.no\/td2018\/wp-json\/wp\/v2\/pages"}],"about":[{"href":"https:\/\/old.natf.no\/td2018\/wp-json\/wp\/v2\/types\/page"}],"author":[{"embeddable":true,"href":"https:\/\/old.natf.no\/td2018\/wp-json\/wp\/v2\/users\/9"}],"replies":[{"embeddable":true,"href":"https:\/\/old.natf.no\/td2018\/wp-json\/wp\/v2\/comments?post=1244"}],"version-history":[{"count":0,"href":"https:\/\/old.natf.no\/td2018\/wp-json\/wp\/v2\/pages\/1244\/revisions"}],"wp:attachment":[{"href":"https:\/\/old.natf.no\/td2018\/wp-json\/wp\/v2\/media?parent=1244"}],"wp:term":[{"taxonomy":"category","embeddable":true,"href":"https:\/\/old.natf.no\/td2018\/wp-json\/wp\/v2\/categories?post=1244"},{"taxonomy":"post_tag","embeddable":true,"href":"https:\/\/old.natf.no\/td2018\/wp-json\/wp\/v2\/tags?post=1244"}],"curies":[{"name":"wp","href":"https:\/\/api.w.org\/{rel}","templated":true}]}}