{"id":124,"date":"2017-04-27T14:16:25","date_gmt":"2017-04-27T12:16:25","guid":{"rendered":"https:\/\/natfno.wpengine.com\/td2017\/?page_id=124"},"modified":"2018-08-31T15:45:20","modified_gmt":"2018-08-31T13:45:20","slug":"kursoverisikt","status":"publish","type":"page","link":"https:\/\/old.natf.no\/td2018\/kursoverisikt\/","title":{"rendered":"Kurs"},"content":{"rendered":"<p>[et_pb_section bb_built=&raquo;1&#8243; admin_label=&raquo;section&raquo; _builder_version=&raquo;3.0.106&#8243;][et_pb_row][et_pb_column type=&raquo;1_4&#8243;][et_pb_text _builder_version=&raquo;3.0.106&#8243; background_layout=&raquo;light&raquo;]<\/p>\n<h2><strong>Dette koster kursene<\/strong><\/h2>\n<p>Medlemmer: kr. 1900,-<br \/>\nIkke medlemmer: kr. 2100,-<\/p>\n<p>[\/et_pb_text][et_pb_button _builder_version=&raquo;3.0.106&#8243; button_text=&raquo;P\u00e5melding&raquo; url_new_window=&raquo;off&raquo; button_alignment=&raquo;center&raquo; background_layout=&raquo;dark&raquo; custom_button=&raquo;on&raquo; button_bg_color=&raquo;#006666&#8243; button_icon_placement=&raquo;right&raquo; button_text_color=&raquo;#ffffff&raquo; button_border_width=&raquo;0&#8243; button_border_radius=&raquo;0&#8243; button_url=&raquo;\/td2018\/pamelding\/&raquo; \/][\/et_pb_column][et_pb_column type=&raquo;1_2&#8243;][et_pb_text _builder_version=&raquo;3.0.106&#8243; background_layout=&raquo;light&raquo;]<\/p>\n<h1 style=\"text-align: center\"><strong>Kursoversikt<\/strong><\/h1>\n<p>[\/et_pb_text][et_pb_sidebar _builder_version=&raquo;3.0.106&#8243; area=&raquo;et_pb_widget_area_2&#8243; orientation=&raquo;right&raquo; show_border=&raquo;on&raquo; background_layout=&raquo;light&raquo; background_color=&raquo;#ffffff&raquo; body_text_color=&raquo;#000000&#8243; \/][\/et_pb_column][et_pb_column type=&raquo;1_4&#8243;][et_pb_text _builder_version=&raquo;3.0.106&#8243; background_layout=&raquo;light&raquo;]<\/p>\n<h2><b>Lillehammer L\u00e6ringssenter<\/b><\/h2>\n<p>[\/et_pb_text][et_pb_text _builder_version=&raquo;3.0.106&#8243; background_layout=&raquo;light&raquo;]<\/p>\n<p>Kursene vil i all hovedsak foreg\u00e5 p\u00e5 Lillehammer L\u00e6ringssenter.<\/p>\n<p>[\/et_pb_text][et_pb_text _builder_version=&raquo;3.0.106&#8243; background_layout=&raquo;light&raquo;]<\/p>\n<h2><strong>Praktisk informasjon om kursene<\/strong><\/h2>\n<p>[\/et_pb_text][et_pb_text _builder_version=&raquo;3.0.106&#8243; background_layout=&raquo;light&raquo;]<\/p>\n<p>Alle kursene g\u00e5r parallelt. Oppstart fredag 21. september kl. 19:00 og kursavslutning s\u00f8ndag 23. september kl. 13:00<br \/>\n(se egne tider for Steppkurs).<\/p>\n<p>[\/et_pb_text][et_pb_image _builder_version=&raquo;3.0.106&#8243; src=&raquo;https:\/\/old.natf.no\/td2018\/wp-content\/uploads\/sites\/9\/2017\/05\/TD-header-2018.527361.jpg&raquo; show_in_lightbox=&raquo;off&raquo; url_new_window=&raquo;off&raquo; use_overlay=&raquo;off&raquo; always_center_on_mobile=&raquo;on&raquo; force_fullwidth=&raquo;off&raquo; show_bottom_space=&raquo;on&raquo; \/][\/et_pb_column][\/et_pb_row][\/et_pb_section]<\/p>\n","protected":false},"excerpt":{"rendered":"<p>Norsk Amat\u00f8rteaterforbund tilbyr hele 12 forskjellige kurs under Teaterdagene 2018<\/p>\n","protected":false},"author":9,"featured_media":0,"parent":0,"menu_order":0,"comment_status":"closed","ping_status":"closed","template":"","meta":{"_acf_changed":false,"_et_pb_use_builder":"on","_et_pb_old_content":"","_et_gb_content_width":"","inline_featured_image":false,"footnotes":""},"categories":[],"tags":[],"class_list":["post-124","page","type-page","status-publish","hentry"],"acf":[],"_links":{"self":[{"href":"https:\/\/old.natf.no\/td2018\/wp-json\/wp\/v2\/pages\/124","targetHints":{"allow":["GET"]}}],"collection":[{"href":"https:\/\/old.natf.no\/td2018\/wp-json\/wp\/v2\/pages"}],"about":[{"href":"https:\/\/old.natf.no\/td2018\/wp-json\/wp\/v2\/types\/page"}],"author":[{"embeddable":true,"href":"https:\/\/old.natf.no\/td2018\/wp-json\/wp\/v2\/users\/9"}],"replies":[{"embeddable":true,"href":"https:\/\/old.natf.no\/td2018\/wp-json\/wp\/v2\/comments?post=124"}],"version-history":[{"count":0,"href":"https:\/\/old.natf.no\/td2018\/wp-json\/wp\/v2\/pages\/124\/revisions"}],"wp:attachment":[{"href":"https:\/\/old.natf.no\/td2018\/wp-json\/wp\/v2\/media?parent=124"}],"wp:term":[{"taxonomy":"category","embeddable":true,"href":"https:\/\/old.natf.no\/td2018\/wp-json\/wp\/v2\/categories?post=124"},{"taxonomy":"post_tag","embeddable":true,"href":"https:\/\/old.natf.no\/td2018\/wp-json\/wp\/v2\/tags?post=124"}],"curies":[{"name":"wp","href":"https:\/\/api.w.org\/{rel}","templated":true}]}}