{"id":1229,"date":"2018-05-16T14:08:48","date_gmt":"2018-05-16T12:08:48","guid":{"rendered":"https:\/\/natfno.wpengine.com\/td2018\/?page_id=1229"},"modified":"2018-06-07T11:46:10","modified_gmt":"2018-06-07T09:46:10","slug":"revykurs","status":"publish","type":"page","link":"https:\/\/old.natf.no\/td2018\/revykurs\/","title":{"rendered":"Revykurs"},"content":{"rendered":"<p>[et_pb_section bb_built=&raquo;1&#8243;][et_pb_row][et_pb_column type=&raquo;3_4&#8243;][et_pb_text _builder_version=&raquo;3.0.106&#8243; background_layout=&raquo;light&raquo;]<\/p>\n<h2><strong>Revykurs<\/strong><\/h2>\n<p>[\/et_pb_text][et_pb_text _builder_version=&raquo;3.0.106&#8243; background_layout=&raquo;light&raquo;]<\/p>\n<p>\u00c5 lage revy er g\u00f8y! Men hvordan g\u00e5r man frem n\u00e5r man ikke har noen ideer? Og hvordan kan man gj\u00f8re det gode man allerede har, enda bedre?<\/p>\n<p>Vi vil se n\u00e6rmere p\u00e5 hvordan man kan trigge kreativitet, og utvikle en revyproduksjon videre fra enten tydelige ideer, eller ingenting. Dette er et kurs i kreativ produksjon av revy, fra id\u00e9 til formidling p\u00e5 scenen. Kurset passer for deg som har lyst til \u00e5 skrive, lage og spille i revy, enten du er nybegynner, eller dreven b\u00e5de p\u00e5 og av scenen.<\/p>\n<p>Har du tekster og ideer du \u00f8nsker \u00e5 videreutvikle, m\u00e5 du gjerne ta dette med for videreutvikling under kurset. Men det er ikke noe krav. Kursdeltakere m\u00e5 ha med skrivesaker (penn\/papir eller PC), og bevegelige kl\u00e6r er anbefalt.&raquo;<\/p>\n<p>Kurset er et samarbeid med Norsk Revyfaglig Senter<\/p>\n<p>&nbsp;<\/p>\n<p>&nbsp;<\/p>\n<p>[\/et_pb_text][et_pb_text _builder_version=&raquo;3.0.106&#8243; background_layout=&raquo;light&raquo;]<\/p>\n<p><a href=\"https:\/\/old.natf.no\/td2018\/wp-content\/uploads\/sites\/9\/2018\/05\/Revykurs-bilde.jpg\"><img loading=\"lazy\" decoding=\"async\" class=\"wp-image-1230 alignleft\" src=\"https:\/\/old.natf.no\/td2018\/wp-content\/uploads\/sites\/9\/2018\/05\/Revykurs-bilde.jpg\" alt=\"\" width=\"149\" height=\"212\" srcset=\"https:\/\/old.natf.no\/td2018\/wp-content\/uploads\/sites\/9\/2018\/05\/Revykurs-bilde.jpg 677w, https:\/\/old.natf.no\/td2018\/wp-content\/uploads\/sites\/9\/2018\/05\/Revykurs-bilde-212x300.jpg 212w\" sizes=\"auto, (max-width: 149px) 100vw, 149px\" \/><\/a><\/p>\n<p><strong>Kursholder: Andreas Gregersen<\/strong> kommer fra Frogner i S\u00f8rum, der han i mange \u00e5r har v\u00e6rt aktiv i revy- og teatermilj\u00f8et. Han har lang fartstid p\u00e5 revyscenen, b\u00e5de som skuespiller, instrukt\u00f8r og altmuligmann. Han er utdannet i Drama og teater fra NTNU i Trondheim, har n\u00e5 base i Oslo, men jobber som instrukt\u00f8r og tekstforfatter for revy- og teatergrupper over hele landet. Han har dessuten vunnet flere priser under NM i revy p\u00e5 H\u00f8ylandet, b\u00e5de som skuespiller og tekstforfatter.<\/p>\n<p>[\/et_pb_text][\/et_pb_column][et_pb_column type=&raquo;1_4&#8243;][et_pb_text _builder_version=&raquo;3.0.106&#8243; background_layout=&raquo;light&raquo;]<\/p>\n<h2><strong>Kursoversikt<\/strong><\/h2>\n<p>[\/et_pb_text][et_pb_sidebar _builder_version=&raquo;3.0.106&#8243; area=&raquo;et_pb_widget_area_2&#8243; orientation=&raquo;left&raquo; show_border=&raquo;on&raquo; background_layout=&raquo;light&raquo; \/][et_pb_button _builder_version=&raquo;3.0.106&#8243; button_text=&raquo;P\u00e5melding&raquo; url_new_window=&raquo;on&raquo; background_layout=&raquo;light&raquo; custom_button=&raquo;on&raquo; button_icon_placement=&raquo;right&raquo; button_bg_color=&raquo;#006666&#8243; button_border_color=&raquo;#ffffff&raquo; button_use_icon=&raquo;off&raquo; button_text_color=&raquo;#ffffff&raquo; button_url=&raquo;\/td2018\/pamelding\/&raquo; \/][\/et_pb_column][\/et_pb_row][\/et_pb_section]<\/p>\n","protected":false},"excerpt":{"rendered":"<p>\u00c5 lage revy er g\u00f8y! Men hvordan g\u00e5r man frem n\u00e5r man ikke har noen ideer? Og hvordan kan man gj\u00f8re det gode man allerede har, enda bedre?<\/p>\n","protected":false},"author":9,"featured_media":0,"parent":0,"menu_order":0,"comment_status":"closed","ping_status":"closed","template":"","meta":{"_acf_changed":false,"_et_pb_use_builder":"on","_et_pb_old_content":"","_et_gb_content_width":"","inline_featured_image":false,"footnotes":""},"categories":[],"tags":[],"class_list":["post-1229","page","type-page","status-publish","hentry"],"acf":[],"_links":{"self":[{"href":"https:\/\/old.natf.no\/td2018\/wp-json\/wp\/v2\/pages\/1229","targetHints":{"allow":["GET"]}}],"collection":[{"href":"https:\/\/old.natf.no\/td2018\/wp-json\/wp\/v2\/pages"}],"about":[{"href":"https:\/\/old.natf.no\/td2018\/wp-json\/wp\/v2\/types\/page"}],"author":[{"embeddable":true,"href":"https:\/\/old.natf.no\/td2018\/wp-json\/wp\/v2\/users\/9"}],"replies":[{"embeddable":true,"href":"https:\/\/old.natf.no\/td2018\/wp-json\/wp\/v2\/comments?post=1229"}],"version-history":[{"count":0,"href":"https:\/\/old.natf.no\/td2018\/wp-json\/wp\/v2\/pages\/1229\/revisions"}],"wp:attachment":[{"href":"https:\/\/old.natf.no\/td2018\/wp-json\/wp\/v2\/media?parent=1229"}],"wp:term":[{"taxonomy":"category","embeddable":true,"href":"https:\/\/old.natf.no\/td2018\/wp-json\/wp\/v2\/categories?post=1229"},{"taxonomy":"post_tag","embeddable":true,"href":"https:\/\/old.natf.no\/td2018\/wp-json\/wp\/v2\/tags?post=1229"}],"curies":[{"name":"wp","href":"https:\/\/api.w.org\/{rel}","templated":true}]}}