{"id":1210,"date":"2018-05-16T14:07:38","date_gmt":"2018-05-16T12:07:38","guid":{"rendered":"https:\/\/natfno.wpengine.com\/td2018\/?page_id=1210"},"modified":"2018-06-07T11:21:59","modified_gmt":"2018-06-07T09:21:59","slug":"klovnens-visdom","status":"publish","type":"page","link":"https:\/\/old.natf.no\/td2018\/klovnens-visdom\/","title":{"rendered":"Klovnens Visdom"},"content":{"rendered":"<p>[et_pb_section bb_built=&raquo;1&#8243;][et_pb_row][et_pb_column type=&raquo;3_4&#8243;][et_pb_text _builder_version=&raquo;3.0.106&#8243; background_layout=&raquo;light&raquo;]<\/p>\n<h2><strong>Klovnens Visdom<\/strong><\/h2>\n<p>[\/et_pb_text][et_pb_text _builder_version=&raquo;3.0.106&#8243; background_layout=&raquo;light&raquo;]<\/p>\n<p>Har du lyst til \u00e5 utforske din indre klovn\u00a0 innen for trygge rammer og p\u00e5 autentisk vis? Gjennom dans, mime, yoga, objektarbeid og bevegelsesimprovisasjon guides deltagerene til klovnenes tilstedev\u00e6relse og emosjonelle verden som er full av undring, glede og lekenhet.<\/p>\n<p>M\u00e5ten Anna og Morten leder de ulike \u00f8velsene p\u00e5 skaper en st\u00f8ttende og \u00e5pen atmosf\u00e6re der deltagerene kan utforske og uttrykke seg fritt Velkommen til et kurs der det er rom for stillhet og ettertanke, for lek og bevegelse, og for \u00e5 oppdage nye sider ved seg selv.<\/p>\n<p>[\/et_pb_text][et_pb_text _builder_version=&raquo;3.0.106&#8243; background_layout=&raquo;light&raquo;]<\/p>\n<p><strong><a href=\"https:\/\/old.natf.no\/td2018\/wp-content\/uploads\/sites\/9\/2018\/04\/klovnhulahop-90.jpg\"><img loading=\"lazy\" decoding=\"async\" class=\"wp-image-1211 alignleft\" src=\"https:\/\/old.natf.no\/td2018\/wp-content\/uploads\/sites\/9\/2018\/04\/klovnhulahop-90-1024x683.jpg\" alt=\"\" width=\"240\" height=\"160\" srcset=\"https:\/\/old.natf.no\/td2018\/wp-content\/uploads\/sites\/9\/2018\/04\/klovnhulahop-90-1024x683.jpg 1024w, https:\/\/old.natf.no\/td2018\/wp-content\/uploads\/sites\/9\/2018\/04\/klovnhulahop-90-300x200.jpg 300w, https:\/\/old.natf.no\/td2018\/wp-content\/uploads\/sites\/9\/2018\/04\/klovnhulahop-90-768x512.jpg 768w, https:\/\/old.natf.no\/td2018\/wp-content\/uploads\/sites\/9\/2018\/04\/klovnhulahop-90-1080x720.jpg 1080w\" sizes=\"auto, (max-width: 240px) 100vw, 240px\" \/><\/a>Kursholder: Morten Uglebjerg Norli<\/strong>\u00a0er utdannet nysirkusartist ved Artistlinjen p\u00e5 AFUK i K\u00f8benhavn. Siden 2006 har Morten v\u00e6rt elev av den franske klovnen Didier Danthois. Han startet sin karriere i gj\u00f8glerteateret Stella Polaris og har de siste ti \u00e5rene bidratt i flere scenekunstproduksjoner som har turnert i Norge, blant annet gjennom Den kulturelle skolesekken.<br \/>\n<strong>Kursholder: Anna Nerdrum B\u00f8gwald<\/strong> er scenekunstner med bakgrunn i teater, dans, musikk og Capoeira Angola. Hun studerte musikk ved Universitetet i Agder og klovning ved Teatro Del Corazon. De siste \u00e5rene har hun fordypet seg i Hoop Dance (rokkeringdans) og tar for tiden deltidsutdanning i barneyoga ved Kundaliniyogaskolen i Oslo.<\/p>\n<p>[\/et_pb_text][\/et_pb_column][et_pb_column type=&raquo;1_4&#8243;][et_pb_text _builder_version=&raquo;3.0.106&#8243; background_layout=&raquo;light&raquo;]<\/p>\n<h2><strong>Kursoversikt<\/strong><\/h2>\n<p>[\/et_pb_text][et_pb_sidebar _builder_version=&raquo;3.0.106&#8243; area=&raquo;et_pb_widget_area_2&#8243; orientation=&raquo;left&raquo; show_border=&raquo;on&raquo; background_layout=&raquo;light&raquo; \/][et_pb_button _builder_version=&raquo;3.0.106&#8243; button_text=&raquo;P\u00e5melding&raquo; url_new_window=&raquo;off&raquo; background_layout=&raquo;dark&raquo; custom_button=&raquo;on&raquo; button_icon_placement=&raquo;right&raquo; button_url=&raquo;https:\/\/old.natf.no\/td2018\/pamelding\/&raquo; button_text_color=&raquo;#ffffff&raquo; button_bg_color=&raquo;#006666&#8243; \/][\/et_pb_column][\/et_pb_row][\/et_pb_section]<\/p>\n","protected":false},"excerpt":{"rendered":"<p>Har du lyst til \u00e5 utforske din indre klovn  innen for trygge rammer og p\u00e5 autentisk vis? Gjennom dans, mime, yoga, objektarbeid og bevegelsesimprovisasjon guides deltagerene til klovnenes tilstedev\u00e6relse og emosjonelle verden som er full av undring, glede og lekenhet.<\/p>\n","protected":false},"author":9,"featured_media":0,"parent":0,"menu_order":0,"comment_status":"closed","ping_status":"closed","template":"","meta":{"_acf_changed":false,"_et_pb_use_builder":"on","_et_pb_old_content":"","_et_gb_content_width":"","inline_featured_image":false,"footnotes":""},"categories":[],"tags":[],"class_list":["post-1210","page","type-page","status-publish","hentry"],"acf":[],"_links":{"self":[{"href":"https:\/\/old.natf.no\/td2018\/wp-json\/wp\/v2\/pages\/1210","targetHints":{"allow":["GET"]}}],"collection":[{"href":"https:\/\/old.natf.no\/td2018\/wp-json\/wp\/v2\/pages"}],"about":[{"href":"https:\/\/old.natf.no\/td2018\/wp-json\/wp\/v2\/types\/page"}],"author":[{"embeddable":true,"href":"https:\/\/old.natf.no\/td2018\/wp-json\/wp\/v2\/users\/9"}],"replies":[{"embeddable":true,"href":"https:\/\/old.natf.no\/td2018\/wp-json\/wp\/v2\/comments?post=1210"}],"version-history":[{"count":0,"href":"https:\/\/old.natf.no\/td2018\/wp-json\/wp\/v2\/pages\/1210\/revisions"}],"wp:attachment":[{"href":"https:\/\/old.natf.no\/td2018\/wp-json\/wp\/v2\/media?parent=1210"}],"wp:term":[{"taxonomy":"category","embeddable":true,"href":"https:\/\/old.natf.no\/td2018\/wp-json\/wp\/v2\/categories?post=1210"},{"taxonomy":"post_tag","embeddable":true,"href":"https:\/\/old.natf.no\/td2018\/wp-json\/wp\/v2\/tags?post=1210"}],"curies":[{"name":"wp","href":"https:\/\/api.w.org\/{rel}","templated":true}]}}