{"id":1208,"date":"2018-05-16T14:07:38","date_gmt":"2018-05-16T12:07:38","guid":{"rendered":"https:\/\/natfno.wpengine.com\/td2018\/?page_id=1208"},"modified":"2018-08-07T14:12:41","modified_gmt":"2018-08-07T12:12:41","slug":"dramaturgi","status":"publish","type":"page","link":"https:\/\/old.natf.no\/td2018\/dramaturgi\/","title":{"rendered":"Dramaturgi"},"content":{"rendered":"<p>[et_pb_section bb_built=&raquo;1&#8243;][et_pb_row][et_pb_column type=&raquo;3_4&#8243;][et_pb_text _builder_version=&raquo;3.0.106&#8243; background_layout=&raquo;light&raquo;]<\/p>\n<h2><strong>Dramaturgi<\/strong><\/h2>\n<p>[\/et_pb_text][et_pb_text _builder_version=&raquo;3.0.106&#8243; background_layout=&raquo;light&raquo;]<\/p>\n<p>Dramaturgi er l\u00e6ren om oppbygging av dramatikk. Den klassiske dramaturgien handlet om skuespill og deres struktur. I dag snakker vi om dramaturgi ogs\u00e5 i andre sammenhenger. Vi snakker om dramaturgi innenfor film og tv, men ogs\u00e5 innenfor nyheter, politikk og idrettskonkurranser osv. Da handler det om spenningskurven og hvordan bestemte begivenheter lettere engasjerer.<\/p>\n<p>Dette kurset skal naturlig nok handle om teater, men eksempler fra andre omr\u00e5der blir brukt for \u00e5 belyse emnet. Teaterkunsten har gjennomg\u00e5tt store endringer de siste tretti \u00e5rene. S\u00e6rlig n\u00e5r det gjelder hvordan en teatertekst skal se ut. Det gir en innf\u00f8ring i klassisk dramaturgi (tradisjonen fra Aristotles). Men det tar ogs\u00e5 for seg bruddene med denne og tendenser i samtidsteatret. Det blir brukt praktiske eksempler hentet fra ulike tekster, filmsnutter el.<\/p>\n<p>[\/et_pb_text][et_pb_text _builder_version=&raquo;3.0.106&#8243; background_layout=&raquo;light&raquo;]<\/p>\n<h2><strong>Kursholder Nj\u00e5l Helge Mj\u00f8s<\/strong><\/h2>\n<p>[\/et_pb_text][et_pb_text _builder_version=&raquo;3.0.106&#8243; background_layout=&raquo;light&raquo;]<\/p>\n<p><img loading=\"lazy\" decoding=\"async\" class=\" wp-image-1425 alignleft\" src=\"https:\/\/old.natf.no\/td2018\/wp-content\/uploads\/sites\/9\/2018\/08\/Njaal-Helge-Mjoes-300x200.jpg\" alt=\"\" width=\"233\" height=\"155\" srcset=\"https:\/\/old.natf.no\/td2018\/wp-content\/uploads\/sites\/9\/2018\/08\/Njaal-Helge-Mjoes-300x200.jpg 300w, https:\/\/old.natf.no\/td2018\/wp-content\/uploads\/sites\/9\/2018\/08\/Njaal-Helge-Mjoes.jpg 726w\" sizes=\"auto, (max-width: 233px) 100vw, 233px\" \/><\/p>\n<p>Nj\u00e5l Helge Mj\u00f8s har jobbet ved Nationaltheatret siden 2013. Han er utdannet cand.mag. fra Universitetet i Oslo og har en mastergrad fra A.R.T.\/MXAT Institute for Advanced Theatre Training ve Harvard University, inklusive et tre m\u00e5neders opphold ved Moskva kunstnerteaters teaterskole.<\/p>\n<p>Han var ansatt ved Rogaland Teater fra 2009 til 2012, og i 2016 dramatiserte han ogs\u00e5 Virginia Woolfs Orlando for dem.<br \/>\nVed Nationaltheatret har han bl.a. jobbet med Ronja R\u00f8verdatter, Styrtet engel, Visning, En f\u00e5r v\u00e6ra som en er &#8211; en Ole Ivars musikal, En folkefiende, Ungen med mer.<\/p>\n<p>[\/et_pb_text][\/et_pb_column][et_pb_column type=&raquo;1_4&#8243;][et_pb_text _builder_version=&raquo;3.0.106&#8243; background_layout=&raquo;light&raquo;]<\/p>\n<h2><strong>Kursoversikt<\/strong><\/h2>\n<p>[\/et_pb_text][et_pb_sidebar _builder_version=&raquo;3.0.106&#8243; area=&raquo;et_pb_widget_area_2&#8243; orientation=&raquo;left&raquo; show_border=&raquo;on&raquo; background_layout=&raquo;light&raquo; \/][et_pb_button _builder_version=&raquo;3.0.106&#8243; button_text=&raquo;P\u00e5melding&raquo; url_new_window=&raquo;off&raquo; background_layout=&raquo;dark&raquo; custom_button=&raquo;on&raquo; button_icon_placement=&raquo;right&raquo; button_url=&raquo;https:\/\/old.natf.no\/td2018\/pamelding\/&raquo; button_text_color=&raquo;#ffffff&raquo; button_bg_color=&raquo;#006666&#8243; \/][\/et_pb_column][\/et_pb_row][\/et_pb_section]<\/p>\n","protected":false},"excerpt":{"rendered":"<p>Dramaturgi er l\u00e6ren om oppbygging av dramatikk. Den klassiske dramaturgien handlet om skuespill og deres struktur.<\/p>\n","protected":false},"author":9,"featured_media":0,"parent":0,"menu_order":0,"comment_status":"closed","ping_status":"closed","template":"","meta":{"_acf_changed":false,"_et_pb_use_builder":"on","_et_pb_old_content":"","_et_gb_content_width":"","inline_featured_image":false,"footnotes":""},"categories":[],"tags":[],"class_list":["post-1208","page","type-page","status-publish","hentry"],"acf":[],"_links":{"self":[{"href":"https:\/\/old.natf.no\/td2018\/wp-json\/wp\/v2\/pages\/1208","targetHints":{"allow":["GET"]}}],"collection":[{"href":"https:\/\/old.natf.no\/td2018\/wp-json\/wp\/v2\/pages"}],"about":[{"href":"https:\/\/old.natf.no\/td2018\/wp-json\/wp\/v2\/types\/page"}],"author":[{"embeddable":true,"href":"https:\/\/old.natf.no\/td2018\/wp-json\/wp\/v2\/users\/9"}],"replies":[{"embeddable":true,"href":"https:\/\/old.natf.no\/td2018\/wp-json\/wp\/v2\/comments?post=1208"}],"version-history":[{"count":0,"href":"https:\/\/old.natf.no\/td2018\/wp-json\/wp\/v2\/pages\/1208\/revisions"}],"wp:attachment":[{"href":"https:\/\/old.natf.no\/td2018\/wp-json\/wp\/v2\/media?parent=1208"}],"wp:term":[{"taxonomy":"category","embeddable":true,"href":"https:\/\/old.natf.no\/td2018\/wp-json\/wp\/v2\/categories?post=1208"},{"taxonomy":"post_tag","embeddable":true,"href":"https:\/\/old.natf.no\/td2018\/wp-json\/wp\/v2\/tags?post=1208"}],"curies":[{"name":"wp","href":"https:\/\/api.w.org\/{rel}","templated":true}]}}