{"id":1197,"date":"2018-05-16T14:07:38","date_gmt":"2018-05-16T12:07:38","guid":{"rendered":"https:\/\/natfno.wpengine.com\/td2018\/?page_id=1197"},"modified":"2018-09-07T12:54:17","modified_gmt":"2018-09-07T10:54:17","slug":"praktisk-informasjon","status":"publish","type":"page","link":"https:\/\/old.natf.no\/td2018\/praktisk-informasjon\/","title":{"rendered":"Praktisk informasjon"},"content":{"rendered":"<p>[et_pb_section bb_built=&raquo;1&#8243;][et_pb_row][et_pb_column type=&raquo;1_2&#8243;][et_pb_text _builder_version=&raquo;3.0.106&#8243; background_layout=&raquo;light&raquo;]<\/p>\n<h1><strong>Praktisk informasjon om Teaterdagene 2018<\/strong><\/h1>\n<p>[\/et_pb_text][et_pb_text _builder_version=&raquo;3.0.106&#8243; background_layout=&raquo;light&raquo;]<\/p>\n<h3><strong>Sekretariat<\/strong><\/h3>\n<p>Sekretariatet finner du i Ekspedisjonen, 1. etasje i <a href=\"http:\/\/www.kulturhusetbanken.no\/\" target=\"_blank\" rel=\"noopener\">Kulturhuset Banken\u00a0<\/a>og p\u00e5 Lillehammer l\u00e6ringssenter<\/p>\n<p><strong>\u00c5pningstidene vil v\u00e6re:<\/strong><br \/>\nFredag kl. 17:00 &#8211; 21:30 (Kulturhuset Banken)<br \/>\nL\u00f8rdag kl. 08:30 &#8211; 23:00 (Kulturhuset Banken)<br \/>\nS\u00f8ndag kl. 10:00 &#8211; 13:30 (Lillehammer l\u00e6ringssenter)<\/p>\n<p>[\/et_pb_text][et_pb_text _builder_version=&raquo;3.0.106&#8243; background_layout=&raquo;light&raquo;]<\/p>\n<h3><strong>Kursene<br \/>\n<\/strong><\/h3>\n<p><strong>Kursprogrammet er som f\u00f8lger:<\/strong><br \/>\nFredag kl. 19:00 &#8211; 21:00<br \/>\nL\u00f8rdag kl. 09:00 &#8211; 12:00 og kl. 14:00 &#8211; 18:00<br \/>\nS\u00f8ndag kl. 10:00 &#8211; 13:00<br \/>\n<a href=\"https:\/\/old.natf.no\/td2018\/steppdans\/\">* Se egne tider for Steppdans kurset<\/a><\/p>\n<p><strong>Kursene holdes p\u00e5:<\/strong><br \/>\nLillehammer L\u00e6ringssenter, Fossvegen 18, 2609 Lillehammer<br \/>\nLillehammer Dansesenter, Brubakken 2, Lillehammer<\/p>\n<p>[\/et_pb_text][\/et_pb_column][et_pb_column type=&raquo;1_2&#8243;][et_pb_text _builder_version=&raquo;3.0.106&#8243; background_layout=&raquo;light&raquo;]<\/p>\n<h3><strong>Her finner du oss<\/strong><\/h3>\n<p>[\/et_pb_text][et_pb_map _builder_version=&raquo;3.0.106&#8243; address=&raquo;Kirkegata 41, 2609 Lillehammer, Norge&raquo; address_lat=&raquo;61.11350389999999&#8243; address_lng=&raquo;10.465192900000034&#8243; mouse_wheel=&raquo;on&raquo; mobile_dragging=&raquo;on&raquo; use_grayscale_filter=&raquo;off&raquo;][et_pb_map_pin _builder_version=&raquo;3.0.106&#8243; title=&raquo;Lillehammer L\u00e6ringssenter&raquo; pin_address=&raquo;Fossvegen 18, 2609 Lillehammer, Norge&raquo; pin_address_lat=&raquo;61.1179089&#8243; pin_address_lng=&raquo;10.47372489999998&#8243; \/][et_pb_map_pin _builder_version=&raquo;3.0.106&#8243; title=&raquo;Fabrikken&raquo; pin_address=&raquo;L\u00f8kkegata 9, 2615 Lillehammer, Norge&raquo; pin_address_lat=&raquo;61.1183165&#8243; pin_address_lng=&raquo;10.455616400000054&#8243; \/][et_pb_map_pin _builder_version=&raquo;3.0.106&#8243; title=&raquo;Lillehammer og Gj\u00f8vik Dansesenter&raquo; pin_address=&raquo;Brubakken 2, 2615 Lillehammer, Norge&raquo; pin_address_lat=&raquo;61.1179917&#8243; pin_address_lng=&raquo;10.46226230000002&#8243; \/][et_pb_map_pin _builder_version=&raquo;3.0.106&#8243; title=&raquo;Kulturhuset Banken&raquo; pin_address=&raquo;Kirkegata 41, 2609 Lillehammer, Norge&raquo; pin_address_lat=&raquo;61.11350389999999&#8243; pin_address_lng=&raquo;10.465192900000034&#8243; \/][et_pb_map_pin _builder_version=&raquo;3.0.106&#8243; title=&raquo;M\u00f8lla Hotell&raquo; pin_address=&raquo;Elvegata 12, 2609 Lillehammer, Norge&raquo; pin_address_lat=&raquo;61.1171921&#8243; pin_address_lng=&raquo;10.4622842&#8243; \/][\/et_pb_map][et_pb_text _builder_version=&raquo;3.0.106&#8243; background_layout=&raquo;light&raquo;]<\/p>\n<h3><strong>Overnatting<\/strong><\/h3>\n<p>\u00c5rets festivalhotell er M\u00f8lla. NATF har i tillegg inng\u00e5tt avtaler med f\u00f8lgende overnattingssteder:<\/p>\n<ul>\n<li><a href=\"http:\/\/www.mollahotell.no\" target=\"_blank\" rel=\"noopener\">M\u00f8lla Hotell<\/a><\/li>\n<li><a href=\"http:\/\/www.nordicchoicehotels.no\/hotell\/norge\/lillehammer\/clarion-collection-hotel-hammer\" target=\"_blank\" rel=\"noopener\">Clarion Collection Hotel Hammer<\/a><\/li>\n<li><a href=\"http:\/\/www.stasjonen.no\" target=\"_blank\" rel=\"noopener\">Lillehammer Vandrerhjem Stasjonen<\/a><\/li>\n<\/ul>\n<p>Oppgi at du er deltaker p\u00e5 Teaterdagene 2018 &#8211; da f\u00e5r du rabatt.<br \/>\nV\u00e6r tidlig ute med \u00e5 bestille rom, det blir fort fullt.<\/p>\n<p>[\/et_pb_text][\/et_pb_column][\/et_pb_row][\/et_pb_section]<\/p>\n","protected":false},"excerpt":{"rendered":"<p>Praktisk informasjon om Teaterdagene 2018<\/p>\n","protected":false},"author":9,"featured_media":0,"parent":0,"menu_order":0,"comment_status":"closed","ping_status":"closed","template":"","meta":{"_acf_changed":false,"_et_pb_use_builder":"on","_et_pb_old_content":"","_et_gb_content_width":"","inline_featured_image":false,"footnotes":""},"categories":[],"tags":[],"class_list":["post-1197","page","type-page","status-publish","hentry"],"acf":[],"_links":{"self":[{"href":"https:\/\/old.natf.no\/td2018\/wp-json\/wp\/v2\/pages\/1197","targetHints":{"allow":["GET"]}}],"collection":[{"href":"https:\/\/old.natf.no\/td2018\/wp-json\/wp\/v2\/pages"}],"about":[{"href":"https:\/\/old.natf.no\/td2018\/wp-json\/wp\/v2\/types\/page"}],"author":[{"embeddable":true,"href":"https:\/\/old.natf.no\/td2018\/wp-json\/wp\/v2\/users\/9"}],"replies":[{"embeddable":true,"href":"https:\/\/old.natf.no\/td2018\/wp-json\/wp\/v2\/comments?post=1197"}],"version-history":[{"count":0,"href":"https:\/\/old.natf.no\/td2018\/wp-json\/wp\/v2\/pages\/1197\/revisions"}],"wp:attachment":[{"href":"https:\/\/old.natf.no\/td2018\/wp-json\/wp\/v2\/media?parent=1197"}],"wp:term":[{"taxonomy":"category","embeddable":true,"href":"https:\/\/old.natf.no\/td2018\/wp-json\/wp\/v2\/categories?post=1197"},{"taxonomy":"post_tag","embeddable":true,"href":"https:\/\/old.natf.no\/td2018\/wp-json\/wp\/v2\/tags?post=1197"}],"curies":[{"name":"wp","href":"https:\/\/api.w.org\/{rel}","templated":true}]}}