{"id":1183,"date":"2018-05-16T14:07:38","date_gmt":"2018-05-16T12:07:38","guid":{"rendered":"https:\/\/natfno.wpengine.com\/td2018\/?page_id=1183"},"modified":"2018-06-11T13:37:22","modified_gmt":"2018-06-11T11:37:22","slug":"improvisasjon-nybegynnere","status":"publish","type":"page","link":"https:\/\/old.natf.no\/td2018\/improvisasjon-nybegynnere\/","title":{"rendered":"Improvisasjon &#8211; nybegynnere"},"content":{"rendered":"<p>[et_pb_section bb_built=&raquo;1&#8243;][et_pb_row][et_pb_column type=&raquo;3_4&#8243;][et_pb_text _builder_version=&raquo;3.0.106&#8243; background_layout=&raquo;light&raquo;]<\/p>\n<h2><strong>Improvisasjon for begynnere<\/strong><\/h2>\n<p>[\/et_pb_text][et_pb_text _builder_version=&raquo;3.0.106&#8243; background_layout=&raquo;light&raquo;]<\/p>\n<p><span style=\"color: black;\">Improvisasjon har de siste \u00e5rene blitt en velkjent teater- og underholdningsform i Norge, og er blitt veldig\u00a0popul\u00e6r b\u00e5de som ren form, men ogs\u00e5 som verkt\u00f8y i andre kreative bransjer, s\u00e5vel som i n\u00e6ringslivet.\u00a0\u00a0<\/span><\/p>\n<p><span style=\"color: black;\">Dette kurset\u00a0er for deg som ikke har gjort noe improvisasjon f\u00f8r, og for deg som har gjort litt og vil terpe mer p\u00e5 basiskkunnskapene. Impro for nybegynnere tar for seg de grunnleggende verkt\u00f8yene man trenger for \u00e5 skape improvisert teater; akseptering, lytting, delt ansvar og \u00e5 bygge hverandre gode.\u00a0<\/span><\/p>\n<p><span style=\"color: black;\">Selv om impro handler om \u00e5 finne tilbake til spontaniteten og &laquo;leken&raquo; igjen, s\u00e5 handler den like mye om \u00e5 tilegne seg\u00a0teaterteknikk- og forst\u00e5else for \u00e5 kunne skape nye historier og scener for et publikum. Derfor vil dette kurset ogs\u00e5 fokusere en del p\u00e5 romforest\u00e5else, enkel innf\u00f8ring i\u00a0dramaturgi og tilstedev\u00e6relse p\u00e5 scenen.<\/span><\/p>\n<p><span style=\"color: black;\">Kurset har som m\u00e5l \u00e5 trene de improvisasjonsverkt\u00f8yene man trenger for \u00e5 til slutt\u00a0spille foran et publikum, men som selvf\u00f8lgelig\u00a0ogs\u00e5 kan overf\u00f8res til andre arenaer. Vi skal ha det g\u00f8y og bli enda mer kjent med hva man er i stand til \u00e5 kunne skape ut av (tilsynelatende) ingenting!<\/span><\/p>\n<p>[\/et_pb_text][et_pb_text _builder_version=&raquo;3.0.106&#8243; background_layout=&raquo;light&raquo;]<\/p>\n<p><a href=\"https:\/\/old.natf.no\/td2018\/wp-content\/uploads\/sites\/9\/2018\/05\/Kristin-Jess-Rodin2-fra-DAT-siden27642.jpg\"><img loading=\"lazy\" decoding=\"async\" class=\"wp-image-1243 alignleft\" src=\"https:\/\/old.natf.no\/td2018\/wp-content\/uploads\/sites\/9\/2018\/05\/Kristin-Jess-Rodin2-fra-DAT-siden27642.jpg\" alt=\"\" width=\"180\" height=\"180\" srcset=\"https:\/\/old.natf.no\/td2018\/wp-content\/uploads\/sites\/9\/2018\/05\/Kristin-Jess-Rodin2-fra-DAT-siden27642.jpg 960w, https:\/\/old.natf.no\/td2018\/wp-content\/uploads\/sites\/9\/2018\/05\/Kristin-Jess-Rodin2-fra-DAT-siden27642-150x150.jpg 150w, https:\/\/old.natf.no\/td2018\/wp-content\/uploads\/sites\/9\/2018\/05\/Kristin-Jess-Rodin2-fra-DAT-siden27642-300x300.jpg 300w, https:\/\/old.natf.no\/td2018\/wp-content\/uploads\/sites\/9\/2018\/05\/Kristin-Jess-Rodin2-fra-DAT-siden27642-768x768.jpg 768w\" sizes=\"auto, (max-width: 180px) 100vw, 180px\" \/><\/a><\/p>\n<p><strong>Kursholder: Kristin Jess Rodin<\/strong>\u00a0jobber som\u00a0skuespiller, og er\u00a0en del av ensemblet ved Det Andre Teatret i Oslo &#8211; Europas st\u00f8rste improvisasjonsteater. Ved siden av at hun\u00a0spiller ukentlige improforestillinger ved teatret har hun turnert med forestillinger til blant annet New York, Los Angeles og San Francisco(US), Cape Town(SA), og formet og spilt forestillinger i Edmonton(CA) med improgruppen Rapid Fire. P\u00e5 teatret holder hun ogs\u00e5 kurs for niv\u00e5 1 og 2, og for n\u00e6ringslivet utenfor huset. Ellers er hun \u00e5 se p\u00e5 &laquo;Unge, lovende&raquo;(NRK), &laquo;Hvite Gutter&raquo;(TVNorge) og som Siggen i &laquo;Neste Sommer&raquo;(TVNorge).<\/p>\n<p>[\/et_pb_text][\/et_pb_column][et_pb_column type=&raquo;1_4&#8243;][et_pb_text _builder_version=&raquo;3.0.106&#8243; background_layout=&raquo;light&raquo;]<\/p>\n<h2><strong>Kursoversikt<\/strong><\/h2>\n<p>[\/et_pb_text][et_pb_sidebar _builder_version=&raquo;3.0.106&#8243; area=&raquo;et_pb_widget_area_2&#8243; orientation=&raquo;left&raquo; show_border=&raquo;on&raquo; background_layout=&raquo;light&raquo; \/][et_pb_button _builder_version=&raquo;3.0.106&#8243; button_text=&raquo;P\u00e5melding&raquo; button_url=&raquo;https:\/\/old.natf.no\/td2018\/pamelding\/&raquo; url_new_window=&raquo;off&raquo; background_layout=&raquo;dark&raquo; custom_button=&raquo;on&raquo; button_text_color=&raquo;#ffffff&raquo; button_bg_color=&raquo;#006666&#8243; button_icon_placement=&raquo;right&raquo; \/][\/et_pb_column][\/et_pb_row][\/et_pb_section]<\/p>\n","protected":false},"excerpt":{"rendered":"<p>Improvisasjon har de siste \u00e5rene blitt en velkjent teater- og underholdningsform i Norge, og er blitt veldig popul\u00e6r b\u00e5de som ren form, men ogs\u00e5 som verkt\u00f8y i andre kreative bransjer, s\u00e5vel som i n\u00e6ringslivet. <\/p>\n","protected":false},"author":9,"featured_media":0,"parent":0,"menu_order":0,"comment_status":"closed","ping_status":"closed","template":"","meta":{"_acf_changed":false,"_et_pb_use_builder":"on","_et_pb_old_content":"","_et_gb_content_width":"","inline_featured_image":false,"footnotes":""},"categories":[],"tags":[],"class_list":["post-1183","page","type-page","status-publish","hentry"],"acf":[],"_links":{"self":[{"href":"https:\/\/old.natf.no\/td2018\/wp-json\/wp\/v2\/pages\/1183","targetHints":{"allow":["GET"]}}],"collection":[{"href":"https:\/\/old.natf.no\/td2018\/wp-json\/wp\/v2\/pages"}],"about":[{"href":"https:\/\/old.natf.no\/td2018\/wp-json\/wp\/v2\/types\/page"}],"author":[{"embeddable":true,"href":"https:\/\/old.natf.no\/td2018\/wp-json\/wp\/v2\/users\/9"}],"replies":[{"embeddable":true,"href":"https:\/\/old.natf.no\/td2018\/wp-json\/wp\/v2\/comments?post=1183"}],"version-history":[{"count":0,"href":"https:\/\/old.natf.no\/td2018\/wp-json\/wp\/v2\/pages\/1183\/revisions"}],"wp:attachment":[{"href":"https:\/\/old.natf.no\/td2018\/wp-json\/wp\/v2\/media?parent=1183"}],"wp:term":[{"taxonomy":"category","embeddable":true,"href":"https:\/\/old.natf.no\/td2018\/wp-json\/wp\/v2\/categories?post=1183"},{"taxonomy":"post_tag","embeddable":true,"href":"https:\/\/old.natf.no\/td2018\/wp-json\/wp\/v2\/tags?post=1183"}],"curies":[{"name":"wp","href":"https:\/\/api.w.org\/{rel}","templated":true}]}}