{"id":1181,"date":"2018-05-16T14:07:38","date_gmt":"2018-05-16T12:07:38","guid":{"rendered":"https:\/\/natfno.wpengine.com\/td2018\/?page_id=1181"},"modified":"2018-06-07T10:54:00","modified_gmt":"2018-06-07T08:54:00","slug":"improvisasjon-viderekommende","status":"publish","type":"page","link":"https:\/\/old.natf.no\/td2018\/improvisasjon-viderekommende\/","title":{"rendered":"Improvisasjon &#8211; viderekommende"},"content":{"rendered":"<p>[et_pb_section bb_built=&raquo;1&#8243;][et_pb_row][et_pb_column type=&raquo;3_4&#8243;][et_pb_text _builder_version=&raquo;3.0.106&#8243; background_layout=&raquo;light&raquo;]<\/p>\n<h2><strong>Improvisasjon for viderekommende<\/strong><\/h2>\n<p>[\/et_pb_text][et_pb_text _builder_version=&raquo;3.0.106&#8243; background_layout=&raquo;light&raquo;]<\/p>\n<p>Kurset er rettet mot de som har erfaring med Impro og som \u00f8nsker \u00e5 fordype seg i improvisasjonsteater. P\u00e5 kurset kommer vi til \u00e5 g\u00e5 raskt gjennom grunnprinsippene i Impro, for s\u00e5 \u00e5 arbeide med mer avansert improviserte scener, hvor vi bruker Keith Johnstones teknikk \u00abplattform og tilt.\u00bb<\/p>\n<p>Vi skal arbeide med de ferdighetene vi trenger for \u00e5 lage improviserte historier.<\/p>\n<p>Vi skal ogs\u00e5 utforske hvordan vi kan bruke velkjente improvisasjonsteknikker som verkt\u00f8y for \u00e5 utvikle karakterer og spisse skuespillerteknikk.<\/p>\n<p><strong>Ikke minst, vi skal ha det g\u00f8y og le mye!<\/strong><\/p>\n<p>[\/et_pb_text][et_pb_text _builder_version=&raquo;3.0.106&#8243; background_layout=&raquo;light&raquo;]<\/p>\n<p><a href=\"https:\/\/old.natf.no\/td2018\/wp-content\/uploads\/sites\/9\/2018\/05\/Tony-Totino.jpg\"><img loading=\"lazy\" decoding=\"async\" class=\"wp-image-1225 alignleft\" src=\"https:\/\/old.natf.no\/td2018\/wp-content\/uploads\/sites\/9\/2018\/05\/Tony-Totino-1024x1021.jpg\" alt=\"\" width=\"162\" height=\"161\" srcset=\"https:\/\/old.natf.no\/td2018\/wp-content\/uploads\/sites\/9\/2018\/05\/Tony-Totino-1024x1021.jpg 1024w, https:\/\/old.natf.no\/td2018\/wp-content\/uploads\/sites\/9\/2018\/05\/Tony-Totino-150x150.jpg 150w, https:\/\/old.natf.no\/td2018\/wp-content\/uploads\/sites\/9\/2018\/05\/Tony-Totino-300x300.jpg 300w, https:\/\/old.natf.no\/td2018\/wp-content\/uploads\/sites\/9\/2018\/05\/Tony-Totino-768x765.jpg 768w, https:\/\/old.natf.no\/td2018\/wp-content\/uploads\/sites\/9\/2018\/05\/Tony-Totino-1080x1076.jpg 1080w, https:\/\/old.natf.no\/td2018\/wp-content\/uploads\/sites\/9\/2018\/05\/Tony-Totino.jpg 1535w\" sizes=\"auto, (max-width: 162px) 100vw, 162px\" \/><\/a><\/p>\n<p><strong>Kursholder: Anthony Totino<\/strong> <strong>aka Tony<\/strong> var en av de opprinnelige medlemmene av Loose Moose Theater i Calgary (anno 1977) som er regnet som gruppen som startet hele Teatersport b\u00f8lgen. I dag er han regnet som en av Norges fremste eksperter p\u00e5 Improvisert teater. Tony er selv improvisat\u00f8r og regiss\u00f8r som b\u00e5de spiller og holder kurs bl.a. p\u00e5 Det Andre Teatret.<\/p>\n<p>[\/et_pb_text][\/et_pb_column][et_pb_column type=&raquo;1_4&#8243;][et_pb_text _builder_version=&raquo;3.0.106&#8243; background_layout=&raquo;light&raquo;]<\/p>\n<h2><strong>Kursoversikt<\/strong><\/h2>\n<p>[\/et_pb_text][et_pb_sidebar _builder_version=&raquo;3.0.106&#8243; area=&raquo;et_pb_widget_area_2&#8243; orientation=&raquo;left&raquo; show_border=&raquo;on&raquo; background_layout=&raquo;light&raquo; \/][et_pb_button _builder_version=&raquo;3.0.106&#8243; button_text=&raquo;P\u00e5melding&raquo; button_url=&raquo;https:\/\/old.natf.no\/td2018\/pamelding\/&raquo; url_new_window=&raquo;off&raquo; background_layout=&raquo;dark&raquo; custom_button=&raquo;on&raquo; button_text_color=&raquo;#ffffff&raquo; button_bg_color=&raquo;#006666&#8243; button_icon_placement=&raquo;right&raquo; \/][\/et_pb_column][\/et_pb_row][\/et_pb_section]<\/p>\n","protected":false},"excerpt":{"rendered":"<p>Kurset er rettet mot de som har erfaring med Impro og som \u00f8nsker \u00e5 fordype seg i improvisasjonsteater. P\u00e5 kurset kommer vi til \u00e5 g\u00e5 raskt gjennom grunnprinsippene i Impro, for s\u00e5 \u00e5 arbeide med mer avansert improviserte scener, hvor vi bruker Keith Johnstones teknikk \u00abplattform og tilt.\u00bb<\/p>\n","protected":false},"author":9,"featured_media":0,"parent":0,"menu_order":0,"comment_status":"closed","ping_status":"closed","template":"","meta":{"_acf_changed":false,"_et_pb_use_builder":"on","_et_pb_old_content":"","_et_gb_content_width":"","inline_featured_image":false,"footnotes":""},"categories":[],"tags":[],"class_list":["post-1181","page","type-page","status-publish","hentry"],"acf":[],"_links":{"self":[{"href":"https:\/\/old.natf.no\/td2018\/wp-json\/wp\/v2\/pages\/1181","targetHints":{"allow":["GET"]}}],"collection":[{"href":"https:\/\/old.natf.no\/td2018\/wp-json\/wp\/v2\/pages"}],"about":[{"href":"https:\/\/old.natf.no\/td2018\/wp-json\/wp\/v2\/types\/page"}],"author":[{"embeddable":true,"href":"https:\/\/old.natf.no\/td2018\/wp-json\/wp\/v2\/users\/9"}],"replies":[{"embeddable":true,"href":"https:\/\/old.natf.no\/td2018\/wp-json\/wp\/v2\/comments?post=1181"}],"version-history":[{"count":0,"href":"https:\/\/old.natf.no\/td2018\/wp-json\/wp\/v2\/pages\/1181\/revisions"}],"wp:attachment":[{"href":"https:\/\/old.natf.no\/td2018\/wp-json\/wp\/v2\/media?parent=1181"}],"wp:term":[{"taxonomy":"category","embeddable":true,"href":"https:\/\/old.natf.no\/td2018\/wp-json\/wp\/v2\/categories?post=1181"},{"taxonomy":"post_tag","embeddable":true,"href":"https:\/\/old.natf.no\/td2018\/wp-json\/wp\/v2\/tags?post=1181"}],"curies":[{"name":"wp","href":"https:\/\/api.w.org\/{rel}","templated":true}]}}