{"id":1180,"date":"2018-05-16T14:07:38","date_gmt":"2018-05-16T12:07:38","guid":{"rendered":"https:\/\/natfno.wpengine.com\/td2018\/?page_id=1180"},"modified":"2018-06-07T11:26:10","modified_gmt":"2018-06-07T09:26:10","slug":"kostymekurs","status":"publish","type":"page","link":"https:\/\/old.natf.no\/td2018\/kostymekurs\/","title":{"rendered":"Kostymekurs"},"content":{"rendered":"<p>[et_pb_section bb_built=&raquo;1&#8243;][et_pb_row][et_pb_column type=&raquo;3_4&#8243;][et_pb_text _builder_version=&raquo;3.0.106&#8243; background_layout=&raquo;light&raquo;]<\/p>\n<h2><strong>Kostymekurs<\/strong><\/h2>\n<p>[\/et_pb_text][et_pb_text _builder_version=&raquo;3.0.106&#8243; background_layout=&raquo;light&raquo;]<\/p>\n<p>Kurset gir en introduksjon til kostymearbeid og kreativ kostymelaging.<br \/>\nVi vil bruke skumgummi som materiale og unders\u00f8ke hvilke muligheter som ligger i form og uttrykk i dette materialet. F\u00f8rst lager vi enkle grunnkostymer som kappe, genser, kjole eller lignende. Deretter vil vi jobbe med overflaten; farging og ulike former for manipulering. M\u00e5let er at deltakerne skal lage hvert sitt kostyme og samtidig f\u00e5 innspill til hvordan kan jobbe med id\u00e9er og utvikle kreative kostymer.<\/p>\n<p>[\/et_pb_text][et_pb_text _builder_version=&raquo;3.0.106&#8243; background_layout=&raquo;light&raquo;]<\/p>\n<p><em>Bildene fra &laquo;Forestillingen&raquo; spilt p\u00e5 Sentralen i Oslo nov. 2017 er eksempler p\u00e5 masker Kristine har laget, med skumgummi som materiale.<\/em><\/p>\n<p>[\/et_pb_text][et_pb_gallery _builder_version=&raquo;3.0.106&#8243; posts_number=&raquo;2&#8243; show_title_and_caption=&raquo;off&raquo; show_pagination=&raquo;off&raquo; fullwidth=&raquo;off&raquo; orientation=&raquo;landscape&raquo; zoom_icon_color=&raquo;#2ea3f2&#8243; hover_overlay_color=&raquo;rgba(255,255,255,0.9)&raquo; background_layout=&raquo;light&raquo; pagination_font_size_tablet=&raquo;51&#8243; pagination_line_height_tablet=&raquo;2&#8243; gallery_ids=&raquo;1159,1158&#8243; \/][et_pb_text _builder_version=&raquo;3.0.106&#8243; background_layout=&raquo;light&raquo;]<\/p>\n<p><a href=\"https:\/\/old.natf.no\/td2018\/wp-content\/uploads\/sites\/9\/2018\/05\/Krisitne-Gjems.jpg\"><img loading=\"lazy\" decoding=\"async\" class=\"wp-image-1327 alignleft\" src=\"https:\/\/old.natf.no\/td2018\/wp-content\/uploads\/sites\/9\/2018\/05\/Krisitne-Gjems-768x1024.jpg\" alt=\"\" width=\"133\" height=\"177\" srcset=\"https:\/\/old.natf.no\/td2018\/wp-content\/uploads\/sites\/9\/2018\/05\/Krisitne-Gjems-768x1024.jpg 768w, https:\/\/old.natf.no\/td2018\/wp-content\/uploads\/sites\/9\/2018\/05\/Krisitne-Gjems-225x300.jpg 225w, https:\/\/old.natf.no\/td2018\/wp-content\/uploads\/sites\/9\/2018\/05\/Krisitne-Gjems-1080x1440.jpg 1080w, https:\/\/old.natf.no\/td2018\/wp-content\/uploads\/sites\/9\/2018\/05\/Krisitne-Gjems.jpg 1536w\" sizes=\"auto, (max-width: 133px) 100vw, 133px\" \/><\/a><\/p>\n<p><strong>Kursholder: Kristine Gjems<\/strong> jobber som kostymedesigner, basert i Oslo. Hun har Master i kostymedesign fra Kunsth\u00f8gskolen i Oslo. De siste \u00e5rene har hun jobbet med kostyme, maske og scenografi til en rekke scenekunstproduksjoner innen teater og dans.<\/p>\n<p>[\/et_pb_text][\/et_pb_column][et_pb_column type=&raquo;1_4&#8243;][et_pb_text _builder_version=&raquo;3.0.106&#8243; background_layout=&raquo;light&raquo;]<\/p>\n<h2 style=\"text-align: center;\"><strong>Kursoversikt<\/strong><\/h2>\n<p>[\/et_pb_text][et_pb_sidebar _builder_version=&raquo;3.0.106&#8243; area=&raquo;et_pb_widget_area_2&#8243; orientation=&raquo;right&raquo; show_border=&raquo;on&raquo; background_layout=&raquo;light&raquo; \/][et_pb_button _builder_version=&raquo;3.0.106&#8243; button_text=&raquo;P\u00e5melding&raquo; url_new_window=&raquo;on&raquo; background_layout=&raquo;light&raquo; custom_button=&raquo;on&raquo; button_icon_placement=&raquo;right&raquo; button_border_color=&raquo;#ffffff&raquo; button_use_icon=&raquo;off&raquo; button_text_color=&raquo;#ffffff&raquo; button_alignment=&raquo;center&raquo; button_bg_color=&raquo;#006666&#8243; button_url=&raquo;\/td2018\/pamelding\/&raquo; \/][\/et_pb_column][\/et_pb_row][\/et_pb_section]<\/p>\n","protected":false},"excerpt":{"rendered":"<p>Kurset gir en introduksjon til kostymearbeid og kreativ kostymelaging.<\/p>\n","protected":false},"author":9,"featured_media":0,"parent":0,"menu_order":0,"comment_status":"closed","ping_status":"closed","template":"","meta":{"_acf_changed":false,"_et_pb_use_builder":"on","_et_pb_old_content":"","_et_gb_content_width":"","inline_featured_image":false,"footnotes":""},"categories":[],"tags":[],"class_list":["post-1180","page","type-page","status-publish","hentry"],"acf":[],"_links":{"self":[{"href":"https:\/\/old.natf.no\/td2018\/wp-json\/wp\/v2\/pages\/1180","targetHints":{"allow":["GET"]}}],"collection":[{"href":"https:\/\/old.natf.no\/td2018\/wp-json\/wp\/v2\/pages"}],"about":[{"href":"https:\/\/old.natf.no\/td2018\/wp-json\/wp\/v2\/types\/page"}],"author":[{"embeddable":true,"href":"https:\/\/old.natf.no\/td2018\/wp-json\/wp\/v2\/users\/9"}],"replies":[{"embeddable":true,"href":"https:\/\/old.natf.no\/td2018\/wp-json\/wp\/v2\/comments?post=1180"}],"version-history":[{"count":0,"href":"https:\/\/old.natf.no\/td2018\/wp-json\/wp\/v2\/pages\/1180\/revisions"}],"wp:attachment":[{"href":"https:\/\/old.natf.no\/td2018\/wp-json\/wp\/v2\/media?parent=1180"}],"wp:term":[{"taxonomy":"category","embeddable":true,"href":"https:\/\/old.natf.no\/td2018\/wp-json\/wp\/v2\/categories?post=1180"},{"taxonomy":"post_tag","embeddable":true,"href":"https:\/\/old.natf.no\/td2018\/wp-json\/wp\/v2\/tags?post=1180"}],"curies":[{"name":"wp","href":"https:\/\/api.w.org\/{rel}","templated":true}]}}