{"id":1179,"date":"2018-05-16T14:07:38","date_gmt":"2018-05-16T12:07:38","guid":{"rendered":"https:\/\/natfno.wpengine.com\/td2018\/?page_id=1179"},"modified":"2018-06-07T11:43:51","modified_gmt":"2018-06-07T09:43:51","slug":"pop-up-kor","status":"publish","type":"page","link":"https:\/\/old.natf.no\/td2018\/pop-up-kor\/","title":{"rendered":"Pop Up Kor"},"content":{"rendered":"<p>[et_pb_section bb_built=&raquo;1&#8243;][et_pb_row][et_pb_column type=&raquo;3_4&#8243;][et_pb_text _builder_version=&raquo;3.0.106&#8243; background_layout=&raquo;light&raquo;]<\/p>\n<h2><strong>Pop Up Kor<\/strong><\/h2>\n<p>[\/et_pb_text][et_pb_text _builder_version=&raquo;3.0.106&#8243; background_layout=&raquo;light&raquo;]<\/p>\n<p>Den beste m\u00e5ten \u00e5 l\u00e6re \u00e5 synge p\u00e5, er \u00e5 synge! Velkommen til en energisk reise gjennom forskjellige sjangre. Kurset inneholder repertoar fra GOSPEL, MUSIKAL, og POP.<br \/>\nVi utforsker forskjellige vokalteknikker fra disse forskjellige sjangrene.<\/p>\n<p>Vi er innom pusteteknikk, intonasjon, artikulasjon, rytme, dynamikk og formidling.<\/p>\n<p>Fokus p\u00e5 kurset er \u00e5 inspirere, l\u00e6re, v\u00e6re sosial, og \u00e5 skape magi sammen. Hvis du har en hemmelig dr\u00f8m om \u00e5 synge solo \u2013 s\u00e5 er det mulighet for det.<br \/>\nKurset er for alle, b\u00e5de uerfarne og erfarne sangere.<br \/>\nM\u00e5let er sangglede og \u00e5 opptre for publikum den siste dagen.<\/p>\n<p>[\/et_pb_text][et_pb_text _builder_version=&raquo;3.0.106&#8243; background_layout=&raquo;light&raquo;]<\/p>\n<h4><strong>Kursholdere:<\/strong><\/h4>\n<p>[\/et_pb_text][et_pb_text _builder_version=&raquo;3.0.106&#8243; background_layout=&raquo;light&raquo;]<\/p>\n<p><a href=\"https:\/\/old.natf.no\/td2018\/wp-content\/uploads\/sites\/9\/2018\/05\/Pop-Up-Kor-bilde-e1525679056495.jpg\"><img loading=\"lazy\" decoding=\"async\" class=\"wp-image-1223 alignleft\" src=\"https:\/\/old.natf.no\/td2018\/wp-content\/uploads\/sites\/9\/2018\/05\/Pop-Up-Kor-bilde-e1525679056495-1024x683.jpg\" alt=\"\" width=\"182\" height=\"121\" srcset=\"https:\/\/old.natf.no\/td2018\/wp-content\/uploads\/sites\/9\/2018\/05\/Pop-Up-Kor-bilde-e1525679056495-1024x683.jpg 1024w, https:\/\/old.natf.no\/td2018\/wp-content\/uploads\/sites\/9\/2018\/05\/Pop-Up-Kor-bilde-e1525679056495-300x200.jpg 300w, https:\/\/old.natf.no\/td2018\/wp-content\/uploads\/sites\/9\/2018\/05\/Pop-Up-Kor-bilde-e1525679056495-768x512.jpg 768w, https:\/\/old.natf.no\/td2018\/wp-content\/uploads\/sites\/9\/2018\/05\/Pop-Up-Kor-bilde-e1525679056495.jpg 1069w\" sizes=\"auto, (max-width: 182px) 100vw, 182px\" \/><\/a><\/p>\n<p><strong>CAROL KVANDE <\/strong>er ut\u00f8vende sanger, sangpedagog, kordirigent, og regiss\u00f8r.<br \/>\nSom freelancer har hun v\u00e6rt med i flere CD produksjoner, musikaler og teaterstykker. Hun jobber ogs\u00e5 som regiss\u00f8r og instrukt\u00f8r i prosjektet Kulturhjerte, Lillehammer amat\u00f8rteater og Vingrom kirkes guttekor.\u00a0 Carol er opprinnelig fra S\u00f8r-Afrika, men bor p\u00e5 Lillehammer.<\/p>\n<p><strong>JAKOB LUND PAULSEN<\/strong> er pianist, kordirigent og komponist og har i flere \u00e5r fungert som sessionmusiker for ulike kunstnere p\u00e5 danske, tyske og norske scener.\u00a0 Jakob har et bredt repertoar bak seg, med et 25 \u00e5r langt musikkliv som har brakt han rundt i sjangere som prog-rock, rock, pop, jazz, folk og gospelmusikk. Jakob er dansk og bor p\u00e5 Lillehammer.<\/p>\n<p>[\/et_pb_text][\/et_pb_column][et_pb_column type=&raquo;1_4&#8243;][et_pb_text _builder_version=&raquo;3.0.106&#8243; background_layout=&raquo;light&raquo;]<\/p>\n<h2 style=\"text-align: center;\"><strong>Kursoversikt<\/strong><\/h2>\n<p>[\/et_pb_text][et_pb_sidebar _builder_version=&raquo;3.0.106&#8243; area=&raquo;et_pb_widget_area_2&#8243; orientation=&raquo;left&raquo; show_border=&raquo;on&raquo; background_layout=&raquo;light&raquo; \/][et_pb_button _builder_version=&raquo;3.0.106&#8243; button_text=&raquo;P\u00e5melding&raquo; url_new_window=&raquo;on&raquo; background_layout=&raquo;light&raquo; custom_button=&raquo;on&raquo; button_icon_placement=&raquo;right&raquo; button_bg_color=&raquo;#006666&#8243; button_border_color=&raquo;#ffffff&raquo; button_use_icon=&raquo;off&raquo; button_text_color=&raquo;#ffffff&raquo; button_alignment=&raquo;center&raquo; button_url=&raquo;\/td2018\/pamelding\/&raquo; \/][\/et_pb_column][\/et_pb_row][\/et_pb_section]<\/p>\n","protected":false},"excerpt":{"rendered":"<p>Den beste m\u00e5ten \u00e5 l\u00e6re \u00e5 synge p\u00e5, er \u00e5 synge! Velkommen til en energisk reise gjennom forskjellige sjangre. Kurset inneholder repertoar fra GOSPEL, MUSIKAL, og POP.<\/p>\n","protected":false},"author":9,"featured_media":0,"parent":0,"menu_order":0,"comment_status":"closed","ping_status":"closed","template":"","meta":{"_acf_changed":false,"_et_pb_use_builder":"on","_et_pb_old_content":"","_et_gb_content_width":"","inline_featured_image":false,"footnotes":""},"categories":[],"tags":[],"class_list":["post-1179","page","type-page","status-publish","hentry"],"acf":[],"_links":{"self":[{"href":"https:\/\/old.natf.no\/td2018\/wp-json\/wp\/v2\/pages\/1179","targetHints":{"allow":["GET"]}}],"collection":[{"href":"https:\/\/old.natf.no\/td2018\/wp-json\/wp\/v2\/pages"}],"about":[{"href":"https:\/\/old.natf.no\/td2018\/wp-json\/wp\/v2\/types\/page"}],"author":[{"embeddable":true,"href":"https:\/\/old.natf.no\/td2018\/wp-json\/wp\/v2\/users\/9"}],"replies":[{"embeddable":true,"href":"https:\/\/old.natf.no\/td2018\/wp-json\/wp\/v2\/comments?post=1179"}],"version-history":[{"count":0,"href":"https:\/\/old.natf.no\/td2018\/wp-json\/wp\/v2\/pages\/1179\/revisions"}],"wp:attachment":[{"href":"https:\/\/old.natf.no\/td2018\/wp-json\/wp\/v2\/media?parent=1179"}],"wp:term":[{"taxonomy":"category","embeddable":true,"href":"https:\/\/old.natf.no\/td2018\/wp-json\/wp\/v2\/categories?post=1179"},{"taxonomy":"post_tag","embeddable":true,"href":"https:\/\/old.natf.no\/td2018\/wp-json\/wp\/v2\/tags?post=1179"}],"curies":[{"name":"wp","href":"https:\/\/api.w.org\/{rel}","templated":true}]}}