{"id":1178,"date":"2018-05-16T14:08:48","date_gmt":"2018-05-16T12:08:48","guid":{"rendered":"https:\/\/natfno.wpengine.com\/td2018\/?page_id=1178"},"modified":"2018-06-25T09:37:17","modified_gmt":"2018-06-25T07:37:17","slug":"steppdans","status":"publish","type":"page","link":"https:\/\/old.natf.no\/td2018\/steppdans\/","title":{"rendered":"Steppdans"},"content":{"rendered":"<p>[et_pb_section bb_built=&raquo;1&#8243;][et_pb_row][et_pb_column type=&raquo;3_4&#8243;][et_pb_text _builder_version=&raquo;3.0.106&#8243; background_layout=&raquo;light&raquo;]<\/p>\n<h2><strong>Steppdans<\/strong><\/h2>\n<p>[\/et_pb_text][et_pb_text _builder_version=&raquo;3.0.106&#8243; background_layout=&raquo;light&raquo;]<\/p>\n<p><strong><em>Som steppdanser kan du v\u00e6re b\u00e5de danser og musiker p\u00e5 en gang!<\/em><\/strong><br \/>\nSteppdans er i utgangspunktet en individuell danseform som har utviklet seg gjennom tidene og har tatt til seg musikalske og fysiske uttrykk fra forskjellige kulturer og stiler.<\/p>\n<p>P\u00e5 dette kurset tar vi utgangspunkt i at alle er nybegynnere.<\/p>\n<p>Vi fokuserer p\u00e5 teknikk og musikalitet samtidig som det formidles historie og tradisjon fra begynnelsen fram til i dag. Det betyr at vi l\u00e6rer enkle trinn og jobber med rytmiske m\u00f8nstre, som vi kan sette inn i b\u00e5de tradisjonell og moderne form og musikk. Vi kommer ogs\u00e5 til \u00e5 jobbe med en koreografi, kanskje vi til og med skaper noe av den sammen!<\/p>\n<p>Steppdans er p\u00e5 vei inn i teatrene igjen, og det er lov \u00e5 tenke utenfor boksen.<br \/>\nHer kan du f\u00e5 med deg nye trinn og verkt\u00f8y p\u00e5 veien.<\/p>\n<p><a href=\"https:\/\/www.youtube.com\/watch?v=SjOYbMsXNw8\" target=\"_blank\" rel=\"noopener\">Ta en titt her.<\/a><\/p>\n<p><strong>NB: Kurset varer i 8 timer.<br \/>\nFredag 19 :00 til 21:00, L\u00f8rdag 09:00 &#8211; 12:00, s\u00f8ndag 10:00 &#8211; 13:00<br \/>\nSted: Lillehammer og Gj\u00f8vik Dansesenter, Brubakken 2, Lillehammer<br \/>\n<\/strong><\/p>\n<p>[\/et_pb_text][et_pb_text _builder_version=&raquo;3.0.106&#8243; background_layout=&raquo;light&raquo;]<\/p>\n<p><a href=\"https:\/\/old.natf.no\/td2018\/wp-content\/uploads\/sites\/9\/2018\/05\/Steppdans-bilde.jpg\"><img loading=\"lazy\" decoding=\"async\" class=\"wp-image-1226 alignleft\" src=\"https:\/\/old.natf.no\/td2018\/wp-content\/uploads\/sites\/9\/2018\/05\/Steppdans-bilde-771x1024.jpg\" alt=\"\" width=\"159\" height=\"211\" srcset=\"https:\/\/old.natf.no\/td2018\/wp-content\/uploads\/sites\/9\/2018\/05\/Steppdans-bilde-771x1024.jpg 771w, https:\/\/old.natf.no\/td2018\/wp-content\/uploads\/sites\/9\/2018\/05\/Steppdans-bilde-226x300.jpg 226w, https:\/\/old.natf.no\/td2018\/wp-content\/uploads\/sites\/9\/2018\/05\/Steppdans-bilde-768x1020.jpg 768w, https:\/\/old.natf.no\/td2018\/wp-content\/uploads\/sites\/9\/2018\/05\/Steppdans-bilde-1080x1434.jpg 1080w, https:\/\/old.natf.no\/td2018\/wp-content\/uploads\/sites\/9\/2018\/05\/Steppdans-bilde.jpg 1920w\" sizes=\"auto, (max-width: 159px) 100vw, 159px\" \/><\/a><\/p>\n<p><strong>Kursholder: Annelie Moe<\/strong>\u00a0er en av landets f\u00e5 profesjonelle steppdansere og frontfigur i det norske steppdansmilj\u00f8et. Hun har sin utdannelse fra B\u00e5rdar Akademiet, hvor hun n\u00e5 er steppdansl\u00e6rer. Hun har medvirket i en rekke tv- og teaterproduksjoner b\u00e5de nasjonalt og internasjonalt som ut\u00f8vende og som koreograf. Anneli stiftet Oslo SteppdansKompani\/Oslo Tap Crew.\u00a0 Hun jobber ogs\u00e5 som soloartist i forskjellige musikersamarbeid, i tillegg medvirker hun i internasjonale prosjekter, n\u00e5 sist med Sebastian Weber Company i Tyskland. De siste \u00e5rene har hun koreografert for flere av teatrene i Oslo i forbindelse med bl.a. Billy Elliot, Mary Poppins, Jungelboka og Book of Mormons.<\/p>\n<p>[\/et_pb_text][\/et_pb_column][et_pb_column type=&raquo;1_4&#8243;][et_pb_text _builder_version=&raquo;3.0.106&#8243; background_layout=&raquo;light&raquo;]<\/p>\n<h2 style=\"text-align: center\"><strong>Kursoversikt<\/strong><\/h2>\n<p>[\/et_pb_text][et_pb_sidebar _builder_version=&raquo;3.0.106&#8243; area=&raquo;et_pb_widget_area_2&#8243; orientation=&raquo;left&raquo; show_border=&raquo;on&raquo; background_layout=&raquo;light&raquo; \/][et_pb_button _builder_version=&raquo;3.0.106&#8243; button_text=&raquo;P\u00e5melding&raquo; url_new_window=&raquo;on&raquo; background_layout=&raquo;light&raquo; custom_button=&raquo;on&raquo; button_icon_placement=&raquo;right&raquo; button_bg_color=&raquo;#006666&#8243; button_border_color=&raquo;#ffffff&raquo; button_use_icon=&raquo;off&raquo; button_text_color=&raquo;#ffffff&raquo; button_alignment=&raquo;center&raquo; button_url=&raquo;\/td2018\/pamelding\/&raquo; \/][\/et_pb_column][\/et_pb_row][\/et_pb_section]<\/p>\n","protected":false},"excerpt":{"rendered":"<p>Som steppdanser kan du v\u00e6re b\u00e5de danser og musiker p\u00e5 en gang!<br \/>\nSteppdans er i utgangspunktet en individuell danseform som har utviklet seg gjennom tidene og har tatt til seg musikalske og fysiske uttrykk fra forskjellige kulturer og stiler.<\/p>\n","protected":false},"author":9,"featured_media":0,"parent":0,"menu_order":0,"comment_status":"closed","ping_status":"closed","template":"","meta":{"_acf_changed":false,"_et_pb_use_builder":"on","_et_pb_old_content":"","_et_gb_content_width":"","inline_featured_image":false,"footnotes":""},"categories":[],"tags":[],"class_list":["post-1178","page","type-page","status-publish","hentry"],"acf":[],"_links":{"self":[{"href":"https:\/\/old.natf.no\/td2018\/wp-json\/wp\/v2\/pages\/1178","targetHints":{"allow":["GET"]}}],"collection":[{"href":"https:\/\/old.natf.no\/td2018\/wp-json\/wp\/v2\/pages"}],"about":[{"href":"https:\/\/old.natf.no\/td2018\/wp-json\/wp\/v2\/types\/page"}],"author":[{"embeddable":true,"href":"https:\/\/old.natf.no\/td2018\/wp-json\/wp\/v2\/users\/9"}],"replies":[{"embeddable":true,"href":"https:\/\/old.natf.no\/td2018\/wp-json\/wp\/v2\/comments?post=1178"}],"version-history":[{"count":0,"href":"https:\/\/old.natf.no\/td2018\/wp-json\/wp\/v2\/pages\/1178\/revisions"}],"wp:attachment":[{"href":"https:\/\/old.natf.no\/td2018\/wp-json\/wp\/v2\/media?parent=1178"}],"wp:term":[{"taxonomy":"category","embeddable":true,"href":"https:\/\/old.natf.no\/td2018\/wp-json\/wp\/v2\/categories?post=1178"},{"taxonomy":"post_tag","embeddable":true,"href":"https:\/\/old.natf.no\/td2018\/wp-json\/wp\/v2\/tags?post=1178"}],"curies":[{"name":"wp","href":"https:\/\/api.w.org\/{rel}","templated":true}]}}