{"id":1177,"date":"2018-05-16T14:08:48","date_gmt":"2018-05-16T12:08:48","guid":{"rendered":"https:\/\/natfno.wpengine.com\/td2018\/?page_id=1177"},"modified":"2018-06-07T11:49:40","modified_gmt":"2018-06-07T09:49:40","slug":"stemmen-og-rytmen","status":"publish","type":"page","link":"https:\/\/old.natf.no\/td2018\/stemmen-og-rytmen\/","title":{"rendered":"Stemmen og Rytmen"},"content":{"rendered":"<p>[et_pb_section bb_built=&raquo;1&#8243;][et_pb_row][et_pb_column type=&raquo;3_4&#8243;][et_pb_text _builder_version=&raquo;3.0.106&#8243; background_layout=&raquo;light&raquo;]<\/p>\n<h2><b>Stemmen og Rytmen<\/b><\/h2>\n<p>[\/et_pb_text][et_pb_text _builder_version=&raquo;3.0.106&#8243; background_layout=&raquo;light&raquo;]<\/p>\n<p>I dette kurset fokuseres det p\u00e5 \u00e5 produsere masse. Deltakerne kommer til \u00e5 unders\u00f8ke hvordan teksten og stemmen forholder seg til hverandre. Ikke bare den litter\u00e6re stemmen, men den vokale, for \u00e5 f\u00e5 kroppen med i den sceniske teksten.<br \/>\nFokuset ligger p\u00e5 en slags <em>method writing<\/em>, \u00e5 starte arbeidet med \u00e5 kunne skrive fra seg selv, slik som man p\u00e5 scenen hele tiden pr\u00f8ver \u00e5 spille p\u00e5 noe sant i seg selv.<\/p>\n<p>[\/et_pb_text][et_pb_text _builder_version=&raquo;3.0.106&#8243; background_layout=&raquo;light&raquo;]<\/p>\n<p><a href=\"https:\/\/old.natf.no\/td2018\/wp-content\/uploads\/sites\/9\/2018\/03\/Fredrik-Hoeyer-e1523531550557.jpg\"><img loading=\"lazy\" decoding=\"async\" class=\"wp-image-1156 alignleft\" src=\"https:\/\/old.natf.no\/td2018\/wp-content\/uploads\/sites\/9\/2018\/03\/Fredrik-Hoeyer-700x1024.jpg\" alt=\"\" width=\"182\" height=\"266\" \/><\/a><\/p>\n<p><strong>Kursholder: Fredrik H\u00f8yer<\/strong> er en norsk poet, dramatiker og skuespiller. Han er mest kjent for \u00e5 opptre med sine dikt, og har satt opp flere teatermonologer i sin s\u00e6regne slampoetiske form.<br \/>\nI 2016 spilte Fredrik H\u00f8yer monologen <em>Gr\u00f8nlands\u016btraen<\/em> p\u00e5 Nationaltheatret.<\/p>\n<p>[\/et_pb_text][\/et_pb_column][et_pb_column type=&raquo;1_4&#8243;][et_pb_text _builder_version=&raquo;3.0.106&#8243; background_layout=&raquo;light&raquo;]<\/p>\n<h2 style=\"text-align: center;\"><strong>Kursoversikt<\/strong><\/h2>\n<p>[\/et_pb_text][et_pb_sidebar _builder_version=&raquo;3.0.106&#8243; area=&raquo;et_pb_widget_area_2&#8243; orientation=&raquo;left&raquo; show_border=&raquo;on&raquo; background_layout=&raquo;light&raquo; \/][et_pb_button _builder_version=&raquo;3.0.106&#8243; button_text=&raquo;P\u00e5melding&raquo; url_new_window=&raquo;on&raquo; background_layout=&raquo;dark&raquo; custom_button=&raquo;on&raquo; button_icon_placement=&raquo;right&raquo; button_bg_color=&raquo;#006666&#8243; button_border_color=&raquo;#ffffff&raquo; button_use_icon=&raquo;off&raquo; button_text_color=&raquo;#ffffff&raquo; button_alignment=&raquo;center&raquo; button_url=&raquo;\/td2018\/pamelding\/&raquo; \/][\/et_pb_column][\/et_pb_row][\/et_pb_section]<\/p>\n","protected":false},"excerpt":{"rendered":"<p>I dette kurset fokuseres det p\u00e5 \u00e5 produsere masse. Deltakerne kommer til \u00e5 unders\u00f8ke hvordan teksten og stemmen forholder seg til hverandre.<\/p>\n","protected":false},"author":9,"featured_media":0,"parent":0,"menu_order":0,"comment_status":"closed","ping_status":"closed","template":"","meta":{"_acf_changed":false,"_et_pb_use_builder":"on","_et_pb_old_content":"","_et_gb_content_width":"","inline_featured_image":false,"footnotes":""},"categories":[],"tags":[],"class_list":["post-1177","page","type-page","status-publish","hentry"],"acf":[],"_links":{"self":[{"href":"https:\/\/old.natf.no\/td2018\/wp-json\/wp\/v2\/pages\/1177","targetHints":{"allow":["GET"]}}],"collection":[{"href":"https:\/\/old.natf.no\/td2018\/wp-json\/wp\/v2\/pages"}],"about":[{"href":"https:\/\/old.natf.no\/td2018\/wp-json\/wp\/v2\/types\/page"}],"author":[{"embeddable":true,"href":"https:\/\/old.natf.no\/td2018\/wp-json\/wp\/v2\/users\/9"}],"replies":[{"embeddable":true,"href":"https:\/\/old.natf.no\/td2018\/wp-json\/wp\/v2\/comments?post=1177"}],"version-history":[{"count":0,"href":"https:\/\/old.natf.no\/td2018\/wp-json\/wp\/v2\/pages\/1177\/revisions"}],"wp:attachment":[{"href":"https:\/\/old.natf.no\/td2018\/wp-json\/wp\/v2\/media?parent=1177"}],"wp:term":[{"taxonomy":"category","embeddable":true,"href":"https:\/\/old.natf.no\/td2018\/wp-json\/wp\/v2\/categories?post=1177"},{"taxonomy":"post_tag","embeddable":true,"href":"https:\/\/old.natf.no\/td2018\/wp-json\/wp\/v2\/tags?post=1177"}],"curies":[{"name":"wp","href":"https:\/\/api.w.org\/{rel}","templated":true}]}}