{"id":1175,"date":"2018-05-16T14:08:48","date_gmt":"2018-05-16T12:08:48","guid":{"rendered":"https:\/\/natfno.wpengine.com\/td2018\/?page_id=1175"},"modified":"2018-06-07T11:47:53","modified_gmt":"2018-06-07T09:47:53","slug":"sanford-meisner","status":"publish","type":"page","link":"https:\/\/old.natf.no\/td2018\/sanford-meisner\/","title":{"rendered":"Sanford Meisner"},"content":{"rendered":"<p>[et_pb_section bb_built=&raquo;1&#8243;][et_pb_row][et_pb_column type=&raquo;3_4&#8243;][et_pb_text _builder_version=&raquo;3.0.106&#8243; background_layout=&raquo;light&raquo;]<\/p>\n<h2><strong>Sanford Meisner &#8211; Skuespillerteknikk<\/strong><\/h2>\n<p>[\/et_pb_text][et_pb_text _builder_version=&raquo;3.0.106&#8243; background_layout=&raquo;light&raquo;]<\/p>\n<p>L\u00e6r hvordan du lager levende og interessante rollefigurer.<br \/>\nVed bruk av Sanford Meisner-teknikken vil du l\u00e6re hvordan du kan slippe deg l\u00f8s, f\u00f8lge dine impulser, og begynne \u00e5 leve her og n\u00e5 i \u00f8yeblikket. Ved \u00e5 finne dine egne unike f\u00f8lelsesmessige triggere, l\u00e6rer du raskt \u00e5 f\u00e5 tilgang til hele spekteret av emosjonelle tilstander og f\u00f8lelser.<\/p>\n<p>Skuespillere over hele verden har oppn\u00e5dd suksess med \u00e5 studere Meisner-teknikk fordi den l\u00e6rer deg \u00e5 reagere oppriktig og spontant p\u00e5 motspillers atferd fra \u00f8yeblikk til \u00f8yeblikk.<br \/>\nKurset egner seg b\u00e5de for erfarne og ferske skuespillere.<\/p>\n<p>Er du opptatt av \u00e5 snakke naturlig p\u00e5 scene eller i film er dette kurset helt klart for deg!<\/p>\n<p>[\/et_pb_text][et_pb_text _builder_version=&raquo;3.0.106&#8243; background_layout=&raquo;light&raquo;]<\/p>\n<p><a href=\"https:\/\/old.natf.no\/td2018\/wp-content\/uploads\/sites\/9\/2018\/05\/TD2018.jpg\"><img loading=\"lazy\" decoding=\"async\" class=\"wp-image-1227 alignleft\" src=\"https:\/\/old.natf.no\/td2018\/wp-content\/uploads\/sites\/9\/2018\/05\/TD2018.jpg\" alt=\"\" width=\"173\" height=\"260\" srcset=\"https:\/\/old.natf.no\/td2018\/wp-content\/uploads\/sites\/9\/2018\/05\/TD2018.jpg 635w, https:\/\/old.natf.no\/td2018\/wp-content\/uploads\/sites\/9\/2018\/05\/TD2018-200x300.jpg 200w\" sizes=\"auto, (max-width: 173px) 100vw, 173px\" \/><\/a><\/p>\n<p><strong>Kursholder: Morten Rud\u00e5\u00a0<\/strong>er skuespillerutdannet fra The American Academy of Dramatic Arts, New York og utdannet teaterpedagog fra kunsth\u00f8gskolen i Oslo. Han har siden 2007 undervist p\u00e5 Khio og har ogs\u00e5 undervist p\u00e5 Norges danseh\u00f8yskole, Treider via B\u00e5rdarakademiet, Musikkteaterh\u00f8yskolen og MOTIO i Tvedestrand.<br \/>\nMorten har ogs\u00e5 undervist p\u00e5 Teaterdagene i Lillehammer tidligere, og tilbakemeldingene fra kursdeltakerne har v\u00e6rt udelt positive.<\/p>\n<p>[\/et_pb_text][\/et_pb_column][et_pb_column type=&raquo;1_4&#8243;][et_pb_text _builder_version=&raquo;3.0.106&#8243; background_layout=&raquo;light&raquo;]<\/p>\n<h2 style=\"text-align: center;\"><strong>Kursoversikt<\/strong><\/h2>\n<p>[\/et_pb_text][et_pb_sidebar _builder_version=&raquo;3.0.106&#8243; area=&raquo;et_pb_widget_area_2&#8243; orientation=&raquo;left&raquo; show_border=&raquo;on&raquo; background_layout=&raquo;light&raquo; \/][et_pb_button _builder_version=&raquo;3.0.106&#8243; button_text=&raquo;P\u00e5melding&raquo; url_new_window=&raquo;on&raquo; background_layout=&raquo;light&raquo; custom_button=&raquo;on&raquo; button_icon_placement=&raquo;right&raquo; button_bg_color=&raquo;#006666&#8243; button_border_color=&raquo;#ffffff&raquo; button_use_icon=&raquo;off&raquo; button_text_color=&raquo;#ffffff&raquo; button_alignment=&raquo;center&raquo; button_url=&raquo;\/td2018\/pamelding\/&raquo; \/][\/et_pb_column][\/et_pb_row][\/et_pb_section]<\/p>\n","protected":false},"excerpt":{"rendered":"<p>L\u00e6r hvordan du lager levende og interessante rollefigurer.<br \/>\nVed bruk av Sanford Meisner-teknikken vil du l\u00e6re hvordan du kan slippe deg l\u00f8s, f\u00f8lge dine impulser, og begynne \u00e5 leve her og n\u00e5 i \u00f8yeblikket. <\/p>\n","protected":false},"author":9,"featured_media":1145,"parent":0,"menu_order":0,"comment_status":"closed","ping_status":"closed","template":"","meta":{"_acf_changed":false,"_et_pb_use_builder":"on","_et_pb_old_content":"","_et_gb_content_width":"","inline_featured_image":false,"footnotes":""},"categories":[],"tags":[],"class_list":["post-1175","page","type-page","status-publish","has-post-thumbnail","hentry"],"acf":[],"_links":{"self":[{"href":"https:\/\/old.natf.no\/td2018\/wp-json\/wp\/v2\/pages\/1175","targetHints":{"allow":["GET"]}}],"collection":[{"href":"https:\/\/old.natf.no\/td2018\/wp-json\/wp\/v2\/pages"}],"about":[{"href":"https:\/\/old.natf.no\/td2018\/wp-json\/wp\/v2\/types\/page"}],"author":[{"embeddable":true,"href":"https:\/\/old.natf.no\/td2018\/wp-json\/wp\/v2\/users\/9"}],"replies":[{"embeddable":true,"href":"https:\/\/old.natf.no\/td2018\/wp-json\/wp\/v2\/comments?post=1175"}],"version-history":[{"count":0,"href":"https:\/\/old.natf.no\/td2018\/wp-json\/wp\/v2\/pages\/1175\/revisions"}],"wp:featuredmedia":[{"embeddable":true,"href":"https:\/\/old.natf.no\/td2018\/wp-json\/wp\/v2\/media\/1145"}],"wp:attachment":[{"href":"https:\/\/old.natf.no\/td2018\/wp-json\/wp\/v2\/media?parent=1175"}],"wp:term":[{"taxonomy":"category","embeddable":true,"href":"https:\/\/old.natf.no\/td2018\/wp-json\/wp\/v2\/categories?post=1175"},{"taxonomy":"post_tag","embeddable":true,"href":"https:\/\/old.natf.no\/td2018\/wp-json\/wp\/v2\/tags?post=1175"}],"curies":[{"name":"wp","href":"https:\/\/api.w.org\/{rel}","templated":true}]}}