{"id":641,"date":"2017-05-29T13:31:53","date_gmt":"2017-05-29T11:31:53","guid":{"rendered":"https:\/\/natfno.wpengine.com\/td2017\/?page_id=641"},"modified":"2017-08-04T11:03:46","modified_gmt":"2017-08-04T09:03:46","slug":"praktisk-informasjon-om-teaterdagene","status":"publish","type":"page","link":"https:\/\/old.natf.no\/td2017\/praktisk-informasjon-om-teaterdagene\/","title":{"rendered":"Praktisk informasjon om Teaterdagene"},"content":{"rendered":"<p>[et_pb_section bb_built=&raquo;1&#8243; admin_label=&raquo;Seksjon&raquo;][et_pb_row admin_label=&raquo;Rad&raquo; custom_padding=&raquo;0px|0px|0px|0px&raquo; background_position=&raquo;top_left&raquo; background_repeat=&raquo;repeat&raquo; background_size=&raquo;initial&raquo;][et_pb_column type=&raquo;4_4&#8243;][et_pb_post_title admin_label=&raquo;Innleggstittel&raquo; meta=&raquo;off&raquo; featured_image=&raquo;off&raquo; \/][\/et_pb_column][\/et_pb_row][et_pb_row admin_label=&raquo;Rad&raquo; background_position=&raquo;top_left&raquo; background_repeat=&raquo;repeat&raquo; background_size=&raquo;initial&raquo;][et_pb_column type=&raquo;1_2&#8243;][et_pb_text admin_label=&raquo;Tekst&raquo; background_layout=&raquo;light&raquo; text_orientation=&raquo;left&raquo; border_style=&raquo;solid&raquo; background_position=&raquo;top_left&raquo; background_repeat=&raquo;repeat&raquo; background_size=&raquo;initial&raquo; _builder_version=&raquo;3.0.49&#8243;]<\/p>\n<h2>Om kursene<\/h2>\n<p>Kusene gjennomf\u00f8res slik:<br \/>\nfredag kl 19:00 &#8211; 21:00,<br \/>\nl\u00f8rdag kl 09:00 &#8211; 12:00 + 14:00 -18:00<br \/>\ns\u00f8ndag kl 10:00 &#8211; 13:00<\/p>\n<p>&nbsp;<\/p>\n<ul>\n<li>Der ikke annet er oppgitt koster kursene kr 1.900,- for medlemmer og kr 2100,- for ikke medlemmer. For dette f\u00e5r du kurset, l\u00f8nsj l\u00f8rdag og s\u00f8ndag og adgang til festivalens\u00a0 forestillinger.<\/li>\n<li>Kursene avholdes p\u00e5 Lillehammer l\u00e6ringssenter, i Kulturhuset Banken, Tyrilisentret og p\u00e5 Lillehammer og Gj\u00f8vik dansesenter. V\u00e5re hjemmesider vil bli oppdatert med hvor ditt kurs\u00a0 g\u00e5r og du vil ogs\u00e5 motta personlig\u00a0 informasjon om dette.<\/li>\n<li>Alle som melder seg p\u00e5 vil motta bekreftelse p\u00e5 at de har f\u00e5tt plass, hvor kurset holdes, registrering ved ankomst mm.<\/li>\n<\/ul>\n<p>[\/et_pb_text][et_pb_text admin_label=&raquo;Tekst&raquo; _builder_version=&raquo;3.0.51&#8243; background_color=&raquo;#990066&#8243; background_layout=&raquo;dark&raquo; text_orientation=&raquo;center&raquo; border_style=&raquo;solid&raquo;]<\/p>\n<p>Husk p\u00e5meldingsfrist for kursene 30.august.<\/p>\n<p>[\/et_pb_text][\/et_pb_column][et_pb_column type=&raquo;1_2&#8243;][et_pb_button admin_label=&raquo;Knapp&raquo; button_url=&raquo;https:\/\/old.natf.no\/td2017\/pamelding\/&raquo; button_text=&raquo;P\u00e5melding&raquo; button_alignment=&raquo;left&raquo; background_color=&raquo;#7EBEC5&#8243; _builder_version=&raquo;3.0.51&#8243; url_new_window=&raquo;off&raquo; background_layout=&raquo;dark&raquo; custom_button=&raquo;on&raquo; button_bg_color=&raquo;#990066&#8243; button_letter_spacing=&raquo;0&#8243; button_icon_placement=&raquo;right&raquo; button_letter_spacing_hover=&raquo;0&#8243; \/][et_pb_text admin_label=&raquo;Tekst&raquo; background_position=&raquo;top_left&raquo; background_repeat=&raquo;repeat&raquo; background_size=&raquo;initial&raquo; _builder_version=&raquo;3.0.51&#8243; background_layout=&raquo;light&raquo; text_orientation=&raquo;left&raquo; border_style=&raquo;solid&raquo;]<\/p>\n<h1>Overnatting<\/h1>\n<p>\u00c5rets <a href=\"http:\/\/mollahotell.no\/\" target=\"_blank\" rel=\"noopener noreferrer\">festivalhotell er M\u00f8lla.<\/a> NATF har i tillegg inng\u00e5tt avtaler med f\u00f8lgende<br \/>\novernattingssteder:<\/p>\n<ul>\n<li><a href=\"https:\/\/www.birkebeineren.no\/no\/\" target=\"_blank\" rel=\"noopener noreferrer\">Birkebeineren<\/a><\/li>\n<li><a href=\"https:\/\/www.nordicchoicehotels.no\/clarion\/clarion-collection-hotel-hammer\/\" target=\"_blank\" rel=\"noopener noreferrer\">Clarion Hotell Hammer<\/a><\/li>\n<li><a href=\"http:\/\/stasjonen.no\/\" target=\"_blank\" rel=\"noopener noreferrer\">Lillehammer Vandrerhjem<\/a><\/li>\n<\/ul>\n<p>V\u00e6r tidlig ute med \u00e5 bestille rom, det blir fort fullt.<br \/>\nOppgi at du er deltaker p\u00e5 Teaterdagene 2017 \u2013 da f\u00e5r du rabatt.<\/p>\n<p>[\/et_pb_text][\/et_pb_column][\/et_pb_row][\/et_pb_section]<\/p>\n","protected":false},"excerpt":{"rendered":"<p>Om kursene Kusene gjennomf\u00f8res slik: fredag kl 19:00 &#8211; 21:00, l\u00f8rdag kl 09:00 &#8211; 12:00 + 14:00 -18:00 s\u00f8ndag kl 10:00 &#8211; 13:00 &nbsp; Der ikke annet er oppgitt koster [&hellip;]<\/p>\n","protected":false},"author":9,"featured_media":0,"parent":0,"menu_order":0,"comment_status":"closed","ping_status":"closed","template":"","meta":{"_acf_changed":false,"_et_pb_use_builder":"on","_et_pb_old_content":"","_et_gb_content_width":"","inline_featured_image":false,"footnotes":""},"categories":[],"tags":[],"class_list":["post-641","page","type-page","status-publish","hentry"],"acf":[],"_links":{"self":[{"href":"https:\/\/old.natf.no\/td2017\/wp-json\/wp\/v2\/pages\/641","targetHints":{"allow":["GET"]}}],"collection":[{"href":"https:\/\/old.natf.no\/td2017\/wp-json\/wp\/v2\/pages"}],"about":[{"href":"https:\/\/old.natf.no\/td2017\/wp-json\/wp\/v2\/types\/page"}],"author":[{"embeddable":true,"href":"https:\/\/old.natf.no\/td2017\/wp-json\/wp\/v2\/users\/9"}],"replies":[{"embeddable":true,"href":"https:\/\/old.natf.no\/td2017\/wp-json\/wp\/v2\/comments?post=641"}],"version-history":[{"count":0,"href":"https:\/\/old.natf.no\/td2017\/wp-json\/wp\/v2\/pages\/641\/revisions"}],"wp:attachment":[{"href":"https:\/\/old.natf.no\/td2017\/wp-json\/wp\/v2\/media?parent=641"}],"wp:term":[{"taxonomy":"category","embeddable":true,"href":"https:\/\/old.natf.no\/td2017\/wp-json\/wp\/v2\/categories?post=641"},{"taxonomy":"post_tag","embeddable":true,"href":"https:\/\/old.natf.no\/td2017\/wp-json\/wp\/v2\/tags?post=641"}],"curies":[{"name":"wp","href":"https:\/\/api.w.org\/{rel}","templated":true}]}}