{"id":529,"date":"2017-05-15T15:06:59","date_gmt":"2017-05-15T13:06:59","guid":{"rendered":"https:\/\/natfno.wpengine.com\/td2017\/?page_id=529"},"modified":"2017-08-23T10:47:21","modified_gmt":"2017-08-23T08:47:21","slug":"det-skrivende-mennesket","status":"publish","type":"page","link":"https:\/\/old.natf.no\/td2017\/uttrykk-og-karakterarbeid-gjennom-dans-2\/det-skrivende-mennesket\/","title":{"rendered":"Det skrivende mennesket"},"content":{"rendered":"<p>[et_pb_section bb_built=&raquo;1&#8243; admin_label=&raquo;Seksjon&raquo; fullwidth=&raquo;off&raquo; specialty=&raquo;off&raquo;][et_pb_row admin_label=&raquo;Rad&raquo;][et_pb_column type=&raquo;2_3&#8243;][et_pb_text admin_label=&raquo;Tekst&raquo; background_layout=&raquo;light&raquo; text_orientation=&raquo;left&raquo; use_border_color=&raquo;off&raquo; border_color=&raquo;#ffffff&raquo; border_style=&raquo;solid&raquo;]<\/p>\n<p>Vi er fulle av ideer og iblant skrivende mennesker. Noen ganger blir resultatet lyrikk, andre ganger en tale, ei bok, dramatikk eller dagboksnotater. Felles for alle som skriver er at vi noen ganger trenger hjelp, verkt\u00f8y og kreative grep for \u00e5 komme i gang; fra id\u00e9 til tekst.<\/p>\n<p>P\u00e5 dette kurset vil du f\u00e5 konkrete tips og \u00f8velser til skrivearbeidet ditt, uavhengig av hva du vil skrive. I l\u00f8pet av helgen vil du f\u00e5 tid til \u00e5 utforske og utvikle dine egne tekstideer med kursholder og andre kursdeltakere<\/p>\n<p>[\/et_pb_text][\/et_pb_column][et_pb_column type=&raquo;1_3&#8243;][et_pb_image admin_label=&raquo;Bilde&raquo; src=&raquo;https:\/\/old.natf.no\/td2017\/wp-content\/uploads\/sites\/8\/2017\/05\/Atle-Ha\u030aland6411.jpg&raquo; show_in_lightbox=&raquo;off&raquo; url_new_window=&raquo;off&raquo; use_overlay=&raquo;off&raquo; animation=&raquo;left&raquo; sticky=&raquo;off&raquo; align=&raquo;left&raquo; force_fullwidth=&raquo;off&raquo; always_center_on_mobile=&raquo;on&raquo; use_border_color=&raquo;off&raquo; border_color=&raquo;#ffffff&raquo; border_style=&raquo;solid&raquo; \/][et_pb_text admin_label=&raquo;Tekst&raquo; background_layout=&raquo;light&raquo; text_orientation=&raquo;left&raquo; use_border_color=&raquo;off&raquo; border_color=&raquo;#ffffff&raquo; border_style=&raquo;solid&raquo;]<\/p>\n<p style=\"text-align: center;\"><strong>ATLE H\u00c5LAND<\/strong><\/p>\n<p>Atle H\u00e5land, debuterte i 2015 p\u00e5 Flamme forlag med boka Han, og ga ut samlingen Vannfall, \u00e5ret etter. Begge samlingene h\u00f8stet gode kritikker og ble raskt solgt ut fra forlaget. Atle har g\u00e5tt p\u00e5 Forfatterstudiet i B\u00f8, og driver det litter\u00e6re kollektivet<\/p>\n<p>[\/et_pb_text][\/et_pb_column][\/et_pb_row][\/et_pb_section]<\/p>\n","protected":false},"excerpt":{"rendered":"<p>Vi er fulle av ideer og iblant skrivende mennesker. Noen ganger blir resultatet lyrikk, andre ganger en tale, ei bok, dramatikk eller dagboksnotater. Felles for alle som skriver er at vi noen ganger trenger hjelp, verkt\u00f8y og kreative grep for \u00e5 komme i gang; fra id\u00e9 til tekst.<br \/>\nP\u00e5 dette kurset vil du f\u00e5 konkrete tips og \u00f8velser til skrivearbeidet ditt, uavhengig av hva du vil skrive. <\/p>\n","protected":false},"author":9,"featured_media":591,"parent":124,"menu_order":0,"comment_status":"closed","ping_status":"closed","template":"","meta":{"_acf_changed":false,"_et_pb_use_builder":"on","_et_pb_old_content":"","_et_gb_content_width":"","inline_featured_image":false,"footnotes":""},"categories":[26],"tags":[],"class_list":["post-529","page","type-page","status-publish","has-post-thumbnail","hentry","category-kurs"],"acf":[],"_links":{"self":[{"href":"https:\/\/old.natf.no\/td2017\/wp-json\/wp\/v2\/pages\/529","targetHints":{"allow":["GET"]}}],"collection":[{"href":"https:\/\/old.natf.no\/td2017\/wp-json\/wp\/v2\/pages"}],"about":[{"href":"https:\/\/old.natf.no\/td2017\/wp-json\/wp\/v2\/types\/page"}],"author":[{"embeddable":true,"href":"https:\/\/old.natf.no\/td2017\/wp-json\/wp\/v2\/users\/9"}],"replies":[{"embeddable":true,"href":"https:\/\/old.natf.no\/td2017\/wp-json\/wp\/v2\/comments?post=529"}],"version-history":[{"count":0,"href":"https:\/\/old.natf.no\/td2017\/wp-json\/wp\/v2\/pages\/529\/revisions"}],"up":[{"embeddable":true,"href":"https:\/\/old.natf.no\/td2017\/wp-json\/wp\/v2\/pages\/124"}],"wp:featuredmedia":[{"embeddable":true,"href":"https:\/\/old.natf.no\/td2017\/wp-json\/wp\/v2\/media\/591"}],"wp:attachment":[{"href":"https:\/\/old.natf.no\/td2017\/wp-json\/wp\/v2\/media?parent=529"}],"wp:term":[{"taxonomy":"category","embeddable":true,"href":"https:\/\/old.natf.no\/td2017\/wp-json\/wp\/v2\/categories?post=529"},{"taxonomy":"post_tag","embeddable":true,"href":"https:\/\/old.natf.no\/td2017\/wp-json\/wp\/v2\/tags?post=529"}],"curies":[{"name":"wp","href":"https:\/\/api.w.org\/{rel}","templated":true}]}}