{"id":511,"date":"2017-05-15T14:31:50","date_gmt":"2017-05-15T12:31:50","guid":{"rendered":"https:\/\/natfno.wpengine.com\/td2017\/?page_id=511"},"modified":"2017-08-10T13:46:00","modified_gmt":"2017-08-10T11:46:00","slug":"klovnens-visdom","status":"publish","type":"page","link":"https:\/\/old.natf.no\/td2017\/uttrykk-og-karakterarbeid-gjennom-dans-2\/klovnens-visdom\/","title":{"rendered":"Klovnens visdom"},"content":{"rendered":"<p>[et_pb_section bb_built=&raquo;1&#8243; admin_label=&raquo;Seksjon&raquo; fullwidth=&raquo;off&raquo; specialty=&raquo;off&raquo;][et_pb_row admin_label=&raquo;Rad&raquo;][et_pb_column type=&raquo;2_3&#8243;][et_pb_text admin_label=&raquo;Tekst&raquo; background_layout=&raquo;light&raquo; text_orientation=&raquo;left&raquo; use_border_color=&raquo;off&raquo; border_color=&raquo;#ffffff&raquo; border_style=&raquo;solid&raquo;]<\/p>\n<p>Har du lyst til \u00e5 utforske din indre klovn\u00a0 innen for trygge rammer og p\u00e5 autentisk vis? Gjennom dans, mime, yoga, objektarbeid og bevegelsesimprovisasjon guides deltagerene til klovnenes tilstedev\u00e6relse og emosjonelle verden som er full av undring, glede og lekenhet.<\/p>\n<p>M\u00e5ten Anna og Morten leder de ulike \u00f8velsene p\u00e5 skaper en st\u00f8ttende og \u00e5pen atmosf\u00e6re der deltagerene kan utforske og uttrykke seg fritt Velkommen til et kurs der det er rom for stillhet og ettertanke, for lek og bevegelse, og for \u00e5 oppdage nye sider ved seg selv.<\/p>\n<p>&nbsp;<\/p>\n<p>&nbsp;<\/p>\n<p>[\/et_pb_text][\/et_pb_column][et_pb_column type=&raquo;1_3&#8243;][et_pb_text admin_label=&raquo;Tekst&raquo; background_layout=&raquo;light&raquo; text_orientation=&raquo;left&raquo; use_border_color=&raquo;off&raquo; border_color=&raquo;#ffffff&raquo; border_style=&raquo;solid&raquo;]<\/p>\n<p style=\"text-align: center;\"><strong>MORTEN UGLEBJERG NORLI OG ANNA NERDRUM B\u00d8GWALD<\/strong><\/p>\n<p>Morten er utdannet nysirkusartist ved Artistlinjen p\u00e5 AFUK i K\u00f8benhavn. Siden 2006 har Morten v\u00e6rt elev av den franske klovnen Didier Danthois. Han startet sin karriere i gj\u00f8glerteateret Stella Polaris og har de siste ti \u00e5rene bidratt i flere scenekunstproduksjoner som har turnert i Norge, bland annet gjennom Den kulturelle skolesekken.<\/p>\n<p>Anna er scenekunstner med bakgrunn i teater, dans, musikk og Capoeira Angola. Hun studerte musikk ved Universitetet i Agder og klovning ved Teatro Del Corazon. De siste \u00e5rene har hun fordypet seg i Hoop Dance (rokkeringdans) og tar for tiden deltidsutdanning i barneyoga ved Kundaliniyogaskolen i Oslo.<\/p>\n<p>[\/et_pb_text][\/et_pb_column][\/et_pb_row][\/et_pb_section]<\/p>\n","protected":false},"excerpt":{"rendered":"<p>Har du lyst til \u00e5 utforske din indre klovn  innen for trygge rammer og p\u00e5 autentisk vis? Gjennom dans, mime, yoga, objektarbeid og bevegelsesimprovisasjon guides deltagerene til klovnenes tilstedev\u00e6relse og emosjonelle verden som er full av undring, glede og lekenhet.<\/p>\n","protected":false},"author":9,"featured_media":275,"parent":124,"menu_order":0,"comment_status":"closed","ping_status":"closed","template":"","meta":{"_acf_changed":false,"_et_pb_use_builder":"on","_et_pb_old_content":"","_et_gb_content_width":"","inline_featured_image":false,"footnotes":""},"categories":[26],"tags":[],"class_list":["post-511","page","type-page","status-publish","has-post-thumbnail","hentry","category-kurs"],"acf":[],"_links":{"self":[{"href":"https:\/\/old.natf.no\/td2017\/wp-json\/wp\/v2\/pages\/511","targetHints":{"allow":["GET"]}}],"collection":[{"href":"https:\/\/old.natf.no\/td2017\/wp-json\/wp\/v2\/pages"}],"about":[{"href":"https:\/\/old.natf.no\/td2017\/wp-json\/wp\/v2\/types\/page"}],"author":[{"embeddable":true,"href":"https:\/\/old.natf.no\/td2017\/wp-json\/wp\/v2\/users\/9"}],"replies":[{"embeddable":true,"href":"https:\/\/old.natf.no\/td2017\/wp-json\/wp\/v2\/comments?post=511"}],"version-history":[{"count":0,"href":"https:\/\/old.natf.no\/td2017\/wp-json\/wp\/v2\/pages\/511\/revisions"}],"up":[{"embeddable":true,"href":"https:\/\/old.natf.no\/td2017\/wp-json\/wp\/v2\/pages\/124"}],"wp:featuredmedia":[{"embeddable":true,"href":"https:\/\/old.natf.no\/td2017\/wp-json\/wp\/v2\/media\/275"}],"wp:attachment":[{"href":"https:\/\/old.natf.no\/td2017\/wp-json\/wp\/v2\/media?parent=511"}],"wp:term":[{"taxonomy":"category","embeddable":true,"href":"https:\/\/old.natf.no\/td2017\/wp-json\/wp\/v2\/categories?post=511"},{"taxonomy":"post_tag","embeddable":true,"href":"https:\/\/old.natf.no\/td2017\/wp-json\/wp\/v2\/tags?post=511"}],"curies":[{"name":"wp","href":"https:\/\/api.w.org\/{rel}","templated":true}]}}