{"id":491,"date":"2017-05-15T14:16:59","date_gmt":"2017-05-15T12:16:59","guid":{"rendered":"https:\/\/natfno.wpengine.com\/td2017\/?page_id=491"},"modified":"2017-08-10T14:52:57","modified_gmt":"2017-08-10T12:52:57","slug":"kostymeredesign","status":"publish","type":"page","link":"https:\/\/old.natf.no\/td2017\/uttrykk-og-karakterarbeid-gjennom-dans-2\/kostymeredesign\/","title":{"rendered":"Kostyme\/redesign"},"content":{"rendered":"<p>[et_pb_section bb_built=&raquo;1&#8243; admin_label=&raquo;Seksjon&raquo; fullwidth=&raquo;off&raquo; specialty=&raquo;off&raquo;][et_pb_row admin_label=&raquo;Rad&raquo;][et_pb_column type=&raquo;2_3&#8243;][et_pb_text admin_label=&raquo;Tekst&raquo; background_layout=&raquo;light&raquo; text_orientation=&raquo;left&raquo; use_border_color=&raquo;off&raquo; border_color=&raquo;#ffffff&raquo; border_style=&raquo;solid&raquo;]<\/p>\n<p>&nbsp;<\/p>\n<p>Alle teatergrupper bruker kostymer\u2026<br \/>\nDet er ofte en tidkrevende og kostbar del av en produksjon. P\u00e5 dette kurset vil du ikke bare l\u00e6re teknikker for \u00e5 utvikle nye kostymer, men ogs\u00e5 hvordan du med enkle grep kan redesigne ett gammelt kostyme brukt i en forestilling til et kostyme som ved noen sm\u00e5 endringer kan brukes i en helt annen forestilling.<\/p>\n<p>Kurset vil gi et teoretisk innblikk i kostymeproduksjon fra A-\u00c5 , samt mange tips og praktiske oppgaver for \u00e5 kreere kostymer n\u00e5r budsjettet er lavt og tiden knapp.\u00a0Kurset passer for alle som p\u00e5 en eller annen m\u00e5te er involvert i utvelgelse av kostymer, selv syr kostymer til teaterguppa si, eller som \u00f8nsker \u00e5 l\u00e6re mer om dette.<\/p>\n<p>Vi skal fors\u00f8ke \u00e5 utvikle v\u00e5re kreative evner og formsans ved \u00e5 eksperimentere med ulike materialer og med redesign av kl\u00e6r. Vi skal ogs\u00e5 jobbe praktisk, s\u00e5 ta med symaskin (og gjerne skj\u00f8teledning), stoffer eller klesplagg du kan jobbe med.<\/p>\n<p>&nbsp;<\/p>\n<p>[\/et_pb_text][\/et_pb_column][et_pb_column type=&raquo;1_3&#8243;][et_pb_image admin_label=&raquo;Bilde&raquo; src=&raquo;https:\/\/old.natf.no\/td2017\/wp-content\/uploads\/sites\/8\/2017\/05\/Janne_Opsahl.png&raquo; show_in_lightbox=&raquo;off&raquo; url_new_window=&raquo;off&raquo; use_overlay=&raquo;off&raquo; animation=&raquo;left&raquo; sticky=&raquo;off&raquo; align=&raquo;left&raquo; force_fullwidth=&raquo;off&raquo; always_center_on_mobile=&raquo;on&raquo; use_border_color=&raquo;off&raquo; border_color=&raquo;#ffffff&raquo; border_style=&raquo;solid&raquo; \/][et_pb_text admin_label=&raquo;Tekst&raquo; background_layout=&raquo;light&raquo; text_orientation=&raquo;left&raquo; use_border_color=&raquo;off&raquo; border_color=&raquo;#ffffff&raquo; border_style=&raquo;solid&raquo;]<\/p>\n<p style=\"text-align: center;\"><strong>JANNE OPSAHL<\/strong><\/p>\n<p>Janne Opsahl er utdannet med svennebrev i Kjole\/-drakt-s\u00f8m, og har ogs\u00e5 ett \u00e5r design\/modellering innen mote ved Esmod, Oslo. Hun har arbeidet v\/ Den Norske Opera&amp; Ballett siden 1993, med ansvar for opera\/ballett- produksjoner p\u00e5 hovedscenen og turne. Bla; Jorden Rundt p\u00e5 80 dager, Carmen , Flaggermusen, Rosenkavaleren, Maskeballet ,Tosca , Romeo &amp; Juliet og Stormen.<br \/>\nSom kostymedesigner har hun gjort turneversjonen av Flaggermusen for DNO&amp;B.<br \/>\nFor Operaen i Kristiansund har hun designet Jeppe, Unge Hamsun , Flaggermusen Operagalla, samt assistert v\/ Gianni Schicchi &amp; S\u00f8ster Angelica.<br \/>\n2014\/2015 designet hun Flaggermusen for Opera Nordfjord\/Operaen i Kristiansund, og v\u00e5ren 2017 har jobbet med La Boh\u00e8me ved Den norske opera &amp; ballett.<\/p>\n<p>[\/et_pb_text][\/et_pb_column][\/et_pb_row][et_pb_row admin_label=&raquo;Rad&raquo;][et_pb_column type=&raquo;4_4&#8243;][et_pb_post_nav admin_label=&raquo;Postnavigering&raquo; in_same_term=&raquo;on&raquo; hide_prev=&raquo;off&raquo; hide_next=&raquo;off&raquo; prev_text=&raquo;Forrige kurs&raquo; next_text=&raquo;Neste kurs&raquo; use_border_color=&raquo;off&raquo; border_color=&raquo;#ffffff&raquo; border_style=&raquo;solid&raquo; \/][\/et_pb_column][\/et_pb_row][\/et_pb_section]<\/p>\n","protected":false},"excerpt":{"rendered":"<p>Alle teatergrupper bruker kostymer\u2026<br \/>\nDet er ofte en tidkrevende og kostbar del av en produksjon. P\u00e5 dette kurset vil du ikke bare l\u00e6re teknikker for \u00e5 utvikle nye kostymer, men ogs\u00e5 hvordan du med enkle grep kan redesigne ett gammelt kostyme brukt i en forestilling til et kostyme som ved noen sm\u00e5 endringer kan brukes i en helt annen forestilling.<\/p>\n","protected":false},"author":9,"featured_media":283,"parent":124,"menu_order":0,"comment_status":"closed","ping_status":"closed","template":"","meta":{"_acf_changed":false,"_et_pb_use_builder":"on","_et_pb_old_content":"","_et_gb_content_width":"","inline_featured_image":false,"footnotes":""},"categories":[26],"tags":[],"class_list":["post-491","page","type-page","status-publish","has-post-thumbnail","hentry","category-kurs"],"acf":[],"_links":{"self":[{"href":"https:\/\/old.natf.no\/td2017\/wp-json\/wp\/v2\/pages\/491","targetHints":{"allow":["GET"]}}],"collection":[{"href":"https:\/\/old.natf.no\/td2017\/wp-json\/wp\/v2\/pages"}],"about":[{"href":"https:\/\/old.natf.no\/td2017\/wp-json\/wp\/v2\/types\/page"}],"author":[{"embeddable":true,"href":"https:\/\/old.natf.no\/td2017\/wp-json\/wp\/v2\/users\/9"}],"replies":[{"embeddable":true,"href":"https:\/\/old.natf.no\/td2017\/wp-json\/wp\/v2\/comments?post=491"}],"version-history":[{"count":0,"href":"https:\/\/old.natf.no\/td2017\/wp-json\/wp\/v2\/pages\/491\/revisions"}],"up":[{"embeddable":true,"href":"https:\/\/old.natf.no\/td2017\/wp-json\/wp\/v2\/pages\/124"}],"wp:featuredmedia":[{"embeddable":true,"href":"https:\/\/old.natf.no\/td2017\/wp-json\/wp\/v2\/media\/283"}],"wp:attachment":[{"href":"https:\/\/old.natf.no\/td2017\/wp-json\/wp\/v2\/media?parent=491"}],"wp:term":[{"taxonomy":"category","embeddable":true,"href":"https:\/\/old.natf.no\/td2017\/wp-json\/wp\/v2\/categories?post=491"},{"taxonomy":"post_tag","embeddable":true,"href":"https:\/\/old.natf.no\/td2017\/wp-json\/wp\/v2\/tags?post=491"}],"curies":[{"name":"wp","href":"https:\/\/api.w.org\/{rel}","templated":true}]}}