{"id":477,"date":"2017-05-15T14:09:25","date_gmt":"2017-05-15T12:09:25","guid":{"rendered":"https:\/\/natfno.wpengine.com\/td2017\/?page_id=477"},"modified":"2017-08-09T13:24:52","modified_gmt":"2017-08-09T11:24:52","slug":"scenerom-i-regi-og-teaterproduksjon","status":"publish","type":"page","link":"https:\/\/old.natf.no\/td2017\/uttrykk-og-karakterarbeid-gjennom-dans-2\/scenerom-i-regi-og-teaterproduksjon\/","title":{"rendered":"Scenerom i regi og teaterproduksjon"},"content":{"rendered":"<p>[et_pb_section bb_built=&raquo;1&#8243; admin_label=&raquo;Seksjon&raquo; fullwidth=&raquo;off&raquo; specialty=&raquo;off&raquo;][et_pb_row admin_label=&raquo;Rad&raquo;][et_pb_column type=&raquo;2_3&#8243;][et_pb_text admin_label=&raquo;Tekst&raquo; background_layout=&raquo;light&raquo; text_orientation=&raquo;left&raquo; use_border_color=&raquo;off&raquo; border_color=&raquo;#ffffff&raquo; border_style=&raquo;solid&raquo;]<\/p>\n<p>V\u00e5r nye kursrekke <em>Scenerom \u2013 kurs i regi og teaterproduksjon<\/em> er utviklet og arrangert av Teateralliansen (Studieforbundet kultur og tradisjon, Frilynt Norge, Noregs Ungdomslag og Norsk Amat\u00f8rteaterforbund). Det er ei kursrekke med fire helgemoduler som til sammen gir deg en bred innf\u00f8ring og g\u00e5r analytisk i dybden p\u00e5 regi og teaterproduksjon. P\u00e5 Teaterdagene har du anledning til \u00e5 ta modul 1 av denne kursrekka.<\/p>\n<p>Kurset er \u00e5pent for alle, passer for teaterentusiasten som alt er, eller har lyst til \u00e5 bli instrukt\u00f8r, og som gjerne vil videreutvikle seg som instrukt\u00f8r. Det er en fordel med litt teatererfaring, men ikke en forutsetning.<\/p>\n<p>Om kurset kan du lese p\u00e5 <a href=\"http:\/\/www.kulturogtradisjon.no\/opplaeringstilbud\/teaterinstruktor\">http:\/\/www.kulturogtradisjon.no\/opplaeringstilbud\/teaterinstruktor<br \/>\n<\/a><br \/>\n<strong>Modul 1 \u2013 Instrukt\u00f8ren\/regiss\u00f8ren<\/strong><br \/>\nDette kurset skal gj\u00f8re deg rustet til \u00e5 ta rollen som instrukt\u00f8r i et teaterlag eller en teatergruppe.<br \/>\nKurset tar for seg de ulike oppgavene du har som instrukt\u00f8r, hvordan m\u00f8te et ensemble, hvordan bruke teater\u00f8vinger aktivt og analytisk i kartlegging og bygging av teatergruppa. Det tar for seg instrukt\u00f8ren som veileder og konstruktiv kritiker, som ansvarlig for l\u00e6ringsklima og som trygghetsskaper, oppbygging av undervisning og dramaforl\u00f8p.<br \/>\nP\u00e5melding eller sp\u00f8rsm\u00e5l kan rettes til: Torunn Elise Kveen <a href=\"mailto:torunn@kulturogtradisjon.no\">torunn@kulturogtradisjon.no<\/a>, telefon 41809366.<\/p>\n<p><strong>Kursavgift er kr. 1500,-<br \/>\n<\/strong>M\u00e5lgruppe: Kursrekkja er open for alle som \u00f8nskjer \u00e5 utvikle seg som teaterinstrukt\u00f8rar p\u00e5 det frivillige feltet. Det er ein fordel med grunnleggjande teaterrelatert erfaring, enten p\u00e5 scena eller bak\/framom scena.<\/p>\n<p><img loading=\"lazy\" decoding=\"async\" class=\"alignnone wp-image-489\" src=\"https:\/\/old.natf.no\/td2017\/wp-content\/uploads\/sites\/8\/2017\/05\/Logo-Scenerom6014-300x300.jpg\" alt=\"\" width=\"138\" height=\"138\" srcset=\"https:\/\/old.natf.no\/td2017\/wp-content\/uploads\/sites\/8\/2017\/05\/Logo-Scenerom6014-300x300.jpg 300w, https:\/\/old.natf.no\/td2017\/wp-content\/uploads\/sites\/8\/2017\/05\/Logo-Scenerom6014-150x150.jpg 150w, https:\/\/old.natf.no\/td2017\/wp-content\/uploads\/sites\/8\/2017\/05\/Logo-Scenerom6014-768x768.jpg 768w, https:\/\/old.natf.no\/td2017\/wp-content\/uploads\/sites\/8\/2017\/05\/Logo-Scenerom6014-1024x1024.jpg 1024w, https:\/\/old.natf.no\/td2017\/wp-content\/uploads\/sites\/8\/2017\/05\/Logo-Scenerom6014-1080x1080.jpg 1080w, https:\/\/old.natf.no\/td2017\/wp-content\/uploads\/sites\/8\/2017\/05\/Logo-Scenerom6014.jpg 1772w\" sizes=\"auto, (max-width: 138px) 100vw, 138px\" \/><\/p>\n<p>[\/et_pb_text][\/et_pb_column][et_pb_column type=&raquo;1_3&#8243;][et_pb_image admin_label=&raquo;Bilde&raquo; src=&raquo;https:\/\/old.natf.no\/td2017\/wp-content\/uploads\/sites\/8\/2017\/05\/Teateralliansen_1.png&raquo; show_in_lightbox=&raquo;off&raquo; url_new_window=&raquo;off&raquo; use_overlay=&raquo;off&raquo; animation=&raquo;left&raquo; sticky=&raquo;off&raquo; align=&raquo;left&raquo; force_fullwidth=&raquo;off&raquo; always_center_on_mobile=&raquo;on&raquo; use_border_color=&raquo;off&raquo; border_color=&raquo;#ffffff&raquo; border_style=&raquo;solid&raquo; \/][et_pb_text admin_label=&raquo;Tekst&raquo; background_layout=&raquo;light&raquo; text_orientation=&raquo;left&raquo; use_border_color=&raquo;off&raquo; border_color=&raquo;#ffffff&raquo; border_style=&raquo;solid&raquo;]<\/p>\n<p style=\"text-align: center;\"><strong>HELJAR BERGE OG JULIANE HUSVIK SUKKESTAD<\/strong><\/p>\n<p>Heljar Berge er hovedinstrukt\u00f8r p\u00e5 Scenerom. Heljar har &laquo;skoa p\u00e5&raquo;, er ute i feltet p\u00e5 mange arenaer, er en allsidig instrukt\u00f8r og frilanser med mange jern i ilden og solid grunnmur. I bunnen har han 2-\u00e5rig utdanning fra Revyskolen p\u00e5 Skarnes (1990-1992). Har instruert i det frivillige siden 1992 hos mange revyer og grupper p\u00e5 \u00d8stlandet. Han er produsent og akt\u00f8r i Hvalsommerrevyene i Sandefjord for 12. sommeren p\u00e5 rad. Mange vil kjenne igjen Heljar som skraphandlerkarakteren Hubert Hoggerud i Gr\u00e5tass.<\/p>\n<p>&nbsp;<\/p>\n<p>[\/et_pb_text][et_pb_image admin_label=&raquo;Bilde&raquo; src=&raquo;https:\/\/old.natf.no\/td2017\/wp-content\/uploads\/sites\/8\/2017\/05\/Teateralliansen_2.png&raquo; show_in_lightbox=&raquo;off&raquo; url_new_window=&raquo;off&raquo; use_overlay=&raquo;off&raquo; animation=&raquo;left&raquo; sticky=&raquo;off&raquo; align=&raquo;left&raquo; force_fullwidth=&raquo;off&raquo; always_center_on_mobile=&raquo;on&raquo; use_border_color=&raquo;off&raquo; border_color=&raquo;#ffffff&raquo; border_style=&raquo;solid&raquo; \/][et_pb_text admin_label=&raquo;Tekst&raquo; background_layout=&raquo;light&raquo; text_orientation=&raquo;left&raquo; use_border_color=&raquo;off&raquo; border_color=&raquo;#ffffff&raquo; border_style=&raquo;solid&raquo;]<\/p>\n<p>Juliane har master i drama og teaterkommunikasjon fra HiOA. Har ellers studert musikk, tysk og sosialt entrepren\u00f8rskap. Hun jobber som formidler i Museene i Akershus i ei 50 % stilling, og som frilans teaterinstrukt\u00f8r og formidler. Juliane er kunstnerisk leder for Bygdetruppen Teater, et omreisende fattigmannsteater som lager egne forestillinger med lokalt tilsnitt og bygger opp en lokal kulturkaf\u00e9 med intimscene med plass til 60 publikummere.<\/p>\n<p>[\/et_pb_text][\/et_pb_column][\/et_pb_row][et_pb_row admin_label=&raquo;Rad&raquo;][et_pb_column type=&raquo;4_4&#8243;][et_pb_post_nav admin_label=&raquo;Postnavigering&raquo; in_same_term=&raquo;on&raquo; hide_prev=&raquo;off&raquo; hide_next=&raquo;off&raquo; prev_text=&raquo;Forrige kurs&raquo; next_text=&raquo;Neste kurs&raquo; use_border_color=&raquo;off&raquo; border_color=&raquo;#ffffff&raquo; border_style=&raquo;solid&raquo; \/][\/et_pb_column][\/et_pb_row][\/et_pb_section]<\/p>\n","protected":false},"excerpt":{"rendered":"<p>Kurset tar for seg de ulike oppgavene du har som instrukt\u00f8r, hvordan m\u00f8te et ensemble, hvordan bruke teater\u00f8vinger aktivt og analytisk i kartlegging og bygging av teatergruppa. Det tar for seg instrukt\u00f8ren som veileder og konstruktiv kritiker, som ansvarlig for l\u00e6ringsklima og som trygghetsskaper, oppbygging av undervisning og dramaforl\u00f8p.<\/p>\n","protected":false},"author":9,"featured_media":273,"parent":124,"menu_order":0,"comment_status":"closed","ping_status":"closed","template":"","meta":{"_acf_changed":false,"_et_pb_use_builder":"on","_et_pb_old_content":"","_et_gb_content_width":"","inline_featured_image":false,"footnotes":""},"categories":[26],"tags":[],"class_list":["post-477","page","type-page","status-publish","has-post-thumbnail","hentry","category-kurs"],"acf":[],"_links":{"self":[{"href":"https:\/\/old.natf.no\/td2017\/wp-json\/wp\/v2\/pages\/477","targetHints":{"allow":["GET"]}}],"collection":[{"href":"https:\/\/old.natf.no\/td2017\/wp-json\/wp\/v2\/pages"}],"about":[{"href":"https:\/\/old.natf.no\/td2017\/wp-json\/wp\/v2\/types\/page"}],"author":[{"embeddable":true,"href":"https:\/\/old.natf.no\/td2017\/wp-json\/wp\/v2\/users\/9"}],"replies":[{"embeddable":true,"href":"https:\/\/old.natf.no\/td2017\/wp-json\/wp\/v2\/comments?post=477"}],"version-history":[{"count":0,"href":"https:\/\/old.natf.no\/td2017\/wp-json\/wp\/v2\/pages\/477\/revisions"}],"up":[{"embeddable":true,"href":"https:\/\/old.natf.no\/td2017\/wp-json\/wp\/v2\/pages\/124"}],"wp:featuredmedia":[{"embeddable":true,"href":"https:\/\/old.natf.no\/td2017\/wp-json\/wp\/v2\/media\/273"}],"wp:attachment":[{"href":"https:\/\/old.natf.no\/td2017\/wp-json\/wp\/v2\/media?parent=477"}],"wp:term":[{"taxonomy":"category","embeddable":true,"href":"https:\/\/old.natf.no\/td2017\/wp-json\/wp\/v2\/categories?post=477"},{"taxonomy":"post_tag","embeddable":true,"href":"https:\/\/old.natf.no\/td2017\/wp-json\/wp\/v2\/tags?post=477"}],"curies":[{"name":"wp","href":"https:\/\/api.w.org\/{rel}","templated":true}]}}