{"id":459,"date":"2017-05-15T13:51:04","date_gmt":"2017-05-15T11:51:04","guid":{"rendered":"https:\/\/natfno.wpengine.com\/td2017\/?page_id=459"},"modified":"2017-08-23T10:34:31","modified_gmt":"2017-08-23T08:34:31","slug":"folkedans","status":"publish","type":"page","link":"https:\/\/old.natf.no\/td2017\/uttrykk-og-karakterarbeid-gjennom-dans-2\/folkedans\/","title":{"rendered":"Folkedans"},"content":{"rendered":"<p>[et_pb_section bb_built=&raquo;1&#8243; admin_label=&raquo;Seksjon&raquo; fullwidth=&raquo;off&raquo; specialty=&raquo;off&raquo;][et_pb_row admin_label=&raquo;Rad&raquo; background_position=&raquo;top_left&raquo; background_repeat=&raquo;repeat&raquo; background_size=&raquo;initial&raquo;][et_pb_column type=&raquo;2_3&#8243;][et_pb_text admin_label=&raquo;Tekst&raquo; background_layout=&raquo;light&raquo; text_orientation=&raquo;left&raquo; use_border_color=&raquo;off&raquo; border_color=&raquo;#ffffff&raquo; border_style=&raquo;solid&raquo; background_position=&raquo;top_left&raquo; background_repeat=&raquo;repeat&raquo; background_size=&raquo;initial&raquo;]<\/p>\n<p>&nbsp;<\/p>\n<p>Det er seks hovedgrener av folkedanser i Norge: Bygdedans, runddans (gamaldans) som reinlender og polka, turdans, sangdans, sanglek og 1900-tallsdans. Dette kurset er en gjennomgang av de mest popul\u00e6re danseformene, slik som pols og runddans.<\/p>\n<p>Det blir ogs\u00e5 noe fokus p\u00e5 samdans og teknikk. Ingen forkunnskaper er n\u00f8dvendig, og niv\u00e5et blir tilpasset deltagerne. En viss innebygd rytmisk sans kan selvsagt v\u00e6re greit \u00e5 ha. Ta med lette innesko!<br \/>\nKurset er et samarbeid med Noregs Ungdomslag \u2013 en av Norges fremste organisasjoner innen amat\u00f8rteater og folkedans.<\/p>\n<p><strong>Egen pris: kr. 1300,-.<\/strong><\/p>\n<p>[\/et_pb_text][\/et_pb_column][et_pb_column type=&raquo;1_3&#8243;][et_pb_image admin_label=&raquo;Bilde&raquo; src=&raquo;https:\/\/old.natf.no\/td2017\/wp-content\/uploads\/sites\/8\/2017\/05\/Solveig_Brekke_Haukene.png&raquo; show_in_lightbox=&raquo;off&raquo; url_new_window=&raquo;off&raquo; use_overlay=&raquo;off&raquo; animation=&raquo;left&raquo; sticky=&raquo;off&raquo; align=&raquo;left&raquo; force_fullwidth=&raquo;off&raquo; always_center_on_mobile=&raquo;on&raquo; use_border_color=&raquo;off&raquo; border_color=&raquo;#ffffff&raquo; border_style=&raquo;solid&raquo; \/][et_pb_text admin_label=&raquo;Tekst&raquo; background_layout=&raquo;light&raquo; text_orientation=&raquo;left&raquo; border_style=&raquo;solid&raquo; background_position=&raquo;top_left&raquo; background_repeat=&raquo;repeat&raquo; background_size=&raquo;initial&raquo; _builder_version=&raquo;3.0.49&#8243;]<\/p>\n<p style=\"text-align: center;\"><strong>SOLVEIG BREKKE HAUKNES<\/strong><\/p>\n<p>Solveig jobber som folkedansr\u00e5dgiver i Noregs Ungdomslag. Hun sitter i styret til BUL Leikarringen i Oslo, hvor hun instruerer i folkedans p\u00e5 jevnlig basis. Solveig har vunnet flere utmerkelser innen folkedans, senest i 2016 da hun ble norgesmester sammen med Ole Nilssen. Solveig er utdannet prosjektleder i kunst og kreativ n\u00e6ring hos Westerdals, og er for \u00f8vrig en habil folkemusiker.<\/p>\n<p>&nbsp;<\/p>\n<p>&nbsp;<\/p>\n<p>[\/et_pb_text][\/et_pb_column][\/et_pb_row][et_pb_row admin_label=&raquo;Rad&raquo; background_position=&raquo;top_left&raquo; background_repeat=&raquo;repeat&raquo; background_size=&raquo;initial&raquo;][et_pb_column type=&raquo;4_4&#8243;][et_pb_post_nav admin_label=&raquo;Postnavigering&raquo; in_same_term=&raquo;on&raquo; hide_prev=&raquo;off&raquo; hide_next=&raquo;off&raquo; prev_text=&raquo;Forrige kurs&raquo; next_text=&raquo;Neste kurs&raquo; use_border_color=&raquo;off&raquo; border_color=&raquo;#ffffff&raquo; border_style=&raquo;solid&raquo; \/][\/et_pb_column][\/et_pb_row][\/et_pb_section]<\/p>\n","protected":false},"excerpt":{"rendered":"<p>Det er seks hovedgrener av folkedanser i Norge: Bygdedans, runddans (gamaldans) som reinlender og polka, turdans, sangdans, sanglek og 1900-tallsdans. Dette kurset er en gjennomgang av de mest popul\u00e6re danseformene, slik som pols og runddans.<\/p>\n","protected":false},"author":9,"featured_media":274,"parent":124,"menu_order":0,"comment_status":"closed","ping_status":"closed","template":"","meta":{"_acf_changed":false,"_et_pb_use_builder":"on","_et_pb_old_content":"","_et_gb_content_width":"","inline_featured_image":false,"footnotes":""},"categories":[26],"tags":[],"class_list":["post-459","page","type-page","status-publish","has-post-thumbnail","hentry","category-kurs"],"acf":[],"_links":{"self":[{"href":"https:\/\/old.natf.no\/td2017\/wp-json\/wp\/v2\/pages\/459","targetHints":{"allow":["GET"]}}],"collection":[{"href":"https:\/\/old.natf.no\/td2017\/wp-json\/wp\/v2\/pages"}],"about":[{"href":"https:\/\/old.natf.no\/td2017\/wp-json\/wp\/v2\/types\/page"}],"author":[{"embeddable":true,"href":"https:\/\/old.natf.no\/td2017\/wp-json\/wp\/v2\/users\/9"}],"replies":[{"embeddable":true,"href":"https:\/\/old.natf.no\/td2017\/wp-json\/wp\/v2\/comments?post=459"}],"version-history":[{"count":0,"href":"https:\/\/old.natf.no\/td2017\/wp-json\/wp\/v2\/pages\/459\/revisions"}],"up":[{"embeddable":true,"href":"https:\/\/old.natf.no\/td2017\/wp-json\/wp\/v2\/pages\/124"}],"wp:featuredmedia":[{"embeddable":true,"href":"https:\/\/old.natf.no\/td2017\/wp-json\/wp\/v2\/media\/274"}],"wp:attachment":[{"href":"https:\/\/old.natf.no\/td2017\/wp-json\/wp\/v2\/media?parent=459"}],"wp:term":[{"taxonomy":"category","embeddable":true,"href":"https:\/\/old.natf.no\/td2017\/wp-json\/wp\/v2\/categories?post=459"},{"taxonomy":"post_tag","embeddable":true,"href":"https:\/\/old.natf.no\/td2017\/wp-json\/wp\/v2\/tags?post=459"}],"curies":[{"name":"wp","href":"https:\/\/api.w.org\/{rel}","templated":true}]}}