{"id":455,"date":"2017-05-15T13:47:53","date_gmt":"2017-05-15T11:47:53","guid":{"rendered":"https:\/\/natfno.wpengine.com\/td2017\/?page_id=455"},"modified":"2017-08-23T10:37:42","modified_gmt":"2017-08-23T08:37:42","slug":"produksjonsledelse","status":"publish","type":"page","link":"https:\/\/old.natf.no\/td2017\/uttrykk-og-karakterarbeid-gjennom-dans-2\/produksjonsledelse\/","title":{"rendered":"Produksjonsledelse"},"content":{"rendered":"<p>[et_pb_section bb_built=&raquo;1&#8243; admin_label=&raquo;Seksjon&raquo; fullwidth=&raquo;off&raquo; specialty=&raquo;off&raquo;][et_pb_row admin_label=&raquo;Rad&raquo;][et_pb_column type=&raquo;2_3&#8243;][et_pb_text admin_label=&raquo;Tekst&raquo; background_layout=&raquo;light&raquo; text_orientation=&raquo;left&raquo; use_border_color=&raquo;off&raquo; border_color=&raquo;#ffffff&raquo; border_style=&raquo;solid&raquo;]<\/p>\n<p>Kreativt kaos eller planlagt kreativitet? Metodene er forskjellig for \u00e5 f\u00e5 til en god prosess i teaterproduksjon. Kurset l\u00e6rer deg \u00e5 styre denne prosessen s\u00e5 ikke tilfeldighetene styrer deg. Kurset er beregnet b\u00e5de p\u00e5 den som er ny i teaterlaget og den som sitter inne med gode og d\u00e5rlige erfaringer n\u00e5r det gjelder ansvar for en produksjon.<\/p>\n<p>Vi tar utgangspunkt i forskjellige situasjoner, og med praktiske eksempler og oppgaver belyser vi n\u00f8dvendigheten av organisering, lager realistiske avtaler, produksjonsplaner og budsjett.\u00a0 Vi l\u00e6rer om de ulike rollene \u00abbackstage\u00bb i en teaterproduksjon, og hvordan vi f\u00e5r til samspillet mellom dem. Som kursdeltaker skal du f\u00e5 kjennskap til noen verkt\u00f8y som kan benyttes enten du skal lage revy, skoleteater eller helaftens forestilling.<\/p>\n<p>&nbsp;<\/p>\n<p>[\/et_pb_text][\/et_pb_column][et_pb_column type=&raquo;1_3&#8243;][et_pb_image admin_label=&raquo;Bilde&raquo; src=&raquo;https:\/\/old.natf.no\/td2017\/wp-content\/uploads\/sites\/8\/2017\/05\/Henrik-Melsom-Edvardsen6380.jpg&raquo; show_in_lightbox=&raquo;off&raquo; url_new_window=&raquo;off&raquo; use_overlay=&raquo;off&raquo; animation=&raquo;left&raquo; sticky=&raquo;off&raquo; align=&raquo;left&raquo; force_fullwidth=&raquo;off&raquo; always_center_on_mobile=&raquo;on&raquo; use_border_color=&raquo;off&raquo; border_color=&raquo;#ffffff&raquo; border_style=&raquo;solid&raquo; \/][et_pb_text admin_label=&raquo;Tekst&raquo; background_layout=&raquo;light&raquo; text_orientation=&raquo;left&raquo; use_border_color=&raquo;off&raquo; border_color=&raquo;#ffffff&raquo; border_style=&raquo;solid&raquo;]<\/p>\n<p style=\"text-align: center;\"><strong>HENRIK MELSOM EDVARDSEN<\/strong><\/p>\n<p>Henrik Melsom Edvardsen er sjefsprodusent p\u00e5 Nationaltheatret.\u00a0 Han har tidligere v\u00e6rt direkt\u00f8r ved Stavanger konserthus, prosjektleder for Rogaland Teaters \u00abEventyr i landskap\u00bb i det europeiske kulturhovedstads\u00e5ret Stavanger2008, produsent ved Riksteatret, i tillegg til at han har hatt mange frilandsoppgaver som prosjektleder og kursholder.\u00a0 Han har arbeidet ved Norsk Revyfaglig Senter og er medforfatter i \u00abDen Store Revyboka\u00bb og \u00abForm m\u00f8ter form &#8211; lek m\u00f8ter teater\u00bb.\u00a0 Han er utdannet Stage Manager ved Royal Academy of Dramatic Art og Handelsh\u00f8gskolen BI.<\/p>\n<p>&nbsp;<\/p>\n<p>[\/et_pb_text][\/et_pb_column][\/et_pb_row][et_pb_row admin_label=&raquo;Rad&raquo;][et_pb_column type=&raquo;4_4&#8243;][et_pb_post_nav admin_label=&raquo;Postnavigering&raquo; in_same_term=&raquo;on&raquo; hide_prev=&raquo;off&raquo; hide_next=&raquo;off&raquo; prev_text=&raquo;Forrige kurs&raquo; next_text=&raquo;Neste kurs&raquo; use_border_color=&raquo;off&raquo; border_color=&raquo;#ffffff&raquo; border_style=&raquo;solid&raquo; \/][\/et_pb_column][\/et_pb_row][\/et_pb_section]<\/p>\n","protected":false},"excerpt":{"rendered":"<p>Kreativt kaos eller planlagt kreativitet? Metodene er forskjellig for \u00e5 f\u00e5 til en god prosess i teaterproduksjon. Kurset l\u00e6rer deg \u00e5 styre denne prosessen s\u00e5 ikke tilfeldighetene styrer deg. Kurset er beregnet b\u00e5de p\u00e5 den som er ny i teaterlaget og den som sitter inne med gode og d\u00e5rlige erfaringer n\u00e5r det gjelder ansvar for en produksjon.<\/p>\n","protected":false},"author":9,"featured_media":589,"parent":124,"menu_order":0,"comment_status":"closed","ping_status":"closed","template":"","meta":{"_acf_changed":false,"_et_pb_use_builder":"on","_et_pb_old_content":"","_et_gb_content_width":"","inline_featured_image":false,"footnotes":""},"categories":[26],"tags":[],"class_list":["post-455","page","type-page","status-publish","has-post-thumbnail","hentry","category-kurs"],"acf":[],"_links":{"self":[{"href":"https:\/\/old.natf.no\/td2017\/wp-json\/wp\/v2\/pages\/455","targetHints":{"allow":["GET"]}}],"collection":[{"href":"https:\/\/old.natf.no\/td2017\/wp-json\/wp\/v2\/pages"}],"about":[{"href":"https:\/\/old.natf.no\/td2017\/wp-json\/wp\/v2\/types\/page"}],"author":[{"embeddable":true,"href":"https:\/\/old.natf.no\/td2017\/wp-json\/wp\/v2\/users\/9"}],"replies":[{"embeddable":true,"href":"https:\/\/old.natf.no\/td2017\/wp-json\/wp\/v2\/comments?post=455"}],"version-history":[{"count":0,"href":"https:\/\/old.natf.no\/td2017\/wp-json\/wp\/v2\/pages\/455\/revisions"}],"up":[{"embeddable":true,"href":"https:\/\/old.natf.no\/td2017\/wp-json\/wp\/v2\/pages\/124"}],"wp:featuredmedia":[{"embeddable":true,"href":"https:\/\/old.natf.no\/td2017\/wp-json\/wp\/v2\/media\/589"}],"wp:attachment":[{"href":"https:\/\/old.natf.no\/td2017\/wp-json\/wp\/v2\/media?parent=455"}],"wp:term":[{"taxonomy":"category","embeddable":true,"href":"https:\/\/old.natf.no\/td2017\/wp-json\/wp\/v2\/categories?post=455"},{"taxonomy":"post_tag","embeddable":true,"href":"https:\/\/old.natf.no\/td2017\/wp-json\/wp\/v2\/tags?post=455"}],"curies":[{"name":"wp","href":"https:\/\/api.w.org\/{rel}","templated":true}]}}