{"id":375,"date":"2017-05-15T11:52:23","date_gmt":"2017-05-15T09:52:23","guid":{"rendered":"https:\/\/natfno.wpengine.com\/td2017\/?page_id=375"},"modified":"2017-08-15T13:39:27","modified_gmt":"2017-08-15T11:39:27","slug":"stemmebruk-og-vokalteknikk","status":"publish","type":"page","link":"https:\/\/old.natf.no\/td2017\/uttrykk-og-karakterarbeid-gjennom-dans-2\/stemmebruk-og-vokalteknikk\/","title":{"rendered":"Stemmebruk og vokalteknikk"},"content":{"rendered":"<p>[et_pb_section bb_built=&raquo;1&#8243; admin_label=&raquo;Seksjon&raquo; fullwidth=&raquo;off&raquo; specialty=&raquo;off&raquo;][et_pb_row admin_label=&raquo;Rad&raquo;][et_pb_column type=&raquo;2_3&#8243;][et_pb_text admin_label=&raquo;Tekst&raquo; background_layout=&raquo;light&raquo; text_orientation=&raquo;left&raquo; use_border_color=&raquo;off&raquo; border_color=&raquo;#ffffff&raquo; border_style=&raquo;solid&raquo;]<\/p>\n<p>\u00d8nsker du \u00e5 oppdage nye m\u00e5ter \u00e5 bruke stemmen p\u00e5? Trenger du hjelp til \u00e5 l\u00f8se et sangteknisk problem?<br \/>\nMange tror at de har begrensninger i stemmen. Og\u00a0 flere synger seg hese i troen p\u00e5 at det er en naturlig konsekvens av \u00e5 ha brukt stemmen.\u00a0 Heldigvis kan alle stemmelyder produseres p\u00e5 sunne m\u00e5ter, og p\u00e5 dette kurset l\u00e6rer du hvordan. Kursinnholdet er i hovedsak rettet mot deg som \u00f8nsker \u00e5 jobbe med sangstemmen, men generell stemmebruk vil ogs\u00e5 v\u00e6re et tema. Dette egner seg b\u00e5de for uerfarne og erfarne sangere.<\/p>\n<p>Komplett sangteknikk (CVT) er en innovativ metode som er utviklet gjennom dr\u00f8yt 30 \u00e5rs forskning av den danske sangeren og stemmeforskeren Cathrine Sadolin. Det er en logisk og sunn teknikk som setter stemmen i system. Verkt\u00f8yene er konkrete og effektive, noe som har gjort metoden sv\u00e6rt etterspurt og popul\u00e6r.<\/p>\n<p>I l\u00f8pet av helgen f\u00e5r du en grunnleggende innf\u00f8ring i komplett sangteknikk, b\u00e5de teoretisk og gjennom praktiske \u00f8velser.\u00a0 I tillegg f\u00e5r du individuell undervisning i masterclass, der du f\u00e5r hjelp til \u00e5 n\u00e5 dine sanglige m\u00e5l. \u00d8nsker du \u00e5 n\u00e5 de h\u00f8ye tonene? Holde lange fraser? Synge med mer eller mindre kraft? Alle musikalske sjangre og er velkomne, fra opera til heavy metal.<\/p>\n<p>[\/et_pb_text][\/et_pb_column][et_pb_column type=&raquo;1_3&#8243;][et_pb_image admin_label=&raquo;Bilde&raquo; src=&raquo;https:\/\/old.natf.no\/td2017\/wp-content\/uploads\/sites\/8\/2017\/05\/Guro_hoimyr.png&raquo; title_text=&raquo;GURO H\u00d8IMYR&raquo; show_in_lightbox=&raquo;off&raquo; url_new_window=&raquo;off&raquo; use_overlay=&raquo;off&raquo; animation=&raquo;left&raquo; sticky=&raquo;off&raquo; align=&raquo;left&raquo; force_fullwidth=&raquo;off&raquo; always_center_on_mobile=&raquo;on&raquo; use_border_color=&raquo;off&raquo; border_color=&raquo;#ffffff&raquo; border_style=&raquo;solid&raquo; \/][et_pb_text admin_label=&raquo;Tekst&raquo; background_layout=&raquo;light&raquo; text_orientation=&raquo;left&raquo; use_border_color=&raquo;off&raquo; border_color=&raquo;#ffffff&raquo; border_style=&raquo;solid&raquo;]<\/p>\n<p style=\"text-align: left;\">Kursholder <strong>Guro H\u00f8imyr<\/strong> er autorisert l\u00e6rer\u00a0i komplett sangteknikk og utdannet musikkterapeut fra Norges musikkh\u00f8gskole. Hun jobber i dag som sangpedagog, ut\u00f8vende sanger, l\u00e5tskriver og kordirigent.<\/p>\n<p>&nbsp;<\/p>\n<p>[\/et_pb_text][\/et_pb_column][\/et_pb_row][et_pb_row admin_label=&raquo;Rad&raquo;][et_pb_column type=&raquo;4_4&#8243;][et_pb_post_nav admin_label=&raquo;Postnavigering&raquo; in_same_term=&raquo;on&raquo; hide_prev=&raquo;off&raquo; hide_next=&raquo;off&raquo; prev_text=&raquo;Forrige kurs&raquo; next_text=&raquo;Neste kurs&raquo; use_border_color=&raquo;off&raquo; border_color=&raquo;#ffffff&raquo; border_style=&raquo;solid&raquo; \/][\/et_pb_column][\/et_pb_row][\/et_pb_section]<\/p>\n","protected":false},"excerpt":{"rendered":"<p>\u00d8nsker du \u00e5 oppdage nye m\u00e5ter \u00e5 bruke stemmen p\u00e5? Trenger du hjelp til \u00e5 l\u00f8se et sangteknisk problem? Kursinnholdet er i hovedsak rettet mot deg som \u00f8nsker \u00e5 jobbe med sangstemmen, men generell stemmebruk vil ogs\u00e5 v\u00e6re et tema. Dette egner seg b\u00e5de for uerfarne og erfarne sangere.<\/p>\n","protected":false},"author":9,"featured_media":278,"parent":124,"menu_order":0,"comment_status":"closed","ping_status":"closed","template":"","meta":{"_acf_changed":false,"_et_pb_use_builder":"on","_et_pb_old_content":"","_et_gb_content_width":"","inline_featured_image":false,"footnotes":""},"categories":[26],"tags":[],"class_list":["post-375","page","type-page","status-publish","has-post-thumbnail","hentry","category-kurs"],"acf":[],"_links":{"self":[{"href":"https:\/\/old.natf.no\/td2017\/wp-json\/wp\/v2\/pages\/375","targetHints":{"allow":["GET"]}}],"collection":[{"href":"https:\/\/old.natf.no\/td2017\/wp-json\/wp\/v2\/pages"}],"about":[{"href":"https:\/\/old.natf.no\/td2017\/wp-json\/wp\/v2\/types\/page"}],"author":[{"embeddable":true,"href":"https:\/\/old.natf.no\/td2017\/wp-json\/wp\/v2\/users\/9"}],"replies":[{"embeddable":true,"href":"https:\/\/old.natf.no\/td2017\/wp-json\/wp\/v2\/comments?post=375"}],"version-history":[{"count":0,"href":"https:\/\/old.natf.no\/td2017\/wp-json\/wp\/v2\/pages\/375\/revisions"}],"up":[{"embeddable":true,"href":"https:\/\/old.natf.no\/td2017\/wp-json\/wp\/v2\/pages\/124"}],"wp:featuredmedia":[{"embeddable":true,"href":"https:\/\/old.natf.no\/td2017\/wp-json\/wp\/v2\/media\/278"}],"wp:attachment":[{"href":"https:\/\/old.natf.no\/td2017\/wp-json\/wp\/v2\/media?parent=375"}],"wp:term":[{"taxonomy":"category","embeddable":true,"href":"https:\/\/old.natf.no\/td2017\/wp-json\/wp\/v2\/categories?post=375"},{"taxonomy":"post_tag","embeddable":true,"href":"https:\/\/old.natf.no\/td2017\/wp-json\/wp\/v2\/tags?post=375"}],"curies":[{"name":"wp","href":"https:\/\/api.w.org\/{rel}","templated":true}]}}