{"id":352,"date":"2017-05-15T11:33:01","date_gmt":"2017-05-15T09:33:01","guid":{"rendered":"https:\/\/natfno.wpengine.com\/td2017\/?page_id=352"},"modified":"2017-08-21T09:28:43","modified_gmt":"2017-08-21T07:28:43","slug":"hip-hop-dans","status":"publish","type":"page","link":"https:\/\/old.natf.no\/td2017\/uttrykk-og-karakterarbeid-gjennom-dans-2\/hip-hop-dans\/","title":{"rendered":"Hip-Hop Dans"},"content":{"rendered":"<p>[et_pb_section bb_built=&raquo;1&#8243; admin_label=&raquo;Seksjon&raquo; fullwidth=&raquo;off&raquo; specialty=&raquo;off&raquo;][et_pb_row admin_label=&raquo;Rad&raquo;][et_pb_column type=&raquo;2_3&#8243;][et_pb_text admin_label=&raquo;Tekst&raquo; background_layout=&raquo;light&raquo; text_orientation=&raquo;left&raquo; use_border_color=&raquo;off&raquo; border_color=&raquo;#ffffff&raquo; border_style=&raquo;solid&raquo;]<\/p>\n<p>Hip-hop er for alle som like rytmisk musikk og \u00e5 bevege seg.\u00a0 En dansesjanger som har kommet for \u00e5 bli fordi den er inkluderende, morsom og bra trening i tillegg!<br \/>\nP\u00e5 dette kurset f\u00e5r du l\u00e6re grunnleggende danseteknikker, ulike hiphop stiler med ulike utrykk.\u00a0 Du vil f\u00e5r variert musikk og vil l\u00e6re \u00e5 danse til ulike tempoer som utfordre.\u00a0 Du vil l\u00e6re hvordan store, rene bevegelser synes bedre p\u00e5 en scene og skal v\u00e6re med \u00e5 bygge opp en koreografi selv.<\/p>\n<p>Kursets innhold:<\/p>\n<ul>\n<li>Fast oppvarming hver dag<\/li>\n<li>Intensiv trening<\/li>\n<li>Varierende dansestiler innenfor hip-hop sjanger<\/li>\n<li>Fremf\u00f8ring av en koreografi<\/li>\n<\/ul>\n<p>Kurset passer deltagere i alle aldere og niv\u00e5er, men det er en fordel om du har relativt god kondis!<br \/>\nIngen tidligere danseerfaring er n\u00f8dvendig \u2013 bare et stort smil og p\u00e5gangsmot.<\/p>\n<p>&nbsp;<\/p>\n<p>&nbsp;<\/p>\n<p>[\/et_pb_text][\/et_pb_column][et_pb_column type=&raquo;1_3&#8243;][et_pb_image admin_label=&raquo;Bilde&raquo; src=&raquo;https:\/\/old.natf.no\/td2017\/wp-content\/uploads\/sites\/8\/2017\/05\/Jomo_silverira.png&raquo; show_in_lightbox=&raquo;off&raquo; url_new_window=&raquo;off&raquo; use_overlay=&raquo;off&raquo; animation=&raquo;left&raquo; sticky=&raquo;off&raquo; align=&raquo;left&raquo; force_fullwidth=&raquo;off&raquo; always_center_on_mobile=&raquo;on&raquo; use_border_color=&raquo;off&raquo; border_color=&raquo;#ffffff&raquo; border_style=&raquo;solid&raquo; \/][et_pb_text admin_label=&raquo;Tekst&raquo; background_layout=&raquo;light&raquo; text_orientation=&raquo;left&raquo; use_border_color=&raquo;off&raquo; border_color=&raquo;#ffffff&raquo; border_style=&raquo;solid&raquo;]<\/p>\n<p style=\"text-align: center;\"><strong>JOMO SILVEIRA<\/strong><\/p>\n<p><strong>Jomo Silveira<\/strong> er fra Rio de Janeiro, Brasil hvor han har sin utdannelse som danser, koreograf og Art Director fra UFRI Dance University i nevnte by. Han har holdt danseworkshops over hele verden.\u00a0Han har koreografert for kjente artister som Usher, Madonna, Britnet Spears og Busta Rhymes f\u00f8r han jobbet 8 \u00e5r ved danseinstitutter i Danmark.<br \/>\nJomo kommer rett fra Brasil og hans siste engasjement som produsent var for en stor Samba og Carnival festival. Jomo underviser for tiden p\u00e5 Lillehammer og Gj\u00f8vik Dansesenter.<\/p>\n<p>[\/et_pb_text][\/et_pb_column][\/et_pb_row][et_pb_row admin_label=&raquo;Rad&raquo;][et_pb_column type=&raquo;4_4&#8243;][et_pb_post_nav admin_label=&raquo;Postnavigering&raquo; in_same_term=&raquo;on&raquo; hide_prev=&raquo;off&raquo; hide_next=&raquo;off&raquo; prev_text=&raquo;Forrige kurs&raquo; next_text=&raquo;Neste kurs&raquo; use_border_color=&raquo;off&raquo; border_color=&raquo;#ffffff&raquo; border_style=&raquo;solid&raquo; \/][\/et_pb_column][\/et_pb_row][\/et_pb_section]<\/p>\n","protected":false},"excerpt":{"rendered":"<p>Hip-hop er for alle som like rytmisk musikk og \u00e5 bevege seg.  En dansesjanger som har kommet for \u00e5 bli fordi den er inkluderende, morsom og bra trening i tillegg!<br \/>\nP\u00e5 dette kurset f\u00e5r du l\u00e6re grunnleggende danseteknikker, ulike hiphop stiler med ulike uttrykk.  Du vil f\u00e5r variert musikk og vil l\u00e6re \u00e5 danse til ulike tempoer som utfordre.  Du vil l\u00e6re hvordan store, rene bevegelser synes bedre p\u00e5 en scene og skal v\u00e6re med \u00e5 bygge opp en koreografi selv.<\/p>\n","protected":false},"author":9,"featured_media":281,"parent":124,"menu_order":0,"comment_status":"closed","ping_status":"closed","template":"","meta":{"_acf_changed":false,"_et_pb_use_builder":"on","_et_pb_old_content":"","_et_gb_content_width":"","inline_featured_image":false,"footnotes":""},"categories":[26],"tags":[],"class_list":["post-352","page","type-page","status-publish","has-post-thumbnail","hentry","category-kurs"],"acf":[],"_links":{"self":[{"href":"https:\/\/old.natf.no\/td2017\/wp-json\/wp\/v2\/pages\/352","targetHints":{"allow":["GET"]}}],"collection":[{"href":"https:\/\/old.natf.no\/td2017\/wp-json\/wp\/v2\/pages"}],"about":[{"href":"https:\/\/old.natf.no\/td2017\/wp-json\/wp\/v2\/types\/page"}],"author":[{"embeddable":true,"href":"https:\/\/old.natf.no\/td2017\/wp-json\/wp\/v2\/users\/9"}],"replies":[{"embeddable":true,"href":"https:\/\/old.natf.no\/td2017\/wp-json\/wp\/v2\/comments?post=352"}],"version-history":[{"count":0,"href":"https:\/\/old.natf.no\/td2017\/wp-json\/wp\/v2\/pages\/352\/revisions"}],"up":[{"embeddable":true,"href":"https:\/\/old.natf.no\/td2017\/wp-json\/wp\/v2\/pages\/124"}],"wp:featuredmedia":[{"embeddable":true,"href":"https:\/\/old.natf.no\/td2017\/wp-json\/wp\/v2\/media\/281"}],"wp:attachment":[{"href":"https:\/\/old.natf.no\/td2017\/wp-json\/wp\/v2\/media?parent=352"}],"wp:term":[{"taxonomy":"category","embeddable":true,"href":"https:\/\/old.natf.no\/td2017\/wp-json\/wp\/v2\/categories?post=352"},{"taxonomy":"post_tag","embeddable":true,"href":"https:\/\/old.natf.no\/td2017\/wp-json\/wp\/v2\/tags?post=352"}],"curies":[{"name":"wp","href":"https:\/\/api.w.org\/{rel}","templated":true}]}}