{"id":347,"date":"2017-05-15T11:21:51","date_gmt":"2017-05-15T09:21:51","guid":{"rendered":"https:\/\/natfno.wpengine.com\/td2017\/?page_id=347"},"modified":"2017-08-10T10:34:54","modified_gmt":"2017-08-10T08:34:54","slug":"latskriverworkshop","status":"publish","type":"page","link":"https:\/\/old.natf.no\/td2017\/uttrykk-og-karakterarbeid-gjennom-dans-2\/latskriverworkshop\/","title":{"rendered":"L\u00e5tskriverworkshop"},"content":{"rendered":"<p>[et_pb_section bb_built=&raquo;1&#8243; admin_label=&raquo;Seksjon&raquo; fullwidth=&raquo;off&raquo; specialty=&raquo;off&raquo;][et_pb_row admin_label=&raquo;Rad&raquo;][et_pb_column type=&raquo;2_3&#8243;][et_pb_text admin_label=&raquo;Tekst&raquo; background_layout=&raquo;light&raquo; text_orientation=&raquo;left&raquo; use_border_color=&raquo;off&raquo; border_color=&raquo;#ffffff&raquo; border_style=&raquo;solid&raquo;]<\/p>\n<p>P\u00e5 dette kurset f\u00e5r du veiledning og oppgaver som gir deg en\u00a0god innf\u00f8ring i kunsten \u00e5 skrive sanger. Vi jobber med teknikker\u00a0for \u00e5 f\u00e5 tilgang til ideer og materiale, og vi jobber med kreativ\u00a0flyt. Du vil f\u00e5 innspill som gj\u00f8r at du kan se p\u00e5 l\u00e5tskriving fra nye\u00a0innfallsvinkler og du f\u00e5r oppmuntring og veiledning til \u00e5 fullf\u00f8re\u00a0sanger.<\/p>\n<p>Du trenger ikke \u00e5 ha drevet med dette f\u00f8r. Alle kursdeltagerne\u00a0f\u00e5r individuell oppf\u00f8lging og det blir satt av tid p\u00e5 kurset der du\u00a0kan arbeide frem sanger i egen stil og i eget tempo. Vi fors\u00f8ker \u00e5 skape en positiv atmosf\u00e6re der det er trygt \u00e5 utforske ting\u00a0man ikke kan. Vi fors\u00f8ker \u00e5 m\u00f8te den enkelte kursdeltager der\u00a0han eller hun er. Det blir ogs\u00e5 satt av tid til \u00e5 dele materialet vi\u00a0har laget.<\/p>\n<p>[\/et_pb_text][\/et_pb_column][et_pb_column type=&raquo;1_3&#8243;][et_pb_image admin_label=&raquo;Bilde&raquo; src=&raquo;https:\/\/old.natf.no\/td2017\/wp-content\/uploads\/sites\/8\/2017\/05\/Marius_holth.png&raquo; show_in_lightbox=&raquo;off&raquo; url_new_window=&raquo;off&raquo; use_overlay=&raquo;off&raquo; animation=&raquo;left&raquo; sticky=&raquo;off&raquo; align=&raquo;left&raquo; force_fullwidth=&raquo;off&raquo; always_center_on_mobile=&raquo;on&raquo; use_border_color=&raquo;off&raquo; border_color=&raquo;#ffffff&raquo; border_style=&raquo;solid&raquo; \/][et_pb_text admin_label=&raquo;Tekst&raquo; background_layout=&raquo;light&raquo; text_orientation=&raquo;left&raquo; use_border_color=&raquo;off&raquo; border_color=&raquo;#ffffff&raquo; border_style=&raquo;solid&raquo;]<\/p>\n<p style=\"text-align: center;\"><strong>MARIUS HOLTH<\/strong><\/p>\n<p>Kursleder Marius Holth er sanger, komponist\u00a0og vokalpedagog medutdannelse fra\u00a0Roy Hart Theatre i Frankrike og Complete\u00a0Vocal Institute i Danmark. Han jobber for tiden\u00a0som vokalpedagog p\u00e5 Teaterh\u00f8yskolen i Oslo.\u00a0Marius har skrevet musikalen \u00abMedusa\u00a0Revolt\u00bb og sanger til kommende album\u00a0\u00abImaginary Queen\u00bb. Han har ogs\u00e5 komponert\u00a0sangene til barnemusikalen \u00abStorklovn\u00a0Supershow\u00bb. Han driver firmaet STEMMEKRAFT\u00a0der han underviser sangere, kor og\u00a0artister i vokalteknikk, l\u00e5tskriving og\u00a0improvisasjon.\u00a0Marius er opptatt av \u00e5 se potensialet i den\u00a0enkeltes stemme og den enkeltes kreative\u00a0uttrykk.<\/p>\n<p>[\/et_pb_text][\/et_pb_column][\/et_pb_row][et_pb_row admin_label=&raquo;Rad&raquo;][et_pb_column type=&raquo;4_4&#8243;][et_pb_post_nav admin_label=&raquo;Postnavigering&raquo; in_same_term=&raquo;on&raquo; hide_prev=&raquo;off&raquo; hide_next=&raquo;off&raquo; prev_text=&raquo;Forrige kurs&raquo; next_text=&raquo;Neste kurs&raquo; use_border_color=&raquo;off&raquo; border_color=&raquo;#ffffff&raquo; border_style=&raquo;solid&raquo; \/][\/et_pb_column][\/et_pb_row][\/et_pb_section]<\/p>\n","protected":false},"excerpt":{"rendered":"<p>P\u00e5 dette kurset f\u00e5r du veiledning og oppgaver som gir deg en god innf\u00f8ring i kunsten \u00e5 skrive sanger. Vi jobber med teknikker for \u00e5 f\u00e5 tilgang til ideer og materiale, og vi jobber med kreativ flyt. Du vil f\u00e5 innspill som gj\u00f8r at du kan se p\u00e5 l\u00e5tskriving fra nye innfallsvinkler og du f\u00e5r oppmuntring og veiledning til \u00e5 fullf\u00f8re sanger.<\/p>\n","protected":false},"author":9,"featured_media":277,"parent":124,"menu_order":0,"comment_status":"closed","ping_status":"closed","template":"","meta":{"_acf_changed":false,"_et_pb_use_builder":"on","_et_pb_old_content":"","_et_gb_content_width":"","inline_featured_image":false,"footnotes":""},"categories":[26],"tags":[],"class_list":["post-347","page","type-page","status-publish","has-post-thumbnail","hentry","category-kurs"],"acf":[],"_links":{"self":[{"href":"https:\/\/old.natf.no\/td2017\/wp-json\/wp\/v2\/pages\/347","targetHints":{"allow":["GET"]}}],"collection":[{"href":"https:\/\/old.natf.no\/td2017\/wp-json\/wp\/v2\/pages"}],"about":[{"href":"https:\/\/old.natf.no\/td2017\/wp-json\/wp\/v2\/types\/page"}],"author":[{"embeddable":true,"href":"https:\/\/old.natf.no\/td2017\/wp-json\/wp\/v2\/users\/9"}],"replies":[{"embeddable":true,"href":"https:\/\/old.natf.no\/td2017\/wp-json\/wp\/v2\/comments?post=347"}],"version-history":[{"count":0,"href":"https:\/\/old.natf.no\/td2017\/wp-json\/wp\/v2\/pages\/347\/revisions"}],"up":[{"embeddable":true,"href":"https:\/\/old.natf.no\/td2017\/wp-json\/wp\/v2\/pages\/124"}],"wp:featuredmedia":[{"embeddable":true,"href":"https:\/\/old.natf.no\/td2017\/wp-json\/wp\/v2\/media\/277"}],"wp:attachment":[{"href":"https:\/\/old.natf.no\/td2017\/wp-json\/wp\/v2\/media?parent=347"}],"wp:term":[{"taxonomy":"category","embeddable":true,"href":"https:\/\/old.natf.no\/td2017\/wp-json\/wp\/v2\/categories?post=347"},{"taxonomy":"post_tag","embeddable":true,"href":"https:\/\/old.natf.no\/td2017\/wp-json\/wp\/v2\/tags?post=347"}],"curies":[{"name":"wp","href":"https:\/\/api.w.org\/{rel}","templated":true}]}}