{"id":250,"date":"2017-05-12T12:12:13","date_gmt":"2017-05-12T10:12:13","guid":{"rendered":"https:\/\/natfno.wpengine.com\/td2017\/?page_id=250"},"modified":"2017-08-15T12:53:13","modified_gmt":"2017-08-15T10:53:13","slug":"monologverksted","status":"publish","type":"page","link":"https:\/\/old.natf.no\/td2017\/uttrykk-og-karakterarbeid-gjennom-dans-2\/monologverksted\/","title":{"rendered":"Monologverksted"},"content":{"rendered":"<p>[et_pb_section bb_built=&raquo;1&#8243; admin_label=&raquo;Seksjon&raquo; fullwidth=&raquo;off&raquo; specialty=&raquo;off&raquo;][et_pb_row admin_label=&raquo;Rad&raquo;][et_pb_column type=&raquo;2_3&#8243;][et_pb_text admin_label=&raquo;Kursbeskrivelse&raquo; background_layout=&raquo;light&raquo; text_orientation=&raquo;left&raquo; use_border_color=&raquo;off&raquo; border_color=&raquo;#ffffff&raquo; border_style=&raquo;solid&raquo;]<\/p>\n<p>Hvordan lage en monolog? Kursholder Kate Pendry vil lede deltakerne gjennom en prosess der du vil erfare teknikker som hjelper deg \u00e5 skape teksten fra begynnelsen av. Gjennom arbeidet vil vi se p\u00e5 hvordan vi finner og skaper en unik karakter og hvordan du utvikler historien karakteren \u00f8nsker \u00e5 fortelle. Vi vil utforske ulike m\u00e5ter \u00e5 presentere monologen, enten som et motstykke til karakteren, gjennom stemmebruk og gjennom bevissthetens frie flyt.<\/p>\n<p>For deltakere som \u00f8nsker det vil kurset ogs\u00e5 gi anledning til \u00e5 teste ut monologene som skapes gjennom prosessen. Alle dialekter er velkommen!<\/p>\n<p>Deltakerne p\u00e5 kurset trenger ikke \u00e5 ha tidligere erfaring, verken i arbeidet med \u00e5 skrive eller fremf\u00f8re. Og kurset kan ogs\u00e5 anbefales for folk som \u00f8nsker \u00e5 framf\u00f8re budskap i andre sammenhenger enn p\u00e5 en teaterscene.<\/p>\n<p>&nbsp;<\/p>\n<p>[\/et_pb_text][\/et_pb_column][et_pb_column type=&raquo;1_3&#8243;][et_pb_image admin_label=&raquo;Bilde&raquo; src=&raquo;https:\/\/old.natf.no\/td2017\/wp-content\/uploads\/sites\/8\/2017\/05\/Kate-Pendry6116-1.jpg&raquo; show_in_lightbox=&raquo;off&raquo; url_new_window=&raquo;off&raquo; use_overlay=&raquo;off&raquo; animation=&raquo;left&raquo; sticky=&raquo;off&raquo; align=&raquo;left&raquo; force_fullwidth=&raquo;off&raquo; always_center_on_mobile=&raquo;on&raquo; use_border_color=&raquo;off&raquo; border_color=&raquo;#ffffff&raquo; border_style=&raquo;solid&raquo; \/][et_pb_text admin_label=&raquo;Tekst&raquo; background_layout=&raquo;light&raquo; text_orientation=&raquo;left&raquo; use_border_color=&raquo;off&raquo; border_color=&raquo;#ffffff&raquo; border_style=&raquo;solid&raquo;]<\/p>\n<p><strong>Om Kate Pendry (<\/strong>fotograf Ola Erik Bl\u00e6sterdalen)<\/p>\n<p>Kate Pendry ble f\u00f8dt i London i 1965 og har bodd i Oslo siden 1995.\u00a0 Hun er utdannet ved Mountview Theatre School og er b\u00e5de skuespiller, dramatiker og slampoet. Pendry har skrevet og produsert over 50 teaterstykker, der flere er blitt spilt en rekke steder i Europa. Hun kjennetegnes gjerne ved sitt politiske engasjement og sin m\u00f8rke humor. Kate Pendry holder kurs i skuespillerteknikk, manusutvikling og karakterarbeid ved Teaterh\u00f8gskolen i Beograd og Oslo, ved Kunstakademiet i Trondheim og Arkitekt- og designh\u00f8gskolen i Oslo. I tillegg har hun holdt kurs i media-aktivisme ved New York School of Design og Kunsth\u00f8gskolen i Oslo. I 2009 ble hun nominert til Ibsen-prisen for stykket \u201dPornografi\u201d og i 2010 vant hun samme pris for stykket \u201dErasmus Tyrannus Rex\u201d.<\/p>\n<p>[\/et_pb_text][\/et_pb_column][\/et_pb_row][et_pb_row admin_label=&raquo;Rad&raquo;][et_pb_column type=&raquo;4_4&#8243;][et_pb_post_nav admin_label=&raquo;Postnavigering&raquo; in_same_term=&raquo;on&raquo; hide_prev=&raquo;off&raquo; hide_next=&raquo;off&raquo; prev_text=&raquo;Forrige kurs&raquo; next_text=&raquo;Neste kurs&raquo; use_border_color=&raquo;off&raquo; border_color=&raquo;#ffffff&raquo; border_style=&raquo;solid&raquo; \/][\/et_pb_column][\/et_pb_row][\/et_pb_section]<\/p>\n","protected":false},"excerpt":{"rendered":"<p>Hvordan lage en monolog? Kursholder Kate Pendry vil lede deltakerne gjennom en prosess der du vil erfare teknikker som hjelper deg \u00e5 skape teksten fra begynnelsen av. Gjennom arbeidet vil vi se p\u00e5 hvordan vi finner og skaper en unik karakter og hvordan du utvikler historien karakteren \u00f8nsker \u00e5 fortelle.<\/p>\n","protected":false},"author":9,"featured_media":282,"parent":124,"menu_order":0,"comment_status":"closed","ping_status":"closed","template":"","meta":{"_acf_changed":false,"_et_pb_use_builder":"on","_et_pb_old_content":"","_et_gb_content_width":"","inline_featured_image":false,"footnotes":""},"categories":[26],"tags":[],"class_list":["post-250","page","type-page","status-publish","has-post-thumbnail","hentry","category-kurs"],"acf":[],"_links":{"self":[{"href":"https:\/\/old.natf.no\/td2017\/wp-json\/wp\/v2\/pages\/250","targetHints":{"allow":["GET"]}}],"collection":[{"href":"https:\/\/old.natf.no\/td2017\/wp-json\/wp\/v2\/pages"}],"about":[{"href":"https:\/\/old.natf.no\/td2017\/wp-json\/wp\/v2\/types\/page"}],"author":[{"embeddable":true,"href":"https:\/\/old.natf.no\/td2017\/wp-json\/wp\/v2\/users\/9"}],"replies":[{"embeddable":true,"href":"https:\/\/old.natf.no\/td2017\/wp-json\/wp\/v2\/comments?post=250"}],"version-history":[{"count":0,"href":"https:\/\/old.natf.no\/td2017\/wp-json\/wp\/v2\/pages\/250\/revisions"}],"up":[{"embeddable":true,"href":"https:\/\/old.natf.no\/td2017\/wp-json\/wp\/v2\/pages\/124"}],"wp:featuredmedia":[{"embeddable":true,"href":"https:\/\/old.natf.no\/td2017\/wp-json\/wp\/v2\/media\/282"}],"wp:attachment":[{"href":"https:\/\/old.natf.no\/td2017\/wp-json\/wp\/v2\/media?parent=250"}],"wp:term":[{"taxonomy":"category","embeddable":true,"href":"https:\/\/old.natf.no\/td2017\/wp-json\/wp\/v2\/categories?post=250"},{"taxonomy":"post_tag","embeddable":true,"href":"https:\/\/old.natf.no\/td2017\/wp-json\/wp\/v2\/tags?post=250"}],"curies":[{"name":"wp","href":"https:\/\/api.w.org\/{rel}","templated":true}]}}