{"id":248,"date":"2017-05-12T12:05:43","date_gmt":"2017-05-12T10:05:43","guid":{"rendered":"https:\/\/natfno.wpengine.com\/td2017\/?page_id=248"},"modified":"2017-08-10T11:42:19","modified_gmt":"2017-08-10T09:42:19","slug":"stanislavski-teknikker","status":"publish","type":"page","link":"https:\/\/old.natf.no\/td2017\/uttrykk-og-karakterarbeid-gjennom-dans-2\/stanislavski-teknikker\/","title":{"rendered":"Stanislavski-Teknikker"},"content":{"rendered":"<p>[et_pb_section bb_built=&raquo;1&#8243; admin_label=&raquo;Seksjon&raquo; fullwidth=&raquo;off&raquo; specialty=&raquo;off&raquo;][et_pb_row admin_label=&raquo;Rad&raquo;][et_pb_column type=&raquo;2_3&#8243;][et_pb_text admin_label=&raquo;Kursbeskrivelse&raquo; background_layout=&raquo;light&raquo; text_orientation=&raquo;left&raquo; use_border_color=&raquo;off&raquo; border_color=&raquo;#ffffff&raquo; border_style=&raquo;solid&raquo;]<\/p>\n<p>Kurset er for folk som har skuespillererfaring. Vi tar utgangspunkt i Anton Tsjekovs enakters teaterstykker.<\/p>\n<p>Vi jobber med rolleanalyse, fysiske \u00f8velser og ogs\u00e5 stemmebruk. Vi skal arbeide med Tsjekovs tekster b\u00e5de individuelt og i fellesskap. Ideen er \u00e5 jobbe fram karakterene i rollefigurene gjennom \u00f8velser. Vi pr\u00f8ver ut hvordan bevegelse og stemmebruk kan kombineres med de enkelte rollefigurene. Til slutt f\u00e5r vi rollefigurene i dialog med hverandre. Vi skal jobbe med enkeltscener for \u00e5 utforske dialoger fra flere av Tjsekovs enaktere.<\/p>\n<p>[\/et_pb_text][\/et_pb_column][et_pb_column type=&raquo;1_3&#8243;][et_pb_image admin_label=&raquo;Bilde&raquo; src=&raquo;https:\/\/old.natf.no\/td2017\/wp-content\/uploads\/sites\/8\/2017\/05\/Piotrek_cholodzinski.png&raquo; show_in_lightbox=&raquo;off&raquo; url_new_window=&raquo;off&raquo; use_overlay=&raquo;off&raquo; animation=&raquo;left&raquo; sticky=&raquo;off&raquo; align=&raquo;left&raquo; force_fullwidth=&raquo;off&raquo; always_center_on_mobile=&raquo;on&raquo; use_border_color=&raquo;off&raquo; border_color=&raquo;#ffffff&raquo; border_style=&raquo;solid&raquo; \/][et_pb_text admin_label=&raquo;Tekst&raquo; background_layout=&raquo;light&raquo; text_orientation=&raquo;left&raquo; use_border_color=&raquo;off&raquo; border_color=&raquo;#ffffff&raquo; border_style=&raquo;solid&raquo;]<\/p>\n<p><strong>Piotrek Cholodzinski<\/strong> er teaterinstrukt\u00f8r og har ogs\u00e5 jobbet med film. Han har utdannelse fra Polen og Norge og har jobber ved de fleste institusjonsteatrene i Norge, bl a p\u00e5 Nationaltheatret. Han har jobbet som regiss\u00f8r i Finland, Danmark, Polen og Japan, og har ogs\u00e5 erfaring fra arbeid med frie grupper. Han er i dag ansatt ved Westerdals, avdeling kunstfag \/ skuespill.<\/p>\n<p>[\/et_pb_text][\/et_pb_column][\/et_pb_row][et_pb_row admin_label=&raquo;Rad&raquo;][et_pb_column type=&raquo;4_4&#8243;][et_pb_post_nav admin_label=&raquo;Postnavigering&raquo; in_same_term=&raquo;on&raquo; hide_prev=&raquo;off&raquo; hide_next=&raquo;off&raquo; prev_text=&raquo;Forrige kurs&raquo; next_text=&raquo;Neste kurs&raquo; use_border_color=&raquo;off&raquo; border_color=&raquo;#ffffff&raquo; border_style=&raquo;solid&raquo; \/][\/et_pb_column][\/et_pb_row][\/et_pb_section]<\/p>\n","protected":false},"excerpt":{"rendered":"<p>Kurset er for folk som har skuespillererfaring. Vi tar utgangspunkt i Anton Tsjekovs enakters teaterstykker.<br \/>\nVi jobber med rolleanalyse, fysiske \u00f8velser og ogs\u00e5 stemmebruk. Vi skal arbeide med Tsjekovs tekster b\u00e5de individuelt og i fellesskap. Ideen er \u00e5 jobbe fram karakterene i rollefigurene gjennom \u00f8velser. <\/p>\n","protected":false},"author":9,"featured_media":280,"parent":124,"menu_order":0,"comment_status":"closed","ping_status":"closed","template":"","meta":{"_acf_changed":false,"_et_pb_use_builder":"on","_et_pb_old_content":"","_et_gb_content_width":"","inline_featured_image":false,"footnotes":""},"categories":[26],"tags":[],"class_list":["post-248","page","type-page","status-publish","has-post-thumbnail","hentry","category-kurs"],"acf":[],"_links":{"self":[{"href":"https:\/\/old.natf.no\/td2017\/wp-json\/wp\/v2\/pages\/248","targetHints":{"allow":["GET"]}}],"collection":[{"href":"https:\/\/old.natf.no\/td2017\/wp-json\/wp\/v2\/pages"}],"about":[{"href":"https:\/\/old.natf.no\/td2017\/wp-json\/wp\/v2\/types\/page"}],"author":[{"embeddable":true,"href":"https:\/\/old.natf.no\/td2017\/wp-json\/wp\/v2\/users\/9"}],"replies":[{"embeddable":true,"href":"https:\/\/old.natf.no\/td2017\/wp-json\/wp\/v2\/comments?post=248"}],"version-history":[{"count":0,"href":"https:\/\/old.natf.no\/td2017\/wp-json\/wp\/v2\/pages\/248\/revisions"}],"up":[{"embeddable":true,"href":"https:\/\/old.natf.no\/td2017\/wp-json\/wp\/v2\/pages\/124"}],"wp:featuredmedia":[{"embeddable":true,"href":"https:\/\/old.natf.no\/td2017\/wp-json\/wp\/v2\/media\/280"}],"wp:attachment":[{"href":"https:\/\/old.natf.no\/td2017\/wp-json\/wp\/v2\/media?parent=248"}],"wp:term":[{"taxonomy":"category","embeddable":true,"href":"https:\/\/old.natf.no\/td2017\/wp-json\/wp\/v2\/categories?post=248"},{"taxonomy":"post_tag","embeddable":true,"href":"https:\/\/old.natf.no\/td2017\/wp-json\/wp\/v2\/tags?post=248"}],"curies":[{"name":"wp","href":"https:\/\/api.w.org\/{rel}","templated":true}]}}