{"id":237,"date":"2017-05-12T11:48:16","date_gmt":"2017-05-12T09:48:16","guid":{"rendered":"https:\/\/natfno.wpengine.com\/td2017\/?page_id=237"},"modified":"2017-08-10T14:46:04","modified_gmt":"2017-08-10T12:46:04","slug":"karakteren-som-historieforteller","status":"publish","type":"page","link":"https:\/\/old.natf.no\/td2017\/uttrykk-og-karakterarbeid-gjennom-dans-2\/karakteren-som-historieforteller\/","title":{"rendered":"Karakteren som historieforteller"},"content":{"rendered":"<p>[et_pb_section bb_built=&raquo;1&#8243; admin_label=&raquo;Seksjon&raquo; fullwidth=&raquo;off&raquo; specialty=&raquo;off&raquo;][et_pb_row admin_label=&raquo;Rad&raquo; background_position=&raquo;top_left&raquo; background_repeat=&raquo;repeat&raquo; background_size=&raquo;initial&raquo;][et_pb_column type=&raquo;2_3&#8243;][et_pb_text admin_label=&raquo;Kursbeskrivelse&raquo; background_layout=&raquo;light&raquo; text_orientation=&raquo;left&raquo; use_border_color=&raquo;off&raquo; border_color=&raquo;#ffffff&raquo; border_style=&raquo;solid&raquo; background_position=&raquo;top_left&raquo; background_repeat=&raquo;repeat&raquo; background_size=&raquo;initial&raquo;]<\/p>\n<p>Har du et \u00f8nske om \u00e5 skape ditt eget arbeid &#8211; dine egne forestillinger, men trenger noen flere verkt\u00f8y for \u00e5 virkeliggj\u00f8re id\u00e9ene dine? Har du mange evner og mye erfaring, men ingen historie?<\/p>\n<p>Dette kurset er tilpasset skuespillere og regiss\u00f8rer som \u00f8nsker \u00e5 skape sine egne originale forestillinger, men trenger flere verkt\u00f8y for \u00e5 finne kreative l\u00f8sninger i \u00f8velsesrommet.\u00a0 &#8211; I dette kurset gj\u00f8r rollefiguren jobben for deg!<\/p>\n<ul>\n<li>Karakterarbeid (kropp, stemme og bakhistorie). I karakterarbeidet sikter vi oss inn p\u00e5 folk flest. Vanlige mennesker med uvanlige historier som de vil fortelle, og ikke minst hvordan. M\u00e5let er \u00e5 \u00a0\u00a0\u00a0 bruke karakterens tankem\u00e5te som en n\u00f8kkel til \u00e5 forl\u00f8se v\u00e5rt eget \u00a0\u00a0 skapende potensial, uten \u00e5 ta oss selv h\u00f8ytidelig.<\/li>\n<li>Hvilke temaer er det viktigst \u00e5 formidle? Politisk? Psykisk? Emosjonelt? Her finner vi finner ut hvilken karakter er best rustet til \u00e5 snakke om temaet p\u00e5 dine vegne.<\/li>\n<li>Hvordan \u00f8nsker\/burde karakteren opptre for et publikum? Her finner vi s\u00e5rbar og \u00e6rlig historiefortelling med sofistikerte kunstneriske grep utf\u00f8rt p\u00e5 en upretensi\u00f8s m\u00e5te.<\/li>\n<\/ul>\n<p>[\/et_pb_text][\/et_pb_column][et_pb_column type=&raquo;1_3&#8243;][et_pb_image admin_label=&raquo;Bilde&raquo; src=&raquo;https:\/\/old.natf.no\/td2017\/wp-content\/uploads\/sites\/8\/2017\/05\/Frode_Gjerlow.png&raquo; show_in_lightbox=&raquo;off&raquo; url_new_window=&raquo;off&raquo; use_overlay=&raquo;off&raquo; animation=&raquo;left&raquo; sticky=&raquo;off&raquo; align=&raquo;left&raquo; force_fullwidth=&raquo;off&raquo; always_center_on_mobile=&raquo;on&raquo; use_border_color=&raquo;off&raquo; border_color=&raquo;#ffffff&raquo; border_style=&raquo;solid&raquo; \/][et_pb_text admin_label=&raquo;Kurs holder&raquo; background_color=&raquo;#ffffff&raquo; border_color=&raquo;#999999&#8243; border_width=&raquo;2px&raquo; custom_padding=&raquo;25px|25px|25px|25px&raquo; background_layout=&raquo;light&raquo; text_orientation=&raquo;left&raquo; border_style=&raquo;solid&raquo; header_text_color=&raquo;#191919&#8243; text_text_color=&raquo;#000000&#8243; background_position=&raquo;top_left&raquo; background_repeat=&raquo;repeat&raquo; background_size=&raquo;initial&raquo; _builder_version=&raquo;3.0.51&#8243;]<\/p>\n<p><strong>Frode Gjerl\u00f8w<\/strong> er skuespiller og regiss\u00f8r med utdannelse fra Lecoq i Paris (2009-2011).<\/p>\n<p>Han har to teaterkompanier i London; Crank Theatre og Superbolt Theatre. Hans prisvinnende forestillinger har spilt for titusener av mennesker hvert \u00e5r i London, Edinburgh og internasjonalt.\u00a0 Regisserer \u201dInvasjon\u201d ved Sogn og Fjordane Teater h\u00f8sten 2017.<\/p>\n<p>&nbsp;<\/p>\n<p>[\/et_pb_text][\/et_pb_column][\/et_pb_row][et_pb_row admin_label=&raquo;Rad&raquo; background_position=&raquo;top_left&raquo; background_repeat=&raquo;repeat&raquo; background_size=&raquo;initial&raquo;][et_pb_column type=&raquo;4_4&#8243;][et_pb_post_nav admin_label=&raquo;Postnavigering&raquo; in_same_term=&raquo;on&raquo; hide_prev=&raquo;off&raquo; hide_next=&raquo;off&raquo; prev_text=&raquo;Forrige kurs&raquo; next_text=&raquo;Neste kurs&raquo; use_border_color=&raquo;off&raquo; border_color=&raquo;#ffffff&raquo; border_style=&raquo;solid&raquo; \/][\/et_pb_column][\/et_pb_row][\/et_pb_section]<\/p>\n","protected":false},"excerpt":{"rendered":"<p>Dette kurset er tilpasset skuespillere og regiss\u00f8rer som \u00f8nsker \u00e5 skape sine egne originale forestillinger, men trenger flere verkt\u00f8y for \u00e5 finne kreative l\u00f8sninger i \u00f8velsesrommet.  \u2013 I dette kurset gj\u00f8r rollefiguren jobben for deg!<\/p>\n","protected":false},"author":9,"featured_media":287,"parent":124,"menu_order":0,"comment_status":"closed","ping_status":"closed","template":"","meta":{"_acf_changed":false,"_et_pb_use_builder":"on","_et_pb_old_content":"","_et_gb_content_width":"","inline_featured_image":false,"footnotes":""},"categories":[26],"tags":[],"class_list":["post-237","page","type-page","status-publish","has-post-thumbnail","hentry","category-kurs"],"acf":[],"_links":{"self":[{"href":"https:\/\/old.natf.no\/td2017\/wp-json\/wp\/v2\/pages\/237","targetHints":{"allow":["GET"]}}],"collection":[{"href":"https:\/\/old.natf.no\/td2017\/wp-json\/wp\/v2\/pages"}],"about":[{"href":"https:\/\/old.natf.no\/td2017\/wp-json\/wp\/v2\/types\/page"}],"author":[{"embeddable":true,"href":"https:\/\/old.natf.no\/td2017\/wp-json\/wp\/v2\/users\/9"}],"replies":[{"embeddable":true,"href":"https:\/\/old.natf.no\/td2017\/wp-json\/wp\/v2\/comments?post=237"}],"version-history":[{"count":0,"href":"https:\/\/old.natf.no\/td2017\/wp-json\/wp\/v2\/pages\/237\/revisions"}],"up":[{"embeddable":true,"href":"https:\/\/old.natf.no\/td2017\/wp-json\/wp\/v2\/pages\/124"}],"wp:featuredmedia":[{"embeddable":true,"href":"https:\/\/old.natf.no\/td2017\/wp-json\/wp\/v2\/media\/287"}],"wp:attachment":[{"href":"https:\/\/old.natf.no\/td2017\/wp-json\/wp\/v2\/media?parent=237"}],"wp:term":[{"taxonomy":"category","embeddable":true,"href":"https:\/\/old.natf.no\/td2017\/wp-json\/wp\/v2\/categories?post=237"},{"taxonomy":"post_tag","embeddable":true,"href":"https:\/\/old.natf.no\/td2017\/wp-json\/wp\/v2\/tags?post=237"}],"curies":[{"name":"wp","href":"https:\/\/api.w.org\/{rel}","templated":true}]}}