{"id":1017,"date":"2017-08-29T12:49:14","date_gmt":"2017-08-29T10:49:14","guid":{"rendered":"https:\/\/natfno.wpengine.com\/td2017\/?page_id=1017"},"modified":"2017-09-11T15:07:27","modified_gmt":"2017-09-11T13:07:27","slug":"fabrikkenseminaret-2017","status":"publish","type":"page","link":"https:\/\/old.natf.no\/td2017\/fabrikkenseminaret-2017\/","title":{"rendered":"Fabrikkenseminaret 2017"},"content":{"rendered":"<p>[et_pb_section bb_built=&raquo;1&#8243; admin_label=&raquo;section&raquo; _builder_version=&raquo;3.0.47&#8243; custom_padding=&raquo;0px|0px|54px|0px&raquo;][et_pb_row admin_label=&raquo;Rad&raquo; _builder_version=&raquo;3.0.47&#8243; background_size=&raquo;initial&raquo; background_position=&raquo;top_left&raquo; background_repeat=&raquo;repeat&raquo;][et_pb_column type=&raquo;2_3&#8243;][et_pb_text admin_label=&raquo;Tekst&raquo; _builder_version=&raquo;3.0.51&#8243; background_layout=&raquo;light&raquo; text_orientation=&raquo;left&raquo; border_style=&raquo;solid&raquo;]<\/p>\n<p>Fabrikkseminaret er en m\u00f8teplass for folk som er opptatt av kultur, n\u00e6ring og kulturn\u00e6ring:<br \/>\nUt\u00f8vere, bedrifter, politikere, administratorer og forskere.<br \/>\nNorsk Amat\u00f8rteaterforbund, Kunnskapsverket, Lillehammer kommune og Fabrikken inviterer i samarbeid til \u00e5rets seminar som byr p\u00e5 fortellinger om mennesker, bevegelser og kulturens betydning for attraktive steder.<\/p>\n<p><strong><span class=\"text_exposed_show\">Tid: Fredag 15. september kl. 10 \u2013 16 inkludert lunsj med teaterforestilli<\/span>ng<\/strong><br \/>\n<strong>S<span class=\"text_exposed_show\">ted: Tyrilisenteret<br \/>\nPris: Kr. 500 (For deltakere p\u00e5 Teaterdagene og Fabrikkfolk: kr. 300)\u00a0<\/span><\/strong><\/p>\n<p>Du m\u00f8ter blant andre:<br \/>\n\u2022 Kirsti Christie &#8211; sosialantropolog og p\u00e5troppende HR-sjef i Vinmonopolet<br \/>\n\u2022 Kyrre Texn\u00e6s &#8211; danser, kunstner og trener<br \/>\n\u2022 Anne Beate Hovind \u2013 fra Bj\u00f8rvika Utvikling, Future Library og Avinor<br \/>\n\u2022 Atle Hauge \u2013 leder i Kunnskapsverket; Nasjonalt senter for kulturelle n\u00e6ringer<br \/>\n\u2022 Esben Hoff \u2013 kommunikasjonsr\u00e5dgiver i Kunnskapsverket<br \/>\n<span class=\"text_exposed_show\">\u2022 Espen Kvark Kvernberg \u2013 styreleder i Norsk Amat\u00f8rteaterforbund og r\u00e5dgiver i n\u00e6ringslivet<br \/>\n\u2022 Olav Brostrup M\u00fcller \u2013 kultursjef i Lillehammer kommune<br \/>\n\u2022 Pam Scweitzer \u2013 ekspert p\u00e5 Reminiscence Theatre (minnenes teater)<br \/>\n\u2022 H\u00e5kon S\u00f8nneland \u2013 forfatter, improvisat\u00f8r og festivalkunstner<\/span><\/p>\n<p>Velkommen ogs\u00e5 til:<br \/>\n\u2022 Morgenkonsert og frokost p\u00e5 Fabrikken fra kl. 9.00<\/p>\n<p>[\/et_pb_text][et_pb_text admin_label=&raquo;Tekst&raquo; background_layout=&raquo;dark&raquo; text_orientation=&raquo;center&raquo; max_width=&raquo;100%&raquo; _builder_version=&raquo;3.0.51&#8243; background_color=&raquo;#d34e32&#8243; custom_margin=&raquo;|||&raquo; custom_padding=&raquo;1.5em||1em|&raquo; border_style=&raquo;solid&raquo;]<\/p>\n<h2>PROGRAM<\/h2>\n<p>[\/et_pb_text][et_pb_text admin_label=&raquo;Tekst&raquo; _builder_version=&raquo;3.0.51&#8243;]<\/p>\n<p>09:00 KAFFE OG MUSISERING<br \/>\n10:00 MENNESKER FORTELLER<br \/>\nMed blant andre Kirsti Christie og Kyrre Texn\u00e6s<br \/>\n12:30 L\u00d8NSJ OG TEATER<br \/>\n13:30 ATTRAKSJONSVERDIER<br \/>\nMed blant andre Anne Beate Hovind,<br \/>\nAtle Hauge og Elin Sj\u00f8din Drange<br \/>\n16:00 SLUTT<\/p>\n<p>[\/et_pb_text][\/et_pb_column][et_pb_column type=&raquo;1_3&#8243;][et_pb_image admin_label=&raquo;Bilde&raquo; src=&raquo;https:\/\/old.natf.no\/td2017\/wp-content\/uploads\/sites\/8\/2017\/08\/Fabrikkenseminaret.png&raquo; _builder_version=&raquo;3.0.51&#8243; \/][et_pb_cta admin_label=&raquo;Oppfordringslenke&raquo; title=&raquo;P\u00e5melding&raquo; button_url=&raquo;https:\/\/old.natf.no\/td2017\/aktiviteter\/fabrikkenseminaret-2017\/&raquo; button_text=&raquo;Fabrikkenseminaret 2017&#8243; background_color=&raquo;#009966&#8243; _builder_version=&raquo;3.0.51&#8243; \/][et_pb_text admin_label=&raquo;Tekst&raquo; _builder_version=&raquo;3.0.51&#8243;]<\/p>\n<p>Et samarbeid mellom<br \/>\nKunnskapsverket,<br \/>\nLillehammer kommune,<br \/>\nTyrilistiftelsen,<br \/>\nNATF og Fabrikken<\/p>\n<p>[\/et_pb_text][\/et_pb_column][\/et_pb_row][\/et_pb_section]<\/p>\n","protected":false},"excerpt":{"rendered":"<p>Fabrikkseminaret er en m\u00f8teplass for folk som er opptatt av kultur, n\u00e6ring og kulturn\u00e6ring:<br \/>\nUt\u00f8vere, bedrifter, politikere, administratorer og forskere. Et samarbeid mellom kunnskapsverket, Lillehammer kommune, Tyrilistiftelsen, NATF og Fabrikken<\/p>\n","protected":false},"author":9,"featured_media":0,"parent":0,"menu_order":0,"comment_status":"closed","ping_status":"closed","template":"","meta":{"_acf_changed":false,"_et_pb_use_builder":"on","_et_pb_old_content":"","_et_gb_content_width":"","inline_featured_image":false,"footnotes":""},"categories":[],"tags":[],"class_list":["post-1017","page","type-page","status-publish","hentry"],"acf":[],"_links":{"self":[{"href":"https:\/\/old.natf.no\/td2017\/wp-json\/wp\/v2\/pages\/1017","targetHints":{"allow":["GET"]}}],"collection":[{"href":"https:\/\/old.natf.no\/td2017\/wp-json\/wp\/v2\/pages"}],"about":[{"href":"https:\/\/old.natf.no\/td2017\/wp-json\/wp\/v2\/types\/page"}],"author":[{"embeddable":true,"href":"https:\/\/old.natf.no\/td2017\/wp-json\/wp\/v2\/users\/9"}],"replies":[{"embeddable":true,"href":"https:\/\/old.natf.no\/td2017\/wp-json\/wp\/v2\/comments?post=1017"}],"version-history":[{"count":0,"href":"https:\/\/old.natf.no\/td2017\/wp-json\/wp\/v2\/pages\/1017\/revisions"}],"wp:attachment":[{"href":"https:\/\/old.natf.no\/td2017\/wp-json\/wp\/v2\/media?parent=1017"}],"wp:term":[{"taxonomy":"category","embeddable":true,"href":"https:\/\/old.natf.no\/td2017\/wp-json\/wp\/v2\/categories?post=1017"},{"taxonomy":"post_tag","embeddable":true,"href":"https:\/\/old.natf.no\/td2017\/wp-json\/wp\/v2\/tags?post=1017"}],"curies":[{"name":"wp","href":"https:\/\/api.w.org\/{rel}","templated":true}]}}