{"id":280,"date":"2015-05-15T14:23:04","date_gmt":"2015-05-15T12:23:04","guid":{"rendered":"https:\/\/natfno.wpengine.com\/td2015\/?page_id=280"},"modified":"2016-06-10T11:30:56","modified_gmt":"2016-06-10T09:30:56","slug":"kontakt-oss","status":"publish","type":"page","link":"https:\/\/old.natf.no\/td2016\/kontakt-oss\/","title":{"rendered":"Kontakt oss"},"content":{"rendered":"<p>[et_pb_section admin_label=&raquo;section&raquo; transparent_background=&raquo;off&raquo; background_color=&raquo;rgba(218,232,232,0.99)&raquo; allow_player_pause=&raquo;off&raquo; inner_shadow=&raquo;off&raquo; parallax=&raquo;off&raquo; parallax_method=&raquo;off&raquo; padding_mobile=&raquo;off&raquo; make_fullwidth=&raquo;off&raquo; use_custom_width=&raquo;off&raquo; width_unit=&raquo;on&raquo; make_equal=&raquo;off&raquo; use_custom_gutter=&raquo;off&raquo;][et_pb_row admin_label=&raquo;row&raquo;][et_pb_column type=&raquo;1_4&#8243;][et_pb_image admin_label=&raquo;Bilde&raquo; src=&raquo;https:\/\/old.natf.no\/td2016\/wp-content\/uploads\/sites\/5\/2015\/05\/Banner2.jpg&raquo; show_in_lightbox=&raquo;off&raquo; url_new_window=&raquo;off&raquo; animation=&raquo;off&raquo; sticky=&raquo;off&raquo;] [\/et_pb_image][\/et_pb_column][et_pb_column type=&raquo;1_2&#8243;][et_pb_cta admin_label=&raquo;Oppfordringslenke&raquo; use_background_color=&raquo;on&raquo; background_color=&raquo;#f2f2f2&#8243; background_layout=&raquo;light&raquo; text_orientation=&raquo;left&raquo; url_new_window=&raquo;off&raquo; use_border_color=&raquo;off&raquo; border_color=&raquo;#ffffff&raquo; border_style=&raquo;solid&raquo; custom_button=&raquo;off&raquo; button_letter_spacing=&raquo;0&#8243; button_use_icon=&raquo;default&raquo; button_icon_placement=&raquo;right&raquo; button_on_hover=&raquo;on&raquo; button_letter_spacing_hover=&raquo;0&#8243;]<\/p>\n<p>&nbsp;<\/p>\n<p><strong>E-post<br \/>\n<\/strong>prosjekt@natf.no<br \/>\nnatf@natf.no<\/p>\n<p><strong>Telefon<\/strong><br \/>\n+ 47\u00a0905 26 998<\/p>\n<p><strong>Bes\u00f8ksadresse<\/strong><br \/>\nc\/o Fabrikken<br \/>\nL\u00f8kkegata 9<br \/>\n2609 LILLEHAMMER<\/p>\n<p><strong>Festivalkontor\u00a0(Kun \u00e5pent under festivalen)<br \/>\n<\/strong>Kulturhuset Banken<\/p>\n<p><strong>Facebook\u00a0<\/strong><br \/>\nMeld deg inn i v\u00e5r facebookgruppe\u00a0<em>Teaterdagene\u00a0<\/em>\u00e5 f\u00e5 oppdatert informasjon fortl\u00f8pende<\/p>\n<p>&nbsp;<\/p>\n<p>[\/et_pb_cta][\/et_pb_column][et_pb_column type=&raquo;1_4&#8243;][\/et_pb_column][\/et_pb_row][\/et_pb_section]<\/p>\n","protected":false},"excerpt":{"rendered":"<p>&nbsp; E-post prosjekt@natf.no natf@natf.no Telefon + 47\u00a0905 26 998 Bes\u00f8ksadresse c\/o Fabrikken L\u00f8kkegata 9 2609 LILLEHAMMER Festivalkontor\u00a0(Kun \u00e5pent under festivalen) Kulturhuset Banken Facebook\u00a0 Meld deg inn i v\u00e5r facebookgruppe\u00a0Teaterdagene\u00a0\u00e5 f\u00e5 [&hellip;]<\/p>\n","protected":false},"author":9,"featured_media":0,"parent":0,"menu_order":0,"comment_status":"closed","ping_status":"closed","template":"","meta":{"_acf_changed":false,"_et_pb_use_builder":"on","_et_pb_old_content":"","_et_gb_content_width":"","inline_featured_image":false,"footnotes":""},"class_list":["post-280","page","type-page","status-publish","hentry"],"acf":[],"_links":{"self":[{"href":"https:\/\/old.natf.no\/td2016\/wp-json\/wp\/v2\/pages\/280","targetHints":{"allow":["GET"]}}],"collection":[{"href":"https:\/\/old.natf.no\/td2016\/wp-json\/wp\/v2\/pages"}],"about":[{"href":"https:\/\/old.natf.no\/td2016\/wp-json\/wp\/v2\/types\/page"}],"author":[{"embeddable":true,"href":"https:\/\/old.natf.no\/td2016\/wp-json\/wp\/v2\/users\/9"}],"replies":[{"embeddable":true,"href":"https:\/\/old.natf.no\/td2016\/wp-json\/wp\/v2\/comments?post=280"}],"version-history":[{"count":0,"href":"https:\/\/old.natf.no\/td2016\/wp-json\/wp\/v2\/pages\/280\/revisions"}],"wp:attachment":[{"href":"https:\/\/old.natf.no\/td2016\/wp-json\/wp\/v2\/media?parent=280"}],"curies":[{"name":"wp","href":"https:\/\/api.w.org\/{rel}","templated":true}]}}