{"id":265,"date":"2015-06-15T09:57:40","date_gmt":"2015-06-15T07:57:40","guid":{"rendered":"https:\/\/natfno.wpengine.com\/td2015\/?page_id=265"},"modified":"2016-09-16T08:10:23","modified_gmt":"2016-09-16T06:10:23","slug":"nm-i-improvisasjon-2","status":"publish","type":"page","link":"https:\/\/old.natf.no\/td2016\/nm-i-improvisasjon-2\/","title":{"rendered":"NM i Teatersport\u2122"},"content":{"rendered":"<p>[et_pb_section admin_label=&raquo;section&raquo; transparent_background=&raquo;off&raquo; background_color=&raquo;rgba(218,232,232,0.99)&raquo; allow_player_pause=&raquo;off&raquo; inner_shadow=&raquo;off&raquo; parallax=&raquo;off&raquo; parallax_method=&raquo;off&raquo; padding_mobile=&raquo;off&raquo; make_fullwidth=&raquo;off&raquo; use_custom_width=&raquo;off&raquo; width_unit=&raquo;on&raquo; make_equal=&raquo;off&raquo; use_custom_gutter=&raquo;off&raquo;][et_pb_row admin_label=&raquo;row&raquo;][et_pb_column type=&raquo;3_4&#8243;][et_pb_cta admin_label=&raquo;Oppfordringslenke&raquo; use_background_color=&raquo;on&raquo; background_color=&raquo;rgba(218,232,232,0.99)&raquo; background_layout=&raquo;light&raquo; text_orientation=&raquo;left&raquo; url_new_window=&raquo;off&raquo; use_border_color=&raquo;off&raquo; border_color=&raquo;#ffffff&raquo; border_style=&raquo;solid&raquo; custom_button=&raquo;off&raquo; button_letter_spacing=&raquo;0&#8243; button_use_icon=&raquo;default&raquo; button_icon_placement=&raquo;right&raquo; button_on_hover=&raquo;on&raquo; button_letter_spacing_hover=&raquo;0&#8243;]<\/p>\n<h1>NM i Teatersport\u2122 2016<\/h1>\n<p>NM i Teatersport \u2122 g\u00e5r av stabelen l\u00f8rdag 17. september i Kulturhuset Banken her p\u00e5 Lillehammer.<\/p>\n<h4>Programmet for NM i Teatersport \u2122 2016, l\u00f8rdag 17.september:<\/h4>\n<ul>\n<li>12.00 \u2013 16.00 Innledende runder NM i Teatersport\u2122 (Gratis inngang)<\/li>\n<li>18.00 \u2013 ca. 20.00 Bronsefinale og FINALE i NM i Teatersport\u2122 (150,- inngang)<\/li>\n<\/ul>\n<p>Arrangementet foreg\u00e5r i Festsalen i Kulturhuset Banken.<br \/>\nBilletter kan kj\u00f8pes i d\u00f8ra eller gjennom www.hoopla.no<\/p>\n<p>\u00c5rets deltakere er:<br \/>\n<strong>S\u00f8strene Sigvaldsen \u00a0 \u00a0 \u00a0 \u00a0 \u00a0 \u00a0\u00a0<\/strong>Innlandet<br \/>\n<strong>Too Late\u2013(Just in time)<\/strong>\u00a0 \u00a0 \u00a0 \u00a0 \u00a0S\u00f8r-Norge<br \/>\n<strong>ImproOperat\u00f8rene<\/strong>\u00a0 \u00a0 \u00a0 \u00a0 \u00a0 \u00a0 \u00a0 \u00a0 \u00a0Midt-Norge<br \/>\n<strong>HAS\u00a0\u00a0\u00a0\u00a0 <\/strong>\u00a0\u00a0\u00a0\u00a0\u00a0\u00a0\u00a0\u00a0\u00a0\u00a0\u00a0\u00a0\u00a0\u00a0\u00a0\u00a0\u00a0\u00a0\u00a0\u00a0\u00a0\u00a0\u00a0\u00a0\u00a0\u00a0\u00a0\u00a0\u00a0\u00a0\u00a0\u00a0\u00a0\u00a0\u00a0 \u00d8st-Norge<br \/>\n<strong>Ja, takk! Impro<\/strong>\u00a0 \u00a0 \u00a0 \u00a0 \u00a0 \u00a0 \u00a0 \u00a0 \u00a0 \u00a0 \u00a0 \u00a0Vest-Norge<br \/>\n<strong>Torsk\u00a0\u00a0 <\/strong>\u00a0\u00a0\u00a0\u00a0\u00a0\u00a0\u00a0\u00a0\u00a0\u00a0\u00a0\u00a0\u00a0\u00a0\u00a0\u00a0\u00a0\u00a0\u00a0\u00a0\u00a0\u00a0\u00a0\u00a0\u00a0\u00a0\u00a0\u00a0\u00a0\u00a0\u00a0\u00a0\u00a0\u00a0\u00a0 Nord-Norge<br \/>\n<strong>Kjekke Unge Karer<\/strong>\u00a0 \u00a0 \u00a0 \u00a0 \u00a0 \u00a0 \u00a0 \u00a0 Jr. NM<br \/>\n<strong>ImproSchmimpro<\/strong>\u00a0 \u00a0 \u00a0 \u00a0 \u00a0 \u00a0 \u00a0 \u00a0 \u00a0 Wild Card<\/p>\n<p>Hoveddommer: \u00a0 \u00a0 \u00a0 \u00a0 \u00a0 \u00a0<strong>Simen Hovd<\/strong><br \/>\nMeddommere: \u00a0\u00a0\u00a0\u00a0\u00a0\u00a0\u00a0\u00a0\u00a0\u00a0\u00a0 <strong>Magnus Kolberg Eriksen og\u00a0H\u00e5vard B\u00f8rresen<br \/>\n<\/strong>Konferansier:\u00a0\u00a0\u00a0\u00a0\u00a0\u00a0\u00a0\u00a0\u00a0\u00a0\u00a0\u00a0\u00a0\u00a0 <strong>Mikkel Niva<br \/>\n<\/strong>Kapellmester:\u00a0\u00a0\u00a0\u00a0\u00a0\u00a0\u00a0\u00a0\u00a0\u00a0\u00a0\u00a0\u00a0 <strong>H\u00e5vard G. Antonsen<\/strong><\/p>\n<p>Teatersport er et improvisert forestillingsformat utviklet av briten Keith Johnstone p\u00e5 70-tallet i Calgary, Canada. Kort fortalt er Teatersport et rammeverk for hvordan man kan utspille en improvisert teaterforestilling. Som navnet antyder l\u00e5ner formatet uttrykksformen til en sportskonkurranse, med regler, dommere, lag som konkurrerer og hvor noen vinner og noen ikke vinner. Johnstone ble inspirert til \u00e5 utvikle Teatersport etter \u00e5 ha v\u00e6rt publikum p\u00e5 flere amerikanske fribryterarrangementer, eller <em>wrestling <\/em>som det heter p\u00e5 engelsk. Wrestling var if\u00f8lge Johnstone det perfekte arbeideklasseteater, hvor helter og skurker kjemper mot hverandre i kamper hvor vinneren og taperen er avgjort p\u00e5 forh\u00e5nd. Til tross for at de fleste i publikum vet at wrestling er avtalt spill, lar publikum seg rive med. De heier, buer, skriker, gr\u00e5ter og ler \u2013 og akkurat det var det Keith Johnstone fors\u00f8kte \u00e5 gjenskape i teatersalen med et forestillingsformat som ligner p\u00e5 en konkurranse. Teatersport en teaterforestilling forkledt som en konkurranse.<\/p>\n<p>Det deltar 8 lag i NM p\u00e5 Lillehammer, dette er lag som har kvalifisert seg fra en av landsdelene hhv Nord, S\u00f8r, Midt, Vest, \u00d8st og Innlandet. Nytt fra i \u00e5r er at ett lag fra JuniorNM i Teatersport arrangert av Frilynt og ett Wildcard-lag vil kunne kvalifisere seg til \u00e5 v\u00e6re med i NM i Teatersport for amat\u00f8rer.<\/p>\n<p><strong>VELKOMMEN!<\/strong><\/p>\n<p>&nbsp;<\/p>\n<h3><\/h3>\n<h6 style=\"text-align: center;\"><\/h6>\n<h6 style=\"text-align: center;\"><\/h6>\n<h6 style=\"text-align: center;\"><span style=\"color: #999999;\"><strong>TheatresportsTM, Gorilla TheatreTM &amp; Maestro ImproTM<br \/>\n<\/strong>TheatresportsTM, Gorilla TheatreTM &amp; Maestro ImproTMwere created (\u00a9) by Keith Johnstone<\/span><br \/>\n<span style=\"color: #999999;\"> and are a trademark of International TheatresportsTM Institute,<\/span><br \/>\n<span style=\"color: #999999;\"> registered in the U.S.A., Canada and other countries.<\/span><\/h6>\n<h6 style=\"text-align: center;\"><span style=\"color: #999999;\">All Rights Reserved<\/span><br \/>\n<span style=\"text-align: center; line-height: 1.7em; color: #999999;\"> Production rights are exclusively managed by International Theatresports Insititute www.theatresports.com<\/span><\/h6>\n<p>[\/et_pb_cta][\/et_pb_column][et_pb_column type=&raquo;1_4&#8243;][et_pb_image admin_label=&raquo;Bilde&raquo; src=&raquo;https:\/\/old.natf.no\/td2016\/wp-content\/uploads\/sites\/5\/2015\/06\/simen-hovd.jpg&raquo; show_in_lightbox=&raquo;off&raquo; url_new_window=&raquo;off&raquo; use_overlay=&raquo;off&raquo; animation=&raquo;off&raquo; sticky=&raquo;off&raquo; align=&raquo;left&raquo; force_fullwidth=&raquo;off&raquo; always_center_on_mobile=&raquo;on&raquo; use_border_color=&raquo;off&raquo; border_color=&raquo;#ffffff&raquo; border_style=&raquo;solid&raquo;] [\/et_pb_image][et_pb_image admin_label=&raquo;Bilde&raquo; src=&raquo;https:\/\/old.natf.no\/td2016\/wp-content\/uploads\/sites\/5\/2015\/05\/DSC_0036.jpg&raquo; show_in_lightbox=&raquo;off&raquo; url_new_window=&raquo;off&raquo; use_overlay=&raquo;off&raquo; animation=&raquo;off&raquo; sticky=&raquo;off&raquo; align=&raquo;left&raquo; force_fullwidth=&raquo;off&raquo; always_center_on_mobile=&raquo;on&raquo; use_border_color=&raquo;off&raquo; border_color=&raquo;#ffffff&raquo; border_style=&raquo;solid&raquo;] [\/et_pb_image][et_pb_image admin_label=&raquo;Bilde&raquo; src=&raquo;https:\/\/old.natf.no\/td2016\/wp-content\/uploads\/sites\/5\/2015\/06\/IMG_5006.jpg&raquo; show_in_lightbox=&raquo;off&raquo; url_new_window=&raquo;off&raquo; use_overlay=&raquo;off&raquo; animation=&raquo;off&raquo; sticky=&raquo;off&raquo; align=&raquo;left&raquo; force_fullwidth=&raquo;off&raquo; always_center_on_mobile=&raquo;on&raquo; use_border_color=&raquo;off&raquo; border_color=&raquo;#ffffff&raquo; border_style=&raquo;solid&raquo;] [\/et_pb_image][et_pb_image admin_label=&raquo;Bilde&raquo; src=&raquo;https:\/\/old.natf.no\/td2016\/wp-content\/uploads\/sites\/5\/2015\/06\/IMG_5064.jpg&raquo; show_in_lightbox=&raquo;off&raquo; url_new_window=&raquo;off&raquo; use_overlay=&raquo;off&raquo; animation=&raquo;off&raquo; sticky=&raquo;off&raquo; align=&raquo;left&raquo; force_fullwidth=&raquo;off&raquo; always_center_on_mobile=&raquo;on&raquo; use_border_color=&raquo;off&raquo; border_color=&raquo;#ffffff&raquo; border_style=&raquo;solid&raquo;] [\/et_pb_image][et_pb_image admin_label=&raquo;Bilde&raquo; src=&raquo;https:\/\/old.natf.no\/td2016\/wp-content\/uploads\/sites\/5\/2015\/06\/IMG_5080.jpg&raquo; show_in_lightbox=&raquo;off&raquo; url_new_window=&raquo;off&raquo; use_overlay=&raquo;off&raquo; animation=&raquo;off&raquo; sticky=&raquo;off&raquo; align=&raquo;left&raquo; force_fullwidth=&raquo;off&raquo; always_center_on_mobile=&raquo;on&raquo; use_border_color=&raquo;off&raquo; border_color=&raquo;#ffffff&raquo; border_style=&raquo;solid&raquo;] [\/et_pb_image][\/et_pb_column][\/et_pb_row][\/et_pb_section]<\/p>\n","protected":false},"excerpt":{"rendered":"<p>NM i Teatersport\u2122 2016 NM i Teatersport \u2122 g\u00e5r av stabelen l\u00f8rdag 17. september i Kulturhuset Banken her p\u00e5 Lillehammer. Programmet for NM i Teatersport \u2122 2016, l\u00f8rdag 17.september: 12.00 [&hellip;]<\/p>\n","protected":false},"author":9,"featured_media":0,"parent":0,"menu_order":0,"comment_status":"closed","ping_status":"closed","template":"","meta":{"_acf_changed":false,"_et_pb_use_builder":"on","_et_pb_old_content":"","_et_gb_content_width":"","inline_featured_image":false,"footnotes":""},"class_list":["post-265","page","type-page","status-publish","hentry"],"acf":[],"_links":{"self":[{"href":"https:\/\/old.natf.no\/td2016\/wp-json\/wp\/v2\/pages\/265","targetHints":{"allow":["GET"]}}],"collection":[{"href":"https:\/\/old.natf.no\/td2016\/wp-json\/wp\/v2\/pages"}],"about":[{"href":"https:\/\/old.natf.no\/td2016\/wp-json\/wp\/v2\/types\/page"}],"author":[{"embeddable":true,"href":"https:\/\/old.natf.no\/td2016\/wp-json\/wp\/v2\/users\/9"}],"replies":[{"embeddable":true,"href":"https:\/\/old.natf.no\/td2016\/wp-json\/wp\/v2\/comments?post=265"}],"version-history":[{"count":0,"href":"https:\/\/old.natf.no\/td2016\/wp-json\/wp\/v2\/pages\/265\/revisions"}],"wp:attachment":[{"href":"https:\/\/old.natf.no\/td2016\/wp-json\/wp\/v2\/media?parent=265"}],"curies":[{"name":"wp","href":"https:\/\/api.w.org\/{rel}","templated":true}]}}